{"id":2,"date":"2025-06-18T14:50:31","date_gmt":"2025-06-18T14:50:31","guid":{"rendered":"https:\/\/wearewebrything.com\/amsi-job\/?page_id=2"},"modified":"2025-12-17T19:34:27","modified_gmt":"2025-12-17T19:34:27","slug":"liceo","status":"publish","type":"page","link":"https:\/\/wearewebrything.com\/amsi-job\/liceo\/","title":{"rendered":"Liceo"},"content":{"rendered":"\r\n<h2><b>\u00bfQu\u00e9 es el Liceo de Capacitaci\u00f3n y Desarrollo Integral de la AMSI? <\/b><b><\/b><\/h2>\r\n<ul>\r\n<li>El Liceo de Capacitaci\u00f3n y Desarrollo Integral (Liceo) ofrece distintos cursos durante el an o, con el propo sito que las personas puedan desarrollarse a nivel profesional y personal haciendo una inversi\u00f3n moderada.<\/li>\r\n<li class=\"p3\">Comenz\u00f3 operaciones en el an o 2011.<\/li>\r\n<li class=\"p3\">Todos nuestros recursos son profesionales certificados y\/o altamente cualificados en el a rea a trabajar.<\/li>\r\n<\/ul>\r\n<p>&nbsp;<\/p>\r\n<div id=\"ld-course-list-content-4bd8424f27051324db9baab1dfc3d13e\" class=\"ld-course-list-content\" data-shortcode-atts=\"{&quot;orderby&quot;:&quot;date&quot;,&quot;col&quot;:&quot;3&quot;}\">\n\t\t\t<div class=\"ld-course-list-items row\">\n\t<!-- LearnDash Course Grid v1 --><div class=\"ld_course_grid col-sm-8 col-md-4 \">\n\t<article id=\"post-208\" class=\" thumbnail course post-208 sfwd-courses type-sfwd-courses status-publish has-post-thumbnail hentry\">\n\t\t\t\t\t\t\t\t<div class=\"ribbon\">\n\t\t\t\t200\t\t\t<\/div>\n\t\t\t\n\t\t\t\t\t\t<a\n\t\t\t\taria-hidden=\"true\"\n\t\t\t\thref=\"https:\/\/wearewebrything.com\/amsi-job\/courses\/taller-de-cpr-aed\/\"\n\t\t\t\ttabindex=\"-1\"\n\t\t\t>\n\t\t\t\t<img loading=\"lazy\" decoding=\"async\" width=\"300\" height=\"227\" src=\"https:\/\/wearewebrything.com\/amsi-job\/wp-content\/uploads\/2025\/12\/taller-cpr-300x227.jpg\" class=\"attachment-medium size-medium wp-post-image\" alt=\"Taller de CPR &#038; AED\" \/>\t\t\t<\/a>\n\t\t\t\t\t\n\t\t\t\t\t<div class=\"caption\">\n\t\t\t\t<h3 class=\"entry-title\">Taller de CPR &#038; AED<\/h3>\n\t\t\t\t\t\t\t\t<div class=\"ld_course_grid_button\">\n\t\t\t\t\t<a\n\t\t\t\t\t\taria-label=\"Registrate: Taller de CPR &#038; AED\"\n\t\t\t\t\t\tclass=\"btn btn-primary\"\n\t\t\t\t\t\thref=\"https:\/\/wearewebrything.com\/amsi-job\/courses\/taller-de-cpr-aed\/\"\n\t\t\t\t\t>\n\t\t\t\t\t\tRegistrate\t\t\t\t\t<\/a>\n\t\t\t\t<\/div>\n\t\t\t\t\t\t\t<\/div><!-- .entry-header -->\n\t\t\t<\/article><!-- #post-## -->\n<\/div><!-- .ld_course_grid -->\n\t<\/div>\n\t\t\t<\/div>\n\t\t\r\n","protected":false},"excerpt":{"rendered":"<p>\u00bfQu\u00e9 es el Liceo de Capacitaci\u00f3n y Desarrollo Integral de la AMSI? El Liceo de Capacitaci\u00f3n y Desarrollo Integral (Liceo) ofrece distintos cursos durante el an o, con el propo sito que las personas puedan desarrollarse a nivel profesional y personal haciendo una inversi\u00f3n moderada. Comenz\u00f3 operaciones en el an o 2011. Todos nuestros recursos [&hellip;]<\/p>\n","protected":false},"author":1,"featured_media":0,"parent":0,"menu_order":0,"comment_status":"closed","ping_status":"open","template":"","meta":{"_acf_changed":false,"_et_pb_use_builder":"","_et_pb_old_content":"","_et_gb_content_width":"","footnotes":""},"class_list":["post-2","page","type-page","status-publish","hentry"],"acf":[],"_links":{"self":[{"href":"https:\/\/wearewebrything.com\/amsi-job\/wp-json\/wp\/v2\/pages\/2","targetHints":{"allow":["GET"]}}],"collection":[{"href":"https:\/\/wearewebrything.com\/amsi-job\/wp-json\/wp\/v2\/pages"}],"about":[{"href":"https:\/\/wearewebrything.com\/amsi-job\/wp-json\/wp\/v2\/types\/page"}],"author":[{"embeddable":true,"href":"https:\/\/wearewebrything.com\/amsi-job\/wp-json\/wp\/v2\/users\/1"}],"replies":[{"embeddable":true,"href":"https:\/\/wearewebrything.com\/amsi-job\/wp-json\/wp\/v2\/comments?post=2"}],"version-history":[{"count":4,"href":"https:\/\/wearewebrything.com\/amsi-job\/wp-json\/wp\/v2\/pages\/2\/revisions"}],"predecessor-version":[{"id":213,"href":"https:\/\/wearewebrything.com\/amsi-job\/wp-json\/wp\/v2\/pages\/2\/revisions\/213"}],"wp:attachment":[{"href":"https:\/\/wearewebrything.com\/amsi-job\/wp-json\/wp\/v2\/media?parent=2"}],"curies":[{"name":"wp","href":"https:\/\/api.w.org\/{rel}","templated":true}]}}