{"id":4098,"date":"2019-01-10T16:37:33","date_gmt":"2019-01-10T16:37:33","guid":{"rendered":"http:\/\/cerato.wp1.zootemplate.com\/?page_id=4098"},"modified":"2023-08-25T11:08:15","modified_gmt":"2023-08-25T15:08:15","slug":"home-21-supermarket","status":"publish","type":"page","link":"https:\/\/wearewebrything.com\/aor\/","title":{"rendered":"AOR Building Supplies"},"content":{"rendered":"\t\t<div data-elementor-type=\"wp-post\" data-elementor-id=\"4098\" class=\"elementor elementor-4098\">\n\t\t\t\t\t\t<section class=\"elementor-section elementor-top-section elementor-element elementor-element-14943fc elementor-section-boxed elementor-section-height-default elementor-section-height-default\" data-id=\"14943fc\" data-element_type=\"section\">\n\t\t\t\t\t\t<div class=\"elementor-container elementor-column-gap-default\">\n\t\t\t\t\t<div class=\"elementor-column elementor-col-100 elementor-top-column elementor-element elementor-element-f609923\" data-id=\"f609923\" data-element_type=\"column\">\n\t\t\t<div class=\"elementor-widget-wrap elementor-element-populated\">\n\t\t\t\t\t\t<div class=\"elementor-element elementor-element-68956df elementor-widget elementor-widget-image\" data-id=\"68956df\" data-element_type=\"widget\" data-widget_type=\"image.default\">\n\t\t\t\t<div class=\"elementor-widget-container\">\n\t\t\t\t\t\t\t\t\t\t\t\t\t\t\t<img fetchpriority=\"high\" decoding=\"async\" width=\"1900\" height=\"1247\" src=\"https:\/\/wearewebrything.com\/aor\/wp-content\/uploads\/2023\/07\/AOR-WEB-2049X1345-copy.jpg\" class=\"attachment-full size-full wp-image-11143\" alt=\"\" srcset=\"https:\/\/wearewebrything.com\/aor\/wp-content\/uploads\/2023\/07\/AOR-WEB-2049X1345-copy.jpg 1900w, https:\/\/wearewebrything.com\/aor\/wp-content\/uploads\/2023\/07\/AOR-WEB-2049X1345-copy-300x197.jpg 300w, https:\/\/wearewebrything.com\/aor\/wp-content\/uploads\/2023\/07\/AOR-WEB-2049X1345-copy-1024x672.jpg 1024w, https:\/\/wearewebrything.com\/aor\/wp-content\/uploads\/2023\/07\/AOR-WEB-2049X1345-copy-768x504.jpg 768w, https:\/\/wearewebrything.com\/aor\/wp-content\/uploads\/2023\/07\/AOR-WEB-2049X1345-copy-1536x1008.jpg 1536w, https:\/\/wearewebrything.com\/aor\/wp-content\/uploads\/2023\/07\/AOR-WEB-2049X1345-copy-120x79.jpg 120w, https:\/\/wearewebrything.com\/aor\/wp-content\/uploads\/2023\/07\/AOR-WEB-2049X1345-copy-800x525.jpg 800w, https:\/\/wearewebrything.com\/aor\/wp-content\/uploads\/2023\/07\/AOR-WEB-2049X1345-copy-100x66.jpg 100w\" sizes=\"(max-width: 1900px) 100vw, 1900px\" \/>\t\t\t\t\t\t\t\t\t\t\t\t\t\t\t<\/div>\n\t\t\t\t<\/div>\n\t\t\t\t\t<\/div>\n\t\t<\/div>\n\t\t\t\t\t<\/div>\n\t\t<\/section>\n\t\t\t\t<section class=\"elementor-section elementor-top-section elementor-element elementor-element-89150e6 elementor-section-boxed elementor-section-height-default elementor-section-height-default\" data-id=\"89150e6\" data-element_type=\"section\">\n\t\t\t\t\t\t<div class=\"elementor-container elementor-column-gap-default\">\n\t\t\t\t\t<div class=\"elementor-column elementor-col-100 elementor-top-column elementor-element elementor-element-052b9cf\" data-id=\"052b9cf\" data-element_type=\"column\">\n\t\t\t<div class=\"elementor-widget-wrap elementor-element-populated\">\n\t\t\t\t\t\t<div class=\"elementor-element elementor-element-4bf3dc0 elementor-widget elementor-widget-spacer\" data-id=\"4bf3dc0\" data-element_type=\"widget\" data-widget_type=\"spacer.default\">\n\t\t\t\t<div class=\"elementor-widget-container\">\n\t\t\t\t\t\t\t<div class=\"elementor-spacer\">\n\t\t\t<div class=\"elementor-spacer-inner\"><\/div>\n\t\t<\/div>\n\t\t\t\t\t\t<\/div>\n\t\t\t\t<\/div>\n\t\t\t\t\t<\/div>\n\t\t<\/div>\n\t\t\t\t\t<\/div>\n\t\t<\/section>\n\t\t\t\t<section class=\"elementor-section elementor-top-section elementor-element elementor-element-c6b72e2 elementor-section-full_width elementor-section-height-default elementor-section-height-default\" data-id=\"c6b72e2\" data-element_type=\"section\" data-settings=\"{&quot;background_background&quot;:&quot;classic&quot;}\">\n\t\t\t\t\t\t<div class=\"elementor-container elementor-column-gap-default\">\n\t\t\t\t\t<div class=\"elementor-column elementor-col-33 elementor-top-column elementor-element elementor-element-6940fac\" data-id=\"6940fac\" data-element_type=\"column\">\n\t\t\t<div class=\"elementor-widget-wrap elementor-element-populated\">\n\t\t\t\t\t\t<div class=\"elementor-element elementor-element-0342288 elementor-widget elementor-widget-image\" data-id=\"0342288\" data-element_type=\"widget\" data-widget_type=\"image.default\">\n\t\t\t\t<div class=\"elementor-widget-container\">\n\t\t\t\t\t\t\t\t\t\t\t\t\t\t\t<img decoding=\"async\" width=\"346\" height=\"346\" src=\"https:\/\/wearewebrything.com\/aor\/wp-content\/uploads\/2020\/01\/WEB-PIECES-2020-08.png\" class=\"attachment-large size-large wp-image-6378\" alt=\"\" srcset=\"https:\/\/wearewebrything.com\/aor\/wp-content\/uploads\/2020\/01\/WEB-PIECES-2020-08.png 346w, https:\/\/wearewebrything.com\/aor\/wp-content\/uploads\/2020\/01\/WEB-PIECES-2020-08-120x120.png 120w, https:\/\/wearewebrything.com\/aor\/wp-content\/uploads\/2020\/01\/WEB-PIECES-2020-08-300x300.png 300w, https:\/\/wearewebrything.com\/aor\/wp-content\/uploads\/2020\/01\/WEB-PIECES-2020-08-150x150.png 150w, https:\/\/wearewebrything.com\/aor\/wp-content\/uploads\/2020\/01\/WEB-PIECES-2020-08-30x30.png 30w\" sizes=\"(max-width: 346px) 100vw, 346px\" \/>\t\t\t\t\t\t\t\t\t\t\t\t\t\t\t<\/div>\n\t\t\t\t<\/div>\n\t\t\t\t\t<\/div>\n\t\t<\/div>\n\t\t\t\t<div class=\"elementor-column elementor-col-33 elementor-top-column elementor-element elementor-element-8eb14f8\" data-id=\"8eb14f8\" data-element_type=\"column\">\n\t\t\t<div class=\"elementor-widget-wrap elementor-element-populated\">\n\t\t\t\t\t\t<div class=\"elementor-element elementor-element-677e369 elementor-widget elementor-widget-image\" data-id=\"677e369\" data-element_type=\"widget\" data-widget_type=\"image.default\">\n\t\t\t\t<div class=\"elementor-widget-container\">\n\t\t\t\t\t\t\t\t\t\t\t\t\t\t\t\t<a href=\"https:\/\/www.youtube.com\/channel\/UCfQDlMcKtf0fAcCr6zLUh8A\">\n\t\t\t\t\t\t\t<img decoding=\"async\" width=\"346\" height=\"346\" src=\"https:\/\/wearewebrything.com\/aor\/wp-content\/uploads\/2020\/01\/WEB-PIECES-2020-05.png\" class=\"attachment-large size-large wp-image-6375\" alt=\"\" srcset=\"https:\/\/wearewebrything.com\/aor\/wp-content\/uploads\/2020\/01\/WEB-PIECES-2020-05.png 346w, https:\/\/wearewebrything.com\/aor\/wp-content\/uploads\/2020\/01\/WEB-PIECES-2020-05-120x120.png 120w, https:\/\/wearewebrything.com\/aor\/wp-content\/uploads\/2020\/01\/WEB-PIECES-2020-05-300x300.png 300w, https:\/\/wearewebrything.com\/aor\/wp-content\/uploads\/2020\/01\/WEB-PIECES-2020-05-150x150.png 150w, https:\/\/wearewebrything.com\/aor\/wp-content\/uploads\/2020\/01\/WEB-PIECES-2020-05-30x30.png 30w\" sizes=\"(max-width: 346px) 100vw, 346px\" \/>\t\t\t\t\t\t\t\t<\/a>\n\t\t\t\t\t\t\t\t\t\t\t\t\t\t\t<\/div>\n\t\t\t\t<\/div>\n\t\t\t\t\t<\/div>\n\t\t<\/div>\n\t\t\t\t<div class=\"elementor-column elementor-col-33 elementor-top-column elementor-element elementor-element-ecdc0c8\" data-id=\"ecdc0c8\" data-element_type=\"column\">\n\t\t\t<div class=\"elementor-widget-wrap elementor-element-populated\">\n\t\t\t\t\t\t<div class=\"elementor-element elementor-element-55b9041 elementor-widget elementor-widget-image\" data-id=\"55b9041\" data-element_type=\"widget\" data-widget_type=\"image.default\">\n\t\t\t\t<div class=\"elementor-widget-container\">\n\t\t\t\t\t\t\t\t\t\t\t\t\t\t\t\t<a href=\"http:\/\/q94.0c1.myftpupload.com\/contact-2\/\">\n\t\t\t\t\t\t\t<img loading=\"lazy\" decoding=\"async\" width=\"346\" height=\"346\" src=\"https:\/\/wearewebrything.com\/aor\/wp-content\/uploads\/2020\/01\/WEB-PIECES-2020-04.png\" class=\"attachment-large size-large wp-image-6373\" alt=\"\" srcset=\"https:\/\/wearewebrything.com\/aor\/wp-content\/uploads\/2020\/01\/WEB-PIECES-2020-04.png 346w, https:\/\/wearewebrything.com\/aor\/wp-content\/uploads\/2020\/01\/WEB-PIECES-2020-04-120x120.png 120w, https:\/\/wearewebrything.com\/aor\/wp-content\/uploads\/2020\/01\/WEB-PIECES-2020-04-300x300.png 300w, https:\/\/wearewebrything.com\/aor\/wp-content\/uploads\/2020\/01\/WEB-PIECES-2020-04-150x150.png 150w, https:\/\/wearewebrything.com\/aor\/wp-content\/uploads\/2020\/01\/WEB-PIECES-2020-04-30x30.png 30w\" sizes=\"(max-width: 346px) 100vw, 346px\" \/>\t\t\t\t\t\t\t\t<\/a>\n\t\t\t\t\t\t\t\t\t\t\t\t\t\t\t<\/div>\n\t\t\t\t<\/div>\n\t\t\t\t\t<\/div>\n\t\t<\/div>\n\t\t\t\t\t<\/div>\n\t\t<\/section>\n\t\t\t\t<section class=\"elementor-section elementor-top-section elementor-element elementor-element-c779e44 elementor-section-boxed elementor-section-height-default elementor-section-height-default\" data-id=\"c779e44\" data-element_type=\"section\">\n\t\t\t\t\t\t<div class=\"elementor-container elementor-column-gap-default\">\n\t\t\t\t\t<div class=\"elementor-column elementor-col-50 elementor-top-column elementor-element elementor-element-dddeb1a\" data-id=\"dddeb1a\" data-element_type=\"column\">\n\t\t\t<div class=\"elementor-widget-wrap elementor-element-populated\">\n\t\t\t\t\t\t<div class=\"elementor-element elementor-element-581d699 elementor-widget elementor-widget-image\" data-id=\"581d699\" data-element_type=\"widget\" data-widget_type=\"image.default\">\n\t\t\t\t<div class=\"elementor-widget-container\">\n\t\t\t\t\t\t\t\t\t\t\t\t\t\t\t<img loading=\"lazy\" decoding=\"async\" width=\"992\" height=\"662\" src=\"https:\/\/wearewebrything.com\/aor\/wp-content\/uploads\/2020\/01\/13495517_1483073248385431_3122506392924898473_o-1024x683.jpg\" class=\"attachment-large size-large wp-image-6521\" alt=\"\" srcset=\"https:\/\/wearewebrything.com\/aor\/wp-content\/uploads\/2020\/01\/13495517_1483073248385431_3122506392924898473_o-1024x683.jpg 1024w, https:\/\/wearewebrything.com\/aor\/wp-content\/uploads\/2020\/01\/13495517_1483073248385431_3122506392924898473_o-800x533.jpg 800w, https:\/\/wearewebrything.com\/aor\/wp-content\/uploads\/2020\/01\/13495517_1483073248385431_3122506392924898473_o-300x200.jpg 300w, https:\/\/wearewebrything.com\/aor\/wp-content\/uploads\/2020\/01\/13495517_1483073248385431_3122506392924898473_o-768x512.jpg 768w, https:\/\/wearewebrything.com\/aor\/wp-content\/uploads\/2020\/01\/13495517_1483073248385431_3122506392924898473_o-1536x1024.jpg 1536w, https:\/\/wearewebrything.com\/aor\/wp-content\/uploads\/2020\/01\/13495517_1483073248385431_3122506392924898473_o-120x80.jpg 120w, https:\/\/wearewebrything.com\/aor\/wp-content\/uploads\/2020\/01\/13495517_1483073248385431_3122506392924898473_o-30x20.jpg 30w, https:\/\/wearewebrything.com\/aor\/wp-content\/uploads\/2020\/01\/13495517_1483073248385431_3122506392924898473_o.jpg 2048w\" sizes=\"(max-width: 992px) 100vw, 992px\" \/>\t\t\t\t\t\t\t\t\t\t\t\t\t\t\t<\/div>\n\t\t\t\t<\/div>\n\t\t\t\t<div class=\"elementor-element elementor-element-97aff21 elementor-widget elementor-widget-image\" data-id=\"97aff21\" data-element_type=\"widget\" data-widget_type=\"image.default\">\n\t\t\t\t<div class=\"elementor-widget-container\">\n\t\t\t\t\t\t\t\t\t\t\t\t\t\t\t<img loading=\"lazy\" decoding=\"async\" width=\"700\" height=\"377\" src=\"https:\/\/wearewebrything.com\/aor\/wp-content\/uploads\/2020\/04\/EN-EL-CORAZON-BANNER-01.jpg\" class=\"attachment-large size-large wp-image-6893\" alt=\"\" srcset=\"https:\/\/wearewebrything.com\/aor\/wp-content\/uploads\/2020\/04\/EN-EL-CORAZON-BANNER-01.jpg 700w, https:\/\/wearewebrything.com\/aor\/wp-content\/uploads\/2020\/04\/EN-EL-CORAZON-BANNER-01-300x162.jpg 300w, https:\/\/wearewebrything.com\/aor\/wp-content\/uploads\/2020\/04\/EN-EL-CORAZON-BANNER-01-120x65.jpg 120w, https:\/\/wearewebrything.com\/aor\/wp-content\/uploads\/2020\/04\/EN-EL-CORAZON-BANNER-01-30x16.jpg 30w\" sizes=\"(max-width: 700px) 100vw, 700px\" \/>\t\t\t\t\t\t\t\t\t\t\t\t\t\t\t<\/div>\n\t\t\t\t<\/div>\n\t\t\t\t\t<\/div>\n\t\t<\/div>\n\t\t\t\t<div class=\"elementor-column elementor-col-50 elementor-top-column elementor-element elementor-element-3379806\" data-id=\"3379806\" data-element_type=\"column\">\n\t\t\t<div class=\"elementor-widget-wrap elementor-element-populated\">\n\t\t\t\t\t\t<div class=\"elementor-element elementor-element-4cca805 elementor-widget elementor-widget-text-editor\" data-id=\"4cca805\" data-element_type=\"widget\" data-widget_type=\"text-editor.default\">\n\t\t\t\t<div class=\"elementor-widget-container\">\n\t\t\t\t\t\t\t\t\t<h3>AOR Building Supplies<\/h3>\n<div class=\"\"><span class=\"\" lang=\"ES-PR\">AOR Building Supplies<u class=\"\"><\/u><\/span><\/div>\n<div class=\"\"><span class=\"\" lang=\"ES-PR\">Fundada en 1935, AOR Building Supplies ha estado a la vanguardia de la industria de materiales de construcci\u00f3n proporcionado una alternativa \u00fanica en materiales para interiores.<\/span><\/div>\n<ul>\n<li><u class=\"\"><\/u><u class=\"\"><\/u><span class=\"\" lang=\"ES-PR\">Al principio, AOR distribuy\u00f3 productos fabricados por Armstrong y DuPont que inclu\u00edan suelos de lin\u00f3leos, azulejos de asfalto, plafones, tintes de ropa, Nylon\u00ae, pesticidas, fertilizantes, celof\u00e1n, pintura, fibras sint\u00e9ticas, caucho sint\u00e9tico, Freon\u00ae, Neopreno\u00ae y Lucite\u00ae, entre muchos otros productos.<\/span><\/li>\n<li>En la actualidad contamos con sobre 30 marcas l\u00edderes en la industria de la construcci\u00f3n y materiales de interiores.<\/li>\n<li>Nuestro servicio r\u00e1pido, calidad y precios competitivos, son las razones por las que nuestros clientes conf\u00edan en nosotros para todos sus materiales de construcci\u00f3n.<\/li>\n<li>Somos un proveedor integral y abarcador para todas sus necesidades; desde un solo clavo hasta los materiales para una obra de un edificio entero.<\/li>\n<li>A medida que nuestra expansi\u00f3n contin\u00faa, hemos invertido m\u00e1s de $7,000,000.00 en la adquisici\u00f3n y construcci\u00f3n de nuestras instalaciones ubicadas en 1822 Ponce de Le\u00f3n Ave., esquina Jord\u00e1n en San Juan.<\/li>\n<li>Nuestra tienda, que cuenta con m\u00e1s de 55,000 pies cuadrados de espacio, nos permite ampliar nuestras l\u00edneas, mantener un amplio inventario y servir mejor a nuestros clientes.<\/li>\n<\/ul>\n<div class=\"\"><strong><span class=\"\" lang=\"ES-PR\">Te invitamos a visitarnos y experimentar de primera mano la calidad de nuestras marcas y servicio.<\/span><\/strong><\/div>\t\t\t\t\t\t\t\t<\/div>\n\t\t\t\t<\/div>\n\t\t\t\t\t<\/div>\n\t\t<\/div>\n\t\t\t\t\t<\/div>\n\t\t<\/section>\n\t\t\t\t<section class=\"elementor-section elementor-top-section elementor-element elementor-element-f1b21ab elementor-section-boxed elementor-section-height-default elementor-section-height-default\" data-id=\"f1b21ab\" data-element_type=\"section\">\n\t\t\t\t\t\t<div class=\"elementor-container elementor-column-gap-default\">\n\t\t\t\t\t<div class=\"elementor-column elementor-col-100 elementor-top-column elementor-element elementor-element-e3437d1\" data-id=\"e3437d1\" data-element_type=\"column\">\n\t\t\t<div class=\"elementor-widget-wrap elementor-element-populated\">\n\t\t\t\t\t\t<div class=\"elementor-element elementor-element-a03e9a9 elementor-widget elementor-widget-video\" data-id=\"a03e9a9\" data-element_type=\"widget\" data-settings=\"{&quot;youtube_url&quot;:&quot;https:\\\/\\\/www.youtube.com\\\/watch?v=eg4dAj7OoV8&quot;,&quot;autoplay&quot;:&quot;yes&quot;,&quot;loop&quot;:&quot;yes&quot;,&quot;video_type&quot;:&quot;youtube&quot;,&quot;controls&quot;:&quot;yes&quot;}\" data-widget_type=\"video.default\">\n\t\t\t\t<div class=\"elementor-widget-container\">\n\t\t\t\t\t\t\t<div class=\"elementor-wrapper elementor-open-inline\">\n\t\t\t<div class=\"elementor-video\"><\/div>\t\t<\/div>\n\t\t\t\t\t\t<\/div>\n\t\t\t\t<\/div>\n\t\t\t\t\t<\/div>\n\t\t<\/div>\n\t\t\t\t\t<\/div>\n\t\t<\/section>\n\t\t\t\t<\/div>\n\t\t","protected":false},"excerpt":{"rendered":"<p>AOR Building Supplies AOR Building Supplies Fundada en 1935, AOR Building Supplies ha estado a la vanguardia de la industria de materiales de construcci\u00f3n proporcionado una alternativa \u00fanica en materiales&#8230;<\/p>\n","protected":false},"author":1,"featured_media":0,"parent":0,"menu_order":0,"comment_status":"closed","ping_status":"closed","template":"","meta":{"footnotes":""},"_links":{"self":[{"href":"https:\/\/wearewebrything.com\/aor\/wp-json\/wp\/v2\/pages\/4098"}],"collection":[{"href":"https:\/\/wearewebrything.com\/aor\/wp-json\/wp\/v2\/pages"}],"about":[{"href":"https:\/\/wearewebrything.com\/aor\/wp-json\/wp\/v2\/types\/page"}],"author":[{"embeddable":true,"href":"https:\/\/wearewebrything.com\/aor\/wp-json\/wp\/v2\/users\/1"}],"replies":[{"embeddable":true,"href":"https:\/\/wearewebrything.com\/aor\/wp-json\/wp\/v2\/comments?post=4098"}],"version-history":[{"count":56,"href":"https:\/\/wearewebrything.com\/aor\/wp-json\/wp\/v2\/pages\/4098\/revisions"}],"predecessor-version":[{"id":11246,"href":"https:\/\/wearewebrything.com\/aor\/wp-json\/wp\/v2\/pages\/4098\/revisions\/11246"}],"wp:attachment":[{"href":"https:\/\/wearewebrything.com\/aor\/wp-json\/wp\/v2\/media?parent=4098"}],"curies":[{"name":"wp","href":"https:\/\/api.w.org\/{rel}","templated":true}]}}