{"id":548,"date":"2025-09-22T19:20:22","date_gmt":"2025-09-22T19:20:22","guid":{"rendered":"https:\/\/wearewebrything.com\/bebalance\/?page_id=548"},"modified":"2025-09-26T20:19:46","modified_gmt":"2025-09-26T20:19:46","slug":"nosotros","status":"publish","type":"page","link":"https:\/\/wearewebrything.com\/bebalance\/nosotros\/","title":{"rendered":"Nosotros"},"content":{"rendered":"\t\t<div data-elementor-type=\"wp-page\" data-elementor-id=\"548\" class=\"elementor elementor-548\" data-elementor-post-type=\"page\">\n\t\t\t\t<div class=\"elementor-element elementor-element-f8eb2c8 e-flex e-con-boxed wpr-particle-no wpr-jarallax-no wpr-parallax-no wpr-sticky-section-no elementor-invisible e-con e-parent\" data-id=\"f8eb2c8\" data-element_type=\"container\" data-settings=\"{&quot;animation&quot;:&quot;bounceInUp&quot;}\">\n\t\t\t\t\t<div class=\"e-con-inner\">\n\t\t<div class=\"elementor-element elementor-element-5337b62 e-con-full e-flex wpr-particle-no wpr-jarallax-no wpr-parallax-no wpr-sticky-section-no e-con e-child\" data-id=\"5337b62\" data-element_type=\"container\" data-settings=\"{&quot;background_background&quot;:&quot;classic&quot;}\">\n\t\t\t\t<div class=\"elementor-element elementor-element-bf31727 elementor-widget elementor-widget-heading\" data-id=\"bf31727\" data-element_type=\"widget\" data-widget_type=\"heading.default\">\n\t\t\t\t\t<h2 class=\"elementor-heading-title elementor-size-default\">SOBRE NOSOTROS<\/h2>\t\t\t\t<\/div>\n\t\t\t\t<\/div>\n\t\t\t\t\t<\/div>\n\t\t\t\t<\/div>\n\t\t<div class=\"elementor-element elementor-element-9cd9911 e-grid e-con-boxed wpr-particle-no wpr-jarallax-no wpr-parallax-no wpr-sticky-section-no elementor-invisible e-con e-parent\" data-id=\"9cd9911\" data-element_type=\"container\" data-settings=\"{&quot;animation&quot;:&quot;bounceInUp&quot;}\">\n\t\t\t\t\t<div class=\"e-con-inner\">\n\t\t<div class=\"elementor-element elementor-element-cdaa0fb e-con-full e-flex wpr-particle-no wpr-jarallax-no wpr-parallax-no wpr-sticky-section-no e-con e-child\" data-id=\"cdaa0fb\" data-element_type=\"container\">\n\t\t\t\t<div class=\"elementor-element elementor-element-019854f elementor-widget elementor-widget-heading\" data-id=\"019854f\" data-element_type=\"widget\" data-widget_type=\"heading.default\">\n\t\t\t\t\t<h3 class=\"elementor-heading-title elementor-size-default\">\u201carmon\u00eda entre mente, \nemociones, cuerpo y esp\u00edritu.\u201d<\/h3>\t\t\t\t<\/div>\n\t\t\t\t<\/div>\n\t\t<div class=\"elementor-element elementor-element-28a0921 e-con-full e-flex wpr-particle-no wpr-jarallax-no wpr-parallax-no wpr-sticky-section-no e-con e-child\" data-id=\"28a0921\" data-element_type=\"container\">\n\t\t\t\t<div class=\"elementor-element elementor-element-fb53cd5 elementor-widget elementor-widget-text-editor\" data-id=\"fb53cd5\" data-element_type=\"widget\" data-widget_type=\"text-editor.default\">\n\t\t\t\t\t\t\t\t\tEn Be Balance creemos que el bienestar verdadero surge cuando logramos la armon\u00eda entre mente, emociones, cuerpo y esp\u00edritu. Nuestro centro naci\u00f3 con la misi\u00f3n de ofrecer un espacio profesional y humano donde cada persona pueda encontrar apoyo en su camino de sanaci\u00f3n, equilibrio y crecimiento personal. Buscamos acompa\u00f1ar a cada individuo desde una perspectiva integral, considerando todos los aspectos que influyen en su bienestar.\t\t\t\t\t\t\t\t<\/div>\n\t\t\t\t<\/div>\n\t\t\t\t\t<\/div>\n\t\t\t\t<\/div>\n\t\t<div class=\"elementor-element elementor-element-5d39d1a5 e-flex e-con-boxed wpr-particle-no wpr-jarallax-no wpr-parallax-no wpr-sticky-section-no elementor-invisible e-con e-parent\" data-id=\"5d39d1a5\" data-element_type=\"container\" data-settings=\"{&quot;animation&quot;:&quot;bounceInUp&quot;}\">\n\t\t\t\t\t<div class=\"e-con-inner\">\n\t\t<div class=\"elementor-element elementor-element-54cd5c23 e-con-full e-flex wpr-particle-no wpr-jarallax-no wpr-parallax-no wpr-sticky-section-no e-con e-child\" data-id=\"54cd5c23\" data-element_type=\"container\" data-settings=\"{&quot;background_background&quot;:&quot;classic&quot;}\">\n\t\t<div class=\"elementor-element elementor-element-1176eefa e-grid e-con-full wpr-particle-no wpr-jarallax-no wpr-parallax-no wpr-sticky-section-no e-con e-child\" data-id=\"1176eefa\" data-element_type=\"container\">\n\t\t<div class=\"elementor-element elementor-element-38cbaeca e-con-full e-flex wpr-particle-no wpr-jarallax-no wpr-parallax-no wpr-sticky-section-no e-con e-child\" data-id=\"38cbaeca\" data-element_type=\"container\">\n\t\t\t\t<div class=\"elementor-element elementor-element-50891042 elementor-widget elementor-widget-heading\" data-id=\"50891042\" data-element_type=\"widget\" data-widget_type=\"heading.default\">\n\t\t\t\t\t<h3 class=\"elementor-heading-title elementor-size-default\">Nuestras pr\u00e1cticas<\/h3>\t\t\t\t<\/div>\n\t\t\t\t<div class=\"elementor-element elementor-element-72b41ca3 elementor-widget elementor-widget-text-editor\" data-id=\"72b41ca3\" data-element_type=\"widget\" data-widget_type=\"text-editor.default\">\n\t\t\t\t\t\t\t\t\tNuestras pr\u00e1cticas, adem\u00e1s de estar fundamentadas en la psicolog\u00eda cl\u00ednica, se nutren de la psicolog\u00eda hol\u00edstica, la cual tiene un enfoque inspirado en la corriente humanista que concibe al ser humano en su totalidad: cuerpo, mente y esp\u00edritu. Este enfoque permite estudiar y trabajar las emociones, los trastornos y los conflictos personales desde la integraci\u00f3n de todas sus dimensiones, promoviendo un desarrollo y evoluci\u00f3n m\u00e1s completos. La psicolog\u00eda hol\u00edstica entiende al individuo como un sistema en el que cada parte se relaciona con el todo, lo que significa que no solo tratamos s\u00edntomas aislados, sino que buscamos comprender y equilibrar todos los aspectos que afectan el bienestar emocional y psicol\u00f3gico. El objetivo de este enfoque es alcanzar la armon\u00eda entre cuerpo, mente y esp\u00edritu, facilitando la gesti\u00f3n de los problemas, fortaleciendo los recursos internos y promoviendo el crecimiento personal.\t\t\t\t\t\t\t\t<\/div>\n\t\t\t\t<\/div>\n\t\t<div class=\"elementor-element elementor-element-6d3655b1 e-con-full e-flex wpr-particle-no wpr-jarallax-no wpr-parallax-no wpr-sticky-section-no e-con e-child\" data-id=\"6d3655b1\" data-element_type=\"container\">\n\t\t\t\t<div class=\"elementor-element elementor-element-86b1073 elementor-widget elementor-widget-image\" data-id=\"86b1073\" data-element_type=\"widget\" data-widget_type=\"image.default\">\n\t\t\t\t\t\t\t\t\t\t\t\t\t\t\t<img fetchpriority=\"high\" decoding=\"async\" width=\"800\" height=\"919\" src=\"https:\/\/wearewebrything.com\/bebalance\/wp-content\/uploads\/2025\/09\/pexels-cottonbro-4100669-891x1024.png\" class=\"attachment-large size-large wp-image-580\" alt=\"\" srcset=\"https:\/\/wearewebrything.com\/bebalance\/wp-content\/uploads\/2025\/09\/pexels-cottonbro-4100669-891x1024.png 891w, https:\/\/wearewebrything.com\/bebalance\/wp-content\/uploads\/2025\/09\/pexels-cottonbro-4100669-261x300.png 261w, https:\/\/wearewebrything.com\/bebalance\/wp-content\/uploads\/2025\/09\/pexels-cottonbro-4100669-768x883.png 768w, https:\/\/wearewebrything.com\/bebalance\/wp-content\/uploads\/2025\/09\/pexels-cottonbro-4100669-1336x1536.png 1336w, https:\/\/wearewebrything.com\/bebalance\/wp-content\/uploads\/2025\/09\/pexels-cottonbro-4100669.png 1644w\" sizes=\"(max-width: 800px) 100vw, 800px\" \/>\t\t\t\t\t\t\t\t\t\t\t\t\t\t\t<\/div>\n\t\t\t\t<\/div>\n\t\t\t\t<\/div>\n\t\t\t\t<\/div>\n\t\t\t\t\t<\/div>\n\t\t\t\t<\/div>\n\t\t<div class=\"elementor-element elementor-element-710826f e-flex e-con-boxed wpr-particle-no wpr-jarallax-no wpr-parallax-no wpr-sticky-section-no elementor-invisible e-con e-parent\" data-id=\"710826f\" data-element_type=\"container\" id=\"pattern-bg\" data-settings=\"{&quot;animation&quot;:&quot;bounceInUp&quot;}\">\n\t\t\t\t\t<div class=\"e-con-inner\">\n\t\t\t\t<div class=\"elementor-element elementor-element-a4ba858 elementor-widget elementor-widget-image\" data-id=\"a4ba858\" data-element_type=\"widget\" data-widget_type=\"image.default\">\n\t\t\t\t\t\t\t\t\t\t\t\t\t\t\t<img decoding=\"async\" width=\"513\" height=\"1024\" src=\"https:\/\/wearewebrything.com\/bebalance\/wp-content\/uploads\/2025\/09\/pattern-about-us-513x1024.png\" class=\"attachment-large size-large wp-image-635\" alt=\"\" srcset=\"https:\/\/wearewebrything.com\/bebalance\/wp-content\/uploads\/2025\/09\/pattern-about-us-513x1024.png 513w, https:\/\/wearewebrything.com\/bebalance\/wp-content\/uploads\/2025\/09\/pattern-about-us-150x300.png 150w, https:\/\/wearewebrything.com\/bebalance\/wp-content\/uploads\/2025\/09\/pattern-about-us-768x1534.png 768w, https:\/\/wearewebrything.com\/bebalance\/wp-content\/uploads\/2025\/09\/pattern-about-us-769x1536.png 769w, https:\/\/wearewebrything.com\/bebalance\/wp-content\/uploads\/2025\/09\/pattern-about-us-1025x2048.png 1025w, https:\/\/wearewebrything.com\/bebalance\/wp-content\/uploads\/2025\/09\/pattern-about-us.png 1038w\" sizes=\"(max-width: 513px) 100vw, 513px\" \/>\t\t\t\t\t\t\t\t\t\t\t\t\t\t\t<\/div>\n\t\t\t\t\t<\/div>\n\t\t\t\t<\/div>\n\t\t<div class=\"elementor-element elementor-element-ad6080b e-grid e-con-boxed wpr-particle-no wpr-jarallax-no wpr-parallax-no wpr-sticky-section-no elementor-invisible e-con e-parent\" data-id=\"ad6080b\" data-element_type=\"container\" data-settings=\"{&quot;animation&quot;:&quot;bounceInUp&quot;}\">\n\t\t\t\t\t<div class=\"e-con-inner\">\n\t\t<div class=\"elementor-element elementor-element-2efed68 e-con-full e-flex wpr-particle-no wpr-jarallax-no wpr-parallax-no wpr-sticky-section-no e-con e-child\" data-id=\"2efed68\" data-element_type=\"container\">\n\t\t<div class=\"elementor-element elementor-element-b2f94d3 e-con-full e-flex wpr-particle-no wpr-jarallax-no wpr-parallax-no wpr-sticky-section-no e-con e-child\" data-id=\"b2f94d3\" data-element_type=\"container\" data-settings=\"{&quot;background_background&quot;:&quot;classic&quot;}\">\n\t\t\t\t<div class=\"elementor-element elementor-element-46b4cec elementor-widget elementor-widget-heading\" data-id=\"46b4cec\" data-element_type=\"widget\" data-widget_type=\"heading.default\">\n\t\t\t\t\t<h6 class=\"elementor-heading-title elementor-size-default\">El centro fue fundado por el Dr.<\/h6>\t\t\t\t<\/div>\n\t\t\t\t<div class=\"elementor-element elementor-element-402269d elementor-widget elementor-widget-heading\" data-id=\"402269d\" data-element_type=\"widget\" data-widget_type=\"heading.default\">\n\t\t\t\t\t<h6 class=\"elementor-heading-title elementor-size-default\">V\u00edctor A. Avil\u00e9s Tosado,<\/h6>\t\t\t\t<\/div>\n\t\t\t\t<div class=\"elementor-element elementor-element-c825e53 elementor-widget elementor-widget-heading\" data-id=\"c825e53\" data-element_type=\"widget\" data-widget_type=\"heading.default\">\n\t\t\t\t\t<h6 class=\"elementor-heading-title elementor-size-default\">psic\u00f3logo cl\u00ednico con m\u00e1s de<\/h6>\t\t\t\t<\/div>\n\t\t\t\t<\/div>\n\t\t<div class=\"elementor-element elementor-element-8ab4869 e-con-full e-flex wpr-particle-no wpr-jarallax-no wpr-parallax-no wpr-sticky-section-no e-con e-child\" data-id=\"8ab4869\" data-element_type=\"container\">\n\t\t\t\t<div class=\"elementor-element elementor-element-a1fb1c7 elementor-widget elementor-widget-heading\" data-id=\"a1fb1c7\" data-element_type=\"widget\" data-widget_type=\"heading.default\">\n\t\t\t\t\t<h1 class=\"elementor-heading-title elementor-size-default\">30 A\u00d1OS<\/h1>\t\t\t\t<\/div>\n\t\t\t\t<div class=\"elementor-element elementor-element-32c0186 elementor-widget elementor-widget-heading\" data-id=\"32c0186\" data-element_type=\"widget\" data-widget_type=\"heading.default\">\n\t\t\t\t\t<h2 class=\"elementor-heading-title elementor-size-default\">de experiencia<\/h2>\t\t\t\t<\/div>\n\t\t\t\t<\/div>\n\t\t\t\t<\/div>\n\t\t<div class=\"elementor-element elementor-element-73f6a76 e-con-full e-flex wpr-particle-no wpr-jarallax-no wpr-parallax-no wpr-sticky-section-no e-con e-child\" data-id=\"73f6a76\" data-element_type=\"container\">\n\t\t\t\t<div class=\"elementor-element elementor-element-a001233 elementor-widget elementor-widget-text-editor\" data-id=\"a001233\" data-element_type=\"widget\" data-widget_type=\"text-editor.default\">\n\t\t\t\t\t\t\t\t\tM\u00e1s que un centro de servicios psicol\u00f3gicos, Be Balance es un espacio de acompa\u00f1amiento y transformaci\u00f3n, donde un equipo de profesionales\ncomprometidos gu\u00eda a las personas a reencontrar su balance interior, fortalecer sus recursos y construir una vida m\u00e1s plena y significativa. Nuestros servicios est\u00e1n guiados por modelos basados en evidencia cient\u00edfica, la filosof\u00eda de la psicolog\u00eda hol\u00edstica y un enfoque transdisciplinario, asegurando un cuidado integral y profundo para cada persona que nos visita.\t\t\t\t\t\t\t\t<\/div>\n\t\t\t\t<div class=\"elementor-element elementor-element-cd89c65 elementor-widget elementor-widget-text-editor\" data-id=\"cd89c65\" data-element_type=\"widget\" data-widget_type=\"text-editor.default\">\n\t\t\t\t\t\t\t\t\tBe Balance integra la psicolog\u00eda tradicional con enfoques complementarios e innovadores como la hipnosis cl\u00ednica, la programaci\u00f3n neuroling\u00fc\u00edstica (PNL), la terapia sist\u00e9mica, las constelaciones familiares, el biomagnetismo m\u00e9dico y la kinesiolog\u00eda (Touch for Health). Esta visi\u00f3n transdisciplinaria permite ofrecer un modelo \u00fanico de atenci\u00f3n, adaptado a las necesidades de cada individuo y familia. De esta forma, garantizamos un acompa\u00f1amiento personalizado y efectivo.\t\t\t\t\t\t\t\t<\/div>\n\t\t\t\t<\/div>\n\t\t\t\t\t<\/div>\n\t\t\t\t<\/div>\n\t\t<div class=\"elementor-element elementor-element-b6da15c e-flex e-con-boxed wpr-particle-no wpr-jarallax-no wpr-parallax-no wpr-sticky-section-no elementor-invisible e-con e-parent\" data-id=\"b6da15c\" data-element_type=\"container\" data-settings=\"{&quot;animation&quot;:&quot;bounceInUp&quot;}\">\n\t\t\t\t\t<div class=\"e-con-inner\">\n\t\t<div class=\"elementor-element elementor-element-c0fe446 e-con-full e-flex wpr-particle-no wpr-jarallax-no wpr-parallax-no wpr-sticky-section-no e-con e-child\" data-id=\"c0fe446\" data-element_type=\"container\" data-settings=\"{&quot;background_background&quot;:&quot;classic&quot;}\">\n\t\t<div class=\"elementor-element elementor-element-a2da0ba e-grid e-con-full wpr-particle-no wpr-jarallax-no wpr-parallax-no wpr-sticky-section-no e-con e-child\" data-id=\"a2da0ba\" data-element_type=\"container\">\n\t\t<div class=\"elementor-element elementor-element-21b7368 e-con-full e-flex wpr-particle-no wpr-jarallax-no wpr-parallax-no wpr-sticky-section-no e-con e-child\" data-id=\"21b7368\" data-element_type=\"container\">\n\t\t<div class=\"elementor-element elementor-element-a1eaaed e-con-full e-flex wpr-particle-no wpr-jarallax-no wpr-parallax-no wpr-sticky-section-no e-con e-child\" data-id=\"a1eaaed\" data-element_type=\"container\">\n\t\t<div class=\"elementor-element elementor-element-430d886 e-grid e-con-full wpr-particle-no wpr-jarallax-no wpr-parallax-no wpr-sticky-section-no e-con e-child\" data-id=\"430d886\" data-element_type=\"container\">\n\t\t<div class=\"elementor-element elementor-element-3f66dbd e-con-full e-flex wpr-particle-no wpr-jarallax-no wpr-parallax-no wpr-sticky-section-no e-con e-child\" data-id=\"3f66dbd\" data-element_type=\"container\">\n\t\t\t\t<div class=\"elementor-element elementor-element-67db698 elementor-widget elementor-widget-image\" data-id=\"67db698\" data-element_type=\"widget\" data-widget_type=\"image.default\">\n\t\t\t\t\t\t\t\t\t\t\t\t\t\t\t<img decoding=\"async\" width=\"248\" height=\"248\" src=\"https:\/\/wearewebrything.com\/bebalance\/wp-content\/uploads\/2025\/09\/Group-213-copy.png\" class=\"attachment-large size-large wp-image-661\" alt=\"\" srcset=\"https:\/\/wearewebrything.com\/bebalance\/wp-content\/uploads\/2025\/09\/Group-213-copy.png 248w, https:\/\/wearewebrything.com\/bebalance\/wp-content\/uploads\/2025\/09\/Group-213-copy-150x150.png 150w\" sizes=\"(max-width: 248px) 100vw, 248px\" \/>\t\t\t\t\t\t\t\t\t\t\t\t\t\t\t<\/div>\n\t\t\t\t<\/div>\n\t\t<div class=\"elementor-element elementor-element-525d8a8 e-con-full e-flex wpr-particle-no wpr-jarallax-no wpr-parallax-no wpr-sticky-section-no e-con e-child\" data-id=\"525d8a8\" data-element_type=\"container\">\n\t\t\t\t<div class=\"elementor-element elementor-element-0cff571 elementor-widget elementor-widget-heading\" data-id=\"0cff571\" data-element_type=\"widget\" data-widget_type=\"heading.default\">\n\t\t\t\t\t<h3 class=\"elementor-heading-title elementor-size-default\">Visi\u00f3n<\/h3>\t\t\t\t<\/div>\n\t\t\t\t<\/div>\n\t\t\t\t<\/div>\n\t\t\t\t<div class=\"elementor-element elementor-element-dbc9f1e elementor-widget elementor-widget-text-editor\" data-id=\"dbc9f1e\" data-element_type=\"widget\" data-widget_type=\"text-editor.default\">\n\t\t\t\t\t\t\t\t\t<p>Ser un centro de referencia en Puerto Rico y a nivel internacional, reconocido por integrar la ciencia, la terapia sist\u00e9mica y modelos complementarios que inspiren la transformaci\u00f3n personal, familiar y comunitaria. So\u00f1amos con una sociedad m\u00e1s consciente, resiliente y saludable; en equilibrio consigo misma y con su entorno.<\/p>\t\t\t\t\t\t\t\t<\/div>\n\t\t\t\t<\/div>\n\t\t<div class=\"elementor-element elementor-element-0ff1753 e-con-full e-flex wpr-particle-no wpr-jarallax-no wpr-parallax-no wpr-sticky-section-no e-con e-child\" data-id=\"0ff1753\" data-element_type=\"container\">\n\t\t<div class=\"elementor-element elementor-element-43a5008 e-grid e-con-full wpr-particle-no wpr-jarallax-no wpr-parallax-no wpr-sticky-section-no e-con e-child\" data-id=\"43a5008\" data-element_type=\"container\">\n\t\t<div class=\"elementor-element elementor-element-c2acf51 e-con-full e-flex wpr-particle-no wpr-jarallax-no wpr-parallax-no wpr-sticky-section-no e-con e-child\" data-id=\"c2acf51\" data-element_type=\"container\">\n\t\t\t\t<div class=\"elementor-element elementor-element-6ccec9d elementor-widget elementor-widget-image\" data-id=\"6ccec9d\" data-element_type=\"widget\" data-widget_type=\"image.default\">\n\t\t\t\t\t\t\t\t\t\t\t\t\t\t\t<img loading=\"lazy\" decoding=\"async\" width=\"248\" height=\"248\" src=\"https:\/\/wearewebrything.com\/bebalance\/wp-content\/uploads\/2025\/09\/Group-214-1.png\" class=\"attachment-large size-large wp-image-660\" alt=\"Misi\u00f3n\" srcset=\"https:\/\/wearewebrything.com\/bebalance\/wp-content\/uploads\/2025\/09\/Group-214-1.png 248w, https:\/\/wearewebrything.com\/bebalance\/wp-content\/uploads\/2025\/09\/Group-214-1-150x150.png 150w\" sizes=\"(max-width: 248px) 100vw, 248px\" \/>\t\t\t\t\t\t\t\t\t\t\t\t\t\t\t<\/div>\n\t\t\t\t<\/div>\n\t\t<div class=\"elementor-element elementor-element-78eb13a e-con-full e-flex wpr-particle-no wpr-jarallax-no wpr-parallax-no wpr-sticky-section-no e-con e-child\" data-id=\"78eb13a\" data-element_type=\"container\">\n\t\t\t\t<div class=\"elementor-element elementor-element-00cea82 elementor-widget elementor-widget-heading\" data-id=\"00cea82\" data-element_type=\"widget\" data-widget_type=\"heading.default\">\n\t\t\t\t\t<h3 class=\"elementor-heading-title elementor-size-default\">MISI\u00d3N<\/h3>\t\t\t\t<\/div>\n\t\t\t\t<\/div>\n\t\t\t\t<\/div>\n\t\t\t\t<div class=\"elementor-element elementor-element-fe57770 elementor-widget elementor-widget-text-editor\" data-id=\"fe57770\" data-element_type=\"widget\" data-widget_type=\"text-editor.default\">\n\t\t\t\t\t\t\t\t\tBrindar servicios de salud mental y bienestar integral que combinan la psicolog\u00eda cl\u00ednica con enfoques terap\u00e9uticos innovadores y complementarios. Nuestro prop\u00f3sito es acompa\u00f1ar a cada persona en su proceso de sanaci\u00f3n, equilibrio y crecimiento, favoreciendo la integraci\u00f3n de mente, emociones, cuerpo y esp\u00edritu.\t\t\t\t\t\t\t\t<\/div>\n\t\t\t\t<\/div>\n\t\t\t\t<\/div>\n\t\t<div class=\"elementor-element elementor-element-3eda09d e-con-full e-flex wpr-particle-no wpr-jarallax-no wpr-parallax-no wpr-sticky-section-no e-con e-child\" data-id=\"3eda09d\" data-element_type=\"container\">\n\t\t\t\t<div class=\"elementor-element elementor-element-1e6627f elementor-widget elementor-widget-image\" data-id=\"1e6627f\" data-element_type=\"widget\" data-widget_type=\"image.default\">\n\t\t\t\t\t\t\t\t\t\t\t\t\t\t\t<img loading=\"lazy\" decoding=\"async\" width=\"800\" height=\"923\" src=\"https:\/\/wearewebrything.com\/bebalance\/wp-content\/uploads\/2025\/09\/balance-emocional-888x1024.png\" class=\"attachment-large size-large wp-image-655\" alt=\"\" srcset=\"https:\/\/wearewebrything.com\/bebalance\/wp-content\/uploads\/2025\/09\/balance-emocional-888x1024.png 888w, https:\/\/wearewebrything.com\/bebalance\/wp-content\/uploads\/2025\/09\/balance-emocional-260x300.png 260w, https:\/\/wearewebrything.com\/bebalance\/wp-content\/uploads\/2025\/09\/balance-emocional-768x886.png 768w, https:\/\/wearewebrything.com\/bebalance\/wp-content\/uploads\/2025\/09\/balance-emocional.png 1200w\" sizes=\"(max-width: 800px) 100vw, 800px\" \/>\t\t\t\t\t\t\t\t\t\t\t\t\t\t\t<\/div>\n\t\t\t\t<\/div>\n\t\t\t\t<\/div>\n\t\t\t\t<\/div>\n\t\t\t\t\t<\/div>\n\t\t\t\t<\/div>\n\t\t<div class=\"elementor-element elementor-element-2f932433 e-con-full e-flex wpr-particle-no wpr-jarallax-no wpr-parallax-no wpr-sticky-section-no elementor-invisible e-con e-child\" data-id=\"2f932433\" data-element_type=\"container\" id=\"background-pattern\" data-settings=\"{&quot;animation&quot;:&quot;bounceInUp&quot;}\">\n\t\t\t\t<div class=\"elementor-element elementor-element-69203eb7 elementor-widget elementor-widget-image\" data-id=\"69203eb7\" data-element_type=\"widget\" data-widget_type=\"image.default\">\n\t\t\t\t\t\t\t\t\t\t\t\t\t\t\t<img loading=\"lazy\" decoding=\"async\" width=\"800\" height=\"474\" src=\"https:\/\/wearewebrything.com\/bebalance\/wp-content\/uploads\/2025\/09\/Mask-Group-1.png\" class=\"attachment-large size-large wp-image-221\" alt=\"\" srcset=\"https:\/\/wearewebrything.com\/bebalance\/wp-content\/uploads\/2025\/09\/Mask-Group-1.png 1000w, https:\/\/wearewebrything.com\/bebalance\/wp-content\/uploads\/2025\/09\/Mask-Group-1-300x178.png 300w, https:\/\/wearewebrything.com\/bebalance\/wp-content\/uploads\/2025\/09\/Mask-Group-1-768x455.png 768w\" sizes=\"(max-width: 800px) 100vw, 800px\" \/>\t\t\t\t\t\t\t\t\t\t\t\t\t\t\t<\/div>\n\t\t\t\t<\/div>\n\t\t\t\t<\/div>\n\t\t","protected":false},"excerpt":{"rendered":"<p>SOBRE NOSOTROS \u201carmon\u00eda entre mente, emociones, cuerpo y esp\u00edritu.\u201d En Be Balance creemos que el bienestar verdadero surge cuando logramos la armon\u00eda entre mente, emociones, cuerpo y esp\u00edritu. Nuestro centro naci\u00f3 con la misi\u00f3n de ofrecer un espacio profesional y humano donde cada persona pueda encontrar apoyo en su camino de sanaci\u00f3n, equilibrio y crecimiento personal. Buscamos acompa\u00f1ar a cada individuo desde una perspectiva integral, considerando todos los aspectos que influyen en su bienestar. Nuestras pr\u00e1cticas Nuestras pr\u00e1cticas, adem\u00e1s de estar fundamentadas en la psicolog\u00eda cl\u00ednica, se nutren de la psicolog\u00eda hol\u00edstica, la cual tiene un enfoque inspirado en la corriente humanista que concibe al ser humano en su totalidad: cuerpo, mente y esp\u00edritu. Este enfoque permite estudiar y trabajar las emociones, los trastornos y los conflictos personales desde la integraci\u00f3n de todas sus dimensiones, promoviendo un desarrollo y evoluci\u00f3n m\u00e1s completos. La psicolog\u00eda hol\u00edstica entiende al individuo como un sistema en el que cada parte se relaciona con el todo, lo que significa que no solo tratamos s\u00edntomas aislados, sino que buscamos comprender y equilibrar todos los aspectos que afectan el bienestar emocional y psicol\u00f3gico. El objetivo de este enfoque es alcanzar la armon\u00eda entre cuerpo, mente y esp\u00edritu, facilitando la gesti\u00f3n de los problemas, fortaleciendo los recursos internos y promoviendo el crecimiento personal. El centro fue fundado por el Dr. V\u00edctor A. Avil\u00e9s Tosado, psic\u00f3logo cl\u00ednico con m\u00e1s de 30 A\u00d1OS de experiencia M\u00e1s que un centro de servicios psicol\u00f3gicos, Be Balance es un espacio de acompa\u00f1amiento y transformaci\u00f3n, donde un equipo de profesionales comprometidos gu\u00eda a las personas a reencontrar su balance interior, fortalecer sus recursos y construir una vida m\u00e1s plena y significativa. Nuestros servicios est\u00e1n guiados por modelos basados en evidencia cient\u00edfica, la filosof\u00eda de la psicolog\u00eda hol\u00edstica y un enfoque transdisciplinario, asegurando un cuidado integral y profundo para cada persona que nos visita.Be Balance integra la psicolog\u00eda tradicional con enfoques complementarios e innovadores como la hipnosis cl\u00ednica, la programaci\u00f3n neuroling\u00fc\u00edstica (PNL), la terapia sist\u00e9mica, las constelaciones familiares, el biomagnetismo m\u00e9dico y la kinesiolog\u00eda (Touch for Health). Esta visi\u00f3n transdisciplinaria permite ofrecer un modelo \u00fanico de atenci\u00f3n, adaptado a las necesidades de cada individuo y familia. De esta forma, garantizamos un acompa\u00f1amiento personalizado y efectivo. Visi\u00f3n Ser un centro de referencia en Puerto Rico y a nivel internacional, reconocido por integrar la ciencia, la terapia sist\u00e9mica y modelos complementarios que inspiren la transformaci\u00f3n personal, familiar y comunitaria. So\u00f1amos con una sociedad m\u00e1s consciente, resiliente y saludable; en equilibrio consigo misma y con su entorno. MISI\u00d3N Brindar servicios de salud mental y bienestar integral que combinan la psicolog\u00eda cl\u00ednica con enfoques terap\u00e9uticos innovadores y complementarios. Nuestro prop\u00f3sito es acompa\u00f1ar a cada persona en su proceso de sanaci\u00f3n, equilibrio y crecimiento, favoreciendo la integraci\u00f3n de mente, emociones, cuerpo y esp\u00edritu.<\/p>\n","protected":false},"author":1,"featured_media":0,"parent":0,"menu_order":0,"comment_status":"closed","ping_status":"closed","template":"","meta":{"_acf_changed":false,"footnotes":""},"class_list":["post-548","page","type-page","status-publish","hentry"],"acf":[],"_links":{"self":[{"href":"https:\/\/wearewebrything.com\/bebalance\/wp-json\/wp\/v2\/pages\/548","targetHints":{"allow":["GET"]}}],"collection":[{"href":"https:\/\/wearewebrything.com\/bebalance\/wp-json\/wp\/v2\/pages"}],"about":[{"href":"https:\/\/wearewebrything.com\/bebalance\/wp-json\/wp\/v2\/types\/page"}],"author":[{"embeddable":true,"href":"https:\/\/wearewebrything.com\/bebalance\/wp-json\/wp\/v2\/users\/1"}],"replies":[{"embeddable":true,"href":"https:\/\/wearewebrything.com\/bebalance\/wp-json\/wp\/v2\/comments?post=548"}],"version-history":[{"count":115,"href":"https:\/\/wearewebrything.com\/bebalance\/wp-json\/wp\/v2\/pages\/548\/revisions"}],"predecessor-version":[{"id":1602,"href":"https:\/\/wearewebrything.com\/bebalance\/wp-json\/wp\/v2\/pages\/548\/revisions\/1602"}],"wp:attachment":[{"href":"https:\/\/wearewebrything.com\/bebalance\/wp-json\/wp\/v2\/media?parent=548"}],"curies":[{"name":"wp","href":"https:\/\/api.w.org\/{rel}","templated":true}]}}