{"id":1369,"date":"2025-05-21T20:42:08","date_gmt":"2025-05-21T20:42:08","guid":{"rendered":"https:\/\/wearewebrything.com\/editorial-panamericana\/?page_id=1369"},"modified":"2025-06-12T18:07:10","modified_gmt":"2025-06-12T18:07:10","slug":"servicios","status":"publish","type":"page","link":"https:\/\/wearewebrything.com\/editorial-panamericana\/servicios\/","title":{"rendered":"Servicios"},"content":{"rendered":"\t\t<div data-elementor-type=\"wp-page\" data-elementor-id=\"1369\" class=\"elementor elementor-1369\" data-elementor-settings=\"{&quot;ha_cmc_init_switcher&quot;:&quot;no&quot;}\" data-elementor-post-type=\"page\">\n\t\t\t\t<div class=\"elementor-element elementor-element-5d8553ad e-flex e-con-boxed wpr-particle-no wpr-jarallax-no wpr-parallax-no wpr-sticky-section-no e-con e-parent\" data-id=\"5d8553ad\" data-element_type=\"container\" id=\"blue-content\" data-settings=\"{&quot;_ha_eqh_enable&quot;:false}\">\n\t\t\t\t\t<div class=\"e-con-inner\">\n\t\t<div class=\"elementor-element elementor-element-28b2e4dd e-con-full e-flex wpr-particle-no wpr-jarallax-no wpr-parallax-no wpr-sticky-section-no e-con e-child\" data-id=\"28b2e4dd\" data-element_type=\"container\" id=\"blue-content\" data-settings=\"{&quot;background_background&quot;:&quot;classic&quot;,&quot;_ha_eqh_enable&quot;:false}\">\n\t\t\t\t<div class=\"elementor-element elementor-element-2e94521a elementor-widget elementor-widget-image\" data-id=\"2e94521a\" data-element_type=\"widget\" id=\"world-pattern\" data-widget_type=\"image.default\">\n\t\t\t\t<div class=\"elementor-widget-container\">\n\t\t\t\t\t\t\t\t\t\t\t\t\t\t\t<img fetchpriority=\"high\" decoding=\"async\" width=\"800\" height=\"553\" src=\"https:\/\/wearewebrything.com\/editorial-panamericana\/wp-content\/uploads\/2025\/05\/Intersection-2-1.png\" class=\"attachment-large size-large wp-image-1379\" alt=\"\" srcset=\"https:\/\/wearewebrything.com\/editorial-panamericana\/wp-content\/uploads\/2025\/05\/Intersection-2-1.png 900w, https:\/\/wearewebrything.com\/editorial-panamericana\/wp-content\/uploads\/2025\/05\/Intersection-2-1-300x207.png 300w, https:\/\/wearewebrything.com\/editorial-panamericana\/wp-content\/uploads\/2025\/05\/Intersection-2-1-768x531.png 768w\" sizes=\"(max-width: 800px) 100vw, 800px\" \/>\t\t\t\t\t\t\t\t\t\t\t\t\t\t\t<\/div>\n\t\t\t\t<\/div>\n\t\t\t\t<div class=\"elementor-element elementor-element-4c6c1f40 elementor-widget elementor-widget-image\" data-id=\"4c6c1f40\" data-element_type=\"widget\" id=\"world-pattern-2\" data-widget_type=\"image.default\">\n\t\t\t\t<div class=\"elementor-widget-container\">\n\t\t\t\t\t\t\t\t\t\t\t\t\t\t\t<img decoding=\"async\" width=\"800\" height=\"695\" src=\"https:\/\/wearewebrything.com\/editorial-panamericana\/wp-content\/uploads\/2025\/05\/Intersection-3-1.png\" class=\"attachment-large size-large wp-image-1378\" alt=\"\" srcset=\"https:\/\/wearewebrything.com\/editorial-panamericana\/wp-content\/uploads\/2025\/05\/Intersection-3-1.png 900w, https:\/\/wearewebrything.com\/editorial-panamericana\/wp-content\/uploads\/2025\/05\/Intersection-3-1-300x261.png 300w, https:\/\/wearewebrything.com\/editorial-panamericana\/wp-content\/uploads\/2025\/05\/Intersection-3-1-768x667.png 768w\" sizes=\"(max-width: 800px) 100vw, 800px\" \/>\t\t\t\t\t\t\t\t\t\t\t\t\t\t\t<\/div>\n\t\t\t\t<\/div>\n\t\t\t\t<div class=\"elementor-element elementor-element-62e0fafb elementor-widget elementor-widget-text-editor\" data-id=\"62e0fafb\" data-element_type=\"widget\" id=\"optima-font\" data-widget_type=\"text-editor.default\">\n\t\t\t\t<div class=\"elementor-widget-container\">\n\t\t\t\t\t\t\t\t\tNUESTROS SERVICIOS\t\t\t\t\t\t\t\t<\/div>\n\t\t\t\t<\/div>\n\t\t\t\t<\/div>\n\t\t\t\t\t<\/div>\n\t\t\t\t<\/div>\n\t\t<div class=\"elementor-element elementor-element-4e2c5e99 e-flex e-con-boxed wpr-particle-no wpr-jarallax-no wpr-parallax-no wpr-sticky-section-no e-con e-parent\" data-id=\"4e2c5e99\" data-element_type=\"container\" data-settings=\"{&quot;background_background&quot;:&quot;classic&quot;,&quot;_ha_eqh_enable&quot;:false}\">\n\t\t\t\t\t<div class=\"e-con-inner\">\n\t\t\t\t<div class=\"elementor-element elementor-element-237168f5 wpr-grid-columns-3 wpr-grid-columns--tablet2 wpr-grid-columns--mobile1 wpr-item-styles-inner elementor-widget elementor-widget-wpr-grid\" data-id=\"237168f5\" data-element_type=\"widget\" data-widget_type=\"wpr-grid.default\">\n\t\t\t\t<div class=\"elementor-widget-container\">\n\t\t\t\t\t<ul class=\"wpr-grid-filters elementor-clearfix wpr-grid-filters-sep-right\"><li class=\" wpr-pointer-none wpr-pointer-line-fx wpr-pointer-fx-none\"><span  data-filter=\"*\" class=\"wpr-grid-filters-item wpr-active-filter \">All Posts<\/span><em class=\"wpr-grid-filters-sep\"><\/em><\/li><li data-role=\"parent\" class=\" wpr-pointer-none wpr-pointer-line-fx wpr-pointer-fx-none\"><span   data-ajax-filter=[\"category\",\"servicios\"]  data-filter=\".category-servicios\">Servicios<\/span><em class=\"wpr-grid-filters-sep\"><\/em><\/li><\/ul><section class=\"wpr-grid elementor-clearfix\" data-settings=\"{&quot;layout&quot;:&quot;fitRows&quot;,&quot;stick_last_element_to_bottom&quot;:&quot;&quot;,&quot;columns_desktop&quot;:3,&quot;gutter_hr&quot;:111,&quot;gutter_hr_mobile&quot;:111,&quot;gutter_hr_mobile_extra&quot;:111,&quot;gutter_hr_tablet&quot;:111,&quot;gutter_hr_tablet_extra&quot;:111,&quot;gutter_hr_laptop&quot;:111,&quot;gutter_hr_widescreen&quot;:111,&quot;gutter_vr&quot;:60,&quot;gutter_vr_mobile&quot;:40,&quot;gutter_vr_mobile_extra&quot;:70,&quot;gutter_vr_tablet&quot;:70,&quot;gutter_vr_tablet_extra&quot;:60,&quot;gutter_vr_laptop&quot;:60,&quot;gutter_vr_widescreen&quot;:60,&quot;animation&quot;:&quot;default&quot;,&quot;animation_duration&quot;:0.299999999999999988897769753748434595763683319091796875,&quot;animation_delay&quot;:0.1000000000000000055511151231257827021181583404541015625,&quot;deeplinking&quot;:&quot;&quot;,&quot;filters_linkable&quot;:&quot;no&quot;,&quot;filters_default_filter&quot;:&quot;&quot;,&quot;filters_count&quot;:&quot;&quot;,&quot;filters_hide_empty&quot;:&quot;no&quot;,&quot;filters_animation&quot;:&quot;default&quot;,&quot;filters_animation_duration&quot;:0.299999999999999988897769753748434595763683319091796875,&quot;filters_animation_delay&quot;:0.1000000000000000055511151231257827021181583404541015625,&quot;pagination_type&quot;:&quot;load-more&quot;,&quot;pagination_max_pages&quot;:1,&quot;lightbox&quot;:{&quot;selector&quot;:&quot;.wpr-grid-image-wrap&quot;,&quot;iframeMaxWidth&quot;:&quot;60%&quot;,&quot;hash&quot;:false,&quot;autoplay&quot;:&quot;true&quot;,&quot;pause&quot;:5000,&quot;progressBar&quot;:&quot;true&quot;,&quot;counter&quot;:&quot;true&quot;,&quot;controls&quot;:&quot;true&quot;,&quot;getCaptionFromTitleOrAlt&quot;:&quot;true&quot;,&quot;thumbnail&quot;:&quot;&quot;,&quot;showThumbByDefault&quot;:&quot;&quot;,&quot;share&quot;:&quot;&quot;,&quot;zoom&quot;:&quot;true&quot;,&quot;fullScreen&quot;:&quot;true&quot;,&quot;download&quot;:&quot;true&quot;}}\" data-advanced-filters=\"no\"><article class=\"wpr-grid-item elementor-clearfix post-1 post type-post status-publish format-standard has-post-thumbnail hentry category-publishing-services category-servicios\"><div class=\"wpr-grid-item-inner\"><div class=\"wpr-grid-media-wrap wpr-effect-size-medium \" data-overlay-link=\"yes\"><div class=\"wpr-grid-image-wrap\" data-src=\"https:\/\/wearewebrything.com\/editorial-panamericana\/wp-content\/uploads\/2025\/05\/Mask-Group-2.png\" data-img-on-hover=\"\"  data-src-secondary=\"\"><img decoding=\"async\" data-no-lazy=\"1\" src=\"https:\/\/wearewebrything.com\/editorial-panamericana\/wp-content\/uploads\/2025\/05\/Mask-Group-2.png\" alt=\"Publishing Services\" class=\"wpr-anim-timing-ease-default\"><\/div><div class=\"wpr-grid-media-hover wpr-animation-wrap\"><div class=\"wpr-grid-media-hover-bg  wpr-overlay-fade-in wpr-anim-size-large wpr-anim-timing-ease-default wpr-anim-transparency\" data-url=\"https:\/\/wearewebrything.com\/editorial-panamericana\/publishing-services\/\"><\/div><\/div><\/div><div class=\"wpr-grid-item-below-content elementor-clearfix\"><h2 class=\"wpr-grid-item-title elementor-repeater-item-33d6386 wpr-grid-item-display-block wpr-grid-item-align-left wpr-pointer-none wpr-pointer-line-fx wpr-pointer-fx-fade\"><div class=\"inner-block\"><a target=\"_self\"  href=\"https:\/\/wearewebrything.com\/editorial-panamericana\/publishing-services\/\">Publishing Services<\/a><\/div><\/h2><div class=\"wpr-grid-item-excerpt elementor-repeater-item-705cb48 wpr-grid-item-display-block wpr-grid-item-align-left\"><div class=\"inner-block\"><p>Publishing Services EPI cuenta con un cat\u00e1logo de m\u00e1s de 200 libros escolares y de formaci\u00f3n educativa integral y ahora...<\/p><\/div><\/div><div class=\"wpr-grid-item-read-more elementor-repeater-item-0468e77 wpr-grid-item-display-block wpr-grid-item-align-left\"><div class=\"inner-block\"><a target=\"_self\" href=\"https:\/\/wearewebrything.com\/editorial-panamericana\/publishing-services\/\" class=\"wpr-button-effect wpr-button-none\"><span>Read More<\/span><\/a><\/div><\/div><\/div><\/div><\/article><article class=\"wpr-grid-item elementor-clearfix post-237 post type-post status-publish format-standard has-post-thumbnail hentry category-produccion-y-diseno-de-impresos category-servicios\"><div class=\"wpr-grid-item-inner\"><div class=\"wpr-grid-media-wrap wpr-effect-size-medium \" data-overlay-link=\"yes\"><div class=\"wpr-grid-image-wrap\" data-src=\"https:\/\/wearewebrything.com\/editorial-panamericana\/wp-content\/uploads\/2025\/05\/Mask-Group-3.png\" data-img-on-hover=\"\"  data-src-secondary=\"\"><img decoding=\"async\" data-no-lazy=\"1\" src=\"https:\/\/wearewebrything.com\/editorial-panamericana\/wp-content\/uploads\/2025\/05\/Mask-Group-3.png\" alt=\"Producci\u00f3n y Dise\u00f1o de Impresos\" class=\"wpr-anim-timing-ease-default\"><\/div><div class=\"wpr-grid-media-hover wpr-animation-wrap\"><div class=\"wpr-grid-media-hover-bg  wpr-overlay-fade-in wpr-anim-size-large wpr-anim-timing-ease-default wpr-anim-transparency\" data-url=\"https:\/\/wearewebrything.com\/editorial-panamericana\/produccion-y-diseno-de-impresos\/\"><\/div><\/div><\/div><div class=\"wpr-grid-item-below-content elementor-clearfix\"><h2 class=\"wpr-grid-item-title elementor-repeater-item-33d6386 wpr-grid-item-display-block wpr-grid-item-align-left wpr-pointer-none wpr-pointer-line-fx wpr-pointer-fx-fade\"><div class=\"inner-block\"><a target=\"_self\"  href=\"https:\/\/wearewebrything.com\/editorial-panamericana\/produccion-y-diseno-de-impresos\/\">Producci\u00f3n y Dise\u00f1o de Impresos<\/a><\/div><\/h2><div class=\"wpr-grid-item-excerpt elementor-repeater-item-705cb48 wpr-grid-item-display-block wpr-grid-item-align-left\"><div class=\"inner-block\"><p>Lorem ipsum dolor sit amet, consectetur adipiscing elit, sed do eiusmod tempor incididunt ut labore et dolore magna aliqua.<\/p><\/div><\/div><div class=\"wpr-grid-item-read-more elementor-repeater-item-0468e77 wpr-grid-item-display-block wpr-grid-item-align-left\"><div class=\"inner-block\"><a target=\"_self\" href=\"https:\/\/wearewebrything.com\/editorial-panamericana\/produccion-y-diseno-de-impresos\/\" class=\"wpr-button-effect wpr-button-none\"><span>Read More<\/span><\/a><\/div><\/div><\/div><\/div><\/article><article class=\"wpr-grid-item elementor-clearfix post-239 post type-post status-publish format-standard has-post-thumbnail hentry category-capacitacion-y-desarrollo-profesional category-servicios\"><div class=\"wpr-grid-item-inner\"><div class=\"wpr-grid-media-wrap wpr-effect-size-medium \" data-overlay-link=\"yes\"><div class=\"wpr-grid-image-wrap\" data-src=\"https:\/\/wearewebrything.com\/editorial-panamericana\/wp-content\/uploads\/2025\/05\/Mask-Group-4.png\" data-img-on-hover=\"\"  data-src-secondary=\"\"><img decoding=\"async\" data-no-lazy=\"1\" src=\"https:\/\/wearewebrything.com\/editorial-panamericana\/wp-content\/uploads\/2025\/05\/Mask-Group-4.png\" alt=\"Capacitaci\u00f3n y Desarrollo Profesional\" class=\"wpr-anim-timing-ease-default\"><\/div><div class=\"wpr-grid-media-hover wpr-animation-wrap\"><div class=\"wpr-grid-media-hover-bg  wpr-overlay-fade-in wpr-anim-size-large wpr-anim-timing-ease-default wpr-anim-transparency\" data-url=\"https:\/\/wearewebrything.com\/editorial-panamericana\/capacitacion-y-desarrollo-profesional\/\"><\/div><\/div><\/div><div class=\"wpr-grid-item-below-content elementor-clearfix\"><h2 class=\"wpr-grid-item-title elementor-repeater-item-33d6386 wpr-grid-item-display-block wpr-grid-item-align-left wpr-pointer-none wpr-pointer-line-fx wpr-pointer-fx-fade\"><div class=\"inner-block\"><a target=\"_self\"  href=\"https:\/\/wearewebrything.com\/editorial-panamericana\/capacitacion-y-desarrollo-profesional\/\">Capacitaci\u00f3n y Desarrollo Profesional<\/a><\/div><\/h2><div class=\"wpr-grid-item-excerpt elementor-repeater-item-705cb48 wpr-grid-item-display-block wpr-grid-item-align-left\"><div class=\"inner-block\"><p>Capacitaci\u00f3n y desarrollo profesional La Editorial se especializa en el desarrollo profesional y continuo de la comunidad educativa y otras...<\/p><\/div><\/div><div class=\"wpr-grid-item-read-more elementor-repeater-item-0468e77 wpr-grid-item-display-block wpr-grid-item-align-left\"><div class=\"inner-block\"><a target=\"_self\" href=\"https:\/\/wearewebrything.com\/editorial-panamericana\/capacitacion-y-desarrollo-profesional\/\" class=\"wpr-button-effect wpr-button-none\"><span>Read More<\/span><\/a><\/div><\/div><\/div><\/div><\/article><article class=\"wpr-grid-item elementor-clearfix post-289 post type-post status-publish format-standard has-post-thumbnail hentry category-produccion-de-eventos category-servicios\"><div class=\"wpr-grid-item-inner\"><div class=\"wpr-grid-media-wrap wpr-effect-size-medium \" data-overlay-link=\"yes\"><div class=\"wpr-grid-image-wrap\" data-src=\"https:\/\/wearewebrything.com\/editorial-panamericana\/wp-content\/uploads\/2025\/05\/Mask-Group-7.png\" data-img-on-hover=\"\"  data-src-secondary=\"\"><img decoding=\"async\" data-no-lazy=\"1\" src=\"https:\/\/wearewebrything.com\/editorial-panamericana\/wp-content\/uploads\/2025\/05\/Mask-Group-7.png\" alt=\"Producci\u00f3n de Eventos\" class=\"wpr-anim-timing-ease-default\"><\/div><div class=\"wpr-grid-media-hover wpr-animation-wrap\"><div class=\"wpr-grid-media-hover-bg  wpr-overlay-fade-in wpr-anim-size-large wpr-anim-timing-ease-default wpr-anim-transparency\" data-url=\"https:\/\/wearewebrything.com\/editorial-panamericana\/produccion-de-eventos\/\"><\/div><\/div><\/div><div class=\"wpr-grid-item-below-content elementor-clearfix\"><h2 class=\"wpr-grid-item-title elementor-repeater-item-33d6386 wpr-grid-item-display-block wpr-grid-item-align-left wpr-pointer-none wpr-pointer-line-fx wpr-pointer-fx-fade\"><div class=\"inner-block\"><a target=\"_self\"  href=\"https:\/\/wearewebrything.com\/editorial-panamericana\/produccion-de-eventos\/\">Producci\u00f3n de Eventos<\/a><\/div><\/h2><div class=\"wpr-grid-item-excerpt elementor-repeater-item-705cb48 wpr-grid-item-display-block wpr-grid-item-align-left\"><div class=\"inner-block\"><p>Producci\u00f3n de Eventos corporativos La Editorial se especializa en el desarrollo profesional y continuo de la comunidad educativa y otras...<\/p><\/div><\/div><div class=\"wpr-grid-item-read-more elementor-repeater-item-0468e77 wpr-grid-item-display-block wpr-grid-item-align-left\"><div class=\"inner-block\"><a target=\"_self\" href=\"https:\/\/wearewebrything.com\/editorial-panamericana\/produccion-de-eventos\/\" class=\"wpr-button-effect wpr-button-none\"><span>Read More<\/span><\/a><\/div><\/div><\/div><\/div><\/article><article class=\"wpr-grid-item elementor-clearfix post-291 post type-post status-publish format-standard has-post-thumbnail hentry category-desarrollo-de-propuestas category-servicios\"><div class=\"wpr-grid-item-inner\"><div class=\"wpr-grid-media-wrap wpr-effect-size-medium \" data-overlay-link=\"yes\"><div class=\"wpr-grid-image-wrap\" data-src=\"https:\/\/wearewebrything.com\/editorial-panamericana\/wp-content\/uploads\/2025\/05\/Mask-Group-5.png\" data-img-on-hover=\"\"  data-src-secondary=\"\"><img decoding=\"async\" data-no-lazy=\"1\" src=\"https:\/\/wearewebrything.com\/editorial-panamericana\/wp-content\/uploads\/2025\/05\/Mask-Group-5.png\" alt=\"Desarrollo de Propuestas\" class=\"wpr-anim-timing-ease-default\"><\/div><div class=\"wpr-grid-media-hover wpr-animation-wrap\"><div class=\"wpr-grid-media-hover-bg  wpr-overlay-fade-in wpr-anim-size-large wpr-anim-timing-ease-default wpr-anim-transparency\" data-url=\"https:\/\/wearewebrything.com\/editorial-panamericana\/desarrollo-de-propuestas\/\"><\/div><\/div><\/div><div class=\"wpr-grid-item-below-content elementor-clearfix\"><h2 class=\"wpr-grid-item-title elementor-repeater-item-33d6386 wpr-grid-item-display-block wpr-grid-item-align-left wpr-pointer-none wpr-pointer-line-fx wpr-pointer-fx-fade\"><div class=\"inner-block\"><a target=\"_self\"  href=\"https:\/\/wearewebrything.com\/editorial-panamericana\/desarrollo-de-propuestas\/\">Desarrollo de Propuestas<\/a><\/div><\/h2><div class=\"wpr-grid-item-excerpt elementor-repeater-item-705cb48 wpr-grid-item-display-block wpr-grid-item-align-left\"><div class=\"inner-block\"><p>Lorem ipsum dolor sit amet, consectetur adipiscing elit, sed do eiusmod tempor incididunt ut labore et dolore magna aliqua.<\/p><\/div><\/div><div class=\"wpr-grid-item-read-more elementor-repeater-item-0468e77 wpr-grid-item-display-block wpr-grid-item-align-left\"><div class=\"inner-block\"><a target=\"_self\" href=\"https:\/\/wearewebrything.com\/editorial-panamericana\/desarrollo-de-propuestas\/\" class=\"wpr-button-effect wpr-button-none\"><span>Read More<\/span><\/a><\/div><\/div><\/div><\/div><\/article><article class=\"wpr-grid-item elementor-clearfix post-293 post type-post status-publish format-standard has-post-thumbnail hentry category-servicios category-suplido-de-bienes-o-servicios\"><div class=\"wpr-grid-item-inner\"><div class=\"wpr-grid-media-wrap wpr-effect-size-medium \" data-overlay-link=\"yes\"><div class=\"wpr-grid-image-wrap\" data-src=\"https:\/\/wearewebrything.com\/editorial-panamericana\/wp-content\/uploads\/2025\/05\/Mask-Group-6.png\" data-img-on-hover=\"\"  data-src-secondary=\"\"><img decoding=\"async\" data-no-lazy=\"1\" src=\"https:\/\/wearewebrything.com\/editorial-panamericana\/wp-content\/uploads\/2025\/05\/Mask-Group-6.png\" alt=\"Suplido de Bienes o Servicios (para Gobierno)\" class=\"wpr-anim-timing-ease-default\"><\/div><div class=\"wpr-grid-media-hover wpr-animation-wrap\"><div class=\"wpr-grid-media-hover-bg  wpr-overlay-fade-in wpr-anim-size-large wpr-anim-timing-ease-default wpr-anim-transparency\" data-url=\"https:\/\/wearewebrything.com\/editorial-panamericana\/suplido-de-bienes-o-servicios-para-gobierno\/\"><\/div><\/div><\/div><div class=\"wpr-grid-item-below-content elementor-clearfix\"><h2 class=\"wpr-grid-item-title elementor-repeater-item-33d6386 wpr-grid-item-display-block wpr-grid-item-align-left wpr-pointer-none wpr-pointer-line-fx wpr-pointer-fx-fade\"><div class=\"inner-block\"><a target=\"_self\"  href=\"https:\/\/wearewebrything.com\/editorial-panamericana\/suplido-de-bienes-o-servicios-para-gobierno\/\">Suplido de Bienes o Servicios (para Gobierno)<\/a><\/div><\/h2><div class=\"wpr-grid-item-excerpt elementor-repeater-item-705cb48 wpr-grid-item-display-block wpr-grid-item-align-left\"><div class=\"inner-block\"><p>Lorem ipsum dolor sit amet, consectetur adipiscing elit, sed do eiusmod tempor incididunt ut labore et dolore magna aliqua.<\/p><\/div><\/div><div class=\"wpr-grid-item-read-more elementor-repeater-item-0468e77 wpr-grid-item-display-block wpr-grid-item-align-left\"><div class=\"inner-block\"><a target=\"_self\" href=\"https:\/\/wearewebrything.com\/editorial-panamericana\/suplido-de-bienes-o-servicios-para-gobierno\/\" class=\"wpr-button-effect wpr-button-none\"><span>Read More<\/span><\/a><\/div><\/div><\/div><\/div><\/article><\/section>\t\t\t\t<\/div>\n\t\t\t\t<\/div>\n\t\t\t\t<div class=\"elementor-element elementor-element-7d21905f elementor-widget elementor-widget-html\" data-id=\"7d21905f\" data-element_type=\"widget\" data-widget_type=\"html.default\">\n\t\t\t\t<div class=\"elementor-widget-container\">\n\t\t\t\t\t<script>\n    \n\/\/ document.addEventListener(\"DOMContentLoaded\", function () {\n\/\/   const headings = document.querySelectorAll(\".post-237 .wpr-grid-item-title a\");\n\n\/\/   headings.forEach((el) => {\n\/\/     if (el.textContent.includes(\"Producci\u00f3n y\")) {\n\/\/       const nuevoTexto = el.textContent.replace(\"Producci\u00f3n y\", \"Producci\u00f3n y<br>\");\n\/\/       el.innerHTML = nuevoTexto;\n\/\/     }\n\/\/   });\n\/\/ });\n\ndocument.addEventListener(\"DOMContentLoaded\", function () {\n  const title = document.querySelector('a[href*=\"publishing-services\"]');\n  if (title) {\n    title.innerHTML = title.textContent.replace(\"Publishing\", \"Publishing<br>\");\n  }\n});\n\ndocument.addEventListener(\"DOMContentLoaded\", function () {\n  const title = document.querySelector('a[href*=\"produccion-y-diseno-de-impresos\"]');\n  if (title) {\n    title.innerHTML = title.textContent.replace(\"Producci\u00f3n y\", \"Producci\u00f3n y<br>\");\n  }\n});\n\n\ndocument.addEventListener(\"DOMContentLoaded\", function () {\n  const title = document.querySelector('a[href*=\"capacitacion-y-desarrollo-profesional\"]');\n  if (title) {\n    title.innerHTML = title.textContent.replace(\"Capacitaci\u00f3n y\", \"Capacitaci\u00f3n y<br>\");\n  }\n});\n\ndocument.addEventListener(\"DOMContentLoaded\", function () {\n  const title = document.querySelector('a[href*=\"produccion-de-eventos\"]');\n  if (title) {\n    title.innerHTML = title.textContent.replace(\"Producci\u00f3n\", \"Producci\u00f3n<br>\");\n  }\n});\n\n\ndocument.addEventListener(\"DOMContentLoaded\", function () {\n  const title = document.querySelector('a[href*=\"desarrollo-de-propuestas\"]');\n  if (title) {\n    title.innerHTML = title.textContent.replace(\"Desarrollo de\", \"Desarrollo de<br>\");\n  }\n});\n\ndocument.addEventListener(\"DOMContentLoaded\", function () {\n  const title = document.querySelector('a[href*=\"suplido-de-bienes-o-servicios-para-gobierno\"]');\n  if (title) {\n    title.innerHTML = title.textContent.replace(\"Bienes o\", \"Bienes o<br>\");\n  }\n});\n\n<\/script>\n\n<script>\n\ndocument.addEventListener(\"DOMContentLoaded\", function () {\n  const botones = document.querySelectorAll('a.wpr-button-effect span');\n\n  botones.forEach(function (boton) {\n    if (boton.textContent.trim() === \"Read More\") {\n      boton.textContent = \"Conocer m\u00e1s\";\n    }\n  });\n});\n\n<\/script>\t\t\t\t<\/div>\n\t\t\t\t<\/div>\n\t\t\t\t\t<\/div>\n\t\t\t\t<\/div>\n\t\t\t\t<\/div>\n\t\t","protected":false},"excerpt":{"rendered":"<p>NUESTROS SERVICIOS All Posts Servicios Publishing Services Publishing Services EPI cuenta con un cat\u00e1logo de m\u00e1s de 200 libros escolares y de formaci\u00f3n educativa integral y ahora&#8230; Read More Producci\u00f3n y Dise\u00f1o de Impresos Lorem ipsum dolor sit amet, consectetur adipiscing elit, sed do eiusmod tempor incididunt ut labore et dolore magna aliqua. Read More Capacitaci\u00f3n y Desarrollo Profesional Capacitaci\u00f3n y desarrollo profesional La Editorial se especializa en el desarrollo profesional y continuo de la comunidad educativa y otras&#8230; Read More Producci\u00f3n de Eventos Producci\u00f3n de Eventos corporativos La Editorial se especializa en el desarrollo profesional y continuo de la comunidad educativa y otras&#8230; Read More Desarrollo de Propuestas Lorem ipsum dolor sit amet, consectetur adipiscing elit, sed do eiusmod tempor incididunt ut labore et dolore magna aliqua. Read More Suplido de Bienes o Servicios (para Gobierno) Lorem ipsum dolor sit amet, consectetur adipiscing elit, sed do eiusmod tempor incididunt ut labore et dolore magna aliqua. Read More<\/p>\n","protected":false},"author":1,"featured_media":0,"parent":0,"menu_order":0,"comment_status":"closed","ping_status":"closed","template":"","meta":{"pagelayer_contact_templates":[],"_pagelayer_content":"","footnotes":""},"class_list":["post-1369","page","type-page","status-publish","hentry"],"_links":{"self":[{"href":"https:\/\/wearewebrything.com\/editorial-panamericana\/wp-json\/wp\/v2\/pages\/1369","targetHints":{"allow":["GET"]}}],"collection":[{"href":"https:\/\/wearewebrything.com\/editorial-panamericana\/wp-json\/wp\/v2\/pages"}],"about":[{"href":"https:\/\/wearewebrything.com\/editorial-panamericana\/wp-json\/wp\/v2\/types\/page"}],"author":[{"embeddable":true,"href":"https:\/\/wearewebrything.com\/editorial-panamericana\/wp-json\/wp\/v2\/users\/1"}],"replies":[{"embeddable":true,"href":"https:\/\/wearewebrything.com\/editorial-panamericana\/wp-json\/wp\/v2\/comments?post=1369"}],"version-history":[{"count":40,"href":"https:\/\/wearewebrything.com\/editorial-panamericana\/wp-json\/wp\/v2\/pages\/1369\/revisions"}],"predecessor-version":[{"id":2905,"href":"https:\/\/wearewebrything.com\/editorial-panamericana\/wp-json\/wp\/v2\/pages\/1369\/revisions\/2905"}],"wp:attachment":[{"href":"https:\/\/wearewebrything.com\/editorial-panamericana\/wp-json\/wp\/v2\/media?parent=1369"}],"curies":[{"name":"wp","href":"https:\/\/api.w.org\/{rel}","templated":true}]}}