{"id":1441,"date":"2025-05-22T01:54:39","date_gmt":"2025-05-22T01:54:39","guid":{"rendered":"https:\/\/wearewebrything.com\/editorial-panamericana\/?page_id=1441"},"modified":"2025-06-12T18:27:47","modified_gmt":"2025-06-12T18:27:47","slug":"contacto","status":"publish","type":"page","link":"https:\/\/wearewebrything.com\/editorial-panamericana\/contacto\/","title":{"rendered":"Contacto"},"content":{"rendered":"\t\t<div data-elementor-type=\"wp-page\" data-elementor-id=\"1441\" class=\"elementor elementor-1441\" data-elementor-settings=\"{&quot;ha_cmc_init_switcher&quot;:&quot;no&quot;}\" data-elementor-post-type=\"page\">\n\t\t\t\t<div class=\"elementor-element elementor-element-29fef3ee e-flex e-con-boxed wpr-particle-no wpr-jarallax-no wpr-parallax-no wpr-sticky-section-no e-con e-parent\" data-id=\"29fef3ee\" data-element_type=\"container\" id=\"blue-content\" data-settings=\"{&quot;_ha_eqh_enable&quot;:false}\">\n\t\t\t\t\t<div class=\"e-con-inner\">\n\t\t<div class=\"elementor-element elementor-element-37aeafd7 e-con-full e-flex wpr-particle-no wpr-jarallax-no wpr-parallax-no wpr-sticky-section-no e-con e-child\" data-id=\"37aeafd7\" data-element_type=\"container\" id=\"blue-content\" data-settings=\"{&quot;background_background&quot;:&quot;classic&quot;,&quot;_ha_eqh_enable&quot;:false}\">\n\t\t\t\t<div class=\"elementor-element elementor-element-466455ff elementor-widget elementor-widget-image\" data-id=\"466455ff\" data-element_type=\"widget\" id=\"world-pattern\" data-widget_type=\"image.default\">\n\t\t\t\t<div class=\"elementor-widget-container\">\n\t\t\t\t\t\t\t\t\t\t\t\t\t\t\t<img fetchpriority=\"high\" decoding=\"async\" width=\"800\" height=\"553\" src=\"https:\/\/wearewebrything.com\/editorial-panamericana\/wp-content\/uploads\/2025\/05\/Intersection-2-1.png\" class=\"attachment-large size-large wp-image-1379\" alt=\"\" srcset=\"https:\/\/wearewebrything.com\/editorial-panamericana\/wp-content\/uploads\/2025\/05\/Intersection-2-1.png 900w, https:\/\/wearewebrything.com\/editorial-panamericana\/wp-content\/uploads\/2025\/05\/Intersection-2-1-300x207.png 300w, https:\/\/wearewebrything.com\/editorial-panamericana\/wp-content\/uploads\/2025\/05\/Intersection-2-1-768x531.png 768w\" sizes=\"(max-width: 800px) 100vw, 800px\" \/>\t\t\t\t\t\t\t\t\t\t\t\t\t\t\t<\/div>\n\t\t\t\t<\/div>\n\t\t\t\t<div class=\"elementor-element elementor-element-1c673a36 elementor-widget elementor-widget-image\" data-id=\"1c673a36\" data-element_type=\"widget\" id=\"world-pattern-2\" data-widget_type=\"image.default\">\n\t\t\t\t<div class=\"elementor-widget-container\">\n\t\t\t\t\t\t\t\t\t\t\t\t\t\t\t<img decoding=\"async\" width=\"800\" height=\"695\" src=\"https:\/\/wearewebrything.com\/editorial-panamericana\/wp-content\/uploads\/2025\/05\/Intersection-3-1.png\" class=\"attachment-large size-large wp-image-1378\" alt=\"\" srcset=\"https:\/\/wearewebrything.com\/editorial-panamericana\/wp-content\/uploads\/2025\/05\/Intersection-3-1.png 900w, https:\/\/wearewebrything.com\/editorial-panamericana\/wp-content\/uploads\/2025\/05\/Intersection-3-1-300x261.png 300w, https:\/\/wearewebrything.com\/editorial-panamericana\/wp-content\/uploads\/2025\/05\/Intersection-3-1-768x667.png 768w\" sizes=\"(max-width: 800px) 100vw, 800px\" \/>\t\t\t\t\t\t\t\t\t\t\t\t\t\t\t<\/div>\n\t\t\t\t<\/div>\n\t\t\t\t<div class=\"elementor-element elementor-element-68da0544 elementor-widget elementor-widget-text-editor\" data-id=\"68da0544\" data-element_type=\"widget\" id=\"optima-font\" data-widget_type=\"text-editor.default\">\n\t\t\t\t<div class=\"elementor-widget-container\">\n\t\t\t\t\t\t\t\t\t<p>CONT\u00c1CTANOS<\/p>\t\t\t\t\t\t\t\t<\/div>\n\t\t\t\t<\/div>\n\t\t\t\t<\/div>\n\t\t\t\t\t<\/div>\n\t\t\t\t<\/div>\n\t\t<div class=\"elementor-element elementor-element-7a0de526 e-flex e-con-boxed wpr-particle-no wpr-jarallax-no wpr-parallax-no wpr-sticky-section-no e-con e-parent\" data-id=\"7a0de526\" data-element_type=\"container\" data-settings=\"{&quot;_ha_eqh_enable&quot;:false}\">\n\t\t\t\t\t<div class=\"e-con-inner\">\n\t\t<div class=\"elementor-element elementor-element-2a1ff7c2 e-grid e-con-full wpr-particle-no wpr-jarallax-no wpr-parallax-no wpr-sticky-section-no e-con e-child\" data-id=\"2a1ff7c2\" data-element_type=\"container\" data-settings=\"{&quot;_ha_eqh_enable&quot;:false}\">\n\t\t<div class=\"elementor-element elementor-element-73469b04 e-con-full e-flex wpr-particle-no wpr-jarallax-no wpr-parallax-no wpr-sticky-section-no e-con e-child\" data-id=\"73469b04\" data-element_type=\"container\" data-settings=\"{&quot;_ha_eqh_enable&quot;:false}\">\n\t\t\t\t<div class=\"elementor-element elementor-element-be3d1e8 elementor-widget elementor-widget-text-editor\" data-id=\"be3d1e8\" data-element_type=\"widget\" id=\"optima-font\" data-widget_type=\"text-editor.default\">\n\t\t\t\t<div class=\"elementor-widget-container\">\n\t\t\t\t\t\t\t\t\tQUEREMOS saber de tI\t\t\t\t\t\t\t\t<\/div>\n\t\t\t\t<\/div>\n\t\t\t\t<div class=\"elementor-element elementor-element-473ffdc elementor-hidden-tablet elementor-hidden-mobile elementor-widget elementor-widget-text-editor\" data-id=\"473ffdc\" data-element_type=\"widget\" data-widget_type=\"text-editor.default\">\n\t\t\t\t<div class=\"elementor-widget-container\">\n\t\t\t\t\t\t\t\t\tEn Editorial Panamericana estamos para servirte.<br>Escr\u00edbenos y te contestaremos en la brevedad posible.\t\t\t\t\t\t\t\t<\/div>\n\t\t\t\t<\/div>\n\t\t\t\t<div class=\"elementor-element elementor-element-9e28882 elementor-hidden-desktop elementor-widget elementor-widget-text-editor\" data-id=\"9e28882\" data-element_type=\"widget\" data-widget_type=\"text-editor.default\">\n\t\t\t\t<div class=\"elementor-widget-container\">\n\t\t\t\t\t\t\t\t\t<p>En Editorial Panamericana estamos para servirte. Escr\u00edbenos y te contestaremos en la brevedad posible.<\/p>\t\t\t\t\t\t\t\t<\/div>\n\t\t\t\t<\/div>\n\t\t\t\t<div class=\"elementor-element elementor-element-40fd1cb elementor-align-left elementor-icon-list--layout-traditional elementor-list-item-link-full_width elementor-widget elementor-widget-icon-list\" data-id=\"40fd1cb\" data-element_type=\"widget\" data-widget_type=\"icon-list.default\">\n\t\t\t\t<div class=\"elementor-widget-container\">\n\t\t\t\t\t\t\t<ul class=\"elementor-icon-list-items\">\n\t\t\t\t\t\t\t<li class=\"elementor-icon-list-item\">\n\t\t\t\t\t\t\t\t\t\t\t<a href=\"tel:7872777988\">\n\n\t\t\t\t\t\t\t\t\t\t\t\t<span class=\"elementor-icon-list-icon\">\n\t\t\t\t\t\t\t<svg xmlns=\"http:\/\/www.w3.org\/2000\/svg\" width=\"19.415\" height=\"19.415\" viewBox=\"0 0 19.415 19.415\"><path d=\"M22.836,17.982a12.253,12.253,0,0,1-3.851-.615,1.1,1.1,0,0,0-1.1.259L15.512,20A16.228,16.228,0,0,1,8.4,12.891l2.373-2.384a1.035,1.035,0,0,0,.27-1.079,12.253,12.253,0,0,1-.615-3.851A1.082,1.082,0,0,0,9.354,4.5H5.579A1.082,1.082,0,0,0,4.5,5.579,18.334,18.334,0,0,0,22.836,23.915a1.082,1.082,0,0,0,1.079-1.079V19.061A1.082,1.082,0,0,0,22.836,17.982Zm-1.079-3.775h2.157A9.708,9.708,0,0,0,14.207,4.5V6.657A7.545,7.545,0,0,1,21.757,14.207Zm-4.314,0H19.6a5.4,5.4,0,0,0-5.393-5.393v2.157A3.231,3.231,0,0,1,17.443,14.207Z\" transform=\"translate(-4.5 -4.5)\" fill=\"#00296a\"><\/path><\/svg>\t\t\t\t\t\t<\/span>\n\t\t\t\t\t\t\t\t\t\t<span class=\"elementor-icon-list-text\"><strong>Tel:<\/strong> (787) 277-7988<\/span>\n\t\t\t\t\t\t\t\t\t\t\t<\/a>\n\t\t\t\t\t\t\t\t\t<\/li>\n\t\t\t\t\t\t\t\t<li class=\"elementor-icon-list-item\">\n\t\t\t\t\t\t\t\t\t\t\t<span class=\"elementor-icon-list-icon\">\n\t\t\t\t\t\t\t<svg xmlns=\"http:\/\/www.w3.org\/2000\/svg\" width=\"16.658\" height=\"22.21\" viewBox=\"0 0 16.658 22.21\"><path d=\"M20.822,6.941V3.351a1.389,1.389,0,0,0-.406-.982L18.452.406A1.388,1.388,0,0,0,17.47,0H6.941A1.388,1.388,0,0,0,5.553,1.388V20.822A1.388,1.388,0,0,0,6.941,22.21H20.822a1.388,1.388,0,0,0,1.388-1.388V8.329A1.388,1.388,0,0,0,20.822,6.941Zm-8.329,11.8a.694.694,0,0,1-.694.694H10.411a.694.694,0,0,1-.694-.694V17.352a.694.694,0,0,1,.694-.694H11.8a.694.694,0,0,1,.694.694Zm0-5.553a.694.694,0,0,1-.694.694H10.411a.694.694,0,0,1-.694-.694V11.8a.694.694,0,0,1,.694-.694H11.8a.694.694,0,0,1,.694.694Zm5.553,5.553a.694.694,0,0,1-.694.694H15.963a.694.694,0,0,1-.694-.694V17.352a.694.694,0,0,1,.694-.694h1.388a.694.694,0,0,1,.694.694Zm0-5.553a.694.694,0,0,1-.694.694H15.963a.694.694,0,0,1-.694-.694V11.8a.694.694,0,0,1,.694-.694h1.388a.694.694,0,0,1,.694.694Zm.694-4.858H7.635V2.082h9.023V3.47a.694.694,0,0,0,.694.694H18.74Z\" transform=\"translate(-5.553)\" fill=\"#00296a\"><\/path><\/svg>\t\t\t\t\t\t<\/span>\n\t\t\t\t\t\t\t\t\t\t<span class=\"elementor-icon-list-text\"><strong>Fax:<\/strong> (787) 277-7240<\/span>\n\t\t\t\t\t\t\t\t\t<\/li>\n\t\t\t\t\t\t\t\t<li class=\"elementor-icon-list-item\">\n\t\t\t\t\t\t\t\t\t\t\t<a href=\"mailto:info@editorialpanamericana.com\">\n\n\t\t\t\t\t\t\t\t\t\t\t\t<span class=\"elementor-icon-list-icon\">\n\t\t\t\t\t\t\t<svg xmlns=\"http:\/\/www.w3.org\/2000\/svg\" width=\"19.421\" height=\"13.445\" viewBox=\"0 0 19.421 13.445\"><g transform=\"translate(-3.375 -7.875)\"><path d=\"M22.637,10.342l-5.023,5.117a.09.09,0,0,0,0,.131l3.515,3.744a.606.606,0,0,1,0,.859.609.609,0,0,1-.859,0l-3.5-3.73a.1.1,0,0,0-.135,0l-.854.868a3.759,3.759,0,0,1-2.68,1.13A3.834,3.834,0,0,1,10.364,17.3l-.822-.836a.1.1,0,0,0-.135,0l-3.5,3.73a.609.609,0,0,1-.859,0,.606.606,0,0,1,0-.859L8.562,15.59a.1.1,0,0,0,0-.131L3.534,10.342a.092.092,0,0,0-.159.065V20.646A1.5,1.5,0,0,0,4.869,22.14H21.3A1.5,1.5,0,0,0,22.8,20.646V10.408A.093.093,0,0,0,22.637,10.342Z\" transform=\"translate(0 -0.82)\" fill=\"#00296a\"><\/path><path d=\"M13.371,16.423a2.538,2.538,0,0,0,1.825-.766L22.521,8.2a1.467,1.467,0,0,0-.924-.327H5.15a1.458,1.458,0,0,0-.924.327l7.325,7.456A2.538,2.538,0,0,0,13.371,16.423Z\" transform=\"translate(-0.286)\" fill=\"#00296a\"><\/path><\/g><\/svg>\t\t\t\t\t\t<\/span>\n\t\t\t\t\t\t\t\t\t\t<span class=\"elementor-icon-list-text\"><strong>Email:<\/strong> info@editorialpanamericana.com<\/span>\n\t\t\t\t\t\t\t\t\t\t\t<\/a>\n\t\t\t\t\t\t\t\t\t<\/li>\n\t\t\t\t\t\t\t\t<li class=\"elementor-icon-list-item\">\n\t\t\t\t\t\t\t\t\t\t\t<a href=\"https:\/\/maps.app.goo.gl\/u4whxUXHycVE2ezw7\">\n\n\t\t\t\t\t\t\t\t\t\t\t\t<span class=\"elementor-icon-list-icon\">\n\t\t\t\t\t\t\t<svg xmlns=\"http:\/\/www.w3.org\/2000\/svg\" width=\"16.657\" height=\"24.06\" viewBox=\"0 0 16.657 24.06\"><path d=\"M16.2,3.375c-4.6,0-8.329,3.464-8.329,7.733,0,6.015,8.329,16.328,8.329,16.328s8.329-10.312,8.329-16.328C24.532,6.839,20.8,3.375,16.2,3.375Zm0,11.041A2.713,2.713,0,1,1,18.916,11.7,2.713,2.713,0,0,1,16.2,14.416Z\" transform=\"translate(-7.875 -3.375)\" fill=\"#00296a\"><\/path><\/svg>\t\t\t\t\t\t<\/span>\n\t\t\t\t\t\t\t\t\t\t<span class=\"elementor-icon-list-text\">Urbanizaci\u00f3n Puerto Nuevo #1336 <br>Avenida Roosevelt <br>San Juan, Puerto Rico 00920<br><\/span>\n\t\t\t\t\t\t\t\t\t\t\t<\/a>\n\t\t\t\t\t\t\t\t\t<\/li>\n\t\t\t\t\t\t\t\t<li class=\"elementor-icon-list-item\">\n\t\t\t\t\t\t\t\t\t\t<span class=\"elementor-icon-list-text\"><strong>Direcci\u00f3n Postal:<\/strong><br> P.O. BOX 25189 San Juan, <br>Puerto Rico 00928-5189<\/span>\n\t\t\t\t\t\t\t\t\t<\/li>\n\t\t\t\t\t\t<\/ul>\n\t\t\t\t\t\t<\/div>\n\t\t\t\t<\/div>\n\t\t\t\t<\/div>\n\t\t<div class=\"elementor-element elementor-element-7aa4192e e-con-full e-flex wpr-particle-no wpr-jarallax-no wpr-parallax-no wpr-sticky-section-no e-con e-child\" data-id=\"7aa4192e\" data-element_type=\"container\" data-settings=\"{&quot;_ha_eqh_enable&quot;:false}\">\n\t\t\t\t<div class=\"elementor-element elementor-element-6c96055 elementor-widget elementor-widget-shortcode\" data-id=\"6c96055\" data-element_type=\"widget\" id=\"contact-form\" data-widget_type=\"shortcode.default\">\n\t\t\t\t<div class=\"elementor-widget-container\">\n\t\t\t\t\t\t\t<div class=\"elementor-shortcode\">\n<div class=\"wpcf7 no-js\" id=\"wpcf7-f1414-o1\" lang=\"en-US\" dir=\"ltr\" data-wpcf7-id=\"1414\">\n<div class=\"screen-reader-response\"><p role=\"status\" aria-live=\"polite\" aria-atomic=\"true\"><\/p> <ul><\/ul><\/div>\n<form action=\"\/editorial-panamericana\/wp-json\/wp\/v2\/pages\/1441#wpcf7-f1414-o1\" method=\"post\" class=\"wpcf7-form init\" aria-label=\"Contact form\" novalidate=\"novalidate\" data-status=\"init\">\n<fieldset class=\"hidden-fields-container\"><input type=\"hidden\" name=\"_wpcf7\" value=\"1414\" \/><input type=\"hidden\" name=\"_wpcf7_version\" value=\"6.1.3\" \/><input type=\"hidden\" name=\"_wpcf7_locale\" value=\"en_US\" \/><input type=\"hidden\" name=\"_wpcf7_unit_tag\" value=\"wpcf7-f1414-o1\" \/><input type=\"hidden\" name=\"_wpcf7_container_post\" value=\"0\" \/><input type=\"hidden\" name=\"_wpcf7_posted_data_hash\" value=\"\" \/>\n<\/fieldset>\n<p><label> Nombre (Requerido)<br \/>\n<span class=\"wpcf7-form-control-wrap\" data-name=\"your-name\"><input size=\"40\" maxlength=\"400\" class=\"wpcf7-form-control wpcf7-text wpcf7-validates-as-required\" autocomplete=\"name\" aria-required=\"true\" aria-invalid=\"false\" value=\"\" type=\"text\" name=\"your-name\" \/><\/span> <\/label>\n<\/p>\n<p><label> Correo Electr\u00f3nico (Requerido)<br \/>\n<span class=\"wpcf7-form-control-wrap\" data-name=\"your-email\"><input size=\"40\" maxlength=\"400\" class=\"wpcf7-form-control wpcf7-email wpcf7-validates-as-required wpcf7-text wpcf7-validates-as-email\" autocomplete=\"email\" aria-required=\"true\" aria-invalid=\"false\" value=\"\" type=\"email\" name=\"your-email\" \/><\/span> <\/label>\n<\/p>\n<p><label> Asunto<br \/>\n<span class=\"wpcf7-form-control-wrap\" data-name=\"your-subject\"><input size=\"40\" maxlength=\"400\" class=\"wpcf7-form-control wpcf7-text wpcf7-validates-as-required\" aria-required=\"true\" aria-invalid=\"false\" value=\"\" type=\"text\" name=\"your-subject\" \/><\/span> <\/label>\n<\/p>\n<p><label> Mensaje (Opcional)<br \/>\n<span class=\"wpcf7-form-control-wrap\" data-name=\"your-message\"><textarea cols=\"40\" rows=\"10\" maxlength=\"2000\" class=\"wpcf7-form-control wpcf7-textarea\" aria-invalid=\"false\" name=\"your-message\"><\/textarea><\/span> <\/label>\n<\/p>\n<p><input class=\"wpcf7-form-control wpcf7-submit has-spinner\" type=\"submit\" value=\"Cont\u00e1ctanos\" \/>\n<\/p><div class=\"wpcf7-response-output\" aria-hidden=\"true\"><\/div>\n<\/form>\n<\/div>\n<\/div>\n\t\t\t\t\t\t<\/div>\n\t\t\t\t<\/div>\n\t\t\t\t<\/div>\n\t\t\t\t<\/div>\n\t\t\t\t\t<\/div>\n\t\t\t\t<\/div>\n\t\t<div class=\"elementor-element elementor-element-535d518 e-flex e-con-boxed wpr-particle-no wpr-jarallax-no wpr-parallax-no wpr-sticky-section-no e-con e-parent\" data-id=\"535d518\" data-element_type=\"container\" id=\"map\" data-settings=\"{&quot;background_background&quot;:&quot;classic&quot;,&quot;_ha_eqh_enable&quot;:false}\">\n\t\t\t\t\t<div class=\"e-con-inner\">\n\t\t\t\t<div class=\"elementor-element elementor-element-ab15b95 elementor-widget elementor-widget-html\" data-id=\"ab15b95\" data-element_type=\"widget\" data-widget_type=\"html.default\">\n\t\t\t\t<div class=\"elementor-widget-container\">\n\t\t\t\t\t<iframe src=\"https:\/\/www.google.com\/maps\/embed?pb=!1m18!1m12!1m3!1d3785.5166123484155!2d-66.0797351!3d18.414838499999995!2m3!1f0!2f0!3f0!3m2!1i1024!2i768!4f13.1!3m3!1m2!1s0x8c036954de65e98b%3A0xd9eb5612410f349d!2sUrbanizaci%C3%B3n%20Puerto%20Nuevo!5e0!3m2!1sen!2spr!4v1747883095653!5m2!1sen!2spr\" width=\"100%\" height=\"350\" style=\"border:0;\" allowfullscreen=\"\" loading=\"lazy\" referrerpolicy=\"no-referrer-when-downgrade\"><\/iframe>\t\t\t\t<\/div>\n\t\t\t\t<\/div>\n\t\t\t\t\t<\/div>\n\t\t\t\t<\/div>\n\t\t\t\t<\/div>\n\t\t","protected":false},"excerpt":{"rendered":"<p>CONT\u00c1CTANOS QUEREMOS saber de tIEn Editorial Panamericana estamos para servirte.Escr\u00edbenos y te contestaremos en la brevedad posible. En Editorial Panamericana estamos para servirte. Escr\u00edbenos y te contestaremos en la brevedad posible. Tel: (787) 277-7988 Fax: (787) 277-7240 Email: info@editorialpanamericana.com Urbanizaci\u00f3n Puerto Nuevo #1336 Avenida Roosevelt San Juan, Puerto Rico 00920 Direcci\u00f3n Postal: P.O. BOX 25189 San Juan, Puerto Rico 00928-5189<\/p>\n","protected":false},"author":1,"featured_media":0,"parent":0,"menu_order":0,"comment_status":"closed","ping_status":"closed","template":"","meta":{"pagelayer_contact_templates":[],"_pagelayer_content":"","footnotes":""},"class_list":["post-1441","page","type-page","status-publish","hentry"],"_links":{"self":[{"href":"https:\/\/wearewebrything.com\/editorial-panamericana\/wp-json\/wp\/v2\/pages\/1441","targetHints":{"allow":["GET"]}}],"collection":[{"href":"https:\/\/wearewebrything.com\/editorial-panamericana\/wp-json\/wp\/v2\/pages"}],"about":[{"href":"https:\/\/wearewebrything.com\/editorial-panamericana\/wp-json\/wp\/v2\/types\/page"}],"author":[{"embeddable":true,"href":"https:\/\/wearewebrything.com\/editorial-panamericana\/wp-json\/wp\/v2\/users\/1"}],"replies":[{"embeddable":true,"href":"https:\/\/wearewebrything.com\/editorial-panamericana\/wp-json\/wp\/v2\/comments?post=1441"}],"version-history":[{"count":178,"href":"https:\/\/wearewebrything.com\/editorial-panamericana\/wp-json\/wp\/v2\/pages\/1441\/revisions"}],"predecessor-version":[{"id":2947,"href":"https:\/\/wearewebrything.com\/editorial-panamericana\/wp-json\/wp\/v2\/pages\/1441\/revisions\/2947"}],"wp:attachment":[{"href":"https:\/\/wearewebrything.com\/editorial-panamericana\/wp-json\/wp\/v2\/media?parent=1441"}],"curies":[{"name":"wp","href":"https:\/\/api.w.org\/{rel}","templated":true}]}}