{"id":1635,"date":"2025-05-22T03:58:01","date_gmt":"2025-05-22T03:58:01","guid":{"rendered":"https:\/\/wearewebrything.com\/editorial-panamericana\/?page_id=1635"},"modified":"2025-06-12T20:28:48","modified_gmt":"2025-06-12T20:28:48","slug":"recursos","status":"publish","type":"page","link":"https:\/\/wearewebrything.com\/editorial-panamericana\/recursos\/","title":{"rendered":"Recursos"},"content":{"rendered":"\t\t<div data-elementor-type=\"wp-page\" data-elementor-id=\"1635\" class=\"elementor elementor-1635\" data-elementor-settings=\"{&quot;ha_cmc_init_switcher&quot;:&quot;no&quot;}\" data-elementor-post-type=\"page\">\n\t\t\t\t<div class=\"elementor-element elementor-element-352f2fbf e-flex e-con-boxed wpr-particle-no wpr-jarallax-no wpr-parallax-no wpr-sticky-section-no e-con e-parent\" data-id=\"352f2fbf\" data-element_type=\"container\" id=\"blue-content\" data-settings=\"{&quot;_ha_eqh_enable&quot;:false}\">\n\t\t\t\t\t<div class=\"e-con-inner\">\n\t\t<div class=\"elementor-element elementor-element-5073111d e-con-full e-flex wpr-particle-no wpr-jarallax-no wpr-parallax-no wpr-sticky-section-no e-con e-child\" data-id=\"5073111d\" data-element_type=\"container\" id=\"blue-content\" data-settings=\"{&quot;background_background&quot;:&quot;classic&quot;,&quot;_ha_eqh_enable&quot;:false}\">\n\t\t\t\t<div class=\"elementor-element elementor-element-46c116a elementor-widget elementor-widget-image\" data-id=\"46c116a\" data-element_type=\"widget\" id=\"world-pattern\" data-widget_type=\"image.default\">\n\t\t\t\t<div class=\"elementor-widget-container\">\n\t\t\t\t\t\t\t\t\t\t\t\t\t\t\t<img fetchpriority=\"high\" decoding=\"async\" width=\"800\" height=\"553\" src=\"https:\/\/wearewebrything.com\/editorial-panamericana\/wp-content\/uploads\/2025\/05\/Intersection-2-1.png\" class=\"attachment-large size-large wp-image-1379\" alt=\"\" srcset=\"https:\/\/wearewebrything.com\/editorial-panamericana\/wp-content\/uploads\/2025\/05\/Intersection-2-1.png 900w, https:\/\/wearewebrything.com\/editorial-panamericana\/wp-content\/uploads\/2025\/05\/Intersection-2-1-300x207.png 300w, https:\/\/wearewebrything.com\/editorial-panamericana\/wp-content\/uploads\/2025\/05\/Intersection-2-1-768x531.png 768w\" sizes=\"(max-width: 800px) 100vw, 800px\" \/>\t\t\t\t\t\t\t\t\t\t\t\t\t\t\t<\/div>\n\t\t\t\t<\/div>\n\t\t\t\t<div class=\"elementor-element elementor-element-423c124e elementor-widget elementor-widget-image\" data-id=\"423c124e\" data-element_type=\"widget\" id=\"world-pattern-2\" data-widget_type=\"image.default\">\n\t\t\t\t<div class=\"elementor-widget-container\">\n\t\t\t\t\t\t\t\t\t\t\t\t\t\t\t<img decoding=\"async\" width=\"800\" height=\"695\" src=\"https:\/\/wearewebrything.com\/editorial-panamericana\/wp-content\/uploads\/2025\/05\/Intersection-3-1.png\" class=\"attachment-large size-large wp-image-1378\" alt=\"\" srcset=\"https:\/\/wearewebrything.com\/editorial-panamericana\/wp-content\/uploads\/2025\/05\/Intersection-3-1.png 900w, https:\/\/wearewebrything.com\/editorial-panamericana\/wp-content\/uploads\/2025\/05\/Intersection-3-1-300x261.png 300w, https:\/\/wearewebrything.com\/editorial-panamericana\/wp-content\/uploads\/2025\/05\/Intersection-3-1-768x667.png 768w\" sizes=\"(max-width: 800px) 100vw, 800px\" \/>\t\t\t\t\t\t\t\t\t\t\t\t\t\t\t<\/div>\n\t\t\t\t<\/div>\n\t\t\t\t<div class=\"elementor-element elementor-element-541e542f elementor-widget elementor-widget-text-editor\" data-id=\"541e542f\" data-element_type=\"widget\" id=\"optima-font\" data-widget_type=\"text-editor.default\">\n\t\t\t\t<div class=\"elementor-widget-container\">\n\t\t\t\t\t\t\t\t\t<p>Blogs y Recursos Educativos<\/p>\t\t\t\t\t\t\t\t<\/div>\n\t\t\t\t<\/div>\n\t\t\t\t<\/div>\n\t\t\t\t\t<\/div>\n\t\t\t\t<\/div>\n\t\t<div class=\"elementor-element elementor-element-e7bd16b e-flex e-con-boxed wpr-particle-no wpr-jarallax-no wpr-parallax-no wpr-sticky-section-no e-con e-parent\" data-id=\"e7bd16b\" data-element_type=\"container\" data-settings=\"{&quot;_ha_eqh_enable&quot;:false}\">\n\t\t\t\t\t<div class=\"e-con-inner\">\n\t\t\t\t<div class=\"elementor-element elementor-element-33f2455 wpr-grid-columns-3 wpr-grid-columns--tablet2 wpr-grid-columns--mobile1 wpr-item-styles-inner elementor-widget elementor-widget-wpr-grid\" data-id=\"33f2455\" data-element_type=\"widget\" id=\"blog\" data-widget_type=\"wpr-grid.default\">\n\t\t\t\t<div class=\"elementor-widget-container\">\n\t\t\t\t\t<ul class=\"wpr-grid-filters elementor-clearfix wpr-grid-filters-sep-right\"><li class=\" wpr-pointer-none wpr-pointer-line-fx wpr-pointer-fx-none\"><span  data-filter=\"*\" class=\"wpr-grid-filters-item wpr-active-filter \">All Posts<\/span><em class=\"wpr-grid-filters-sep\"><\/em><\/li><li class=\" wpr-pointer-none wpr-pointer-line-fx wpr-pointer-fx-none\"><span   data-ajax-filter=[\"category\",\"noticias\"]  data-filter=\".category-noticias\">Noticias<\/span><em class=\"wpr-grid-filters-sep\"><\/em><\/li><\/ul><section class=\"wpr-grid elementor-clearfix\" data-settings=\"{&quot;layout&quot;:&quot;fitRows&quot;,&quot;stick_last_element_to_bottom&quot;:&quot;&quot;,&quot;columns_desktop&quot;:3,&quot;gutter_hr&quot;:15,&quot;gutter_hr_mobile&quot;:15,&quot;gutter_hr_mobile_extra&quot;:15,&quot;gutter_hr_tablet&quot;:15,&quot;gutter_hr_tablet_extra&quot;:15,&quot;gutter_hr_laptop&quot;:15,&quot;gutter_hr_widescreen&quot;:15,&quot;gutter_vr&quot;:15,&quot;gutter_vr_mobile&quot;:15,&quot;gutter_vr_mobile_extra&quot;:15,&quot;gutter_vr_tablet&quot;:15,&quot;gutter_vr_tablet_extra&quot;:15,&quot;gutter_vr_laptop&quot;:15,&quot;gutter_vr_widescreen&quot;:15,&quot;animation&quot;:&quot;default&quot;,&quot;animation_duration&quot;:0.299999999999999988897769753748434595763683319091796875,&quot;animation_delay&quot;:0.1000000000000000055511151231257827021181583404541015625,&quot;deeplinking&quot;:&quot;&quot;,&quot;filters_linkable&quot;:&quot;no&quot;,&quot;filters_default_filter&quot;:&quot;&quot;,&quot;filters_count&quot;:&quot;&quot;,&quot;filters_hide_empty&quot;:&quot;no&quot;,&quot;filters_animation&quot;:&quot;default&quot;,&quot;filters_animation_duration&quot;:0.299999999999999988897769753748434595763683319091796875,&quot;filters_animation_delay&quot;:0.1000000000000000055511151231257827021181583404541015625,&quot;pagination_type&quot;:&quot;load-more&quot;,&quot;pagination_max_pages&quot;:3,&quot;lightbox&quot;:{&quot;selector&quot;:&quot;.wpr-grid-image-wrap&quot;,&quot;iframeMaxWidth&quot;:&quot;60%&quot;,&quot;hash&quot;:false,&quot;autoplay&quot;:&quot;true&quot;,&quot;pause&quot;:5000,&quot;progressBar&quot;:&quot;true&quot;,&quot;counter&quot;:&quot;true&quot;,&quot;controls&quot;:&quot;true&quot;,&quot;getCaptionFromTitleOrAlt&quot;:&quot;true&quot;,&quot;thumbnail&quot;:&quot;&quot;,&quot;showThumbByDefault&quot;:&quot;&quot;,&quot;share&quot;:&quot;&quot;,&quot;zoom&quot;:&quot;true&quot;,&quot;fullScreen&quot;:&quot;true&quot;,&quot;download&quot;:&quot;true&quot;}}\" data-advanced-filters=\"no\"><article class=\"wpr-grid-item elementor-clearfix post-312 post type-post status-publish format-standard has-post-thumbnail hentry category-noticias\"><div class=\"wpr-grid-item-inner\"><div class=\"wpr-grid-media-wrap wpr-effect-size-medium \" data-overlay-link=\"yes\"><div class=\"wpr-grid-image-wrap\" data-src=\"https:\/\/wearewebrything.com\/editorial-panamericana\/wp-content\/uploads\/2025\/05\/shutterstock_1902169528.jpg\" data-img-on-hover=\"\"  data-src-secondary=\"\"><img decoding=\"async\" data-no-lazy=\"1\" src=\"https:\/\/wearewebrything.com\/editorial-panamericana\/wp-content\/uploads\/2025\/05\/shutterstock_1902169528.jpg\" alt=\"Elementary school girl standing in front of a chalkboard in classroom, happy after coming up with an idea, holding index finger up with light bulb drawn on the blackboard behind her\" class=\"wpr-anim-timing-ease-default\"><\/div><div class=\"wpr-grid-media-hover wpr-animation-wrap\"><div class=\"wpr-grid-media-hover-bg  wpr-overlay-fade-in wpr-anim-size-large wpr-anim-timing-ease-default wpr-anim-transparency\" data-url=\"https:\/\/wearewebrything.com\/editorial-panamericana\/la-importancia-del-ubd-en-la-sala-de-clase\/\"><\/div><\/div><\/div><div class=\"wpr-grid-item-below-content elementor-clearfix\"><div class=\"wpr-grid-item-category elementor-repeater-item-9b537be wpr-grid-item-display-block wpr-grid-item-align-left wpr-pointer-none wpr-pointer-line-fx wpr-pointer-fx-fade wpr-grid-tax-style-1\"><div class=\"inner-block\"><a class=\" wpr-tax-id-11\" href=\"https:\/\/wearewebrything.com\/editorial-panamericana\/category\/noticias\/\">Noticias<\/a><\/div><\/div><h2 class=\"wpr-grid-item-title elementor-repeater-item-76875fa wpr-grid-item-display-block wpr-grid-item-align-left wpr-pointer-none wpr-pointer-line-fx wpr-pointer-fx-fade\"><div class=\"inner-block\"><a target=\"_self\"  href=\"https:\/\/wearewebrything.com\/editorial-panamericana\/la-importancia-del-ubd-en-la-sala-de-clase\/\">La importancia del UbD en la sala de clase<\/a><\/div><\/h2><div class=\"wpr-grid-item-excerpt elementor-repeater-item-8505e3a wpr-grid-item-display-block wpr-grid-item-align-left\"><div class=\"inner-block\"><p>La importancia del UbD en la sala de clase En los \u00faltimos a\u00f1os, el modelo de planificaci\u00f3n educativa UbD&#x2122; (Understanding...<\/p><\/div><\/div><div class=\"wpr-grid-item-read-more elementor-repeater-item-6797d19 wpr-grid-item-display-block wpr-grid-item-align-left\"><div class=\"inner-block\"><a target=\"_self\" href=\"https:\/\/wearewebrything.com\/editorial-panamericana\/la-importancia-del-ubd-en-la-sala-de-clase\/\" class=\"wpr-button-effect wpr-button-none\"><span>Read More<\/span><\/a><\/div><\/div><\/div><\/div><\/article><\/section>\t\t\t\t<\/div>\n\t\t\t\t<\/div>\n\t\t\t\t<div class=\"elementor-element elementor-element-9d4738b elementor-widget elementor-widget-html\" data-id=\"9d4738b\" data-element_type=\"widget\" data-widget_type=\"html.default\">\n\t\t\t\t<div class=\"elementor-widget-container\">\n\t\t\t\t\t<script>\n\ndocument.addEventListener(\"DOMContentLoaded\", function () {\n  const botones = document.querySelectorAll('a.wpr-button-effect span');\n\n  botones.forEach(function (boton) {\n    if (boton.textContent.trim() === \"Read More\") {\n      boton.textContent = \"Leer m\u00e1s\";\n    }\n  });\n});\n\n<\/script>\t\t\t\t<\/div>\n\t\t\t\t<\/div>\n\t\t\t\t\t<\/div>\n\t\t\t\t<\/div>\n\t\t\t\t<\/div>\n\t\t","protected":false},"excerpt":{"rendered":"<p>Blogs y Recursos Educativos All Posts Noticias Noticias La importancia del UbD en la sala de clase La importancia del UbD en la sala de clase En los \u00faltimos a\u00f1os, el modelo de planificaci\u00f3n educativa UbD&#x2122; (Understanding&#8230; Read More<\/p>\n","protected":false},"author":1,"featured_media":0,"parent":0,"menu_order":0,"comment_status":"closed","ping_status":"closed","template":"","meta":{"pagelayer_contact_templates":[],"_pagelayer_content":"","footnotes":""},"class_list":["post-1635","page","type-page","status-publish","hentry"],"_links":{"self":[{"href":"https:\/\/wearewebrything.com\/editorial-panamericana\/wp-json\/wp\/v2\/pages\/1635","targetHints":{"allow":["GET"]}}],"collection":[{"href":"https:\/\/wearewebrything.com\/editorial-panamericana\/wp-json\/wp\/v2\/pages"}],"about":[{"href":"https:\/\/wearewebrything.com\/editorial-panamericana\/wp-json\/wp\/v2\/types\/page"}],"author":[{"embeddable":true,"href":"https:\/\/wearewebrything.com\/editorial-panamericana\/wp-json\/wp\/v2\/users\/1"}],"replies":[{"embeddable":true,"href":"https:\/\/wearewebrything.com\/editorial-panamericana\/wp-json\/wp\/v2\/comments?post=1635"}],"version-history":[{"count":46,"href":"https:\/\/wearewebrything.com\/editorial-panamericana\/wp-json\/wp\/v2\/pages\/1635\/revisions"}],"predecessor-version":[{"id":3033,"href":"https:\/\/wearewebrything.com\/editorial-panamericana\/wp-json\/wp\/v2\/pages\/1635\/revisions\/3033"}],"wp:attachment":[{"href":"https:\/\/wearewebrything.com\/editorial-panamericana\/wp-json\/wp\/v2\/media?parent=1635"}],"curies":[{"name":"wp","href":"https:\/\/api.w.org\/{rel}","templated":true}]}}