{"id":26756,"date":"2017-02-28T16:32:20","date_gmt":"2017-02-28T20:32:20","guid":{"rendered":"https:\/\/wearewebrything.com\/edptest\/?page_id=26756"},"modified":"2024-02-28T12:52:04","modified_gmt":"2024-02-28T16:52:04","slug":"titulo-ix","status":"publish","type":"page","link":"https:\/\/wearewebrything.com\/edptest\/titulo-ix\/","title":{"rendered":"T\u00edtulo IX"},"content":{"rendered":"<style type=\"text\/css\"> \n#cmsmasters_row_69fd6b863b496 { \n\tbackground-image: url(https:\/\/wearewebrything.com\/edptest\/wp-content\/uploads\/Banner-Titulo-IX-1.png); \n\tbackground-position: top center; \n\tbackground-repeat: no-repeat; \n\tbackground-attachment: scroll; \n\tbackground-size: cover; \n} \n\n#cmsmasters_row_69fd6b863b496 .cmsmasters_row_outer_parent { \n\tpadding-top: 80px; \n} \n\n#cmsmasters_row_69fd6b863b496 .cmsmasters_row_outer_parent { \n\tpadding-bottom: 80px; \n} \n\n#cmsmasters_row_69fd6b863b496 .cmsmasters_row_overlay { \n\tbackground-color:rgba(37,37,49,0.1);\n} \n\n \n#cmsmasters_heading_69fd6b863c50a { \n\ttext-align:left; \n\tmargin-top:30px; \n\tmargin-bottom:30px; \n} \n\n#cmsmasters_heading_69fd6b863c50a .cmsmasters_heading { \n\ttext-align:left; \n} \n\n#cmsmasters_heading_69fd6b863c50a .cmsmasters_heading, #cmsmasters_heading_69fd6b863c50a .cmsmasters_heading a { \n\tfont-size:50px; \n\tline-height:90px; \n\tfont-weight:300; \n\tfont-style:normal; \n\tcolor:#ffffff;\n} \n\n#cmsmasters_heading_69fd6b863c50a .cmsmasters_heading_divider { \n} \n\n \n#cmsmasters_row_69fd6b863c741 .cmsmasters_row_outer_parent { \n\tpadding-top: 30px; \n} \n\n#cmsmasters_row_69fd6b863c741 .cmsmasters_row_outer_parent { \n\tpadding-bottom: 30px; \n} \n\n<\/style><div id=\"cmsmasters_row_69fd6b863b496\" class=\"cmsmasters_row cmsmasters_color_scheme_default cmsmasters_row_top_default cmsmasters_row_bot_default cmsmasters_row_boxed\">\n<div class=\"cmsmasters_row_outer_parent\">\n<div class=\"cmsmasters_row_overlay\"><\/div>\n<div class=\"cmsmasters_row_outer\">\n<div class=\"cmsmasters_row_inner\">\n<div class=\"cmsmasters_row_margin\">\n<div class=\"cmsmasters_column one_first\">\n\n<div id=\"cmsmasters_heading_69fd6b863c50a\" class=\"cmsmasters_heading_wrap cmsmasters_heading_align_left\">\n\t<h1 class=\"cmsmasters_heading\">TITULO IX<\/h1>\n<\/div>\n<\/div>\n<\/p>\n<p><div class=\"cmsmasters_column one_first\">\n<p><\/p>\n<\/div>\n<\/div>\n<\/div>\n<\/div>\n<\/div>\n<\/div>\n<div id=\"cmsmasters_row_69fd6b863c741\" class=\"cmsmasters_row cmsmasters_color_scheme_default cmsmasters_row_top_default cmsmasters_row_bot_default cmsmasters_row_boxed\">\n<div class=\"cmsmasters_row_outer_parent\">\n<div class=\"cmsmasters_row_outer\">\n<div class=\"cmsmasters_row_inner\">\n<div class=\"cmsmasters_row_margin\">\n<div class=\"cmsmasters_column one_first\">\n<div class=\"cmsmasters_tabs tabs_mode_tab\">\n<ul class=\"cmsmasters_tabs_list\">\n<li id=\"cmsmasters_tabs_list_item_69fd6b863d0ab\" class=\"cmsmasters_tabs_list_item current_tab\">\n<a href=\"#\">\n<span>\u00bfQu\u00e9 es T\u00edtulo IX?<\/span>\n<\/a>\n<\/li><li id=\"cmsmasters_tabs_list_item_69fd6b863d1ad\" class=\"cmsmasters_tabs_list_item\">\n<a href=\"#\">\n<span>Clery Act\/VAWA<\/span>\n<\/a>\n<\/li><li id=\"cmsmasters_tabs_list_item_69fd6b863d2f4\" class=\"cmsmasters_tabs_list_item\">\n<a href=\"#\">\n<span>Campus Safety<\/span>\n<\/a>\n<\/li><\/ul>\n<div class=\"cmsmasters_tabs_wrap\">\n<div id=\"cmsmasters_tab_69fd6b863d0ab\" class=\"cmsmasters_tab active_tab\">\n<div class=\"cmsmasters_tab_inner\">\n<p><img fetchpriority=\"high\" decoding=\"async\" class=\"alignleft\" src=\"https:\/\/wearewebrything.com\/edptest\/wp-content\/uploads\/cumpli_01-300x169.jpg\" alt=\"\" width=\"300\" height=\"169\" \/>EDP University of Puerto Rico, Inc. es una Instituci\u00f3n de Educaci\u00f3n Superior inclusiva y emp\u00e1tica con la diversidad, por lo tanto, no discrimina por raz\u00f3n de sexo, orientaci\u00f3n afectiva, identidad de sexo, discapacidad, raza u origen nacional, contra estudiantes o empleados o cualquier otra persona que en asociaci\u00f3n est\u00e9 ligada a la Instituci\u00f3n en estado de tiempo completo o parcial y que participe en sus programas o actividades de educaci\u00f3n. Todos los estudiantes y personas en las instituciones que reciben ayuda federal est\u00e1n protegidos por el T\u00edtulo IX de las Enmiendas de Educaci\u00f3n de 1972 (CFR, Part 106). Los asuntos relacionados a los \u00e1mbitos que cubren el T\u00edtulo IX se deben dirigir al Coordinador Institucional de Cumplimiento y T\u00edtulo IX o a la Oficina de Derechos Civiles (OCR por sus siglas en ingl\u00e9s) del Departamento de Educaci\u00f3n Federal. Se puede comunicar con el Coordinador Institucional de Cumplimiento y T\u00edtulo IX Javier Noriega-Costas, RUA, ABA, CAPR a la extensi\u00f3n 1393 o visitarlo en las Oficinas de la Vicepresidencia Asociada de Acreditaciones, Licenciamiento, Aval\u00fao Institucional y Fondos Externos o a trav\u00e9s de su correo electr\u00f3nico: tu-apoyo@wearewebrything.com<\/p>\n<p style=\"text-align: left;\">\u2022 <a href=\"https:\/\/wearewebrything.com\/edptest\/wp-content\/uploads\/titulo-XI-1.pdf\" target=\"_blank\" rel=\"noopener noreferrer\">Coordinador de T\u00edtulo IX<\/a> \u2022 <a href=\"https:\/\/wearewebrything.com\/edptest\/wp-content\/uploads\/Politica-NO-Discrimen-Rev2020_Firmada.pdf\" target=\"_blank\" rel=\"noopener noreferrer\">Pol\u00edtica de NO Discrimen<\/a> \u2022 <a href=\"https:\/\/wearewebrything.com\/edptest\/wp-content\/uploads\/FORMULARIO-DE-QUERELLAS-POR-MOTIVO-DE-DISCRIMINACION_Editable_2017.pdf\" target=\"_blank\" rel=\"noopener noreferrer\">Formulario de querellas por motivo de discriminaci\u00f3n<\/a><\/p>\n<\/div>\n<\/div><div id=\"cmsmasters_tab_69fd6b863d1ad\" class=\"cmsmasters_tab\">\n<div class=\"cmsmasters_tab_inner\">\n<p><strong><img decoding=\"async\" class=\"alignright\" src=\"https:\/\/wearewebrything.com\/edptest\/wp-content\/uploads\/ae_02-300x169.jpg\" alt=\"\" width=\"466\" height=\"262\" \/><strong><strong><strong>Clery Act:1<\/strong><\/strong><\/strong><\/strong><\/p>\n<ul>\n<li><a href=\"https:\/\/wearewebrything.com\/edptest\/wp-content\/uploads\/Politica-de-Respuesta-de-Emergencia-y-Plan-de-Manejo-de-Emergencia_2017.pdf\" target=\"_blank\" rel=\"noopener noreferrer\">Pol\u00edtica de Respuesta de Emergencia y Plan Operacional Multiriesgo<\/a><\/li>\n<li><a href=\"https:\/\/wearewebrything.com\/edptest\/wp-content\/uploads\/EDP-University-Plan-de-Emergencia-2023-24-Recinto-Hato-Rey-1.pdf\" target=\"_blank\" rel=\"noopener noreferrer\">Plan de Manejo de Emergencias-Hato Rey<\/a><\/li>\n<li><a href=\"https:\/\/wearewebrything.com\/edptest\/wp-content\/uploads\/EDP-University-Plan-de-Emergencia-2023-24-Recinto-Hato-Rey-Enfermeria.pdf\" target=\"_blank\" rel=\"noopener noreferrer\">Plan de Manejo de Emergencias-Hato Rey (Escuela de Enfermer\u00eda)<\/a><\/li>\n<li><a href=\"https:\/\/wearewebrything.com\/edptest\/wp-content\/uploads\/San-Sebastian-Plan-de-Manejo-de-Emergencias-2023-24-1.pdf\" target=\"_blank\" rel=\"noopener noreferrer\">Plan de Manejo de Emergencias-San Sebasti\u00e1n<\/a><\/li>\n<li><a href=\"https:\/\/wearewebrything.com\/edptest\/wp-content\/uploads\/Manati-Centro-Plan-de-Manejo-de-Emergencias-2023.pdf\" target=\"_blank\" rel=\"noopener noreferrer\">Plan de Manejo de Emergencias-Manat\u00ed<\/a><\/li>\n<li><a href=\"https:\/\/wearewebrything.com\/edptest\/wp-content\/uploads\/Manati-Enfermeria-Plan-de-Manejo-de-Emergencias2023-.pdf\" target=\"_blank\" rel=\"noopener noreferrer\">Plan de Manejo de Emergencias-Manat\u00ed (Escuela de Enfermer\u00eda)<\/a><\/li>\n<li><a href=\"https:\/\/wearewebrything.com\/edptest\/wp-content\/uploads\/Manati-Biblioteca-Plan-de-Manejo-de-Emergencias2023.pdf\" target=\"_blank\" rel=\"noopener noreferrer\">Plan de Manejo de Emergencias-Manat\u00ed (Biblioteca)<\/a><\/li>\n<li><a href=\"https:\/\/wearewebrything.com\/edptest\/wp-content\/uploads\/Plan-de-Manejo-de-Emergencias-Humacao-2023-1.pdf\" target=\"_blank\" rel=\"noopener noreferrer\">Plan de Manejo de Emergencias-Humacao<\/a><\/li>\n<li><a href=\"https:\/\/wearewebrything.com\/edptest\/wp-content\/uploads\/Plan-Manejo-de-Emergencias-EDP-University-Villalba-2023.pdf\">Plan de Manejo de Emergencias-Villalba<\/a><\/li>\n<\/ul>\n<p><strong>VAWA (Violence Against Women Act):<\/strong><\/p>\n<ul>\n<li><a href=\"https:\/\/wearewebrything.com\/edptest\/wp-content\/uploads\/Protocolo-para-casos-de-Violencia-Sexual-en-la-Institucion_Rev3.pdf\" target=\"_blank\" rel=\"noopener noreferrer\">Protocolo y opciones de Confidencialidad para atender los incidentes de Violencia Sexual<\/a><\/li>\n<li><a href=\"https:\/\/wearewebrything.com\/edptest\/wp-content\/uploads\/Politica-para-casos-de-Violencia-Sexual-en-la-Institucion_Rev2017.pdf\" target=\"_blank\" rel=\"noopener noreferrer\">Pol\u00edtica y Procedimientos para el Manejo de Incidentes de Violencia Sexual<\/a><\/li>\n<li><a href=\"https:\/\/wearewebrything.com\/edptest\/wp-content\/uploads\/FORMULARIO-DE-QUERELLAS_Violencia-Sexual_Rev0.pdf\" target=\"_blank\" rel=\"noopener noreferrer\">Formulario de Querellas para Incidentes de Violencia Sexual<\/a><\/li>\n<\/ul>\n<\/div>\n<\/div><div id=\"cmsmasters_tab_69fd6b863d2f4\" class=\"cmsmasters_tab\">\n<div class=\"cmsmasters_tab_inner\">\n<p>EDP University of Puerto Rico, Inc. tiene la responsabilidad de mantener un ambiente universitario sano y seguro que permita un \u00f3ptimo proceso de ense\u00f1anza-aprendizaje.\u00a0El reglamento sobre Seguridad y Prevenci\u00f3n en el Campus se desarroll\u00f3 de acuerdo con la Ley de Escuelas y Comunidades Libres de Drogas, Ley Federal N\u00fam. 1001- 226, as\u00ed como la Ley P\u00fablica 101- 542 (Nov. 8, 1990) conocida como \u201cStudent Right to Know and Campus Security Act\u201d.<\/p>\n<p>Estamos conscientes de la necesidad de tomar medidas proactivas para promover un ambiente libre de violencia, discrimen, alcohol, drogas, tabaco, hostigamiento y abuso sexual. Por tal motivo, Institucionalmente implementamos la\u00a0<a href=\"https:\/\/wearewebrything.com\/edptest\/wp-content\/uploads\/Informe-Anual-de-Seguridad-2023.pdf\" target=\"_blank\" rel=\"noopener\">Pol\u00edtica y Procedimientos de Seguridad y Prevenci\u00f3n en el Campus Universitario<\/a>\u00a0la misma constituye los procedimientos m\u00ednimos que han de observarse y cumplirse tanto por los estudiantes, como el personal docente y no docente de la Instituci\u00f3n.<\/p>\n<p>EDP University of Puerto Rico, Inc. divulga su <a href=\"https:\/\/wearewebrything.com\/edptest\/wp-content\/uploads\/Informe-Anual-de-Seguridad-2023.pdf\" target=\"_blank\" rel=\"noopener\">Informe Anual de Seguridad<\/a> y la Pol\u00edtica de Procedimientos relacionados a la seguridad a trav\u00e9s de diversas actividades. La divulgaci\u00f3n se realiza durante el proceso de admisi\u00f3n, matr\u00edcula y orientaci\u00f3n a estudiantes de nuevo ingreso, entre otros. Se recomienda enf\u00e1ticamente leer este documento. La lectura del mismo nos ayudar\u00e1 a mantener un ambiente sano para todos. En cumplimiento de la Ley Jeanne Clery, esta Pol\u00edtica presentar\u00e1 las estad\u00edsticas de incidencias criminales de los tres a\u00f1os m\u00e1s recientes.<\/p>\n<\/div>\n<\/div><\/div>\n<\/div>\n<\/div>\n<\/div>\n<\/div>\n<\/div>\n<\/div>\n<\/div>\n\n","protected":false},"excerpt":{"rendered":"","protected":false},"author":8,"featured_media":0,"parent":0,"menu_order":0,"comment_status":"closed","ping_status":"closed","template":"","meta":{"_monsterinsights_skip_tracking":false,"_monsterinsights_sitenote_active":false,"_monsterinsights_sitenote_note":"","_monsterinsights_sitenote_category":0,"footnotes":""},"_links":{"self":[{"href":"https:\/\/wearewebrything.com\/edptest\/wp-json\/wp\/v2\/pages\/26756"}],"collection":[{"href":"https:\/\/wearewebrything.com\/edptest\/wp-json\/wp\/v2\/pages"}],"about":[{"href":"https:\/\/wearewebrything.com\/edptest\/wp-json\/wp\/v2\/types\/page"}],"author":[{"embeddable":true,"href":"https:\/\/wearewebrything.com\/edptest\/wp-json\/wp\/v2\/users\/8"}],"replies":[{"embeddable":true,"href":"https:\/\/wearewebrything.com\/edptest\/wp-json\/wp\/v2\/comments?post=26756"}],"version-history":[{"count":7,"href":"https:\/\/wearewebrything.com\/edptest\/wp-json\/wp\/v2\/pages\/26756\/revisions"}],"predecessor-version":[{"id":42675,"href":"https:\/\/wearewebrything.com\/edptest\/wp-json\/wp\/v2\/pages\/26756\/revisions\/42675"}],"wp:attachment":[{"href":"https:\/\/wearewebrything.com\/edptest\/wp-json\/wp\/v2\/media?parent=26756"}],"curies":[{"name":"wp","href":"https:\/\/api.w.org\/{rel}","templated":true}]}}