{"id":26832,"date":"2017-03-03T10:51:37","date_gmt":"2017-03-03T14:51:37","guid":{"rendered":"https:\/\/wearewebrything.com\/edptest\/?page_id=26832"},"modified":"2024-01-12T15:35:59","modified_gmt":"2024-01-12T19:35:59","slug":"prestamos_estudiantiles","status":"publish","type":"page","link":"https:\/\/wearewebrything.com\/edptest\/prestamos-estudiantiles\/","title":{"rendered":"Pr\u00e9stamos Estudiantiles"},"content":{"rendered":"<style type=\"text\/css\"> \n#cmsmasters_row_6a04d65f70ee0 { \n\tbackground-image: url(https:\/\/wearewebrything.com\/edptest\/wp-content\/uploads\/Banner-Ayudas-Economicas-2.png); \n\tbackground-position: top center; \n\tbackground-repeat: no-repeat; \n\tbackground-attachment: scroll; \n\tbackground-size: cover; \n} \n\n#cmsmasters_row_6a04d65f70ee0 .cmsmasters_row_outer_parent { \n\tpadding-top: 80px; \n} \n\n#cmsmasters_row_6a04d65f70ee0 .cmsmasters_row_outer_parent { \n\tpadding-bottom: 80px; \n} \n\n#cmsmasters_row_6a04d65f70ee0 .cmsmasters_row_overlay { \n\tbackground-color:rgba(37,37,49,0.1);\n} \n\n \n#cmsmasters_heading_6a04d65f715eb { \n\ttext-align:left; \n\tmargin-top:30px; \n\tmargin-bottom:30px; \n} \n\n#cmsmasters_heading_6a04d65f715eb .cmsmasters_heading { \n\ttext-align:left; \n} \n\n#cmsmasters_heading_6a04d65f715eb .cmsmasters_heading, #cmsmasters_heading_6a04d65f715eb .cmsmasters_heading a { \n\tfont-size:50px; \n\tline-height:90px; \n\tfont-weight:300; \n\tfont-style:normal; \n\tcolor:#ffffff;\n} \n\n#cmsmasters_heading_6a04d65f715eb .cmsmasters_heading_divider { \n} \n\n \n#cmsmasters_row_6a04d65f717ee .cmsmasters_row_outer_parent { \n\tpadding-top: 30px; \n} \n\n#cmsmasters_row_6a04d65f717ee .cmsmasters_row_outer_parent { \n\tpadding-bottom: 50px; \n} \n\n \n#cmsmasters_heading_6a04d65f71ac5 { \n\ttext-align:left; \n\tmargin-top:0px; \n\tmargin-bottom:20px; \n} \n\n#cmsmasters_heading_6a04d65f71ac5 .cmsmasters_heading { \n\ttext-align:left; \n} \n\n#cmsmasters_heading_6a04d65f71ac5 .cmsmasters_heading, #cmsmasters_heading_6a04d65f71ac5 .cmsmasters_heading a { \n\tfont-weight:normal; \n\tfont-style:normal; \n\tcolor:#108e9e;\n} \n\n#cmsmasters_heading_6a04d65f71ac5 .cmsmasters_heading_divider { \n} \n\n \n#cmsmasters_tabs_list_item_6a04d65f71d03.current_tab:before { \n\tbackground-color:#10839e;\n} \n\n#cmsmasters_tabs_list_item_6a04d65f71e24.current_tab:before { \n\tbackground-color:;\n} \n\n#cmsmasters_tabs_list_item_6a04d65f71ef5.current_tab:before { \n\tbackground-color:;\n} \n<\/style>\t\t<div data-elementor-type=\"wp-page\" data-elementor-id=\"26832\" class=\"elementor elementor-26832\" data-elementor-post-type=\"page\">\n\t\t\t\t\t\t<section class=\"elementor-section elementor-top-section elementor-element elementor-element-284b0eca elementor-section-boxed elementor-section-height-default elementor-section-height-default\" data-id=\"284b0eca\" data-element_type=\"section\">\n\t\t\t\t\t\t<div class=\"elementor-container elementor-column-gap-default\">\n\t\t\t\t\t<div class=\"elementor-column elementor-col-100 elementor-top-column elementor-element elementor-element-33c07872\" data-id=\"33c07872\" data-element_type=\"column\">\n\t\t\t<div class=\"elementor-widget-wrap elementor-element-populated\">\n\t\t\t\t\t\t<div class=\"elementor-element elementor-element-3636c41b elementor-widget elementor-widget-text-editor\" data-id=\"3636c41b\" data-element_type=\"widget\" data-widget_type=\"text-editor.default\">\n\t\t\t\t<div class=\"elementor-widget-container\">\n\t\t\t\t\t\t\t<p><div id=\"cmsmasters_row_6a04d65f70ee0\" class=\"cmsmasters_row cmsmasters_color_scheme_default cmsmasters_row_top_default cmsmasters_row_bot_default cmsmasters_row_boxed\">\n<div class=\"cmsmasters_row_outer_parent\">\n<div class=\"cmsmasters_row_overlay\"><\/div>\n<div class=\"cmsmasters_row_outer\">\n<div class=\"cmsmasters_row_inner\">\n<div class=\"cmsmasters_row_margin\">\n<br><div class=\"cmsmasters_column one_first\">\n<p><br>\n<div id=\"cmsmasters_heading_6a04d65f715eb\" class=\"cmsmasters_heading_wrap cmsmasters_heading_align_left\">\n\t<h1 class=\"cmsmasters_heading\">PR\u00c9STAMOS ESTUDIANTILES<\/h1>\n<\/div>\n<\/div>\n<\/div>\n<\/div>\n<\/div>\n<\/div>\n<\/div>\n<\/p>\n<p><div id=\"cmsmasters_row_6a04d65f717ee\" class=\"cmsmasters_row cmsmasters_color_scheme_default cmsmasters_row_top_default cmsmasters_row_bot_default cmsmasters_row_boxed\">\n<div class=\"cmsmasters_row_outer_parent\">\n<div class=\"cmsmasters_row_outer\">\n<div class=\"cmsmasters_row_inner\">\n<div class=\"cmsmasters_row_margin\">\n<div class=\"cmsmasters_column one_first\">\n\n<div id=\"cmsmasters_heading_6a04d65f71ac5\" class=\"cmsmasters_heading_wrap cmsmasters_heading_align_left\">\n\t<h1 class=\"cmsmasters_heading\">Alternativas para un mejor futuro.<\/h1>\n<\/div><div class=\"cmsmasters_text\">\n<p>El Programa de Pr\u00e9stamos Directos Stafford, William D. Ford Federal (Direct Loan), son pr\u00e9stamos a bajo inter\u00e9s para los estudiantes elegibles que ayudan a cubrir el costo de la educaci\u00f3n superior en la universidad.<\/p>\n<p>Los Pr\u00e9stamos Directos son los m\u00e1s comunes y son para estudiantes con o sin necesidad econ\u00f3mica. Para poder recibir fondos de un pr\u00e9stamo estudiantil, el estudiante debe estar inscrito al menos a medio tiempo por semestre en nuestra instituci\u00f3n.<\/p>\n<\/div>\n \n<div class=\"cmsmasters_tabs tabs_mode_tab\">\n<ul class=\"cmsmasters_tabs_list\">\n<li id=\"cmsmasters_tabs_list_item_6a04d65f71d03\" class=\"cmsmasters_tabs_list_item current_tab\">\n<a href=\"#\" class=\"cmsmasters-icon-edit\">\n<span>\u00bfC\u00f3mo solicitar?<\/span>\n<\/a>\n<\/li><li id=\"cmsmasters_tabs_list_item_6a04d65f71e24\" class=\"cmsmasters_tabs_list_item\">\n<a href=\"#\" class=\"cmsmasters-icon-bullseye\">\n<span>Elegibilidad<\/span>\n<\/a>\n<\/li><li id=\"cmsmasters_tabs_list_item_6a04d65f71ef5\" class=\"cmsmasters_tabs_list_item\">\n<a href=\"#\" class=\"cmsmasters-icon-link\">\n<span>Pr\u00e9stamos Estudiantiles Privados<\/span>\n<\/a>\n<\/li><\/ul>\n<div class=\"cmsmasters_tabs_wrap\">\n<div id=\"cmsmasters_tab_6a04d65f71d03\" class=\"cmsmasters_tab active_tab\">\n<div class=\"cmsmasters_tab_inner\">\n<p>Deber\u00e1 completar, adicional a su solicitud Institucional de Pr\u00e9stamo Estudiantil, los siguientes puntos:<\/p>\n<ul>\n<li>Completar la <a href=\"https:\/\/studentaid.gov\/h\/apply-for-aid\/fafsa\">FAFSA<\/a><\/li>\n<li>Solicitar tu <a href=\"https:\/\/studentaid.gov\/fsa-id\/sign-in\/landing\">FSA ID<\/a>\n<ul>\n<li>C\u00f3digo Federal de EDP University of PR es 013587 &#8211; Mientras todas las dependencias del Gobierno Federal realizan cambios a sus bases de datos, usted podr\u00eda tener que buscarnos bajo EDP College of PR, Inc. El c\u00f3digo sigue siendo el mismo 013587<\/li>\n<\/ul>\n<\/li>\n<li>Completar la <a href=\"https:\/\/wearewebrything.com\/edptest\/wp-content\/uploads\/FORMA-UNICA-INTENCION-A-SOLICITAR-PRESTAMO-ESTUDIANTIL.pdf\" target=\"_blank\" rel=\"noopener\">FORMA \u00daNICA-Intenci\u00f3n a solicitar pr\u00e9stamo estudiantil.<\/a>\n<ul>\n<li>Completar la entrevista de entrada (asesoramiento de ingreso)<\/li>\n<li><a href=\"https:\/\/studentloans.gov\/myDirectLoan\/entranceCounseling.action?execution=e1s1\">Student Loans<\/a><\/li>\n<\/ul>\n<ul>\n<li><a href=\"http:\/\/mappingyourfuture.org\/spanishoslc\/counseling\/index.cfm?act=Intro&amp;OslcTypeID=15\">Mapping your future<\/a><\/li>\n<\/ul>\n<\/li>\n<li>Completar entrevista de salida\n<ul>\n<li><a href=\"https:\/\/studentaid.gov\/exit-counseling\/\">Student Aid<\/a><\/li>\n<li><a href=\"http:\/\/mappingyourfuture.org\/spanishoslc\/counseling\/index.cfm?act=Intro&amp;OslcTypeID=17\">Mapping your future<\/a><\/li>\n<\/ul>\n<\/li>\n<\/ul>\n<p>Cuando se acepta un pr\u00e9stamo, usted est\u00e1 aceptando las responsabilidades legales y financieras que duran hasta que usted termine de pagar el pr\u00e9stamo. Usted firma un pagar\u00e9 \u00fanico, que es un contrato legal entre usted y el Departamento de Educaci\u00f3n Federal en el cual se compromete a pagar la cantidad que solicito prestado y aceptar los t\u00e9rminos y condiciones del pr\u00e9stamo. Antes de firmar, aseg\u00farese de entender todas sus responsabilidades y derechos.<\/p>\n<ul>\n<li>Completar el <a href=\"https:\/\/studentaid.gov\/mpn\/\">Master Promisory Note (MPN)<\/a><\/li>\n<li><a href=\"https:\/\/studentaid.gov\/app\/launchConsolidation.action\">Consolidaci\u00f3n de pr\u00e9stamos DL<\/a><\/li>\n<li><a href=\"https:\/\/studentaid.gov\/apply-for-aid\/fafsa\/fafsa-deadlines\">Fechas l\u00edmites<\/a><\/li>\n<\/ul>\n<\/div>\n<\/div><div id=\"cmsmasters_tab_6a04d65f71e24\" class=\"cmsmasters_tab\">\n<div class=\"cmsmasters_tab_inner\">\n<p>La elegibilidad para el Pr\u00e9stamo Estudiantil depender\u00e1 de:<\/p>\n<ul>\n<li>El costo de estudio del estudiante (COA) y las dem\u00e1s ayudas adjudicadas<\/li>\n<li>De su contribuci\u00f3n familiar esperada (EFC)<\/li>\n<li>Del nivel acad\u00e9mico en la Universidad<\/li>\n<li>Debe estar matriculado por lo menos a medio tiempo<\/li>\n<li>Si es un estudiante dependiente o independiente<\/li>\n<li>Si desea convalidar cr\u00e9ditos<\/li>\n<li>Hojas Informativas:\n<ul>\n<li><a title=\"\" href=\"https:\/\/wearewebrything.com\/edptest\/wp-content\/uploads\/Opusculo-de-Prestamos-Estudiantiles.pdf\" target=\"_blank\" rel=\"noopener noreferrer\">Programas de Pr\u00e9stamos Federales para Estudiantes.<\/a><\/li>\n<li><a title=\"\" href=\"https:\/\/wearewebrything.com\/edptest\/wp-content\/uploads\/Conceptos-basicos-para-estudiantes-sobre-los-prestamos-del-Direct-Loan-Program.pdf\">Conceptos b\u00e1sicos para estudiantes sobre los pr\u00e9stamos del Direct Loan Program<\/a><\/li>\n<li><a href=\"https:\/\/wearewebrything.com\/edptest\/wp-content\/uploads\/sea-un-prestatario-responsable.pdf\" target=\"_blank\" rel=\"noopener noreferrer\">Sea un prestatario responsable: Planee por adelantado y grad\u00faese con menos deuda <\/a><\/li>\n<\/ul>\n<\/li>\n<\/ul>\n<\/div>\n<\/div><div id=\"cmsmasters_tab_6a04d65f71ef5\" class=\"cmsmasters_tab\">\n<div class=\"cmsmasters_tab_inner\">\n<p>Si no fuera suficiente el dinero solicitado sobre sus ayudas, tanto de Becas como de Pr\u00e9stamo Federal Estudiantil Directo (Direct Loan) para pagar su universidad y los gastos educativos relacionados a la universidad, considere un Pr\u00e9stamo Estudiantil Privado (Student Private Loan). Al momento la universidad se encuentra registrada con las siguientes compa\u00f1\u00edas:<\/p>\n<h5><span style=\"color: #008080;\"><strong><a style=\"color: #008080;\" href=\"http:\/\/salliemae.com\/student-loans\/\">Sallie Mae Smart Option<\/a><\/strong><\/span><\/h5>\n<ul>\n<li>1-877-279-7172<\/li>\n<li>&nbsp;Divulgaciones solicitud de pr\u00e9stamo privado&nbsp;<a href=\"https:\/\/www.salliemae.com\/student-loans\/smart-option-student-loan\/terms\/loan-app-solicitation\/\" target=\"_blank\" rel=\"noopener noreferrer\" data-auth=\"NotApplicable\" data-linkindex=\"0\">Smart Option Loan Application and Solicitation | Sallie Mae<\/a><\/li>\n<\/ul>\n<ul>\n<\/ul>\n<p><strong>Aviso importante:<\/strong><\/p>\n<p>Debe tener en cuenta que los pr\u00e9stamos privados pueden ser considerablemente m\u00e1s costosos que los prestamos federales directos. En general tienen tasas de inter\u00e9s m\u00e1s altas, y si fueran variables puede que incrementen el monto total de devoluci\u00f3n del pr\u00e9stamo. Adicional debe tener en cuenta que la tasa de inter\u00e9s depender\u00e1 de su calificaci\u00f3n crediticia.<\/p>\n<p>Para mayor informaci\u00f3n sobre Pr\u00e9stamos Estudiantiles Privados y su diferencia entre un Pr\u00e9stamos Federales Directos, puede dirigirse a la p\u00e1gina de <a href=\"https:\/\/studentaid.ed.gov\/\"><strong><em>Federal Student Aid.&nbsp;<\/em><\/strong><\/a><\/p>\n<\/div>\n<\/div><\/div>\n<\/div>\n<\/div>\n<\/div>\n<\/div>\n<\/div>\n<\/div>\n<\/div>\n<\/p>\t\t\t\t\t\t<\/div>\n\t\t\t\t<\/div>\n\t\t\t\t\t<\/div>\n\t\t<\/div>\n\t\t\t\t\t<\/div>\n\t\t<\/section>\n\t\t\t\t<\/div>\n\t\t","protected":false},"excerpt":{"rendered":"","protected":false},"author":8,"featured_media":0,"parent":0,"menu_order":0,"comment_status":"closed","ping_status":"closed","template":"","meta":{"_monsterinsights_skip_tracking":false,"_monsterinsights_sitenote_active":false,"_monsterinsights_sitenote_note":"","_monsterinsights_sitenote_category":0,"footnotes":""},"_links":{"self":[{"href":"https:\/\/wearewebrything.com\/edptest\/wp-json\/wp\/v2\/pages\/26832"}],"collection":[{"href":"https:\/\/wearewebrything.com\/edptest\/wp-json\/wp\/v2\/pages"}],"about":[{"href":"https:\/\/wearewebrything.com\/edptest\/wp-json\/wp\/v2\/types\/page"}],"author":[{"embeddable":true,"href":"https:\/\/wearewebrything.com\/edptest\/wp-json\/wp\/v2\/users\/8"}],"replies":[{"embeddable":true,"href":"https:\/\/wearewebrything.com\/edptest\/wp-json\/wp\/v2\/comments?post=26832"}],"version-history":[{"count":3,"href":"https:\/\/wearewebrything.com\/edptest\/wp-json\/wp\/v2\/pages\/26832\/revisions"}],"predecessor-version":[{"id":42469,"href":"https:\/\/wearewebrything.com\/edptest\/wp-json\/wp\/v2\/pages\/26832\/revisions\/42469"}],"wp:attachment":[{"href":"https:\/\/wearewebrything.com\/edptest\/wp-json\/wp\/v2\/media?parent=26832"}],"curies":[{"name":"wp","href":"https:\/\/api.w.org\/{rel}","templated":true}]}}