{"id":26833,"date":"2017-03-03T10:51:43","date_gmt":"2017-03-03T14:51:43","guid":{"rendered":"https:\/\/wearewebrything.com\/edptest\/?page_id=26833"},"modified":"2021-07-04T22:46:50","modified_gmt":"2021-07-05T02:46:50","slug":"estudio_trabajo","status":"publish","type":"page","link":"https:\/\/wearewebrything.com\/edptest\/estudio-trabajo\/","title":{"rendered":"Estudio y Trabajo"},"content":{"rendered":"<style type=\"text\/css\"> \n#cmsmasters_row_69fda038daf71 { \n\tbackground-image: url(https:\/\/wearewebrything.com\/edptest\/wp-content\/uploads\/Banner-Ayudas-Economicas-3.png); \n\tbackground-position: top center; \n\tbackground-repeat: no-repeat; \n\tbackground-attachment: scroll; \n\tbackground-size: cover; \n} \n\n#cmsmasters_row_69fda038daf71 .cmsmasters_row_outer_parent { \n\tpadding-top: 80px; \n} \n\n#cmsmasters_row_69fda038daf71 .cmsmasters_row_outer_parent { \n\tpadding-bottom: 80px; \n} \n\n#cmsmasters_row_69fda038daf71 .cmsmasters_row_overlay { \n\tbackground-color:rgba(37,37,49,0.1);\n} \n\n \n#cmsmasters_heading_69fda038db6cd { \n\ttext-align:left; \n\tmargin-top:30px; \n\tmargin-bottom:30px; \n} \n\n#cmsmasters_heading_69fda038db6cd .cmsmasters_heading { \n\ttext-align:left; \n} \n\n#cmsmasters_heading_69fda038db6cd .cmsmasters_heading, #cmsmasters_heading_69fda038db6cd .cmsmasters_heading a { \n\tfont-size:50px; \n\tline-height:90px; \n\tfont-weight:300; \n\tfont-style:normal; \n\tcolor:#ffffff;\n} \n\n#cmsmasters_heading_69fda038db6cd .cmsmasters_heading_divider { \n} \n\n \n#cmsmasters_row_69fda038dba53 .cmsmasters_row_outer_parent { \n\tpadding-top: 30px; \n} \n\n#cmsmasters_row_69fda038dba53 .cmsmasters_row_outer_parent { \n\tpadding-bottom: 50px; \n} \n\n \n#cmsmasters_heading_69fda038dbd23 { \n\ttext-align:left; \n\tmargin-top:0px; \n\tmargin-bottom:20px; \n} \n\n#cmsmasters_heading_69fda038dbd23 .cmsmasters_heading { \n\ttext-align:left; \n} \n\n#cmsmasters_heading_69fda038dbd23 .cmsmasters_heading, #cmsmasters_heading_69fda038dbd23 .cmsmasters_heading a { \n\tfont-weight:normal; \n\tfont-style:normal; \n\tcolor:#108e9e;\n} \n\n#cmsmasters_heading_69fda038dbd23 .cmsmasters_heading_divider { \n} \n\n \n#cmsmasters_tabs_list_item_69fda038dbf76.current_tab:before { \n\tbackground-color:#10839e;\n} \n\n#cmsmasters_tabs_list_item_69fda038dc093.current_tab:before { \n\tbackground-color:;\n} \n\n#cmsmasters_tabs_list_item_69fda038dc18d.current_tab:before { \n\tbackground-color:;\n} \n<\/style><div id=\"cmsmasters_row_69fda038daf71\" class=\"cmsmasters_row cmsmasters_color_scheme_default cmsmasters_row_top_default cmsmasters_row_bot_default cmsmasters_row_boxed\">\n<div class=\"cmsmasters_row_outer_parent\">\n<div class=\"cmsmasters_row_overlay\"><\/div>\n<div class=\"cmsmasters_row_outer\">\n<div class=\"cmsmasters_row_inner\">\n<div class=\"cmsmasters_row_margin\">\n<br \/>\n<div class=\"cmsmasters_column one_first\">\n\n<div id=\"cmsmasters_heading_69fda038db6cd\" class=\"cmsmasters_heading_wrap cmsmasters_heading_align_left\">\n\t<h1 class=\"cmsmasters_heading\">ESTUDIO Y TRABAJO<\/h1>\n<\/div>\n<\/div>\n<\/div>\n<\/div>\n<\/div>\n<\/div>\n<\/div>\n\n<div id=\"cmsmasters_row_69fda038dba53\" class=\"cmsmasters_row cmsmasters_color_scheme_default cmsmasters_row_top_default cmsmasters_row_bot_default cmsmasters_row_boxed\">\n<div class=\"cmsmasters_row_outer_parent\">\n<div class=\"cmsmasters_row_outer\">\n<div class=\"cmsmasters_row_inner\">\n<div class=\"cmsmasters_row_margin\">\n<div class=\"cmsmasters_column one_first\">\n\n<div id=\"cmsmasters_heading_69fda038dbd23\" class=\"cmsmasters_heading_wrap cmsmasters_heading_align_left\">\n\t<h1 class=\"cmsmasters_heading\">Oportunidades equitativas para todos.<\/h1>\n<\/div> \n<div class=\"cmsmasters_tabs tabs_mode_tour tabs_pos_left\">\n<ul class=\"cmsmasters_tabs_list\">\n<li id=\"cmsmasters_tabs_list_item_69fda038dbf76\" class=\"cmsmasters_tabs_list_item current_tab\">\n<a href=\"#\" class=\"cmsmasters-icon-edit\">\n<span>\u00bfQu\u00e9 es el Programa de Estudio y Trabajo?<\/span>\n<\/a>\n<\/li><li id=\"cmsmasters_tabs_list_item_69fda038dc093\" class=\"cmsmasters_tabs_list_item\">\n<a href=\"#\" class=\"cmsmasters-icon-bullseye\">\n<span>\u00bfMe pagar\u00e1n al igual que en cualquier otro empleo?<\/span>\n<\/a>\n<\/li><li id=\"cmsmasters_tabs_list_item_69fda038dc18d\" class=\"cmsmasters_tabs_list_item\">\n<a href=\"#\" class=\"cmsmasters-icon-link\">\n<span>\u00bfQu\u00e9 tipos de empleo se ofrecen en el Programa Federal de Estudio y Trabajo? <\/span>\n<\/a>\n<\/li><\/ul>\n<div class=\"cmsmasters_tabs_wrap\">\n<div id=\"cmsmasters_tab_69fda038dbf76\" class=\"cmsmasters_tab active_tab\">\n<div class=\"cmsmasters_tab_inner\">\n<p>El Programa Federal de Estudio y Trabajo concede empleos a tiempo parcial a los alumnos de pregrado y de posgrado que demuestren el grado suficiente de necesidad econ\u00f3mica, lo cual les permite ganar dinero para ayudar a cubrir los gastos de estudio. El Programa fomenta la labor al servicio de la comunidad y tambi\u00e9n el trabajo relacionado con el programa de estudios del alumno.<\/p>\n<\/div>\n<\/div><div id=\"cmsmasters_tab_69fda038dc093\" class=\"cmsmasters_tab\">\n<div class=\"cmsmasters_tab_inner\">\n<p>Si usted es estudiante de pregrado, se le pagar\u00e1 por hora. Ning\u00fan alumno que participa en el Programa Federal de Estudio y Trabajo puede obtener el sueldo mediante comisiones u honorarios. En cuanto a la entrega de los fondos, la instituci\u00f3n educativa deber\u00e1 pagarle directamente (a menos que usted indique lo contrario) y, como m\u00ednimo, una vez al mes. El sueldo que usted cobre mediante el programa deber\u00e1 ser, por lo menos, igual al m\u00ednimo federal vigente, aunque podr\u00e1 ser mayor, dependiendo del tipo de trabajo y las destrezas necesarias para desempe\u00f1arlo. La cantidad que usted gane al amparo del Programa Federal de Estudio y Trabajo no puede sobrepasar la concesi\u00f3n estipulada. Al asignarle las horas de trabajo, el empleador o el administrador de ayuda econ\u00f3mica tendr\u00e1n en cuenta su horario de clases, su progreso acad\u00e9mico y el importe de la concesi\u00f3n.<\/p>\n<\/div>\n<\/div><div id=\"cmsmasters_tab_69fda038dc18d\" class=\"cmsmasters_tab\">\n<div class=\"cmsmasters_tab_inner\">\n<p>Si trabaja fuera del campus, su empleador ser\u00e1, por lo habitual, una organizaci\u00f3n particular sin fines de lucro o una agencia p\u00fablica. En este caso, el trabajo deber\u00e1 ser de inter\u00e9s p\u00fablico.<\/p>\n<p>Algunas instituciones educativas tienen acuerdos con empleadores del sector privado que tienen fines de lucro, con el objeto de que \u00e9stos brinden empleos a los participantes en el Programa. En tal caso, el trabajo que usted realice con ellos deber\u00e1 guardar relaci\u00f3n con su programa de estudio, en la mayor medida posible. Si usted asiste a un centro de formaci\u00f3n profesional o t\u00e9cnica, puede que haya otras restricciones con respecto al tipo de empleo que se le puede asignar.<\/p>\n<p>Para solicitar Estudio y Trabajo debe completar la siguiente <a title=\"\" href=\"https:\/\/wearewebrything.com\/edptest\/wp-content\/uploads\/SOLICITUD-DE-ESTUDIO-Y-TRABAJO-1.pdf\">solicitud <\/a> y entregarla en la Oficina de Asistencia Econ\u00f3mica.<\/p>\n<p>Nuestra oficina ofrece servicios en horario de lunes a jueves de 8:00 a.m. a 7:00 p.m. y viernes de 8:00 a.m. a 6:00 p.m.<\/p>\n<\/div>\n<\/div><\/div>\n<\/div>\n<\/div>\n<\/div>\n<\/div>\n<\/div>\n<\/div>\n<\/div>\n\n","protected":false},"excerpt":{"rendered":"","protected":false},"author":8,"featured_media":0,"parent":0,"menu_order":0,"comment_status":"closed","ping_status":"closed","template":"","meta":{"_monsterinsights_skip_tracking":false,"_monsterinsights_sitenote_active":false,"_monsterinsights_sitenote_note":"","_monsterinsights_sitenote_category":0,"footnotes":""},"_links":{"self":[{"href":"https:\/\/wearewebrything.com\/edptest\/wp-json\/wp\/v2\/pages\/26833"}],"collection":[{"href":"https:\/\/wearewebrything.com\/edptest\/wp-json\/wp\/v2\/pages"}],"about":[{"href":"https:\/\/wearewebrything.com\/edptest\/wp-json\/wp\/v2\/types\/page"}],"author":[{"embeddable":true,"href":"https:\/\/wearewebrything.com\/edptest\/wp-json\/wp\/v2\/users\/8"}],"replies":[{"embeddable":true,"href":"https:\/\/wearewebrything.com\/edptest\/wp-json\/wp\/v2\/comments?post=26833"}],"version-history":[{"count":0,"href":"https:\/\/wearewebrything.com\/edptest\/wp-json\/wp\/v2\/pages\/26833\/revisions"}],"wp:attachment":[{"href":"https:\/\/wearewebrything.com\/edptest\/wp-json\/wp\/v2\/media?parent=26833"}],"curies":[{"name":"wp","href":"https:\/\/api.w.org\/{rel}","templated":true}]}}