{"id":26834,"date":"2017-03-03T10:51:58","date_gmt":"2017-03-03T14:51:58","guid":{"rendered":"https:\/\/wearewebrything.com\/edptest\/?page_id=26834"},"modified":"2023-08-31T09:49:07","modified_gmt":"2023-08-31T13:49:07","slug":"coa_net_calculator","status":"publish","type":"page","link":"https:\/\/wearewebrything.com\/edptest\/coa-net-calculator\/","title":{"rendered":"COA y Net Calculator"},"content":{"rendered":"<style type=\"text\/css\"><\/style>\t\t<div data-elementor-type=\"wp-page\" data-elementor-id=\"26834\" class=\"elementor elementor-26834\" data-elementor-post-type=\"page\">\n\t\t\t\t\t\t<section class=\"elementor-section elementor-top-section elementor-element elementor-element-a1fc16e elementor-section-boxed elementor-section-height-default elementor-section-height-default\" data-id=\"a1fc16e\" data-element_type=\"section\">\n\t\t\t\t\t\t<div class=\"elementor-container elementor-column-gap-no\">\n\t\t\t\t\t<div class=\"elementor-column elementor-col-100 elementor-top-column elementor-element elementor-element-b61a156\" data-id=\"b61a156\" data-element_type=\"column\">\n\t\t\t<div class=\"elementor-widget-wrap elementor-element-populated\">\n\t\t\t\t\t\t<div class=\"elementor-element elementor-element-6a9c9a8 elementor-widget__width-inherit elementor-widget elementor-widget-image\" data-id=\"6a9c9a8\" data-element_type=\"widget\" data-widget_type=\"image.default\">\n\t\t\t\t<div class=\"elementor-widget-container\">\n\t\t\t\t\t\t\t\t\t\t\t\t\t<img decoding=\"async\" src=\"https:\/\/wearewebrything.com\/edptest\/wp-content\/uploads\/cover-coa-1.jpg\" title=\"cover coa\" alt=\"cover coa\" loading=\"lazy\" \/>\t\t\t\t\t\t\t\t\t\t\t\t\t<\/div>\n\t\t\t\t<\/div>\n\t\t\t\t\t<\/div>\n\t\t<\/div>\n\t\t\t\t\t<\/div>\n\t\t<\/section>\n\t\t\t\t<section class=\"elementor-section elementor-top-section elementor-element elementor-element-b8c1a21 elementor-section-boxed elementor-section-height-default elementor-section-height-default\" data-id=\"b8c1a21\" data-element_type=\"section\">\n\t\t\t\t\t\t<div class=\"elementor-container elementor-column-gap-default\">\n\t\t\t\t\t<div class=\"elementor-column elementor-col-100 elementor-top-column elementor-element elementor-element-7775973\" data-id=\"7775973\" data-element_type=\"column\">\n\t\t\t<div class=\"elementor-widget-wrap elementor-element-populated\">\n\t\t\t\t\t\t<div class=\"elementor-element elementor-element-8f00f8d elementor-widget elementor-widget-text-editor\" data-id=\"8f00f8d\" data-element_type=\"widget\" data-widget_type=\"text-editor.default\">\n\t\t\t\t<div class=\"elementor-widget-container\">\n\t\t\t\t\t\t\t<h4><span style=\"color: #008080;\">COSTOS DE MATR\u00cdCULA Y GENERALES\u00a0<\/span><\/h4><p>Conoce los costos que se presentan en el documento adjunto <a href=\"https:\/\/wearewebrything.com\/edptest\/wp-content\/uploads\/TUITION-AND-FEES-2023-24-WEB.pdf\" target=\"_blank\" rel=\"noopener\"><strong>TUITION AND FEES<\/strong>\u00a0<\/a>(favor entrar al enlace). Podr\u00e1 ver de manera segmentada los costos de cr\u00e9ditos por escuelas acad\u00e9micas. El costo de matr\u00edcula depender\u00e1 de la cantidad de cr\u00e9ditos de cada curso, cuotas y otros cargos.\u00a0<\/p><p>Los estudiantes deben familiarizarse con las cuotas y costos generales. El documento adjunto <a href=\"https:\/\/wearewebrything.com\/edptest\/wp-content\/uploads\/DESGLOSES-COSTOS-GENERALES-2023-24-WEB.pdf\" target=\"_blank\" rel=\"noopener\"><strong>COSTOS DE SERVICIOS Y COSTOS DE CR\u00c9DITOS<\/strong><\/a> (favor entrar al enlace) presenta los costos segmentados de los servicios institucionales. \u00a0<\/p><p>Por otro lado, deben conocer los costos generales de estudios. El documento adjunto<a href=\"https:\/\/wearewebrything.com\/edptest\/wp-content\/uploads\/DESGLOSES-COSTOS-GENERALES-2023-24-WEB.pdf\"> <strong>COSTOS DE ESTUDIOS<\/strong>\u00a0<\/a> (favor entrar al enlace) indica los costos basados en la modalidad de estudio y nivel acad\u00e9mico. El costo podr\u00eda variar por convalidaciones, retos entre otros. \u00a0<\/p>\t\t\t\t\t\t<\/div>\n\t\t\t\t<\/div>\n\t\t\t\t\t<\/div>\n\t\t<\/div>\n\t\t\t\t\t<\/div>\n\t\t<\/section>\n\t\t\t\t<section class=\"elementor-section elementor-top-section elementor-element elementor-element-7396128 elementor-section-boxed elementor-section-height-default elementor-section-height-default\" data-id=\"7396128\" data-element_type=\"section\">\n\t\t\t\t\t\t<div class=\"elementor-container elementor-column-gap-default\">\n\t\t\t\t\t<div class=\"elementor-column elementor-col-100 elementor-top-column elementor-element elementor-element-b3bdd7b\" data-id=\"b3bdd7b\" data-element_type=\"column\">\n\t\t\t<div class=\"elementor-widget-wrap elementor-element-populated\">\n\t\t\t\t\t\t<div class=\"elementor-element elementor-element-5647858 elementor-tabs-view-vertical elementor-widget elementor-widget-tabs\" data-id=\"5647858\" data-element_type=\"widget\" data-widget_type=\"tabs.default\">\n\t\t\t\t<div class=\"elementor-widget-container\">\n\t\t\t\t\t<div class=\"elementor-tabs\">\n\t\t\t<div class=\"elementor-tabs-wrapper\" role=\"tablist\" >\n\t\t\t\t\t\t\t\t\t<div id=\"elementor-tab-title-9041\" class=\"elementor-tab-title elementor-tab-desktop-title\" aria-selected=\"true\" data-tab=\"1\" role=\"tab\" tabindex=\"0\" aria-controls=\"elementor-tab-content-9041\" aria-expanded=\"false\">Costos de Estudios (COA)<\/div>\n\t\t\t\t\t\t\t\t\t<div id=\"elementor-tab-title-9042\" class=\"elementor-tab-title elementor-tab-desktop-title\" aria-selected=\"false\" data-tab=\"2\" role=\"tab\" tabindex=\"-1\" aria-controls=\"elementor-tab-content-9042\" aria-expanded=\"false\">Net Price Calculator (NPC)<\/div>\n\t\t\t\t\t\t\t<\/div>\n\t\t\t<div class=\"elementor-tabs-content-wrapper\" role=\"tablist\" aria-orientation=\"vertical\">\n\t\t\t\t\t\t\t\t\t<div class=\"elementor-tab-title elementor-tab-mobile-title\" aria-selected=\"true\" data-tab=\"1\" role=\"tab\" tabindex=\"0\" aria-controls=\"elementor-tab-content-9041\" aria-expanded=\"false\">Costos de Estudios (COA)<\/div>\n\t\t\t\t\t<div id=\"elementor-tab-content-9041\" class=\"elementor-tab-content elementor-clearfix\" data-tab=\"1\" role=\"tabpanel\" aria-labelledby=\"elementor-tab-title-9041\" tabindex=\"0\" hidden=\"false\"><div>Todas las Instituciones Universitarias tienen su propio presupuesto estudiantil, conocido por sus siglas en ingl\u00e9s COA (Cost of Attendance). El COA es un c\u00e1lculo que incluye: costos de matr\u00edcula, cuotas, libros, \u00fatiles universitarios, alojamiento, alimento, transporte y gastos personales para el a\u00f1o acad\u00e9mico vigente.<\/div><div>\u00a0<\/div><div>El COA es variado de acuerdo a su estatus, si es un estudiante dependiente, independiente, si es un estudiante graduado, entre otros. Tambi\u00e9n influir\u00e1 su programa de estudio y la modalidad de su programa. Si usted tuviera alguna discapacidad, deber\u00e1 informarle a la oficina de Asistencia Econ\u00f3mica, para que se le reconozca sus gastos que no estuvieran cubiertos.<\/div><\/div>\n\t\t\t\t\t\t\t\t\t<div class=\"elementor-tab-title elementor-tab-mobile-title\" aria-selected=\"false\" data-tab=\"2\" role=\"tab\" tabindex=\"-1\" aria-controls=\"elementor-tab-content-9042\" aria-expanded=\"false\">Net Price Calculator (NPC)<\/div>\n\t\t\t\t\t<div id=\"elementor-tab-content-9042\" class=\"elementor-tab-content elementor-clearfix\" data-tab=\"2\" role=\"tabpanel\" aria-labelledby=\"elementor-tab-title-9042\" tabindex=\"0\" hidden=\"hidden\"><p><a href=\"https:\/\/wearewebrything.com\/edptest\/wp-content\/uploads\/2017\/02\/ae_01.jpg\"><img fetchpriority=\"high\" decoding=\"async\" class=\"alignright wp-image-31684 \" src=\"https:\/\/wearewebrything.com\/edptest\/wp-content\/uploads\/2017\/02\/ae_01-300x169.jpg\" alt=\"\" width=\"371\" height=\"209\" srcset=\"https:\/\/wearewebrything.com\/edptest\/wp-content\/uploads\/2017\/02\/ae_01-300x169.jpg 300w, https:\/\/wearewebrything.com\/edptest\/wp-content\/uploads\/2017\/02\/ae_01-768x432.jpg 768w, https:\/\/wearewebrything.com\/edptest\/wp-content\/uploads\/2017\/02\/ae_01-600x338.jpg 600w, https:\/\/wearewebrything.com\/edptest\/wp-content\/uploads\/2017\/02\/ae_01-580x326.jpg 580w, https:\/\/wearewebrything.com\/edptest\/wp-content\/uploads\/2017\/02\/ae_01-860x484.jpg 860w, https:\/\/wearewebrything.com\/edptest\/wp-content\/uploads\/2017\/02\/ae_01.jpg 960w\" sizes=\"(max-width: 371px) 100vw, 371px\" \/><\/a><strong>Net Price Calculator (NPC)<\/strong> es una herramienta que permite obtener el estimado de lo que puede costar estudiar en EDP. Como parte de la Ley de Educaci\u00f3n Superior de Oportunidades, la Universidad ofrece esta calculadora de precio neto de acuerdo con los requisitos del Departamento de Educaci\u00f3n de EE.UU. La calculadora se basa en datos de 2019-2020 del gobierno federal. Estas estimaciones se aplican a estudiantes nuevos, a tiempo completo, que estudian por primera vez solamente. No es para estudiantes de transferencia, educaci\u00f3n continua, a tiempo parcial, readmitidos o graduados. Tenga en cuenta que la calculadora de precios netos proporciona s\u00f3lo estimados, no representa una determinaci\u00f3n final o concesi\u00f3n efectiva de la asistencia financiera o de un precio neto final. La calculadora se actualizar\u00e1 cada a\u00f1o. Acceda este enlace para calcular su precio neto y de ayuda financiera en EDP University.<\/p><p><strong>Relevo<\/strong>\u00a0Yo reconozco que al acceder el enlace a continuaci\u00f3n estoy recibiendo un estimado que no representa una determinaci\u00f3n final de Otorgaci\u00f3n de Ayuda Federal o estatal o un costo final exacto. Es un estimado basado en los costos de estudiantes que han estudiado en EDP University en a\u00f1os anteriores. El precio de estudiar en instituciones educativas puede variar de a\u00f1o en a\u00f1o. El Secretario de Educaci\u00f3n de los Estado Unidos no es responsable por los aumentos o costos establecidos por las instituciones educativas. Los estudiantes deben completar la solicitud federal (FAFSA) y ser elegibles a las ayudas para tener derecho a recibirlas.<\/p><p>Para m\u00e1s informaci\u00f3n visite\u00a0<a href=\"https:\/\/studentaid.gov\/h\/apply-for-aid\/fafsa\">https:\/\/studentaid.gov\/h\/apply-for-aid\/fafsa<\/a><\/p><p><a href=\"https:\/\/wearewebrything.com\/edptest\/npcalc.htm\" target=\"_blank\" rel=\"noopener noreferrer\" data-wplink-edit=\"true\">Oprime y consulta el \u2018Net Price Calculator\u2019.<\/a><\/p><\/div>\n\t\t\t\t\t\t\t<\/div>\n\t\t<\/div>\n\t\t\t\t<\/div>\n\t\t\t\t<\/div>\n\t\t\t\t\t<\/div>\n\t\t<\/div>\n\t\t\t\t\t<\/div>\n\t\t<\/section>\n\t\t\t\t<section class=\"elementor-section elementor-top-section elementor-element elementor-element-38b49d4 elementor-section-boxed elementor-section-height-default elementor-section-height-default\" data-id=\"38b49d4\" data-element_type=\"section\">\n\t\t\t\t\t\t<div class=\"elementor-container elementor-column-gap-default\">\n\t\t\t\t\t<div class=\"elementor-column elementor-col-100 elementor-top-column elementor-element elementor-element-8f45c68\" data-id=\"8f45c68\" data-element_type=\"column\">\n\t\t\t<div class=\"elementor-widget-wrap elementor-element-populated\">\n\t\t\t\t\t\t<div class=\"elementor-element elementor-element-ef3064f elementor-widget-divider--view-line elementor-widget elementor-widget-divider\" data-id=\"ef3064f\" data-element_type=\"widget\" data-widget_type=\"divider.default\">\n\t\t\t\t<div class=\"elementor-widget-container\">\n\t\t\t\t\t<div class=\"elementor-divider\">\n\t\t\t<span class=\"elementor-divider-separator\">\n\t\t\t\t\t\t<\/span>\n\t\t<\/div>\n\t\t\t\t<\/div>\n\t\t\t\t<\/div>\n\t\t\t\t\t<\/div>\n\t\t<\/div>\n\t\t\t\t\t<\/div>\n\t\t<\/section>\n\t\t\t\t<section class=\"elementor-section elementor-top-section elementor-element elementor-element-d4d13d3 elementor-section-boxed elementor-section-height-default elementor-section-height-default\" data-id=\"d4d13d3\" data-element_type=\"section\">\n\t\t\t\t\t\t<div class=\"elementor-container elementor-column-gap-default\">\n\t\t\t\t\t<div class=\"elementor-column elementor-col-100 elementor-top-column elementor-element elementor-element-906cafa\" data-id=\"906cafa\" data-element_type=\"column\">\n\t\t\t<div class=\"elementor-widget-wrap elementor-element-populated\">\n\t\t\t\t\t\t<div class=\"elementor-element elementor-element-2afa965 elementor-tabs-view-vertical elementor-widget elementor-widget-tabs\" data-id=\"2afa965\" data-element_type=\"widget\" data-widget_type=\"tabs.default\">\n\t\t\t\t<div class=\"elementor-widget-container\">\n\t\t\t\t\t<div class=\"elementor-tabs\">\n\t\t\t<div class=\"elementor-tabs-wrapper\" role=\"tablist\" >\n\t\t\t\t\t\t\t\t\t<div id=\"elementor-tab-title-4501\" class=\"elementor-tab-title elementor-tab-desktop-title\" aria-selected=\"true\" data-tab=\"1\" role=\"tab\" tabindex=\"0\" aria-controls=\"elementor-tab-content-4501\" aria-expanded=\"false\">\u00bfC\u00f3mo s\u00e9 mi necesidad econ\u00f3mica?<\/div>\n\t\t\t\t\t\t\t\t\t<div id=\"elementor-tab-title-4502\" class=\"elementor-tab-title elementor-tab-desktop-title\" aria-selected=\"false\" data-tab=\"2\" role=\"tab\" tabindex=\"-1\" aria-controls=\"elementor-tab-content-4502\" aria-expanded=\"false\">Carta de otorgaci\u00f3n de ayudas estudiantiles<\/div>\n\t\t\t\t\t\t\t\t\t<div id=\"elementor-tab-title-4503\" class=\"elementor-tab-title elementor-tab-desktop-title\" aria-selected=\"false\" data-tab=\"3\" role=\"tab\" tabindex=\"-1\" aria-controls=\"elementor-tab-content-4503\" aria-expanded=\"false\">\u00bfC\u00f3mo solicitar la transcipci\u00f3n de declaraci\u00f3n de impuestos?<\/div>\n\t\t\t\t\t\t\t<\/div>\n\t\t\t<div class=\"elementor-tabs-content-wrapper\" role=\"tablist\" aria-orientation=\"vertical\">\n\t\t\t\t\t\t\t\t\t<div class=\"elementor-tab-title elementor-tab-mobile-title\" aria-selected=\"true\" data-tab=\"1\" role=\"tab\" tabindex=\"0\" aria-controls=\"elementor-tab-content-4501\" aria-expanded=\"false\">\u00bfC\u00f3mo s\u00e9 mi necesidad econ\u00f3mica?<\/div>\n\t\t\t\t\t<div id=\"elementor-tab-content-4501\" class=\"elementor-tab-content elementor-clearfix\" data-tab=\"1\" role=\"tabpanel\" aria-labelledby=\"elementor-tab-title-4501\" tabindex=\"0\" hidden=\"false\"><p>La mayor\u00eda de las Universidades utiliza la solicitud gratuita FAFSA para determinar si el estudiante tiene necesidad econ\u00f3mica. El c\u00e1lculo utilizado para determinar su necesidad econ\u00f3mica es el siguiente:<\/p><p>Debe usted saber, que la necesidad econ\u00f3mica va a variar de acuerdo a la Universidad en que se encuentre. Cada universidad tiene un COA distinto.<\/p><\/div>\n\t\t\t\t\t\t\t\t\t<div class=\"elementor-tab-title elementor-tab-mobile-title\" aria-selected=\"false\" data-tab=\"2\" role=\"tab\" tabindex=\"-1\" aria-controls=\"elementor-tab-content-4502\" aria-expanded=\"false\">Carta de otorgaci\u00f3n de ayudas estudiantiles<\/div>\n\t\t\t\t\t<div id=\"elementor-tab-content-4502\" class=\"elementor-tab-content elementor-clearfix\" data-tab=\"2\" role=\"tabpanel\" aria-labelledby=\"elementor-tab-title-4502\" tabindex=\"0\" hidden=\"hidden\"><p>Medio de comunicaci\u00f3n que utiliza la oficina de asistencia econ\u00f3mica para notificar a los estudiantes su necesidad econ\u00f3mica e informar las diferentes ayudas econ\u00f3micas que fueron otorgadas.<\/p><\/div>\n\t\t\t\t\t\t\t\t\t<div class=\"elementor-tab-title elementor-tab-mobile-title\" aria-selected=\"false\" data-tab=\"3\" role=\"tab\" tabindex=\"-1\" aria-controls=\"elementor-tab-content-4503\" aria-expanded=\"false\">\u00bfC\u00f3mo solicitar la transcipci\u00f3n de declaraci\u00f3n de impuestos?<\/div>\n\t\t\t\t\t<div id=\"elementor-tab-content-4503\" class=\"elementor-tab-content elementor-clearfix\" data-tab=\"3\" role=\"tabpanel\" aria-labelledby=\"elementor-tab-title-4503\" tabindex=\"0\" hidden=\"hidden\"><p>Todo estudiante que complete FAFSA on the Web y el mismo realice la Declaraci\u00f3n de Impuesto (Taxes) en los Estados Unidos (ej.1040), deber\u00e1 completar la solicitud de FAFSA y utilizar la herramienta de recuperaci\u00f3n datos del IRS.<\/p><p>De no utilizar la herramienta provista en FAFSA o si cambiara los datos del IRS, deber\u00e1 presentar la Transcripci\u00f3n de Declaraci\u00f3n de Impuesto en ingl\u00e9s \u201cIRS Transcript\u201d a la Oficina de Ayuda Financiera. El proceso se requiere para todo aquel estudiante que su solicitud de FAFSA se encuentre en el proceso de Verificaci\u00f3n.<\/p><p>Se le orienta a toda la comunidad estudiantil, que las copias personales de las declaraciones de impuestos (taxes) ya no pueden ser aceptadas. Por favor, aseg\u00farese de pedir una Transcripci\u00f3n de Declaraci\u00f3n de Impuestos (IRS Tax Transcript).<\/p><ol><li><a href=\"https:\/\/www.irs.gov\/Individuals\/Get-Transcript\">Puede solicitar la transcripci\u00f3n en l\u00ednea (online):\u00a0<\/a><\/li><\/ol><ul><li>Debe crear una cuenta<\/li><li>Haga clic en el a\u00f1o correcto<\/li><li>Luego puede ver su expediente como un archivo PDF<\/li><li>Igualmente puede solicitar que la transcripci\u00f3n sea enviada a su direcci\u00f3n postal, que se encuentra inscrita en sus \u201ctaxes\u201d. La transcripci\u00f3n es enviada dentro de 5 a 10 d\u00edas.<\/li><\/ul><ol><li value=\"2\">Tambi\u00e9n puede comunicarse al\u00a0<strong>1-800-908-9946.<\/strong><ol><li>Los declarantes de impuestos deben seguir indicaciones para introducir el n\u00famero de seguro social del contribuyente fiscal primario y los n\u00fameros en su direcci\u00f3n de la calle. En general, este ser\u00e1 el n\u00famero de la direcci\u00f3n de la calle que se cotiza en la \u00faltima declaraci\u00f3n de impuestos. Si un cambio de direcci\u00f3n se ha completado, ya sea a trav\u00e9s del IRS o el Servicio Postal de los Estados Unidos, el IRS puede tener la direcci\u00f3n actualizada en el archivo. Para una declaraci\u00f3n de impuestos conjunta, utilice el n\u00famero de seguro social del contribuyente fiscal primario, fecha de nacimiento, direcci\u00f3n y c\u00f3digo postal o c\u00f3digo postal. Seleccione \u201cOpci\u00f3n 2\u201d para solicitar una Transcripci\u00f3n del IRS y luego entrar en el a\u00f1o fiscal solicit\u00f3. Si es validado con \u00e9xito, los declarantes de impuestos pueden esperar recibir un documento Transcripci\u00f3n del IRS en la direcci\u00f3n que se registra en IRS dentro de 5 a 10 d\u00edas h\u00e1biles. Transcripciones declaraci\u00f3n de impuestos no pueden ser enviados a una direcci\u00f3n distinta de la que est\u00e1 en el archivo con el IRS. Una vez recibido, entregar la Declaraci\u00f3n de Impuestos Transcripci\u00f3n a la oficina de Asistencia Econ\u00f3mica.<\/li><\/ol><\/li><\/ol><p>Para mayor informaci\u00f3n o apoyo en el proceso, puede comunicarse con la Oficina de Asistencia Econ\u00f3mica 787-765-3560 en Recinto de Hato Rey y 787-896-2252 en el Recinto de San Sebasti\u00e1n.<\/p><\/div>\n\t\t\t\t\t\t\t<\/div>\n\t\t<\/div>\n\t\t\t\t<\/div>\n\t\t\t\t<\/div>\n\t\t\t\t\t<\/div>\n\t\t<\/div>\n\t\t\t\t\t<\/div>\n\t\t<\/section>\n\t\t\t\t<section class=\"elementor-section elementor-top-section elementor-element elementor-element-2c28256 elementor-section-boxed elementor-section-height-default elementor-section-height-default\" data-id=\"2c28256\" data-element_type=\"section\">\n\t\t\t\t\t\t<div class=\"elementor-container elementor-column-gap-default\">\n\t\t\t\t\t<div class=\"elementor-column elementor-col-100 elementor-top-column elementor-element elementor-element-c113057\" data-id=\"c113057\" data-element_type=\"column\">\n\t\t\t<div class=\"elementor-widget-wrap elementor-element-populated\">\n\t\t\t\t\t\t<div class=\"elementor-element elementor-element-a24a8d6 elementor-widget elementor-widget-spacer\" data-id=\"a24a8d6\" data-element_type=\"widget\" data-widget_type=\"spacer.default\">\n\t\t\t\t<div class=\"elementor-widget-container\">\n\t\t\t\t\t<div class=\"elementor-spacer\">\n\t\t\t<div class=\"elementor-spacer-inner\"><\/div>\n\t\t<\/div>\n\t\t\t\t<\/div>\n\t\t\t\t<\/div>\n\t\t\t\t\t<\/div>\n\t\t<\/div>\n\t\t\t\t\t<\/div>\n\t\t<\/section>\n\t\t\t\t<\/div>\n\t\t","protected":false},"excerpt":{"rendered":"<p>COSTOS DE MATR\u00cdCULA Y GENERALES\u00a0 Conoce los costos que se presentan en el documento adjunto TUITION AND FEES\u00a0(favor entrar al enlace). Podr\u00e1 ver de manera segmentada los costos de cr\u00e9ditos por escuelas acad\u00e9micas. El costo de matr\u00edcula depender\u00e1 de la cantidad de cr\u00e9ditos de cada curso, cuotas y otros cargos.\u00a0 Los estudiantes deben familiarizarse con&#8230;<\/p>\n","protected":false},"author":8,"featured_media":0,"parent":0,"menu_order":0,"comment_status":"closed","ping_status":"closed","template":"","meta":{"_monsterinsights_skip_tracking":false,"_monsterinsights_sitenote_active":false,"_monsterinsights_sitenote_note":"","_monsterinsights_sitenote_category":0,"footnotes":""},"_links":{"self":[{"href":"https:\/\/wearewebrything.com\/edptest\/wp-json\/wp\/v2\/pages\/26834"}],"collection":[{"href":"https:\/\/wearewebrything.com\/edptest\/wp-json\/wp\/v2\/pages"}],"about":[{"href":"https:\/\/wearewebrything.com\/edptest\/wp-json\/wp\/v2\/types\/page"}],"author":[{"embeddable":true,"href":"https:\/\/wearewebrything.com\/edptest\/wp-json\/wp\/v2\/users\/8"}],"replies":[{"embeddable":true,"href":"https:\/\/wearewebrything.com\/edptest\/wp-json\/wp\/v2\/comments?post=26834"}],"version-history":[{"count":6,"href":"https:\/\/wearewebrything.com\/edptest\/wp-json\/wp\/v2\/pages\/26834\/revisions"}],"predecessor-version":[{"id":42087,"href":"https:\/\/wearewebrything.com\/edptest\/wp-json\/wp\/v2\/pages\/26834\/revisions\/42087"}],"wp:attachment":[{"href":"https:\/\/wearewebrything.com\/edptest\/wp-json\/wp\/v2\/media?parent=26834"}],"curies":[{"name":"wp","href":"https:\/\/api.w.org\/{rel}","templated":true}]}}