{"id":26894,"date":"2017-03-03T16:29:01","date_gmt":"2017-03-03T20:29:01","guid":{"rendered":"https:\/\/wearewebrything.com\/edptest\/?page_id=26894"},"modified":"2023-03-01T14:56:14","modified_gmt":"2023-03-01T18:56:14","slug":"centro_recursos_info","status":"publish","type":"page","link":"https:\/\/wearewebrything.com\/edptest\/centro-recursos-info\/","title":{"rendered":"Centro de Recursos para la Informaci\u00f3n"},"content":{"rendered":"<style type=\"text\/css\"> \n#cmsmasters_row_69fe49e912f19 { \n\tbackground-image: url(https:\/\/wearewebrything.com\/edptest\/wp-content\/uploads\/Banner-Servicio-al-Estudiante-3.png); \n\tbackground-position: top center; \n\tbackground-repeat: no-repeat; \n\tbackground-attachment: scroll; \n\tbackground-size: cover; \n} \n\n#cmsmasters_row_69fe49e912f19 .cmsmasters_row_outer_parent { \n\tpadding-top: 80px; \n} \n\n#cmsmasters_row_69fe49e912f19 .cmsmasters_row_outer_parent { \n\tpadding-bottom: 80px; \n} \n\n#cmsmasters_row_69fe49e912f19 .cmsmasters_row_overlay { \n\tbackground-color:rgba(37,37,49,0.1);\n} \n\n \n#cmsmasters_heading_69fe49e9134f8 { \n\ttext-align:left; \n\tmargin-top:30px; \n\tmargin-bottom:30px; \n} \n\n#cmsmasters_heading_69fe49e9134f8 .cmsmasters_heading { \n\ttext-align:left; \n} \n\n#cmsmasters_heading_69fe49e9134f8 .cmsmasters_heading, #cmsmasters_heading_69fe49e9134f8 .cmsmasters_heading a { \n\tfont-size:50px; \n\tline-height:90px; \n\tfont-weight:300; \n\tfont-style:normal; \n\tcolor:#ffffff;\n} \n\n#cmsmasters_heading_69fe49e9134f8 .cmsmasters_heading_divider { \n} \n\n \n#cmsmasters_row_69fe49e913541 .cmsmasters_row_outer_parent { \n\tpadding-top: 30px; \n} \n\n#cmsmasters_row_69fe49e913541 .cmsmasters_row_outer_parent { \n\tpadding-bottom: 50px; \n} \n\n \n#cmsmasters_heading_69fe49e9138de { \n\ttext-align:left; \n\tmargin-top:0px; \n\tmargin-bottom:20px; \n} \n\n#cmsmasters_heading_69fe49e9138de .cmsmasters_heading { \n\ttext-align:left; \n} \n\n#cmsmasters_heading_69fe49e9138de .cmsmasters_heading, #cmsmasters_heading_69fe49e9138de .cmsmasters_heading a { \n\tfont-weight:normal; \n\tfont-style:normal; \n\tcolor:#108e9e;\n} \n\n#cmsmasters_heading_69fe49e9138de .cmsmasters_heading_divider { \n} \n\n \n#cmsmasters_tabs_list_item_69fe49e913aaf.current_tab:before { \n\tbackground-color:#10839e;\n} \n \n#cmsmasters_row_69fe49e913e62 .cmsmasters_row_outer_parent { \n\tpadding-top: 20px; \n} \n\n#cmsmasters_row_69fe49e913e62 .cmsmasters_row_outer_parent { \n\tpadding-bottom: 20px; \n} \n\n #cmsmasters_icon_list_items_69fe49e913fca { \n\tpadding-left:35px; \n} \n\n#cmsmasters_icon_list_items_69fe49e913fca .cmsmasters_icon_list_item:before { \n\tfont-size:15px; \n\tleft:-35px; \n} \n\n.cmsmasters_icon_list_items #cmsmasters_icon_list_item_69fe49e914055:before { \n\tcolor:#108e9e;\n} \n\n.cmsmasters_icon_list_items #cmsmasters_icon_list_item_69fe49e914077:before { \n\tcolor:#959595;\n} \n\n.cmsmasters_icon_list_items #cmsmasters_icon_list_item_69fe49e91408e:before { \n\tcolor:#959595;\n} \n\n.cmsmasters_icon_list_items #cmsmasters_icon_list_item_69fe49e9140a0:before { \n\tcolor:#959595;\n} \n\n.cmsmasters_icon_list_items #cmsmasters_icon_list_item_69fe49e9140b2:before { \n\tcolor:#959595;\n} \n\n.cmsmasters_icon_list_items #cmsmasters_icon_list_item_69fe49e9140c3:before { \n\tcolor:#959595;\n} \n #cmsmasters_icon_list_items_69fe49e914151 { \n\tpadding-left:35px; \n} \n\n#cmsmasters_icon_list_items_69fe49e914151 .cmsmasters_icon_list_item:before { \n\tfont-size:15px; \n\tleft:-35px; \n} \n\n.cmsmasters_icon_list_items #cmsmasters_icon_list_item_69fe49e914183:before { \n\tcolor:#108e9e;\n} \n\n.cmsmasters_icon_list_items #cmsmasters_icon_list_item_69fe49e914199:before { \n\tcolor:#959595;\n} \n\n.cmsmasters_icon_list_items #cmsmasters_icon_list_item_69fe49e9141ac:before { \n\tcolor:#959595;\n} \n\n.cmsmasters_icon_list_items #cmsmasters_icon_list_item_69fe49e9141bd:before { \n\tcolor:#959595;\n} \n\n.cmsmasters_icon_list_items #cmsmasters_icon_list_item_69fe49e9141cd:before { \n\tcolor:#959595;\n} \n\n.cmsmasters_icon_list_items #cmsmasters_icon_list_item_69fe49e9141de:before { \n\tcolor:#959595;\n} \n #cmsmasters_icon_list_items_69fe49e914251 { \n\tpadding-left:35px; \n} \n\n#cmsmasters_icon_list_items_69fe49e914251 .cmsmasters_icon_list_item:before { \n\tfont-size:15px; \n\tleft:-35px; \n} \n\n.cmsmasters_icon_list_items #cmsmasters_icon_list_item_69fe49e91427f:before { \n\tcolor:#108e9e;\n} \n\n.cmsmasters_icon_list_items #cmsmasters_icon_list_item_69fe49e914294:before { \n\tcolor:#959595;\n} \n\n.cmsmasters_icon_list_items #cmsmasters_icon_list_item_69fe49e9142a6:before { \n\tcolor:#959595;\n} \n\n.cmsmasters_icon_list_items #cmsmasters_icon_list_item_69fe49e9142b7:before { \n\tcolor:#959595;\n} \n\n.cmsmasters_icon_list_items #cmsmasters_icon_list_item_69fe49e9142c7:before { \n\tcolor:#959595;\n} \n\n.cmsmasters_icon_list_items #cmsmasters_icon_list_item_69fe49e9142d6:before { \n\tcolor:#959595;\n} \n \n#cmsmasters_row_69fe49e914315 .cmsmasters_row_outer_parent { \n\tpadding-top: 20px; \n} \n\n#cmsmasters_row_69fe49e914315 .cmsmasters_row_outer_parent { \n\tpadding-bottom: 40px; \n} \n\n #cmsmasters_icon_list_items_69fe49e9143bb { \n\tpadding-left:35px; \n} \n\n#cmsmasters_icon_list_items_69fe49e9143bb .cmsmasters_icon_list_item:before { \n\tfont-size:15px; \n\tleft:-35px; \n} \n\n.cmsmasters_icon_list_items #cmsmasters_icon_list_item_69fe49e9143eb:before { \n\tcolor:#108e9e;\n} \n\n.cmsmasters_icon_list_items #cmsmasters_icon_list_item_69fe49e914402:before { \n\tcolor:#959595;\n} \n\n.cmsmasters_icon_list_items #cmsmasters_icon_list_item_69fe49e914415:before { \n\tcolor:#959595;\n} \n\n.cmsmasters_icon_list_items #cmsmasters_icon_list_item_69fe49e914425:before { \n\tcolor:#959595;\n} \n\n.cmsmasters_icon_list_items #cmsmasters_icon_list_item_69fe49e914436:before { \n\tcolor:#959595;\n} \n\n.cmsmasters_icon_list_items #cmsmasters_icon_list_item_69fe49e914446:before { \n\tcolor:#959595;\n} \n #cmsmasters_icon_list_items_69fe49e9144d3 { \n\tpadding-left:35px; \n} \n\n#cmsmasters_icon_list_items_69fe49e9144d3 .cmsmasters_icon_list_item:before { \n\tfont-size:15px; \n\tleft:-35px; \n} \n\n.cmsmasters_icon_list_items #cmsmasters_icon_list_item_69fe49e914519:before { \n\tcolor:#108e9e;\n} \n\n.cmsmasters_icon_list_items #cmsmasters_icon_list_item_69fe49e91452f:before { \n\tcolor:#959595;\n} \n\n.cmsmasters_icon_list_items #cmsmasters_icon_list_item_69fe49e914540:before { \n\tcolor:#959595;\n} \n\n.cmsmasters_icon_list_items #cmsmasters_icon_list_item_69fe49e914551:before { \n\tcolor:#959595;\n} \n\n.cmsmasters_icon_list_items #cmsmasters_icon_list_item_69fe49e914562:before { \n\tcolor:#959595;\n} \n\n.cmsmasters_icon_list_items #cmsmasters_icon_list_item_69fe49e914573:before { \n\tcolor:#959595;\n} \n<\/style><div id=\"cmsmasters_row_69fe49e912f19\" class=\"cmsmasters_row cmsmasters_color_scheme_default cmsmasters_row_top_default cmsmasters_row_bot_default cmsmasters_row_boxed\">\n<div class=\"cmsmasters_row_outer_parent\">\n<div class=\"cmsmasters_row_overlay\"><\/div>\n<div class=\"cmsmasters_row_outer\">\n<div class=\"cmsmasters_row_inner\">\n<div class=\"cmsmasters_row_margin\">\n<br \/>\n<div class=\"cmsmasters_column one_first\">\n<div class=\"cmsmasters_column one_first\">\n<\/div>\n\n<div id=\"cmsmasters_heading_69fe49e9134f8\" class=\"cmsmasters_heading_wrap cmsmasters_heading_align_left\">\n\t<h1 class=\"cmsmasters_heading\">SERVICIOS AL ESTUDIANTE<\/h1>\n<\/div>\n<\/div>\n<\/div>\n<\/div>\n<\/div>\n<\/div>\n<\/div>\n<div id=\"cmsmasters_row_69fe49e913541\" class=\"cmsmasters_row cmsmasters_color_scheme_default cmsmasters_row_top_default cmsmasters_row_bot_default cmsmasters_row_boxed\">\n<div class=\"cmsmasters_row_outer_parent\">\n<div class=\"cmsmasters_row_outer\">\n<div class=\"cmsmasters_row_inner\">\n<div class=\"cmsmasters_row_margin\">\n<div class=\"cmsmasters_column one_first\">\n\n<div id=\"cmsmasters_heading_69fe49e9138de\" class=\"cmsmasters_heading_wrap cmsmasters_heading_align_left\">\n\t<h1 class=\"cmsmasters_heading\">Centro de Recursos para la Informaci\u00f3n<\/h1>\n<\/div> \n<div class=\"cmsmasters_tabs tabs_mode_tab\">\n<ul class=\"cmsmasters_tabs_list\">\n<li id=\"cmsmasters_tabs_list_item_69fe49e913aaf\" class=\"cmsmasters_tabs_list_item current_tab\">\n<a href=\"#\">\n<span>Servicios<\/span>\n<\/a>\n<\/li><li id=\"cmsmasters_tabs_list_item_69fe49e913bd9\" class=\"cmsmasters_tabs_list_item\">\n<a href=\"#\">\n<span>Bases de Datos <\/span>\n<\/a>\n<\/li><li id=\"cmsmasters_tabs_list_item_69fe49e913d47\" class=\"cmsmasters_tabs_list_item\">\n<a href=\"#\">\n<span>Normas y Pol\u00edticas<\/span>\n<\/a>\n<\/li><\/ul>\n<div class=\"cmsmasters_tabs_wrap\">\n<div id=\"cmsmasters_tab_69fe49e913aaf\" class=\"cmsmasters_tab active_tab\">\n<div class=\"cmsmasters_tab_inner\">\n<div class=\"cmsmasters_text\">\n<p>Vendr\u00e1s por ayuda en tus tareas y encontrar\u00e1s mucho m\u00e1s. Adem\u00e1s de una colecci\u00f3n extensa de libros impresos y electr\u00f3nicos, contamos con las \u00faltimas ediciones de revistas y peri\u00f3dicos de inter\u00e9s. Terminales de computadora con acceso gratuito al Internet est\u00e1n disponibles para la investigaci\u00f3n con acceso a bases de datos, que junto a los bibliotecarios, facilitar\u00e1n tu proceso de estudio.<\/p>\n<p>Buscamos apoyar y fortalecer el programa acad\u00e9mico, garantizando el acceso a informaci\u00f3n pertinente y actualizada que contribuya al desarrollo acad\u00e9mico, social, cultura e individual de nuestros estudiantes.<\/p>\n<p>Los estudiantes, la facultad y la administraci\u00f3n de EDP University tienen prioridad en la prestaci\u00f3n de servicios, pero como parte de nuestro compromiso, hemos establecido lazos de amistad y apoyo con nuestras comunidades inmediatas as\u00ed como con estudiantes de otras universidades, colegios y escuelas, para la prestaci\u00f3n de servicios y recursos de nuestros Centros.<\/p>\n<p>Todo usuario debe presentar una tarjeta de identificaci\u00f3n al momento de solicitar servicios o el pr\u00e9stamo de recursos.<\/p>\n<p>Servicios Disponibles:<\/p>\n<ul>\n<li>B\u00fasqueda de informaci\u00f3n, consulta de obras de referencia y otros recursos en la biblioteca<\/li>\n<li>Instrucci\u00f3n en la utilizaci\u00f3n de fuentes de consulta en cualquier formato y utilizaci\u00f3n de los servicios<\/li>\n<li>Desarrollo de competencias de informaci\u00f3n<\/li>\n<li>Servicios de investigaci\u00f3n bibliogr\u00e1fica<\/li>\n<li>Sala para estudio<\/li>\n<li>Computadoras con programas para realizar tareas de investigaci\u00f3n<\/li>\n<li>Acceso a:<\/li>\n<\/ul>\n<p>&#8211; Libros electr\u00f3nicos Bases de datos y bibliotecas virtuales<\/p>\n<p>&#8211; Internet<\/p>\n<p>&#8211; Bases de datos y bibliotecas virtuales<\/p>\n<p>&#8211; Pr\u00e9stamo de libros, equipos y materiales audiovisuales<\/p>\n<p>&#8211; Fotocopiadoras<\/p>\n<p>&#8211; Acuerdos Colaborativos y Pr\u00e9stamos Interbibliotecarios:<\/p>\n<p>Huertas Junior College<\/p>\n<p>Universidad Polit\u00e9cnica<\/p>\n<\/div>\n<div class=\"cmsmasters_text\"><\/div>\n<\/div>\n<\/div><div id=\"cmsmasters_tab_69fe49e913bd9\" class=\"cmsmasters_tab\">\n<div class=\"cmsmasters_tab_inner\">\n<div class=\"cmsmasters_text\">\n<ul>\n<li><a href=\"http:\/\/search.ebscohost.com\" target=\"_blank\" rel=\"noopener noreferrer\">EBSCO<\/a><\/li>\n<li>Mandarin<\/li>\n<li><a href=\"http:\/\/oceanodigital.oceano.com\/Consulta\/login.do\" target=\"_blank\" rel=\"noopener noreferrer\">Ocenet<\/a><\/li>\n<li>Cat\u00e1logo de Recursos Educativos (Mandarin)<\/li>\n<li>E-Libro<\/li>\n<li>E-brary<\/li>\n<li>HETS<\/li>\n<li>Nursing Assesment (videos)<\/li>\n<li>Nursing Education (videos)<\/li>\n<li>Nursing Assistant (videos)<\/li>\n<li>Rehabilitation Therapy (videos)<\/li>\n<li>NNN Consult<\/li>\n<li>Lexjuris<\/li>\n<li>Microjuris<\/li>\n<li>Cengage<\/li>\n<li>Pearson<\/li>\n<\/ul>\n<p>Bases de datos gratuitas:<\/p>\n<ul>\n<li><a href=\"https:\/\/www.atsdr.cdc.gov\/\" target=\"_blank\" rel=\"noopener noreferrer\">Agency for Toxic Substances and Disease Registry<\/a> \u2014 is a federal public health agency of the U.S. Department of Health and Human Services. ATSDR serves the public by using the best science, taking responsive public health actions, and providing trusted health information to prevent harmful exposures and diseases related to toxic substances.<\/li>\n<li><a href=\"http:\/\/www.allaboutmarketresearch.com\" target=\"_blank\" rel=\"noopener noreferrer\">All About Market Research<\/a> \u2014 is a directory and guide to the best tools, tips, resources and services for your Internet Marketing Research success. Here you can find resources and information for making more productive your Internet Marketing work.<\/li>\n<li><a href=\"http:\/\/bdh.bne.es\/bnesearch\/Inicio.do\" target=\"_blank\" rel=\"noopener noreferrer\">Digital Hisp\u00e1nica<\/a> \u2014 es un recurso en l\u00ednea de la Biblioteca Nacional de Espa\u00f1a, que proporciona acceso libre y gratuito a miles de documentos digitalizados, con el prop\u00f3sito final de disponer de una imagen de consulta que agilice y facilite la difusi\u00f3n de los documentos originales que se conservan en su soporte original para asegurar su perdurabilidad.<\/li>\n<li><a href=\"https:\/\/www.cienciapr.org\/\" target=\"_blank\" rel=\"noopener noreferrer\">CienciaPR<\/a> \u2014 es una red de recursos para todos los interesados en las ciencias y en Puerto Rico.<\/li>\n<li><a href=\"https:\/\/collegegrad.com\/careers\" target=\"_blank\" rel=\"noopener noreferrer\">College Grad Career Information<\/a> \u2014 keep up with job search tips, new job postings and other news and events.<\/li>\n<li><a href=\"http:\/\/copyright.lib.utexas.edu\/\" target=\"_blank\" rel=\"noopener noreferrer\">Crash Course in Copyright<\/a> \u2014 teaches you how ownership of copyrighted materials works, what is fair use, and when and how to get permission to use someone else\u2019s materials.<\/li>\n<li><a href=\"http:\/\/www.cybertesis.cl\/\" target=\"_blank\" rel=\"noopener noreferrer\">CyberTesis Universidad de Chile<\/a> \u2014 el portal de tesis electr\u00f3nicas de la Universidad de Chile.<\/li>\n<li><a href=\"http:\/\/www.filosofia.org\/pcero.htm\" target=\"_blank\" rel=\"noopener noreferrer\">Diccionario Filos\u00f3fico<\/a> de Pelayo Garc\u00eda Sierra.<\/li>\n<li><a href=\"http:\/\/www.trazegnies.arrakis.es\/indexdi1.html\" target=\"_blank\" rel=\"noopener noreferrer\">Diccionario Literario biblioteca virtual de literatura<\/a><\/li>\n<li><a href=\"https:\/\/archive.org\/\" target=\"_blank\" rel=\"noopener noreferrer\">Internet Archive<\/a> \u2014 offers access to historical collections that exist in digital format includes access for the blind and persons with disabilities.<\/li>\n<li><a href=\"http:\/\/www.petersons.com\/\" target=\"_blank\" rel=\"noopener noreferrer\">Peterson\u2019s<\/a> \u2013 Your Comprehensive Guide to College Information \u2014 es una gu\u00eda a las universidades y colegios a trav\u00e9s de los Estados Unidos.<\/li>\n<li><a href=\"http:\/\/www.theplantlist.org\" target=\"_blank\" rel=\"noopener noreferrer\">Plant List <\/a>\u2014 es una lista con informaci\u00f3n de todas las especies de plantas conocidas.<\/li>\n<li><a href=\"http:\/\/ideas.repec.org\/\" target=\"_blank\" rel=\"noopener noreferrer\">Research Papers in Economics<\/a> \u2014 Contiene sobre 1,300,000 art\u00edculos de investigaci\u00f3n en el tema de econom\u00eda que pueden ser descargados gratuitamente en texto completo.<\/li>\n<li><a href=\"http:\/\/www.sciencemag.org\/\" target=\"_blank\" rel=\"noopener noreferrer\">Science Nature<\/a> \u2014 Posee art\u00edculos cient\u00edficos de diversos temas, algunos son: Salud, Investigaci\u00f3n, Medio Ambiente y Agricultura.<\/li>\n<li><a href=\"http:\/\/www.worldometers.info\/\" target=\"_blank\" rel=\"noopener noreferrer\">Worldometers<\/a> \u2014 World Statistics Updated in Real Time.<\/li>\n<\/ul>\n<\/div>\n<\/div>\n<\/div><div id=\"cmsmasters_tab_69fe49e913d47\" class=\"cmsmasters_tab\">\n<div class=\"cmsmasters_tab_inner\">\n<p><strong>Normas b\u00e1sicas en el uso de Internet en los Centros de Recursos para la Informaci\u00f3n:<\/strong><\/p>\n<ul>\n<li>Se provee servicio de Internet con el prop\u00f3sito de brindar acceso a la gran diversidad de informaci\u00f3n que existe en el World Wide Web para fines educativos. Sin embargo, no podemos ser responsables por la informaci\u00f3n que finalmente el usuario acceda.<\/li>\n<li>Existe una pol\u00edtica de uso de la tecnolog\u00eda en la instituci\u00f3n formulada por la Oficina de Sistemas de Informaci\u00f3n. No obstante los Centros de Recursos para la Informaci\u00f3n se mantienen expresados en su Pol\u00edtica Para el Uso de los Recursos Electr\u00f3nicos y mantienen unas normas b\u00e1sicas para su uso.<\/li>\n<li>El uso es prioritario para los estudiantes, facultad, personal administrativo y ex-alumnos de la Instituci\u00f3n.<\/li>\n<li>El uso debe ser con fines educativos y de investigaci\u00f3n.<\/li>\n<li>Se utilizar\u00e1 para imprimir la impresora ubicada en la biblioteca.<\/li>\n<li>Pueden utilizar las computadoras por un tiempo limitado m\u00e1ximo de tres horas.<\/li>\n<\/ul>\n<p><strong>Pol\u00edticas y Normas: <\/strong><\/p>\n<ul>\n<li><a href=\"https:\/\/wearewebrything.com\/edptest\/wp-content\/uploads\/Politica-NO-Discrimen-Rev2020_Firmada.pdf\" target=\"_blank\" rel=\"noopener noreferrer\">Pol\u00edtica de no discriminaci\u00f3n<\/a> &#8211; No discriminaremos en la prestaci\u00f3n de nuestros servicios por razones de edad, religi\u00f3n, creencia pol\u00edtica, sexo, preferencia sexual o nacionalidad a ning\u00fan usuario de la instituci\u00f3n que nos solicite servicios de informaci\u00f3n o prestaci\u00f3n de recursos.<\/li>\n<li><a href=\"https:\/\/wearewebrything.com\/edptest\/wp-content\/uploads\/POLITICA-DE-ACCESO-A-LA-INFORMACION-EN-LAS-BIBLIOTECAS-DE-EDP-UNIVERSITY-OF-PUERTO-RICO.pdf\" target=\"_blank\" rel=\"noopener noreferrer\">Pol\u00edtica de Acceso a la Informaci\u00f3n en las Bibliotecas de EDP University of Puerto Rico<\/a><\/li>\n<li><a href=\"https:\/\/wearewebrything.com\/edptest\/wp-content\/uploads\/Prestamos-Interbibliotecarios-mayo-2017.pdf\" target=\"_blank\" rel=\"noopener noreferrer\">Pr\u00e9stamos Interbibliotecarios<\/a><\/li>\n<li><a href=\"https:\/\/wearewebrything.com\/edptest\/wp-content\/uploads\/POLITICA-PARA-EL-USO-DE-LOS-RECURSOS-ELECTRONICOS.pdf\" target=\"_blank\" rel=\"noopener noreferrer\">Pol\u00edtica para el uso de los Recursos Electr\u00f3nicos<\/a><\/li>\n<li><a href=\"https:\/\/wearewebrything.com\/edptest\/wp-content\/uploads\/2017\/03\/Normas-de-Comportamiento-2017.pdf\" target=\"_blank\" rel=\"noopener noreferrer\">Normas de Comportamiento\u00a0<\/a><\/li>\n<\/ul>\n<\/div>\n<\/div><\/div>\n<\/div>\n<\/div>\n<\/div>\n<\/div>\n<\/div>\n<\/div>\n<\/div>\n<div id=\"cmsmasters_row_69fe49e913e62\" class=\"cmsmasters_row cmsmasters_color_scheme_default cmsmasters_row_top_default cmsmasters_row_bot_default cmsmasters_row_boxed\">\n<div class=\"cmsmasters_row_outer_parent\">\n<div class=\"cmsmasters_row_outer\">\n<div class=\"cmsmasters_row_inner\">\n<div class=\"cmsmasters_row_margin\">\n<div class=\"cmsmasters_column one_third\">\n \n<ul id=\"cmsmasters_icon_list_items_69fe49e913fca\" class=\"cmsmasters_icon_list_items cmsmasters_icon_list_type_list cmsmasters_icon_list_pos_left cmsmasters_color_type_border padding: 25px 50px 75px 100px;\"><li id=\"cmsmasters_icon_list_item_69fe49e914055\" class=\"cmsmasters_icon_list_item cmsmasters-icon-building-filled\">Recinto de Hato Rey<\/li><li id=\"cmsmasters_icon_list_item_69fe49e914077\" class=\"cmsmasters_icon_list_item cmsmasters-icon-user\">Ivelisse Col\u00f3n Montes<\/li><li id=\"cmsmasters_icon_list_item_69fe49e91408e\" class=\"cmsmasters_icon_list_item cmsmasters-icon-street-view\">Directora de Biblioteca<\/li><li id=\"cmsmasters_icon_list_item_69fe49e9140a0\" class=\"cmsmasters_icon_list_item cmsmasters-icon-phone\">(787) 765-3560, ext. 2227<\/li><li id=\"cmsmasters_icon_list_item_69fe49e9140b2\" class=\"cmsmasters_icon_list_item cmsmasters-icon-mail\">icolon@wearewebrything.com<\/li><li id=\"cmsmasters_icon_list_item_69fe49e9140c3\" class=\"cmsmasters_icon_list_item cmsmasters-icon-clock\">Lunes a viernes de 7:30am \u2013 10:00pm; s\u00e1bados de 7:30am \u2013 5:00pm <\/li><\/ul>\n<\/div>\n<div class=\"cmsmasters_column one_third\">\n \n<ul id=\"cmsmasters_icon_list_items_69fe49e914151\" class=\"cmsmasters_icon_list_items cmsmasters_icon_list_type_list cmsmasters_icon_list_pos_left cmsmasters_color_type_border padding: 25px 50px 75px 100px;\"><li id=\"cmsmasters_icon_list_item_69fe49e914183\" class=\"cmsmasters_icon_list_item cmsmasters-icon-building-filled\">Recinto de San Sebasti\u00e1n<\/li><li id=\"cmsmasters_icon_list_item_69fe49e914199\" class=\"cmsmasters_icon_list_item cmsmasters-icon-user\">Marisol Giraud<\/li><li id=\"cmsmasters_icon_list_item_69fe49e9141ac\" class=\"cmsmasters_icon_list_item cmsmasters-icon-street-view\">Directora de Biblioteca<\/li><li id=\"cmsmasters_icon_list_item_69fe49e9141bd\" class=\"cmsmasters_icon_list_item cmsmasters-icon-phone\">(787) 896-2252, ext. 3202, 3201, 3207<\/li><li id=\"cmsmasters_icon_list_item_69fe49e9141cd\" class=\"cmsmasters_icon_list_item cmsmasters-icon-mail\">mgiraud@wearewebrything.com<\/li><li id=\"cmsmasters_icon_list_item_69fe49e9141de\" class=\"cmsmasters_icon_list_item cmsmasters-icon-clock\">Lunes a viernes de 8:00am - 8:00pm<\/li><\/ul>\n<\/div>\n<div class=\"cmsmasters_column one_third\">\n \n<ul id=\"cmsmasters_icon_list_items_69fe49e914251\" class=\"cmsmasters_icon_list_items cmsmasters_icon_list_type_list cmsmasters_icon_list_pos_left cmsmasters_color_type_border padding: 25px 50px 75px 100px;\"><li id=\"cmsmasters_icon_list_item_69fe49e91427f\" class=\"cmsmasters_icon_list_item cmsmasters-icon-building-filled\">Centro Universitario de Humacao<\/li><li id=\"cmsmasters_icon_list_item_69fe49e914294\" class=\"cmsmasters_icon_list_item cmsmasters-icon-user\">Victor Col\u00f3n Cruz<\/li><li id=\"cmsmasters_icon_list_item_69fe49e9142a6\" class=\"cmsmasters_icon_list_item cmsmasters-icon-street-view\">Oficial de Biblioteca<\/li><li id=\"cmsmasters_icon_list_item_69fe49e9142b7\" class=\"cmsmasters_icon_list_item cmsmasters-icon-phone\">(787) 719-2236, ext. 5004<\/li><li id=\"cmsmasters_icon_list_item_69fe49e9142c7\" class=\"cmsmasters_icon_list_item cmsmasters-icon-mail\">victor.colon@wearewebrything.com <\/li><li id=\"cmsmasters_icon_list_item_69fe49e9142d6\" class=\"cmsmasters_icon_list_item cmsmasters-icon-clock\">Lunes a viernes de 8:00am - 6:00pm<\/li><\/ul>\n<\/div>\n<\/div>\n<\/div>\n<\/div>\n<\/div>\n<\/div>\n<div id=\"cmsmasters_row_69fe49e914315\" class=\"cmsmasters_row cmsmasters_color_scheme_default cmsmasters_row_top_default cmsmasters_row_bot_default cmsmasters_row_boxed\">\n<div class=\"cmsmasters_row_outer_parent\">\n<div class=\"cmsmasters_row_outer\">\n<div class=\"cmsmasters_row_inner\">\n<div class=\"cmsmasters_row_margin\">\n<div class=\"cmsmasters_column one_third\">\n \n<ul id=\"cmsmasters_icon_list_items_69fe49e9143bb\" class=\"cmsmasters_icon_list_items cmsmasters_icon_list_type_list cmsmasters_icon_list_pos_left cmsmasters_color_type_border padding: 25px 50px 75px 100px;\"><li id=\"cmsmasters_icon_list_item_69fe49e9143eb\" class=\"cmsmasters_icon_list_item cmsmasters-icon-building-filled\">Centro Universitario de Manat\u00ed<\/li><li id=\"cmsmasters_icon_list_item_69fe49e914402\" class=\"cmsmasters_icon_list_item cmsmasters-icon-user\">Karen Rosario Ayala<\/li><li id=\"cmsmasters_icon_list_item_69fe49e914415\" class=\"cmsmasters_icon_list_item cmsmasters-icon-street-view\">Bibliotecaria<\/li><li id=\"cmsmasters_icon_list_item_69fe49e914425\" class=\"cmsmasters_icon_list_item cmsmasters-icon-phone\">(787) 621-3652, ext. 4004<\/li><li id=\"cmsmasters_icon_list_item_69fe49e914436\" class=\"cmsmasters_icon_list_item cmsmasters-icon-mail\">karosario@wearewebrything.com<\/li><li id=\"cmsmasters_icon_list_item_69fe49e914446\" class=\"cmsmasters_icon_list_item cmsmasters-icon-clock\">Lunes a viernes de 8:00am - 5:00pm<\/li><\/ul>\n<\/div>\n<div class=\"cmsmasters_column one_third\">\n \n<ul id=\"cmsmasters_icon_list_items_69fe49e9144d3\" class=\"cmsmasters_icon_list_items cmsmasters_icon_list_type_list cmsmasters_icon_list_pos_left cmsmasters_color_type_border padding: 25px 50px 75px 100px;\"><li id=\"cmsmasters_icon_list_item_69fe49e914519\" class=\"cmsmasters_icon_list_item cmsmasters-icon-building-filled\">Centro Universitario de Villalba<\/li><li id=\"cmsmasters_icon_list_item_69fe49e91452f\" class=\"cmsmasters_icon_list_item cmsmasters-icon-user\">Yairelys Rivera Otero<\/li><li id=\"cmsmasters_icon_list_item_69fe49e914540\" class=\"cmsmasters_icon_list_item cmsmasters-icon-street-view\">Oficial de Biblioteca<\/li><li id=\"cmsmasters_icon_list_item_69fe49e914551\" class=\"cmsmasters_icon_list_item cmsmasters-icon-phone\">(787) 588-0003, ext. 6004<\/li><li id=\"cmsmasters_icon_list_item_69fe49e914562\" class=\"cmsmasters_icon_list_item cmsmasters-icon-mail\">yarivera@wearewebrything.com<\/li><li id=\"cmsmasters_icon_list_item_69fe49e914573\" class=\"cmsmasters_icon_list_item cmsmasters-icon-clock\">Lunes a viernes de 7:00am \u2013 4:00pm<\/li><\/ul>\n<\/div>\n<div class=\"cmsmasters_column one_third\">\n<\/div>\n<\/div>\n<\/div>\n<\/div>\n<\/div>\n<\/div>\n\n","protected":false},"excerpt":{"rendered":"","protected":false},"author":8,"featured_media":0,"parent":0,"menu_order":0,"comment_status":"closed","ping_status":"closed","template":"","meta":{"_monsterinsights_skip_tracking":false,"_monsterinsights_sitenote_active":false,"_monsterinsights_sitenote_note":"","_monsterinsights_sitenote_category":0,"footnotes":""},"_links":{"self":[{"href":"https:\/\/wearewebrything.com\/edptest\/wp-json\/wp\/v2\/pages\/26894"}],"collection":[{"href":"https:\/\/wearewebrything.com\/edptest\/wp-json\/wp\/v2\/pages"}],"about":[{"href":"https:\/\/wearewebrything.com\/edptest\/wp-json\/wp\/v2\/types\/page"}],"author":[{"embeddable":true,"href":"https:\/\/wearewebrything.com\/edptest\/wp-json\/wp\/v2\/users\/8"}],"replies":[{"embeddable":true,"href":"https:\/\/wearewebrything.com\/edptest\/wp-json\/wp\/v2\/comments?post=26894"}],"version-history":[{"count":1,"href":"https:\/\/wearewebrything.com\/edptest\/wp-json\/wp\/v2\/pages\/26894\/revisions"}],"predecessor-version":[{"id":40815,"href":"https:\/\/wearewebrything.com\/edptest\/wp-json\/wp\/v2\/pages\/26894\/revisions\/40815"}],"wp:attachment":[{"href":"https:\/\/wearewebrything.com\/edptest\/wp-json\/wp\/v2\/media?parent=26894"}],"curies":[{"name":"wp","href":"https:\/\/api.w.org\/{rel}","templated":true}]}}