{"id":26897,"date":"2017-03-03T16:34:51","date_gmt":"2017-03-03T20:34:51","guid":{"rendered":"https:\/\/wearewebrything.com\/edptest\/?page_id=26897"},"modified":"2024-01-11T12:41:41","modified_gmt":"2024-01-11T16:41:41","slug":"tutorias","status":"publish","type":"page","link":"https:\/\/wearewebrything.com\/edptest\/tutorias\/","title":{"rendered":"Tutor\u00edas"},"content":{"rendered":"<style type=\"text\/css\"> \n#cmsmasters_row_69fdc5da7b6de { \n\tbackground-image: url(https:\/\/wearewebrything.com\/edptest\/wp-content\/uploads\/Banner-Servicios-al-Estudiante-2.png); \n\tbackground-position: top center; \n\tbackground-repeat: no-repeat; \n\tbackground-attachment: scroll; \n\tbackground-size: cover; \n} \n\n#cmsmasters_row_69fdc5da7b6de .cmsmasters_row_outer_parent { \n\tpadding-top: 80px; \n} \n\n#cmsmasters_row_69fdc5da7b6de .cmsmasters_row_outer_parent { \n\tpadding-bottom: 80px; \n} \n\n#cmsmasters_row_69fdc5da7b6de .cmsmasters_row_overlay { \n\tbackground-color:rgba(37,37,49,0.1);\n} \n\n \n#cmsmasters_heading_69fdc5da7c255 { \n\ttext-align:left; \n\tmargin-top:30px; \n\tmargin-bottom:30px; \n} \n\n#cmsmasters_heading_69fdc5da7c255 .cmsmasters_heading { \n\ttext-align:left; \n} \n\n#cmsmasters_heading_69fdc5da7c255 .cmsmasters_heading, #cmsmasters_heading_69fdc5da7c255 .cmsmasters_heading a { \n\tfont-size:50px; \n\tline-height:90px; \n\tfont-weight:300; \n\tfont-style:normal; \n\tcolor:#ffffff;\n} \n\n#cmsmasters_heading_69fdc5da7c255 .cmsmasters_heading_divider { \n} \n\n \n#cmsmasters_row_69fdc5da7c5eb { \n\tbackground-color:#fafafa;\n} \n\n#cmsmasters_row_69fdc5da7c5eb .cmsmasters_row_outer_parent { \n\tpadding-top: 50px; \n} \n\n#cmsmasters_row_69fdc5da7c5eb .cmsmasters_row_outer_parent { \n\tpadding-bottom: 0px; \n} \n\n \n#cmsmasters_heading_69fdc5da7c85d { \n\ttext-align:left; \n\tmargin-top:0px; \n\tmargin-bottom:0px; \n} \n\n#cmsmasters_heading_69fdc5da7c85d .cmsmasters_heading { \n\ttext-align:left; \n} \n\n#cmsmasters_heading_69fdc5da7c85d .cmsmasters_heading, #cmsmasters_heading_69fdc5da7c85d .cmsmasters_heading a { \n\tfont-weight:normal; \n\tfont-style:normal; \n\tcolor:#108e9e;\n} \n\n#cmsmasters_heading_69fdc5da7c85d .cmsmasters_heading_divider { \n} \n\n \n#cmsmasters_row_69fdc5da7c9b9 { \n\tbackground-color:#fafafa;\n} \n\n#cmsmasters_row_69fdc5da7c9b9 .cmsmasters_row_outer_parent { \n\tpadding-top: 20px; \n} \n\n#cmsmasters_row_69fdc5da7c9b9 .cmsmasters_row_outer_parent { \n\tpadding-bottom: 20px; \n} \n\n #cmsmasters_icon_list_items_69fdc5da7ca22 { \n\tpadding-left:35px; \n} \n\n#cmsmasters_icon_list_items_69fdc5da7ca22 .cmsmasters_icon_list_item:before { \n\tfont-size:15px; \n\tleft:-35px; \n} \n<\/style>\t\t<div data-elementor-type=\"wp-page\" data-elementor-id=\"26897\" class=\"elementor elementor-26897\" data-elementor-post-type=\"page\">\n\t\t\t\t\t\t<section class=\"elementor-section elementor-top-section elementor-element elementor-element-469618b7 elementor-section-boxed elementor-section-height-default elementor-section-height-default\" data-id=\"469618b7\" data-element_type=\"section\">\n\t\t\t\t\t\t<div class=\"elementor-container elementor-column-gap-default\">\n\t\t\t\t\t<div class=\"elementor-column elementor-col-100 elementor-top-column elementor-element elementor-element-6f283d08\" data-id=\"6f283d08\" data-element_type=\"column\">\n\t\t\t<div class=\"elementor-widget-wrap elementor-element-populated\">\n\t\t\t\t\t\t<div class=\"elementor-element elementor-element-2ee97a78 elementor-widget elementor-widget-text-editor\" data-id=\"2ee97a78\" data-element_type=\"widget\" data-widget_type=\"text-editor.default\">\n\t\t\t\t<div class=\"elementor-widget-container\">\n\t\t\t\t\t\t\t<p><div id=\"cmsmasters_row_69fdc5da7b6de\" class=\"cmsmasters_row cmsmasters_color_scheme_default cmsmasters_row_top_default cmsmasters_row_bot_default cmsmasters_row_boxed\">\n<div class=\"cmsmasters_row_outer_parent\">\n<div class=\"cmsmasters_row_overlay\"><\/div>\n<div class=\"cmsmasters_row_outer\">\n<div class=\"cmsmasters_row_inner\">\n<div class=\"cmsmasters_row_margin\">\n<div class=\"cmsmasters_column one_first\">\n\n<div id=\"cmsmasters_heading_69fdc5da7c255\" class=\"cmsmasters_heading_wrap cmsmasters_heading_align_left\">\n\t<h1 class=\"cmsmasters_heading\">SERVICIOS AL ESTUDIANTE<\/h1>\n<\/div>\n<\/div>\n<\/div>\n<\/div>\n<\/div>\n<\/div>\n<\/div>\n<div id=\"cmsmasters_row_69fdc5da7c5eb\" class=\"cmsmasters_row cmsmasters_color_scheme_default cmsmasters_row_top_default cmsmasters_row_bot_default cmsmasters_row_boxed\">\n<div class=\"cmsmasters_row_outer_parent\">\n<div class=\"cmsmasters_row_outer\">\n<div class=\"cmsmasters_row_inner\">\n<div class=\"cmsmasters_row_margin\">\n<div class=\"cmsmasters_column one_first\">\n\n<div id=\"cmsmasters_heading_69fdc5da7c85d\" class=\"cmsmasters_heading_wrap cmsmasters_heading_align_left\">\n\t<h1 class=\"cmsmasters_heading\">Tutor\u00edas<\/h1>\n<\/div><div class=\"cmsmasters_text\">\n<p><strong>Servicios:<\/strong> El Centro de Apoyo Acad\u00e9mico (CAA) fue creado para ayudar al estudiante en su encomienda docente. Estudiantes, tutores y profesores de EDP University of Puerto Rico, Inc. poseen el inter\u00e9s, empe\u00f1o, preparaci\u00f3n y determinaci\u00f3n para brindarle apoyo acad\u00e9mico a los estudiantes. Se ofrece ayuda en todas las materias y destrezas que el estudiante necesite reforzar para tener \u00e9xito en sus estudios universitarios. Se utilizan diversas estrategias y t\u00e9cnicas para apoyar al estudiante: &#8220;peer tutoring&#8221;, &#8220;one-on-one&#8221;, consultas por correo electr\u00f3nico, repasos y grupos de estudio.<\/p>\n<p>El CAA apoya el proceso de ense\u00f1anza-aprendizaje al establecer un compromiso hacia el \u00e9xito acad\u00e9mico de cada estudiante. Contamos con modernas facilidades y tecnolog\u00eda.<\/p>\n<p>Tutor\u00edas en destrezas b\u00e1sicas y materias de concentraci\u00f3n:<\/p>\n<p>\u2022 Ingl\u00e9s \u2022 Espa\u00f1ol \u2022 Matem\u00e1ticas \u2022 Dise\u00f1o \u2022 Ciencias y Tecnolog\u00eda \u2022 Salud \u2022 Administraci\u00f3n de Empresas \u2022 Apoyo con: asignaciones, destrezas, proyectos, aplicaciones computadorizadas, presentaciones, preparaci\u00f3n para ex\u00e1menes, cursos incompletos, cursos en-l\u00ednea, trabajos en grupo, talleres, charlas y demostraciones.<\/p>\n<\/div>\n<\/div>\n<\/div>\n<\/div>\n<\/div>\n<\/div>\n<\/div>\n<div id=\"cmsmasters_row_69fdc5da7c9b9\" class=\"cmsmasters_row cmsmasters_color_scheme_default cmsmasters_row_top_default cmsmasters_row_bot_default cmsmasters_row_boxed\">\n<div class=\"cmsmasters_row_outer_parent\">\n<div class=\"cmsmasters_row_outer\">\n<div class=\"cmsmasters_row_inner\">\n<div class=\"cmsmasters_row_margin\">\n<\/div>\n<\/div>\n<\/div>\n<\/div>\n<\/div>\n<div class=\"cmsmasters_column one_third\">\n<\/div>\n \n<ul id=\"cmsmasters_icon_list_items_69fdc5da7ca22\" class=\"cmsmasters_icon_list_items cmsmasters_icon_list_type_list cmsmasters_icon_list_pos_left cmsmasters_color_type_border padding: 25px 50px 75px 100px;\"><\/ul><\/p>\t\t\t\t\t\t<\/div>\n\t\t\t\t<\/div>\n\t\t\t\t\t<\/div>\n\t\t<\/div>\n\t\t\t\t\t<\/div>\n\t\t<\/section>\n\t\t\t\t<section class=\"elementor-section elementor-top-section elementor-element elementor-element-9481763 elementor-section-boxed elementor-section-height-default elementor-section-height-default\" data-id=\"9481763\" data-element_type=\"section\">\n\t\t\t\t\t\t<div class=\"elementor-container elementor-column-gap-default\">\n\t\t\t\t\t<div class=\"elementor-column elementor-col-25 elementor-top-column elementor-element elementor-element-9de4efb\" data-id=\"9de4efb\" data-element_type=\"column\">\n\t\t\t<div class=\"elementor-widget-wrap\">\n\t\t\t\t\t\t\t<\/div>\n\t\t<\/div>\n\t\t\t\t<div class=\"elementor-column elementor-col-25 elementor-top-column elementor-element elementor-element-deba927\" data-id=\"deba927\" data-element_type=\"column\">\n\t\t\t<div class=\"elementor-widget-wrap elementor-element-populated\">\n\t\t\t\t\t\t<div class=\"elementor-element elementor-element-a8e3716 elementor-align-left elementor-widget__width-initial elementor-icon-list--layout-traditional elementor-list-item-link-full_width elementor-widget elementor-widget-icon-list\" data-id=\"a8e3716\" data-element_type=\"widget\" data-widget_type=\"icon-list.default\">\n\t\t\t\t<div class=\"elementor-widget-container\">\n\t\t\t\t\t<ul class=\"elementor-icon-list-items\">\n\t\t\t\t\t\t\t<li class=\"elementor-icon-list-item\">\n\t\t\t\t\t\t\t\t\t\t\t<span class=\"elementor-icon-list-icon\">\n\t\t\t\t\t\t\t<i aria-hidden=\"true\" class=\"fas fa-building\"><\/i>\t\t\t\t\t\t<\/span>\n\t\t\t\t\t\t\t\t\t\t<span class=\"elementor-icon-list-text\">Recinto de Hato Rey<\/span>\n\t\t\t\t\t\t\t\t\t<\/li>\n\t\t\t\t\t\t\t\t<li class=\"elementor-icon-list-item\">\n\t\t\t\t\t\t\t\t\t\t\t<span class=\"elementor-icon-list-icon\">\n\t\t\t\t\t\t\t<i aria-hidden=\"true\" class=\"fas fa-user\"><\/i>\t\t\t\t\t\t<\/span>\n\t\t\t\t\t\t\t\t\t\t<span class=\"elementor-icon-list-text\">Baldielys M Cruz Reyes <\/span>\n\t\t\t\t\t\t\t\t\t<\/li>\n\t\t\t\t\t\t\t\t<li class=\"elementor-icon-list-item\">\n\t\t\t\t\t\t\t\t\t\t\t<span class=\"elementor-icon-list-icon\">\n\t\t\t\t\t\t\t<i aria-hidden=\"true\" class=\"far fa-folder-open\"><\/i>\t\t\t\t\t\t<\/span>\n\t\t\t\t\t\t\t\t\t\t<span class=\"elementor-icon-list-text\">Coordinadora de Centro Apoyo Acad\u00e9mico <\/span>\n\t\t\t\t\t\t\t\t\t<\/li>\n\t\t\t\t\t\t\t\t<li class=\"elementor-icon-list-item\">\n\t\t\t\t\t\t\t\t\t\t\t<span class=\"elementor-icon-list-icon\">\n\t\t\t\t\t\t\t<i aria-hidden=\"true\" class=\"fas fa-phone-alt\"><\/i>\t\t\t\t\t\t<\/span>\n\t\t\t\t\t\t\t\t\t\t<span class=\"elementor-icon-list-text\">(787-765-3560 Ext. 2386<\/span>\n\t\t\t\t\t\t\t\t\t<\/li>\n\t\t\t\t\t\t\t\t<li class=\"elementor-icon-list-item\">\n\t\t\t\t\t\t\t\t\t\t\t<span class=\"elementor-icon-list-icon\">\n\t\t\t\t\t\t\t<i aria-hidden=\"true\" class=\"fas fa-phone-alt\"><\/i>\t\t\t\t\t\t<\/span>\n\t\t\t\t\t\t\t\t\t\t<span class=\"elementor-icon-list-text\">(939) 251-0188 (mensajer\u00eda) <\/span>\n\t\t\t\t\t\t\t\t\t<\/li>\n\t\t\t\t\t\t\t\t<li class=\"elementor-icon-list-item\">\n\t\t\t\t\t\t\t\t\t\t\t<span class=\"elementor-icon-list-icon\">\n\t\t\t\t\t\t\t<i aria-hidden=\"true\" class=\"fas fa-envelope\"><\/i>\t\t\t\t\t\t<\/span>\n\t\t\t\t\t\t\t\t\t\t<span class=\"elementor-icon-list-text\">caa@wearewebrything.com       bacruz@wearewebrything.com<\/span>\n\t\t\t\t\t\t\t\t\t<\/li>\n\t\t\t\t\t\t\t\t<li class=\"elementor-icon-list-item\">\n\t\t\t\t\t\t\t\t\t\t\t<span class=\"elementor-icon-list-icon\">\n\t\t\t\t\t\t\t<i aria-hidden=\"true\" class=\"fas fa-clock\"><\/i>\t\t\t\t\t\t<\/span>\n\t\t\t\t\t\t\t\t\t\t<span class=\"elementor-icon-list-text\">Lunes a viernes de 8:00am - 7:00pm<\/span>\n\t\t\t\t\t\t\t\t\t<\/li>\n\t\t\t\t\t\t\t\t<li class=\"elementor-icon-list-item\">\n\t\t\t\t\t\t\t\t\t\t<span class=\"elementor-icon-list-text\">Horarios pueden variar. <\/span>\n\t\t\t\t\t\t\t\t\t<\/li>\n\t\t\t\t\t\t<\/ul>\n\t\t\t\t<\/div>\n\t\t\t\t<\/div>\n\t\t\t\t\t<\/div>\n\t\t<\/div>\n\t\t\t\t<div class=\"elementor-column elementor-col-25 elementor-top-column elementor-element elementor-element-fe55051\" data-id=\"fe55051\" data-element_type=\"column\">\n\t\t\t<div class=\"elementor-widget-wrap elementor-element-populated\">\n\t\t\t\t\t\t<div class=\"elementor-element elementor-element-ab2955f elementor-icon-list--layout-traditional elementor-list-item-link-full_width elementor-widget elementor-widget-icon-list\" data-id=\"ab2955f\" data-element_type=\"widget\" data-widget_type=\"icon-list.default\">\n\t\t\t\t<div class=\"elementor-widget-container\">\n\t\t\t\t\t<ul class=\"elementor-icon-list-items\">\n\t\t\t\t\t\t\t<li class=\"elementor-icon-list-item\">\n\t\t\t\t\t\t\t\t\t\t\t<span class=\"elementor-icon-list-icon\">\n\t\t\t\t\t\t\t<i aria-hidden=\"true\" class=\"fas fa-building\"><\/i>\t\t\t\t\t\t<\/span>\n\t\t\t\t\t\t\t\t\t\t<span class=\"elementor-icon-list-text\">Recinto de San Sebasti\u00e1n<\/span>\n\t\t\t\t\t\t\t\t\t<\/li>\n\t\t\t\t\t\t\t\t<li class=\"elementor-icon-list-item\">\n\t\t\t\t\t\t\t\t\t\t\t<span class=\"elementor-icon-list-icon\">\n\t\t\t\t\t\t\t<i aria-hidden=\"true\" class=\"fas fa-user\"><\/i>\t\t\t\t\t\t<\/span>\n\t\t\t\t\t\t\t\t\t\t<span class=\"elementor-icon-list-text\">Ivonne Rosado<\/span>\n\t\t\t\t\t\t\t\t\t<\/li>\n\t\t\t\t\t\t\t\t<li class=\"elementor-icon-list-item\">\n\t\t\t\t\t\t\t\t\t\t\t<span class=\"elementor-icon-list-icon\">\n\t\t\t\t\t\t\t<i aria-hidden=\"true\" class=\"far fa-folder-open\"><\/i>\t\t\t\t\t\t<\/span>\n\t\t\t\t\t\t\t\t\t\t<span class=\"elementor-icon-list-text\">Coordinadora de Centro Apoyo Acad\u00e9mico <\/span>\n\t\t\t\t\t\t\t\t\t<\/li>\n\t\t\t\t\t\t\t\t<li class=\"elementor-icon-list-item\">\n\t\t\t\t\t\t\t\t\t\t\t<span class=\"elementor-icon-list-icon\">\n\t\t\t\t\t\t\t<i aria-hidden=\"true\" class=\"fas fa-phone-alt\"><\/i>\t\t\t\t\t\t<\/span>\n\t\t\t\t\t\t\t\t\t\t<span class=\"elementor-icon-list-text\">(787) 896-2252, ext. 3405<\/span>\n\t\t\t\t\t\t\t\t\t<\/li>\n\t\t\t\t\t\t\t\t<li class=\"elementor-icon-list-item\">\n\t\t\t\t\t\t\t\t\t\t\t<span class=\"elementor-icon-list-icon\">\n\t\t\t\t\t\t\t<i aria-hidden=\"true\" class=\"fas fa-envelope\"><\/i>\t\t\t\t\t\t<\/span>\n\t\t\t\t\t\t\t\t\t\t<span class=\"elementor-icon-list-text\">irosado@wearewebrything.com<\/span>\n\t\t\t\t\t\t\t\t\t<\/li>\n\t\t\t\t\t\t\t\t<li class=\"elementor-icon-list-item\">\n\t\t\t\t\t\t\t\t\t\t\t<span class=\"elementor-icon-list-icon\">\n\t\t\t\t\t\t\t<i aria-hidden=\"true\" class=\"fas fa-clock\"><\/i>\t\t\t\t\t\t<\/span>\n\t\t\t\t\t\t\t\t\t\t<span class=\"elementor-icon-list-text\">Lunes a jueves de 9:00am - 6:00pm; viernes de 8:00am \u2013 5:00pm<\/span>\n\t\t\t\t\t\t\t\t\t<\/li>\n\t\t\t\t\t\t<\/ul>\n\t\t\t\t<\/div>\n\t\t\t\t<\/div>\n\t\t\t\t\t<\/div>\n\t\t<\/div>\n\t\t\t\t<div class=\"elementor-column elementor-col-25 elementor-top-column elementor-element elementor-element-39b418d\" data-id=\"39b418d\" data-element_type=\"column\">\n\t\t\t<div class=\"elementor-widget-wrap\">\n\t\t\t\t\t\t\t<\/div>\n\t\t<\/div>\n\t\t\t\t\t<\/div>\n\t\t<\/section>\n\t\t\t\t<section class=\"elementor-section elementor-top-section elementor-element elementor-element-445f6af elementor-section-boxed elementor-section-height-default elementor-section-height-default\" data-id=\"445f6af\" data-element_type=\"section\">\n\t\t\t\t\t\t<div class=\"elementor-container elementor-column-gap-default\">\n\t\t\t\t\t<div class=\"elementor-column elementor-col-100 elementor-top-column elementor-element elementor-element-b39d54c\" data-id=\"b39d54c\" data-element_type=\"column\">\n\t\t\t<div class=\"elementor-widget-wrap elementor-element-populated\">\n\t\t\t\t\t\t<div class=\"elementor-element elementor-element-4a4b141 elementor-widget elementor-widget-spacer\" data-id=\"4a4b141\" data-element_type=\"widget\" data-widget_type=\"spacer.default\">\n\t\t\t\t<div class=\"elementor-widget-container\">\n\t\t\t\t\t<div class=\"elementor-spacer\">\n\t\t\t<div class=\"elementor-spacer-inner\"><\/div>\n\t\t<\/div>\n\t\t\t\t<\/div>\n\t\t\t\t<\/div>\n\t\t\t\t\t<\/div>\n\t\t<\/div>\n\t\t\t\t\t<\/div>\n\t\t<\/section>\n\t\t\t\t<\/div>\n\t\t","protected":false},"excerpt":{"rendered":"<p>Recinto de Hato Rey Baldielys M Cruz Reyes Coordinadora de Centro Apoyo Acad\u00e9mico (787-765-3560 Ext. 2386 (939) 251-0188 (mensajer\u00eda) caa@wearewebrything.com bacruz@wearewebrything.com Lunes a viernes de 8:00am &#8211; 7:00pm Horarios pueden variar. Recinto de San Sebasti\u00e1n Ivonne Rosado Coordinadora de Centro Apoyo Acad\u00e9mico (787) 896-2252, ext. 3405 irosado@wearewebrything.com Lunes a jueves de 9:00am &#8211; 6:00pm; viernes&#8230;<\/p>\n","protected":false},"author":8,"featured_media":0,"parent":0,"menu_order":0,"comment_status":"closed","ping_status":"closed","template":"","meta":{"_monsterinsights_skip_tracking":false,"_monsterinsights_sitenote_active":false,"_monsterinsights_sitenote_note":"","_monsterinsights_sitenote_category":0,"footnotes":""},"_links":{"self":[{"href":"https:\/\/wearewebrything.com\/edptest\/wp-json\/wp\/v2\/pages\/26897"}],"collection":[{"href":"https:\/\/wearewebrything.com\/edptest\/wp-json\/wp\/v2\/pages"}],"about":[{"href":"https:\/\/wearewebrything.com\/edptest\/wp-json\/wp\/v2\/types\/page"}],"author":[{"embeddable":true,"href":"https:\/\/wearewebrything.com\/edptest\/wp-json\/wp\/v2\/users\/8"}],"replies":[{"embeddable":true,"href":"https:\/\/wearewebrything.com\/edptest\/wp-json\/wp\/v2\/comments?post=26897"}],"version-history":[{"count":12,"href":"https:\/\/wearewebrything.com\/edptest\/wp-json\/wp\/v2\/pages\/26897\/revisions"}],"predecessor-version":[{"id":42448,"href":"https:\/\/wearewebrything.com\/edptest\/wp-json\/wp\/v2\/pages\/26897\/revisions\/42448"}],"wp:attachment":[{"href":"https:\/\/wearewebrything.com\/edptest\/wp-json\/wp\/v2\/media?parent=26897"}],"curies":[{"name":"wp","href":"https:\/\/api.w.org\/{rel}","templated":true}]}}