{"id":26935,"date":"2017-03-06T10:15:54","date_gmt":"2017-03-06T14:15:54","guid":{"rendered":"https:\/\/wearewebrything.com\/edptest\/?page_id=26935"},"modified":"2024-05-07T14:53:13","modified_gmt":"2024-05-07T18:53:13","slug":"acreditaciones","status":"publish","type":"page","link":"https:\/\/wearewebrything.com\/edptest\/acreditaciones\/","title":{"rendered":"Acreditaciones"},"content":{"rendered":"<style type=\"text\/css\"> \n#cmsmasters_row_69fd48e942486 { \n\tbackground-image: url(https:\/\/wearewebrything.com\/edptest\/wp-content\/uploads\/Banner-Sobre-Nosotros-2.png); \n\tbackground-position: top center; \n\tbackground-repeat: no-repeat; \n\tbackground-attachment: scroll; \n\tbackground-size: cover; \n} \n\n#cmsmasters_row_69fd48e942486 .cmsmasters_row_outer_parent { \n\tpadding-top: 80px; \n} \n\n#cmsmasters_row_69fd48e942486 .cmsmasters_row_outer_parent { \n\tpadding-bottom: 80px; \n} \n\n#cmsmasters_row_69fd48e942486 .cmsmasters_row_overlay { \n\tbackground-color:rgba(37,37,49,0.1);\n} \n\n \n#cmsmasters_heading_69fd48e942c7e { \n\ttext-align:left; \n\tmargin-top:70px; \n\tmargin-bottom:70px; \n} \n\n#cmsmasters_heading_69fd48e942c7e .cmsmasters_heading { \n\ttext-align:left; \n} \n\n#cmsmasters_heading_69fd48e942c7e .cmsmasters_heading, #cmsmasters_heading_69fd48e942c7e .cmsmasters_heading a { \n\tfont-size:50px; \n\tline-height:90px; \n\tfont-weight:300; \n\tfont-style:normal; \n\tcolor:#ffffff;\n} \n\n#cmsmasters_heading_69fd48e942c7e .cmsmasters_heading_divider { \n} \n\n \n#cmsmasters_row_69fd48e942e93 { \n\tbackground-color:#fafafa;\n} \n\n#cmsmasters_row_69fd48e942e93 .cmsmasters_row_outer_parent { \n\tpadding-top: 40px; \n} \n\n#cmsmasters_row_69fd48e942e93 .cmsmasters_row_outer_parent { \n\tpadding-bottom: 50px; \n} \n\n \n#cmsmasters_heading_69fd48e9430ab { \n\ttext-align:left; \n\tmargin-top:0px; \n\tmargin-bottom:40px; \n} \n\n#cmsmasters_heading_69fd48e9430ab .cmsmasters_heading { \n\ttext-align:left; \n} \n\n#cmsmasters_heading_69fd48e9430ab .cmsmasters_heading, #cmsmasters_heading_69fd48e9430ab .cmsmasters_heading a { \n\tfont-weight:300; \n\tfont-style:normal; \n\tcolor:#108e9e;\n} \n\n#cmsmasters_heading_69fd48e9430ab .cmsmasters_heading_divider { \n} \n\n \n#cmsmasters_row_69fd48e943221 .cmsmasters_row_outer_parent { \n\tpadding-top: 0px; \n} \n\n#cmsmasters_row_69fd48e943221 .cmsmasters_row_outer_parent { \n\tpadding-bottom: 50px; \n} \n\n \n#cmsmasters_heading_69fd48e94329d { \n\ttext-align:left; \n\tmargin-top:0px; \n\tmargin-bottom:40px; \n} \n\n#cmsmasters_heading_69fd48e94329d .cmsmasters_heading { \n\ttext-align:left; \n} \n\n#cmsmasters_heading_69fd48e94329d .cmsmasters_heading, #cmsmasters_heading_69fd48e94329d .cmsmasters_heading a { \n\tfont-weight:300; \n\tfont-style:normal; \n\tcolor:#108e9e;\n} \n\n#cmsmasters_heading_69fd48e94329d .cmsmasters_heading_divider { \n} \n\n \n#cmsmasters_row_69fd48e9432d4 .cmsmasters_row_outer_parent { \n\tpadding-top: 0px; \n} \n\n#cmsmasters_row_69fd48e9432d4 .cmsmasters_row_outer_parent { \n\tpadding-bottom: 50px; \n} \n\n \n#cmsmasters_row_69fd48e943459 .cmsmasters_row_outer_parent { \n\tpadding-top: 0px; \n} \n\n#cmsmasters_row_69fd48e943459 .cmsmasters_row_outer_parent { \n\tpadding-bottom: 50px; \n} \n\n<\/style>\t\t<div data-elementor-type=\"wp-page\" data-elementor-id=\"26935\" class=\"elementor elementor-26935\" data-elementor-post-type=\"page\">\n\t\t\t\t\t\t<section class=\"elementor-section elementor-top-section elementor-element elementor-element-4de10544 elementor-section-boxed elementor-section-height-default elementor-section-height-default\" data-id=\"4de10544\" data-element_type=\"section\">\n\t\t\t\t\t\t<div class=\"elementor-container elementor-column-gap-default\">\n\t\t\t\t\t<div class=\"elementor-column elementor-col-100 elementor-top-column elementor-element elementor-element-38cbb773\" data-id=\"38cbb773\" data-element_type=\"column\">\n\t\t\t<div class=\"elementor-widget-wrap elementor-element-populated\">\n\t\t\t\t\t\t<div class=\"elementor-element elementor-element-769dcb53 elementor-widget elementor-widget-text-editor\" data-id=\"769dcb53\" data-element_type=\"widget\" data-widget_type=\"text-editor.default\">\n\t\t\t\t<div class=\"elementor-widget-container\">\n\t\t\t\t\t\t\t<p><div id=\"cmsmasters_row_69fd48e942486\" class=\"cmsmasters_row cmsmasters_color_scheme_default cmsmasters_row_top_default cmsmasters_row_bot_default cmsmasters_row_boxed\">\n<div class=\"cmsmasters_row_outer_parent\">\n<div class=\"cmsmasters_row_overlay\"><\/div>\n<div class=\"cmsmasters_row_outer\">\n<div class=\"cmsmasters_row_inner\">\n<div class=\"cmsmasters_row_margin\">\n<div class=\"cmsmasters_column one_first\">\n\n<div id=\"cmsmasters_heading_69fd48e942c7e\" class=\"cmsmasters_heading_wrap cmsmasters_heading_align_left\">\n\t<h1 class=\"cmsmasters_heading\">LICENCIAS Y ACREDITACI<b>\u00d3<\/b>N<\/h1>\n<\/div>\n<\/div>\n<\/div>\n<\/div>\n<\/div>\n<\/div>\n<\/div>\n<div id=\"cmsmasters_row_69fd48e942e93\" class=\"cmsmasters_row cmsmasters_color_scheme_default cmsmasters_row_top_default cmsmasters_row_bot_default cmsmasters_row_boxed\">\n<div class=\"cmsmasters_row_outer_parent\">\n<div class=\"cmsmasters_row_outer\">\n<div class=\"cmsmasters_row_inner\">\n<div class=\"cmsmasters_row_margin\">\n<div class=\"cmsmasters_column one_first\">\n\n<div id=\"cmsmasters_heading_69fd48e9430ab\" class=\"cmsmasters_heading_wrap cmsmasters_heading_align_left\">\n\t<h2 class=\"cmsmasters_heading\">Nuestros programas son de primera.<\/h2>\n<\/div><div class=\"cmsmasters_text\">\n<ul>\n<li><strong>EDP University of Puerto Rico, Inc. cuenta con Licencia de Renovaci\u00f3n de la <a href=\"https:\/\/wearewebrything.com\/edptest\/wp-content\/uploads\/Licencia-de-Renovacion-2020-25-ESP-ENG.pdf\" target=\"_blank\" rel=\"noopener\">Junta de Instituciones Postsecundarias<\/a>.\u00a0<\/strong>\n<ul>\n<li>Direcci\u00f3n F\u00edsica: Calle San Jos\u00e9 Esq. San Francisco Viejo San Juan\u200b, San Juan\u200b \u200bPR 00902-3271<\/li>\n<li>Tel. (787) 722-2121<\/li>\n<\/ul>\n<\/li>\n<\/ul>\n<p><img decoding=\"async\" class=\"alignnone wp-image-37815\" src=\"https:\/\/wearewebrything.com\/edptest\/wp-content\/uploads\/images.png\" alt=\"\" width=\"173\" height=\"170\" srcset=\"https:\/\/wearewebrything.com\/edptest\/wp-content\/uploads\/images.png 226w, https:\/\/wearewebrything.com\/edptest\/wp-content\/uploads\/images-60x60.png 60w\" sizes=\"(max-width: 173px) 100vw, 173px\" \/><\/p>\n<ul>\n<li><strong>EDP University of Puerto Rico, Inc. est\u00e1 acreditado por la\u00a0<a href=\"https:\/\/wearewebrything.com\/edptest\/wp-content\/uploads\/EDP-University-of-Puerto-Rico-Statement-of-Accreditation-Status-3.pdf\" target=\"_blank\" rel=\"noopener noreferrer\">Middle States Commission on Higher Education (MSCHE)<\/a>.<\/strong>\n<ul>\n<li>Middle States Commission on Higher Education<br \/>1007 North Orange Street<br \/>4th Floor, MB #166<br \/>Wilmington, DE 19801<\/li>\n<\/ul>\n<\/li>\n<\/ul>\n<p><a href=\"https:\/\/wearewebrything.com\/edptest\/wp-content\/uploads\/msche_logo-640x640-1.png\"><img decoding=\"async\" class=\"wp-image-39355 alignnone\" src=\"https:\/\/wearewebrything.com\/edptest\/wp-content\/uploads\/msche_logo-640x640-1.png\" alt=\"\" width=\"293\" height=\"117\" srcset=\"https:\/\/wearewebrything.com\/edptest\/wp-content\/uploads\/msche_logo-640x640-1.png 900w, https:\/\/wearewebrything.com\/edptest\/wp-content\/uploads\/msche_logo-640x640-1-300x120.png 300w, https:\/\/wearewebrything.com\/edptest\/wp-content\/uploads\/msche_logo-640x640-1-768x306.png 768w, https:\/\/wearewebrything.com\/edptest\/wp-content\/uploads\/msche_logo-640x640-1-580x231.png 580w, https:\/\/wearewebrything.com\/edptest\/wp-content\/uploads\/msche_logo-640x640-1-860x343.png 860w\" sizes=\"(max-width: 293px) 100vw, 293px\" \/><\/a><\/p>\n<ul>\n<li><strong>El Grado Asociado en Enfermer\u00eda y el Bachillerato en Ciencias de Enfermer\u00eda, cuentan con la acreditaci\u00f3n profesional de la Accreditation Commission for Education in Nursing (ACEN), por sus siglas en ingl\u00e9s.<\/strong>\n<ul>\n<li><a href=\"http:\/\/www.acenursing.com\/accreditedprograms\/programsearch.htm\">http:\/\/www.acenursing.com\/accreditedprograms\/programsearch.htm<\/a><\/li>\n<\/ul>\n<\/li>\n<\/ul>\n<ol>\n<li>Accreditation Commission for Education in Nursing (ACEN), 3390 Peachtree Road NE, Suite 1400 Atlanta, GA 30326, (404) 975-5000, and web address:\u00a0<a href=\"https:\/\/www.acenursing.org\/\">https:\/\/www.acenursing.org\/<\/a>of the ACEN.<\/li>\n<li>Per U.S. Department of Education regulation, the most recent Board of Commissioners accreditation decision was: Continuing accreditation for the Associate Degree in Nursing program and Initial accreditation for the Baccalaureate in Science of Nursing program.<\/li>\n<li>The Associate Degree in Nursing and Baccalaureate Degree in Science of Nursing programs at EDP University of Puerto Rico Hato Rey Campus, San Sebastian Campus, Manat\u00ed, Villalba and Humacao Branch Campuses located in San Juan, San Sebasti\u00e1n, Manat\u00ed, Villalba and Humacao, Puerto Rico are accredited by the:<\/li>\n<li style=\"list-style-type: none;\">\n<ul>\n<li>Accreditation Commission for Education in Nursing (ACEN)<br \/>3390 Peachtree Road NE, Suite 1400 Atlanta, GA 30326<br \/>(404) 975-5000<\/li>\n<\/ul>\n<\/li>\n<\/ol>\n<p><img decoding=\"async\" class=\"alignnone wp-image-33329\" src=\"https:\/\/wearewebrything.com\/edptest\/wp-content\/uploads\/ACEN-150x150.png\" alt=\"\" width=\"175\" height=\"175\" srcset=\"https:\/\/wearewebrything.com\/edptest\/wp-content\/uploads\/ACEN-150x150.png 150w, https:\/\/wearewebrything.com\/edptest\/wp-content\/uploads\/ACEN-60x60.png 60w, https:\/\/wearewebrything.com\/edptest\/wp-content\/uploads\/ACEN.png 288w\" sizes=\"(max-width: 175px) 100vw, 175px\" \/><\/p>\n<\/div>\n<\/div>\n<\/div>\n<\/div>\n<\/div>\n<\/div>\n<\/div>\n<div id=\"cmsmasters_row_69fd48e943221\" class=\"cmsmasters_row cmsmasters_color_scheme_default cmsmasters_row_top_default cmsmasters_row_bot_default cmsmasters_row_boxed\">\n<div class=\"cmsmasters_row_outer_parent\">\n<div class=\"cmsmasters_row_outer\">\n<div class=\"cmsmasters_row_inner\">\n<div class=\"cmsmasters_row_margin\">\n<div class=\"cmsmasters_column one_first\">\n\n<div id=\"cmsmasters_heading_69fd48e94329d\" class=\"cmsmasters_heading_wrap cmsmasters_heading_align_left\">\n\t<h2 class=\"cmsmasters_heading\">Membres\u00edas<\/h2>\n<\/div>\n<\/div>\n<\/div>\n<\/div>\n<\/div>\n<\/div>\n<\/div>\n<div id=\"cmsmasters_row_69fd48e9432d4\" class=\"cmsmasters_row cmsmasters_color_scheme_default cmsmasters_row_top_default cmsmasters_row_bot_default cmsmasters_row_boxed\">\n<div class=\"cmsmasters_row_outer_parent\">\n<div class=\"cmsmasters_row_outer\">\n<div class=\"cmsmasters_row_inner\">\n<div class=\"cmsmasters_row_margin\">\n<div class=\"cmsmasters_column one_first\">\n<div class=\"cmsmasters_text\">\n<p><a href=\"https:\/\/wearewebrything.com\/edptest\/wp-content\/uploads\/SARA_Seal_group_2024_Participating.png\"><img loading=\"lazy\" decoding=\"async\" class=\"wp-image-42668 alignleft\" src=\"https:\/\/wearewebrything.com\/edptest\/wp-content\/uploads\/SARA_Seal_group_2024_Participating.png\" alt=\"\" width=\"150\" height=\"163\" srcset=\"https:\/\/wearewebrything.com\/edptest\/wp-content\/uploads\/SARA_Seal_group_2024_Participating.png 586w, https:\/\/wearewebrything.com\/edptest\/wp-content\/uploads\/SARA_Seal_group_2024_Participating-276x300.png 276w, https:\/\/wearewebrything.com\/edptest\/wp-content\/uploads\/SARA_Seal_group_2024_Participating-580x631.png 580w\" sizes=\"(max-width: 150px) 100vw, 150px\" \/><\/a><a href=\"https:\/\/wearewebrything.com\/edptest\/wp-content\/uploads\/HACU.jpg\"><img loading=\"lazy\" decoding=\"async\" class=\"wp-image-35003 alignright\" src=\"https:\/\/wearewebrything.com\/edptest\/wp-content\/uploads\/HACU.jpg\" alt=\"\" width=\"317\" height=\"142\" \/><\/a><\/p>\n<\/div>\n<\/div>\n<\/div>\n<\/div>\n<\/div>\n<\/div>\n<\/div>\n<div id=\"cmsmasters_row_69fd48e943459\" class=\"cmsmasters_row cmsmasters_color_scheme_default cmsmasters_row_top_default cmsmasters_row_bot_default cmsmasters_row_boxed\">\n<div class=\"cmsmasters_row_outer_parent\">\n<div class=\"cmsmasters_row_outer\">\n<div class=\"cmsmasters_row_inner\">\n<div class=\"cmsmasters_row_margin\">\n<div class=\"cmsmasters_column one_first\">\n<\/div>\n<\/div>\n<\/div>\n<\/div>\n<\/div>\n<\/div>\n<\/p>\t\t\t\t\t\t<\/div>\n\t\t\t\t<\/div>\n\t\t\t\t\t<\/div>\n\t\t<\/div>\n\t\t\t\t\t<\/div>\n\t\t<\/section>\n\t\t\t\t<\/div>\n\t\t","protected":false},"excerpt":{"rendered":"","protected":false},"author":8,"featured_media":0,"parent":0,"menu_order":0,"comment_status":"closed","ping_status":"closed","template":"","meta":{"_monsterinsights_skip_tracking":false,"_monsterinsights_sitenote_active":false,"_monsterinsights_sitenote_note":"","_monsterinsights_sitenote_category":0,"footnotes":""},"_links":{"self":[{"href":"https:\/\/wearewebrything.com\/edptest\/wp-json\/wp\/v2\/pages\/26935"}],"collection":[{"href":"https:\/\/wearewebrything.com\/edptest\/wp-json\/wp\/v2\/pages"}],"about":[{"href":"https:\/\/wearewebrything.com\/edptest\/wp-json\/wp\/v2\/types\/page"}],"author":[{"embeddable":true,"href":"https:\/\/wearewebrything.com\/edptest\/wp-json\/wp\/v2\/users\/8"}],"replies":[{"embeddable":true,"href":"https:\/\/wearewebrything.com\/edptest\/wp-json\/wp\/v2\/comments?post=26935"}],"version-history":[{"count":8,"href":"https:\/\/wearewebrything.com\/edptest\/wp-json\/wp\/v2\/pages\/26935\/revisions"}],"predecessor-version":[{"id":42978,"href":"https:\/\/wearewebrything.com\/edptest\/wp-json\/wp\/v2\/pages\/26935\/revisions\/42978"}],"wp:attachment":[{"href":"https:\/\/wearewebrything.com\/edptest\/wp-json\/wp\/v2\/media?parent=26935"}],"curies":[{"name":"wp","href":"https:\/\/api.w.org\/{rel}","templated":true}]}}