{"id":26936,"date":"2017-03-06T10:16:01","date_gmt":"2017-03-06T14:16:01","guid":{"rendered":"https:\/\/wearewebrything.com\/edptest\/?page_id=26936"},"modified":"2021-07-04T21:16:00","modified_gmt":"2021-07-05T01:16:00","slug":"alianzas","status":"publish","type":"page","link":"https:\/\/wearewebrything.com\/edptest\/alianzas\/","title":{"rendered":"Alianzas"},"content":{"rendered":"<style type=\"text\/css\"> \n#cmsmasters_row_69fda0415dc1e { \n\tbackground-image: url(https:\/\/wearewebrything.com\/edptest\/wp-content\/uploads\/Banner-Sobre-Nosotros-1.png); \n\tbackground-position: top center; \n\tbackground-repeat: no-repeat; \n\tbackground-attachment: scroll; \n\tbackground-size: cover; \n} \n\n#cmsmasters_row_69fda0415dc1e .cmsmasters_row_outer_parent { \n\tpadding-top: 80px; \n} \n\n#cmsmasters_row_69fda0415dc1e .cmsmasters_row_outer_parent { \n\tpadding-bottom: 80px; \n} \n\n#cmsmasters_row_69fda0415dc1e .cmsmasters_row_overlay { \n\tbackground-color:rgba(37,37,49,0.1);\n} \n\n \n#cmsmasters_heading_69fda0415e34e { \n\ttext-align:left; \n\tmargin-top:70px; \n\tmargin-bottom:70px; \n} \n\n#cmsmasters_heading_69fda0415e34e .cmsmasters_heading { \n\ttext-align:left; \n} \n\n#cmsmasters_heading_69fda0415e34e .cmsmasters_heading, #cmsmasters_heading_69fda0415e34e .cmsmasters_heading a { \n\tfont-size:50px; \n\tline-height:90px; \n\tfont-weight:300; \n\tfont-style:normal; \n\tcolor:#ffffff;\n} \n\n#cmsmasters_heading_69fda0415e34e .cmsmasters_heading_divider { \n} \n\n \n#cmsmasters_row_69fda0415e6ae { \n\tbackground-color:#fafafa;\n} \n\n#cmsmasters_row_69fda0415e6ae .cmsmasters_row_outer_parent { \n\tpadding-top: 50px; \n} \n\n#cmsmasters_row_69fda0415e6ae .cmsmasters_row_outer_parent { \n\tpadding-bottom: 50px; \n} \n\n \n#cmsmasters_heading_69fda0415e935 { \n\ttext-align:left; \n\tmargin-top:0px; \n\tmargin-bottom:40px; \n} \n\n#cmsmasters_heading_69fda0415e935 .cmsmasters_heading { \n\ttext-align:left; \n} \n\n#cmsmasters_heading_69fda0415e935 .cmsmasters_heading, #cmsmasters_heading_69fda0415e935 .cmsmasters_heading a { \n\tfont-size:26px; \n\tfont-weight:300; \n\tfont-style:normal; \n\tcolor:#108e9e;\n} \n\n#cmsmasters_heading_69fda0415e935 .cmsmasters_heading_divider { \n} \n\n \n#cmsmasters_row_69fda0415ea48 .cmsmasters_row_outer_parent { \n\tpadding-top: 0px; \n} \n\n#cmsmasters_row_69fda0415ea48 .cmsmasters_row_outer_parent { \n\tpadding-bottom: 50px; \n} \n\n \n#cmsmasters_divider_69fda0415eb94 { \n\tborder-bottom-width:1px; \n\tborder-bottom-style:solid; \n\tpadding-top:50px; \n\tmargin-bottom:50px; \n} \n \n#cmsmasters_row_69fda0415ebd4 .cmsmasters_row_outer_parent { \n\tpadding-top: 0px; \n} \n\n#cmsmasters_row_69fda0415ebd4 .cmsmasters_row_outer_parent { \n\tpadding-bottom: 50px; \n} \n\n \n#cmsmasters_row_69fda0415fb18 .cmsmasters_row_outer_parent { \n\tpadding-top: 0px; \n} \n\n#cmsmasters_row_69fda0415fb18 .cmsmasters_row_outer_parent { \n\tpadding-bottom: 50px; \n} \n\n<\/style><div id=\"cmsmasters_row_69fda0415dc1e\" class=\"cmsmasters_row cmsmasters_color_scheme_default cmsmasters_row_top_default cmsmasters_row_bot_default cmsmasters_row_boxed\">\n<div class=\"cmsmasters_row_outer_parent\">\n<div class=\"cmsmasters_row_overlay\"><\/div>\n<div class=\"cmsmasters_row_outer\">\n<div class=\"cmsmasters_row_inner\">\n<div class=\"cmsmasters_row_margin\">\n<div class=\"cmsmasters_column one_first\">\n\n<div id=\"cmsmasters_heading_69fda0415e34e\" class=\"cmsmasters_heading_wrap cmsmasters_heading_align_left\">\n\t<h1 class=\"cmsmasters_heading\">ALIANZAS COLABORATIVAS<\/h1>\n<\/div>\n<\/div>\n<\/div>\n<\/div>\n<\/div>\n<\/div>\n<\/div>\n<div id=\"cmsmasters_row_69fda0415e6ae\" class=\"cmsmasters_row cmsmasters_color_scheme_default cmsmasters_row_top_default cmsmasters_row_bot_default cmsmasters_row_boxed\">\n<div class=\"cmsmasters_row_outer_parent\">\n<div class=\"cmsmasters_row_outer\">\n<div class=\"cmsmasters_row_inner\">\n<div class=\"cmsmasters_row_margin\">\n<div class=\"cmsmasters_column one_first\">\n\n<div id=\"cmsmasters_heading_69fda0415e935\" class=\"cmsmasters_heading_wrap cmsmasters_heading_align_left\">\n\t<h2 class=\"cmsmasters_heading\">Contamos con fuertes lazos.<\/h2>\n<\/div><div class=\"cmsmasters_text\">\n<p>EDP University of Puerto Rico, Inc. ha establecido acuerdos de articulaci\u00f3n con las siguientes instituciones:<\/p>\n<ul>\n<li>Acuerdo de Internados entre Qinetix Group y EDP University<\/li>\n<li>Acuerdo de Colaboraci\u00f3n entre el Departamento de la Familia y EDP University<\/li>\n<li>Acuerdo de Internados entre EDP-San Juan School of Design y Revista Modo de Vida<\/li>\n<li>Acuerdo Marco de Colaboraci\u00f3n para Internados entre Universia y EDP University of Puerto Rico, Inc.<\/li>\n<li>Convenio de Cooperaci\u00f3n Acad\u00e9mica entre la Secretaria de la Defensa Nacional de los Estados Unidos Mexicanos y la EDP University of Puerto Rico, Inc.<\/li>\n<li>Acuerdo de Articulaci\u00f3n entre El Hospital del Maestro y EDP University of Puerto Rico, Inc.<\/li>\n<li>Acuerdo de Internados entre EDP-San Juan School of Design y \u00c1lvarez-D\u00edaz &amp; Villal\u00f3n<\/li>\n<li>Clinical Affiliation Agreement between Massachusetts General Hospital and EDP University of Puerto Rico, Inc.<\/li>\n<li>Acuerdo Colaborativo entre Administraci\u00f3n de Servicios M\u00e9dicos de PR y EDP University of Puerto Rico, Inc.<\/li>\n<li>Convenio de Marco Colaborativo entre EDP University y Consulting Employment Solutions<\/li>\n<li>Acuerdo de Colaboraci\u00f3n entre EDP University y \u201cInformation Systems Audit and Control Association\u201d (ISACA)<\/li>\n<li>Acuerdo General entre EDP University of Puerto Rico y el Conservatorio de M\u00fasica de Puerto Rico<\/li>\n<li>Acuerdo marco de Colaboraci\u00f3n entre la Universidad Iberoamericana (UNIBE) y la Universidad EDP University of Puerto Rico<\/li>\n<li>Convenio Marco de Cooperaci\u00f3n Instituto Universitario Italiano de Rosario y EDP University of Puerto Rico<\/li>\n<li>Acuerdo de Colaboraci\u00f3n entre Radel\u2019s Novias de San Sebasti\u00e1n y EDP University of Puerto Rico, Inc.<\/li>\n<li>Convenio de Alianza Estrat\u00e9gica entre la Universidad de Cuautitl\u00e1n \u00edzcalli (UCI) y EDP University of Puerto Rico<\/li>\n<li>Convenio de Colaboraci\u00f3n entre la Universidad Tecnol\u00f3gica Fidel Vel\u00e1zquez y EDP University of Puerto Rico, Inc.<\/li>\n<li>Acuerdo de Articulaci\u00f3n entre Huertas Junior College y EDP University of Puerto Rico, Inc.<\/li>\n<li>Pacto de Am\u00e9rica Latina por la Educaci\u00f3n con Calidad Humana (PALECH)<\/li>\n<li>Convenio Colaborativo entre Departamento de Asuntos al Consumidor (DACO) y EDP University of Puerto Rico Inc.<\/li>\n<li>Acuerdo de Colaboraci\u00f3n entre EDP University y PROSPANICA<\/li>\n<\/ul>\n<\/div>\n<\/div>\n<\/div>\n<\/div>\n<\/div>\n<\/div>\n<\/div>\n<div id=\"cmsmasters_row_69fda0415ea48\" class=\"cmsmasters_row cmsmasters_color_scheme_default cmsmasters_row_top_default cmsmasters_row_bot_default cmsmasters_row_boxed\">\n<div class=\"cmsmasters_row_outer_parent\">\n<div class=\"cmsmasters_row_outer\">\n<div class=\"cmsmasters_row_inner\">\n<div class=\"cmsmasters_row_margin\">\n<div class=\"cmsmasters_column one_first\">\n\n<div id=\"cmsmasters_divider_69fda0415eb94\" class=\"cmsmasters_divider cmsmasters_divider_width_long cmsmasters_divider_pos_center\"><\/div>\n<\/div>\n<\/div>\n<\/div>\n<\/div>\n<\/div>\n<\/div>\n<div id=\"cmsmasters_row_69fda0415ebd4\" class=\"cmsmasters_row cmsmasters_color_scheme_default cmsmasters_row_top_default cmsmasters_row_bot_default cmsmasters_row_boxed\">\n<div class=\"cmsmasters_row_outer_parent\">\n<div class=\"cmsmasters_row_outer\">\n<div class=\"cmsmasters_row_inner\">\n<div class=\"cmsmasters_row_margin\">\n<div class=\"cmsmasters_column one_first\">\n<div class=\"cmsmasters_img  cmsmasters_image_n\">\n<a href=\"https:\/\/hets.org\/\"><img decoding=\"async\" src=\"https:\/\/wearewebrything.com\/edptest\/wp-content\/uploads\/HETS-25-A\u00f1os-Logo-300x177.png\" alt=\"\" \/><\/a>\n<\/div>\n<\/div>\n<\/div>\n<\/div>\n<\/div>\n<\/div>\n<\/div>\n<div id=\"cmsmasters_row_69fda0415fb18\" class=\"cmsmasters_row cmsmasters_color_scheme_default cmsmasters_row_top_default cmsmasters_row_bot_default cmsmasters_row_boxed\">\n<div class=\"cmsmasters_row_outer_parent\">\n<div class=\"cmsmasters_row_outer\">\n<div class=\"cmsmasters_row_inner\">\n<div class=\"cmsmasters_row_margin\">\n<div class=\"cmsmasters_column one_first\">\n<\/div>\n<\/div>\n<\/div>\n<\/div>\n<\/div>\n<\/div>\n\n","protected":false},"excerpt":{"rendered":"","protected":false},"author":8,"featured_media":0,"parent":0,"menu_order":0,"comment_status":"closed","ping_status":"closed","template":"","meta":{"_monsterinsights_skip_tracking":false,"_monsterinsights_sitenote_active":false,"_monsterinsights_sitenote_note":"","_monsterinsights_sitenote_category":0,"footnotes":""},"_links":{"self":[{"href":"https:\/\/wearewebrything.com\/edptest\/wp-json\/wp\/v2\/pages\/26936"}],"collection":[{"href":"https:\/\/wearewebrything.com\/edptest\/wp-json\/wp\/v2\/pages"}],"about":[{"href":"https:\/\/wearewebrything.com\/edptest\/wp-json\/wp\/v2\/types\/page"}],"author":[{"embeddable":true,"href":"https:\/\/wearewebrything.com\/edptest\/wp-json\/wp\/v2\/users\/8"}],"replies":[{"embeddable":true,"href":"https:\/\/wearewebrything.com\/edptest\/wp-json\/wp\/v2\/comments?post=26936"}],"version-history":[{"count":0,"href":"https:\/\/wearewebrything.com\/edptest\/wp-json\/wp\/v2\/pages\/26936\/revisions"}],"wp:attachment":[{"href":"https:\/\/wearewebrything.com\/edptest\/wp-json\/wp\/v2\/media?parent=26936"}],"curies":[{"name":"wp","href":"https:\/\/api.w.org\/{rel}","templated":true}]}}