{"id":26938,"date":"2017-03-06T10:16:13","date_gmt":"2017-03-06T14:16:13","guid":{"rendered":"https:\/\/wearewebrything.com\/edptest\/?page_id=26938"},"modified":"2021-07-04T21:17:34","modified_gmt":"2021-07-05T01:17:34","slug":"plan_estrategico","status":"publish","type":"page","link":"https:\/\/wearewebrything.com\/edptest\/plan-estrategico\/","title":{"rendered":"Plan Estrat\u00e9gico"},"content":{"rendered":"<style type=\"text\/css\"> \n#cmsmasters_row_6a01d13011789 { \n\tbackground-image: url(https:\/\/wearewebrything.com\/edptest\/wp-content\/uploads\/Banner-Sobre-Nosotros-3.png); \n\tbackground-position: top center; \n\tbackground-repeat: no-repeat; \n\tbackground-attachment: scroll; \n\tbackground-size: auto; \n} \n\n#cmsmasters_row_6a01d13011789 .cmsmasters_row_outer_parent { \n\tpadding-top: 80px; \n} \n\n#cmsmasters_row_6a01d13011789 .cmsmasters_row_outer_parent { \n\tpadding-bottom: 80px; \n} \n\n#cmsmasters_row_6a01d13011789 .cmsmasters_row_overlay { \n\tbackground-color:rgba(37,37,49,0.1);\n} \n\n \n#cmsmasters_heading_6a01d13011b70 { \n\ttext-align:left; \n\tmargin-top:70px; \n\tmargin-bottom:70px; \n} \n\n#cmsmasters_heading_6a01d13011b70 .cmsmasters_heading { \n\ttext-align:left; \n} \n\n#cmsmasters_heading_6a01d13011b70 .cmsmasters_heading, #cmsmasters_heading_6a01d13011b70 .cmsmasters_heading a { \n\tfont-size:50px; \n\tline-height:90px; \n\tfont-weight:300; \n\tfont-style:normal; \n\tcolor:#ffffff;\n} \n\n#cmsmasters_heading_6a01d13011b70 .cmsmasters_heading_divider { \n} \n\n \n#cmsmasters_row_6a01d13011d67 { \n\tbackground-color:#fafafa;\n} \n\n#cmsmasters_row_6a01d13011d67 .cmsmasters_row_outer_parent { \n\tpadding-top: 50px; \n} \n\n#cmsmasters_row_6a01d13011d67 .cmsmasters_row_outer_parent { \n\tpadding-bottom: 50px; \n} \n\n \n#cmsmasters_heading_6a01d13011eed { \n\ttext-align:left; \n\tmargin-top:0px; \n\tmargin-bottom:40px; \n} \n\n#cmsmasters_heading_6a01d13011eed .cmsmasters_heading { \n\ttext-align:left; \n} \n\n#cmsmasters_heading_6a01d13011eed .cmsmasters_heading, #cmsmasters_heading_6a01d13011eed .cmsmasters_heading a { \n\tfont-size:26px; \n\tfont-weight:300; \n\tfont-style:normal; \n\tcolor:#108e9e;\n} \n\n#cmsmasters_heading_6a01d13011eed .cmsmasters_heading_divider { \n} \n\n<\/style><div id=\"cmsmasters_row_6a01d13011789\" class=\"cmsmasters_row cmsmasters_color_scheme_default cmsmasters_row_top_default cmsmasters_row_bot_default cmsmasters_row_boxed\">\n<div class=\"cmsmasters_row_outer_parent\">\n<div class=\"cmsmasters_row_overlay\"><\/div>\n<div class=\"cmsmasters_row_outer\">\n<div class=\"cmsmasters_row_inner\">\n<div class=\"cmsmasters_row_margin\">\n<div class=\"cmsmasters_column one_first\">\n\n<div id=\"cmsmasters_heading_6a01d13011b70\" class=\"cmsmasters_heading_wrap cmsmasters_heading_align_left\">\n\t<h1 class=\"cmsmasters_heading\">PLAN ESTRAT\u00c9GICO<\/h1>\n<\/div>\n<\/div>\n<\/div>\n<\/div>\n<\/div>\n<\/div>\n<\/div>\n<div id=\"cmsmasters_row_6a01d13011d67\" class=\"cmsmasters_row cmsmasters_color_scheme_default cmsmasters_row_top_default cmsmasters_row_bot_default cmsmasters_row_boxed\">\n<div class=\"cmsmasters_row_outer_parent\">\n<div class=\"cmsmasters_row_outer\">\n<div class=\"cmsmasters_row_inner\">\n<div class=\"cmsmasters_row_margin\">\n<div class=\"cmsmasters_column one_first\">\n\n<div id=\"cmsmasters_heading_6a01d13011eed\" class=\"cmsmasters_heading_wrap cmsmasters_heading_align_left\">\n\t<h2 class=\"cmsmasters_heading\">Conoce nuestras metas y objetivos.<\/h2>\n<\/div><div class=\"cmsmasters_text\">\n<p>EDP University reconoce la importancia de la planificaci\u00f3n estrat\u00e9gica para el logro de su misi\u00f3n y para alcanzar sus metas estrat\u00e9gicas. Para que este proceso sea exitoso es de suma importancia la participaci\u00f3n activa de todas las unidades funcionales de la Instituci\u00f3n, por lo cual el documento que se presenta es el producto de un proceso participativo y deliberativo que incluy\u00f3 a miembros de la facultad, el Comit\u00e9 Ejecutivo, representantes del personal administrativo, a su Presidenta y a la Junta de S\u00edndicos.<\/p>\n<ul>\n<li><a href=\"https:\/\/wearewebrything.com\/edptest\/wp-content\/uploads\/4-16-2019-Plan-Estrat\u00e9gico-EDP-University-2019-2023.pdf\" target=\"_blank\" rel=\"noopener noreferrer\">Plan Estrat\u00e9gico 2019-2023<\/a><\/li>\n<li><a href=\"https:\/\/wearewebrything.com\/edptest\/wp-content\/uploads\/Strategic-Plan-EDP-University-2019-2023.pdf\">Strategic Plan 2019-2023<\/a><\/li>\n<\/ul>\n<p>&nbsp;<\/p>\n<\/div>\n<\/div>\n<\/div>\n<\/div>\n<\/div>\n<\/div>\n<\/div>\n\n","protected":false},"excerpt":{"rendered":"","protected":false},"author":8,"featured_media":0,"parent":0,"menu_order":0,"comment_status":"closed","ping_status":"closed","template":"","meta":{"_monsterinsights_skip_tracking":false,"_monsterinsights_sitenote_active":false,"_monsterinsights_sitenote_note":"","_monsterinsights_sitenote_category":0,"footnotes":""},"_links":{"self":[{"href":"https:\/\/wearewebrything.com\/edptest\/wp-json\/wp\/v2\/pages\/26938"}],"collection":[{"href":"https:\/\/wearewebrything.com\/edptest\/wp-json\/wp\/v2\/pages"}],"about":[{"href":"https:\/\/wearewebrything.com\/edptest\/wp-json\/wp\/v2\/types\/page"}],"author":[{"embeddable":true,"href":"https:\/\/wearewebrything.com\/edptest\/wp-json\/wp\/v2\/users\/8"}],"replies":[{"embeddable":true,"href":"https:\/\/wearewebrything.com\/edptest\/wp-json\/wp\/v2\/comments?post=26938"}],"version-history":[{"count":0,"href":"https:\/\/wearewebrything.com\/edptest\/wp-json\/wp\/v2\/pages\/26938\/revisions"}],"wp:attachment":[{"href":"https:\/\/wearewebrything.com\/edptest\/wp-json\/wp\/v2\/media?parent=26938"}],"curies":[{"name":"wp","href":"https:\/\/api.w.org\/{rel}","templated":true}]}}