{"id":26940,"date":"2017-03-06T10:16:29","date_gmt":"2017-03-06T14:16:29","guid":{"rendered":"https:\/\/wearewebrything.com\/edptest\/?page_id=26940"},"modified":"2023-08-11T12:20:31","modified_gmt":"2023-08-11T16:20:31","slug":"edp_glance","status":"publish","type":"page","link":"https:\/\/wearewebrything.com\/edptest\/edp-glance\/","title":{"rendered":"EDP at a Glance"},"content":{"rendered":"<style type=\"text\/css\"> \n#cmsmasters_row_69fdcf7a2ea1c { \n\tbackground-image: url(https:\/\/wearewebrything.com\/edptest\/wp-content\/uploads\/Banner-Sobre-Nosotros-3.png); \n\tbackground-position: top center; \n\tbackground-repeat: no-repeat; \n\tbackground-attachment: scroll; \n\tbackground-size: cover; \n} \n\n#cmsmasters_row_69fdcf7a2ea1c .cmsmasters_row_outer_parent { \n\tpadding-top: 80px; \n} \n\n#cmsmasters_row_69fdcf7a2ea1c .cmsmasters_row_outer_parent { \n\tpadding-bottom: 80px; \n} \n\n#cmsmasters_row_69fdcf7a2ea1c .cmsmasters_row_overlay { \n\tbackground-color:rgba(37,37,49,0.1);\n} \n\n \n#cmsmasters_heading_69fdcf7a2ef2e { \n\ttext-align:left; \n\tmargin-top:70px; \n\tmargin-bottom:70px; \n} \n\n#cmsmasters_heading_69fdcf7a2ef2e .cmsmasters_heading { \n\ttext-align:left; \n} \n\n#cmsmasters_heading_69fdcf7a2ef2e .cmsmasters_heading, #cmsmasters_heading_69fdcf7a2ef2e .cmsmasters_heading a { \n\tfont-size:50px; \n\tline-height:90px; \n\tfont-weight:300; \n\tfont-style:normal; \n\tcolor:#ffffff;\n} \n\n#cmsmasters_heading_69fdcf7a2ef2e .cmsmasters_heading_divider { \n} \n\n \n#cmsmasters_row_69fdcf7a2f141 { \n\tbackground-color:#fafafa;\n} \n\n#cmsmasters_row_69fdcf7a2f141 .cmsmasters_row_outer_parent { \n\tpadding-top: 50px; \n} \n\n#cmsmasters_row_69fdcf7a2f141 .cmsmasters_row_outer_parent { \n\tpadding-bottom: 50px; \n} \n\n \n#cmsmasters_heading_69fdcf7a2f333 { \n\ttext-align:left; \n\tmargin-top:0px; \n\tmargin-bottom:40px; \n} \n\n#cmsmasters_heading_69fdcf7a2f333 .cmsmasters_heading { \n\ttext-align:left; \n} \n\n#cmsmasters_heading_69fdcf7a2f333 .cmsmasters_heading, #cmsmasters_heading_69fdcf7a2f333 .cmsmasters_heading a { \n\tfont-size:26px; \n\tfont-weight:300; \n\tfont-style:normal; \n\tcolor:#108e9e;\n} \n\n#cmsmasters_heading_69fdcf7a2f333 .cmsmasters_heading_divider { \n} \n\n<\/style><div id=\"cmsmasters_row_69fdcf7a2ea1c\" class=\"cmsmasters_row cmsmasters_color_scheme_default cmsmasters_row_top_default cmsmasters_row_bot_default cmsmasters_row_boxed\">\n<div class=\"cmsmasters_row_outer_parent\">\n<div class=\"cmsmasters_row_overlay\"><\/div>\n<div class=\"cmsmasters_row_outer\">\n<div class=\"cmsmasters_row_inner\">\n<div class=\"cmsmasters_row_margin\">\n<div class=\"cmsmasters_column one_first\">\n\n<div id=\"cmsmasters_heading_69fdcf7a2ef2e\" class=\"cmsmasters_heading_wrap cmsmasters_heading_align_left\">\n\t<h1 class=\"cmsmasters_heading\">EDP AT A GLANCE<\/h1>\n<\/div>\n<\/div>\n<\/div>\n<\/div>\n<\/div>\n<\/div>\n<\/div>\n<div id=\"cmsmasters_row_69fdcf7a2f141\" class=\"cmsmasters_row cmsmasters_color_scheme_default cmsmasters_row_top_default cmsmasters_row_bot_default cmsmasters_row_boxed\">\n<div class=\"cmsmasters_row_outer_parent\">\n<div class=\"cmsmasters_row_outer\">\n<div class=\"cmsmasters_row_inner\">\n<div class=\"cmsmasters_row_margin\">\n<div class=\"cmsmasters_column one_first\">\n\n<div id=\"cmsmasters_heading_69fdcf7a2f333\" class=\"cmsmasters_heading_wrap cmsmasters_heading_align_left\">\n\t<h2 class=\"cmsmasters_heading\">EDP at a Glance<\/h2>\n<\/div><div class=\"cmsmasters_text\">\n<p>El objetivo del EDP at a Glance\u00a0es reunir datos relacionados al desarrollo institucional. Como l\u00edder en la formaci\u00f3n de profesionales, dentro de las \u00e1reas de las Artes, las Ciencias y la Tecnolog\u00eda, EDP University dirige continuamente sus esfuerzos hacia el cumplimiento de su misi\u00f3n tecnol\u00f3gica, social y human\u00edstica.<\/p>\n<p>La recopilaci\u00f3n anual de datos proporciona retroalimentaci\u00f3n para el an\u00e1lisis y la toma de decisiones. A su vez, permite la creaci\u00f3n de las condiciones necesarias para promover el aprendizaje activo y el desarrollo integral de los estudiantes, que son el centro del proceso educativo.<\/p>\n<ul>\n<li><a href=\"https:\/\/wearewebrything.com\/edptest\/wp-content\/uploads\/EDP-AT-A-GLANCE-NUM-21.pdf\" target=\"_blank\" rel=\"noopener\">EDP at a Glance (2021-2022)<\/a><\/li>\n<li><a href=\"https:\/\/wearewebrything.com\/edptest\/wp-content\/uploads\/EDP-AT-A-GLANCE-NUM-20-Final.pdf\" target=\"_blank\" rel=\"noopener\">EDP at a Glance (2020-2021)<\/a><\/li>\n<li><a href=\"https:\/\/wearewebrything.com\/edptest\/wp-content\/uploads\/EDP-at-a-Glance-2019-2020-Number-19.pdf\" target=\"_blank\" rel=\"noopener noreferrer\">EDP at a Glance<\/a> <a href=\"https:\/\/wearewebrything.com\/edptest\/wp-content\/uploads\/EDP-at-a-Glance-2019-2020-Number-19.pdf\">(2019-2020)<\/a><\/li>\n<li><a href=\"https:\/\/wearewebrything.com\/edptest\/wp-content\/uploads\/EDP-at-a-Glance-Final-2018-19-Feb-21-2020.pdf\" target=\"_blank\" rel=\"noopener noreferrer\">EDP at a Glance (2018-2019)<\/a><\/li>\n<li><a href=\"https:\/\/wearewebrything.com\/edptest\/wp-content\/uploads\/EDP-at-a-Glance-2017-2018-N\u00famero-17-Dic-2018.pdf\" target=\"_blank\" rel=\"noopener noreferrer\">EDP at a Glance (2017-2018)<\/a><\/li>\n<li><a href=\"https:\/\/wearewebrything.com\/edptest\/wp-content\/uploads\/EDP-at-a-Glance-n\u00famero-16-Dic-2017.pdf\" target=\"_blank\" rel=\"noopener noreferrer\">EDP at a Glance (2016-2017)<\/a><\/li>\n<li><a href=\"https:\/\/wearewebrything.com\/edptest\/wp-content\/uploads\/2017\/05\/Numero-15-DIC-2016.pdf\" target=\"_blank\" rel=\"noopener noreferrer\">EDP at a Glance (2015-2016)<\/a><\/li>\n<li><a href=\"https:\/\/wearewebrything.com\/edptest\/wp-content\/uploads\/2017\/03\/EDP-at-a-Glance.pdf\" target=\"_blank\" rel=\"noopener noreferrer\">EDP at a Glance (2014-2015)<\/a><\/li>\n<\/ul>\n<\/div>\n<\/div>\n<\/div>\n<\/div>\n<\/div>\n<\/div>\n<\/div>\n\n","protected":false},"excerpt":{"rendered":"","protected":false},"author":8,"featured_media":0,"parent":0,"menu_order":0,"comment_status":"closed","ping_status":"closed","template":"","meta":{"_monsterinsights_skip_tracking":false,"_monsterinsights_sitenote_active":false,"_monsterinsights_sitenote_note":"","_monsterinsights_sitenote_category":0,"footnotes":""},"_links":{"self":[{"href":"https:\/\/wearewebrything.com\/edptest\/wp-json\/wp\/v2\/pages\/26940"}],"collection":[{"href":"https:\/\/wearewebrything.com\/edptest\/wp-json\/wp\/v2\/pages"}],"about":[{"href":"https:\/\/wearewebrything.com\/edptest\/wp-json\/wp\/v2\/types\/page"}],"author":[{"embeddable":true,"href":"https:\/\/wearewebrything.com\/edptest\/wp-json\/wp\/v2\/users\/8"}],"replies":[{"embeddable":true,"href":"https:\/\/wearewebrything.com\/edptest\/wp-json\/wp\/v2\/comments?post=26940"}],"version-history":[{"count":2,"href":"https:\/\/wearewebrything.com\/edptest\/wp-json\/wp\/v2\/pages\/26940\/revisions"}],"predecessor-version":[{"id":41967,"href":"https:\/\/wearewebrything.com\/edptest\/wp-json\/wp\/v2\/pages\/26940\/revisions\/41967"}],"wp:attachment":[{"href":"https:\/\/wearewebrything.com\/edptest\/wp-json\/wp\/v2\/media?parent=26940"}],"curies":[{"name":"wp","href":"https:\/\/api.w.org\/{rel}","templated":true}]}}