{"id":26941,"date":"2017-03-06T10:16:45","date_gmt":"2017-03-06T14:16:45","guid":{"rendered":"https:\/\/wearewebrything.com\/edptest\/?page_id=26941"},"modified":"2021-07-04T21:20:05","modified_gmt":"2021-07-05T01:20:05","slug":"assassment_glance","status":"publish","type":"page","link":"https:\/\/wearewebrything.com\/edptest\/assassment-glance\/","title":{"rendered":"Academic Assessment at a Glance"},"content":{"rendered":"<style type=\"text\/css\"> \n#cmsmasters_row_69fcfaba12489 { \n\tbackground-image: url(https:\/\/wearewebrything.com\/edptest\/wp-content\/uploads\/Banner-Sobre-Nosotros-1.png); \n\tbackground-position: top center; \n\tbackground-repeat: no-repeat; \n\tbackground-attachment: scroll; \n\tbackground-size: auto; \n} \n\n#cmsmasters_row_69fcfaba12489 .cmsmasters_row_outer_parent { \n\tpadding-top: 80px; \n} \n\n#cmsmasters_row_69fcfaba12489 .cmsmasters_row_outer_parent { \n\tpadding-bottom: 80px; \n} \n\n#cmsmasters_row_69fcfaba12489 .cmsmasters_row_overlay { \n\tbackground-color:rgba(37,37,49,0.1);\n} \n\n \n#cmsmasters_heading_69fcfaba12918 { \n\ttext-align:left; \n\tmargin-top:70px; \n\tmargin-bottom:70px; \n} \n\n#cmsmasters_heading_69fcfaba12918 .cmsmasters_heading { \n\ttext-align:left; \n} \n\n#cmsmasters_heading_69fcfaba12918 .cmsmasters_heading, #cmsmasters_heading_69fcfaba12918 .cmsmasters_heading a { \n\tfont-size:50px; \n\tline-height:90px; \n\tfont-weight:300; \n\tfont-style:normal; \n\tcolor:#ffffff;\n} \n\n#cmsmasters_heading_69fcfaba12918 .cmsmasters_heading_divider { \n} \n\n \n#cmsmasters_row_69fcfaba12b2b { \n\tbackground-color:#fafafa;\n} \n\n#cmsmasters_row_69fcfaba12b2b .cmsmasters_row_outer_parent { \n\tpadding-top: 50px; \n} \n\n#cmsmasters_row_69fcfaba12b2b .cmsmasters_row_outer_parent { \n\tpadding-bottom: 50px; \n} \n\n \n#cmsmasters_heading_69fcfaba12cf1 { \n\ttext-align:left; \n\tmargin-top:0px; \n\tmargin-bottom:40px; \n} \n\n#cmsmasters_heading_69fcfaba12cf1 .cmsmasters_heading { \n\ttext-align:left; \n} \n\n#cmsmasters_heading_69fcfaba12cf1 .cmsmasters_heading, #cmsmasters_heading_69fcfaba12cf1 .cmsmasters_heading a { \n\tfont-size:26px; \n\tfont-weight:300; \n\tfont-style:normal; \n\tcolor:#108e9e;\n} \n\n#cmsmasters_heading_69fcfaba12cf1 .cmsmasters_heading_divider { \n} \n\n<\/style><div id=\"cmsmasters_row_69fcfaba12489\" class=\"cmsmasters_row cmsmasters_color_scheme_default cmsmasters_row_top_default cmsmasters_row_bot_default cmsmasters_row_boxed\">\n<div class=\"cmsmasters_row_outer_parent\">\n<div class=\"cmsmasters_row_overlay\"><\/div>\n<div class=\"cmsmasters_row_outer\">\n<div class=\"cmsmasters_row_inner\">\n<div class=\"cmsmasters_row_margin\">\n<div class=\"cmsmasters_column one_first\">\n\n<div id=\"cmsmasters_heading_69fcfaba12918\" class=\"cmsmasters_heading_wrap cmsmasters_heading_align_left\">\n\t<h1 class=\"cmsmasters_heading\">ACADEMIC ASSESSMENT AT A GLANCE<\/h1>\n<\/div>\n<\/div>\n<\/div>\n<\/div>\n<\/div>\n<\/div>\n<\/div>\n<div id=\"cmsmasters_row_69fcfaba12b2b\" class=\"cmsmasters_row cmsmasters_color_scheme_default cmsmasters_row_top_default cmsmasters_row_bot_default cmsmasters_row_boxed\">\n<div class=\"cmsmasters_row_outer_parent\">\n<div class=\"cmsmasters_row_outer\">\n<div class=\"cmsmasters_row_inner\">\n<div class=\"cmsmasters_row_margin\">\n<div class=\"cmsmasters_column one_first\">\n\n<div id=\"cmsmasters_heading_69fcfaba12cf1\" class=\"cmsmasters_heading_wrap cmsmasters_heading_align_left\">\n\t<h2 class=\"cmsmasters_heading\">Academic Assessment at a Glance<\/h2>\n<\/div><div class=\"cmsmasters_text\">\n<p>\u00bfC\u00f3mo se utiliza el aval\u00fao acad\u00e9mico de EDP University para cerrar el ciclo de aprendizaje de los estudiantes? \u00bfCu\u00e1n efectivas son las acciones institucionales en el desarrollo del aprendizaje basado en competencias? El Aval\u00fao Acad\u00e9mico de EDP University re\u00fane los datos acad\u00e9micos que abordan estas preguntas. Proporciona una evaluaci\u00f3n concisa del aprendizaje de los estudiantes de los Recintos de Hato Rey, San Sebasti\u00e1n y los Centros Univesitario de Humacao, Manat\u00ed y Villalba. Los datos presentados en esta publicaci\u00f3n son evidencia directa e indirecta de los resultados del aval\u00fao del alumno, elaborados por la Vicepresidencia de Investigaci\u00f3n y Desarrollo Institucional. Ver <a href=\"https:\/\/wearewebrything.com\/edptest\/wp-content\/uploads\/MANUAL-COMPLETO-NUEVO-2021-Abril-26-RRC.pdf\" target=\"_blank\" rel=\"noopener noreferrer\">Manual Aval\u00fao Acad\u00e9mico\/Academic Assessment Handbook .\u00a0<\/a><\/p>\n<ul>\n<li><a href=\"https:\/\/wearewebrything.com\/edptest\/wp-content\/uploads\/ACADEMIC-ASSESSMENT-AT-A-GLANCE-2019-2020-No-14-SEPTEMBER-2020-FINAL.pdf\" target=\"_blank\" rel=\"noopener noreferrer\">Assessment at a Glance (2019-2020)<\/a><\/li>\n<li><a href=\"https:\/\/wearewebrything.com\/edptest\/wp-content\/uploads\/ACADEMIC-ASSESSMENT-AT-A-GLANCE-2018-2019-MAY-2020.pdf\" target=\"_blank\" rel=\"noopener noreferrer\">Assessment at a Glance (2018-2019)<\/a><\/li>\n<li><a href=\"https:\/\/wearewebrything.com\/edptest\/wp-content\/uploads\/ASSESSMENT-AT-A-GLANCE-No-11-JANUARY-2018-DATOS-rev.-19-oct-2018-1.pdf\" target=\"_blank\" rel=\"noopener noreferrer\">Assessment at a Glance (2017-2018)<\/a><\/li>\n<li><a href=\"https:\/\/wearewebrything.com\/edptest\/wp-content\/uploads\/ASSESSMENT-AT-A-GLANCE-No-11-JANUARY-2018-DATOS-rev.-19-oct-2018.pdf\" target=\"_blank\" rel=\"noopener noreferrer\">Assessment at a Glance (2016-2017)<\/a><\/li>\n<li><a href=\"https:\/\/wearewebrything.com\/edptest\/wp-content\/uploads\/2017\/05\/ASSESSMENT-AT-A-GLANCE-No-10-SEPTEMBER-2016-REV-27-SEPT-2016-SSM.pdf\" target=\"_blank\" rel=\"noopener noreferrer\">Assessment at a Glance (2015-2016)<\/a><\/li>\n<\/ul>\n<\/div>\n<\/div>\n<\/div>\n<\/div>\n<\/div>\n<\/div>\n<\/div>\n\n","protected":false},"excerpt":{"rendered":"","protected":false},"author":8,"featured_media":0,"parent":0,"menu_order":0,"comment_status":"closed","ping_status":"closed","template":"","meta":{"_monsterinsights_skip_tracking":false,"_monsterinsights_sitenote_active":false,"_monsterinsights_sitenote_note":"","_monsterinsights_sitenote_category":0,"footnotes":""},"_links":{"self":[{"href":"https:\/\/wearewebrything.com\/edptest\/wp-json\/wp\/v2\/pages\/26941"}],"collection":[{"href":"https:\/\/wearewebrything.com\/edptest\/wp-json\/wp\/v2\/pages"}],"about":[{"href":"https:\/\/wearewebrything.com\/edptest\/wp-json\/wp\/v2\/types\/page"}],"author":[{"embeddable":true,"href":"https:\/\/wearewebrything.com\/edptest\/wp-json\/wp\/v2\/users\/8"}],"replies":[{"embeddable":true,"href":"https:\/\/wearewebrything.com\/edptest\/wp-json\/wp\/v2\/comments?post=26941"}],"version-history":[{"count":0,"href":"https:\/\/wearewebrything.com\/edptest\/wp-json\/wp\/v2\/pages\/26941\/revisions"}],"wp:attachment":[{"href":"https:\/\/wearewebrything.com\/edptest\/wp-json\/wp\/v2\/media?parent=26941"}],"curies":[{"name":"wp","href":"https:\/\/api.w.org\/{rel}","templated":true}]}}