{"id":35219,"date":"2019-06-12T16:57:35","date_gmt":"2019-06-12T20:57:35","guid":{"rendered":"https:\/\/wearewebrything.com\/edptest\/?page_id=35219"},"modified":"2021-07-04T22:49:33","modified_gmt":"2021-07-05T02:49:33","slug":"acreditaciones-3","status":"publish","type":"page","link":"https:\/\/wearewebrything.com\/edptest\/derechos-responsabilidades\/","title":{"rendered":"Derechos y Responsabilidades del Estudiante"},"content":{"rendered":"<style type=\"text\/css\"> \n#cmsmasters_row_69fdd7935ba25 { \n\tbackground-image: url(https:\/\/wearewebrything.com\/edptest\/wp-content\/uploads\/Banner-Ayudas-Economicas-2.png); \n\tbackground-position: top center; \n\tbackground-repeat: no-repeat; \n\tbackground-attachment: scroll; \n\tbackground-size: cover; \n} \n\n#cmsmasters_row_69fdd7935ba25 .cmsmasters_row_outer_parent { \n\tpadding-top: 80px; \n} \n\n#cmsmasters_row_69fdd7935ba25 .cmsmasters_row_outer_parent { \n\tpadding-bottom: 80px; \n} \n\n#cmsmasters_row_69fdd7935ba25 .cmsmasters_row_overlay { \n\tbackground-color:rgba(37,37,49,0.1);\n} \n\n \n#cmsmasters_heading_69fdd7935be50 { \n\ttext-align:left; \n\tmargin-top:70px; \n\tmargin-bottom:70px; \n} \n\n#cmsmasters_heading_69fdd7935be50 .cmsmasters_heading { \n\ttext-align:left; \n} \n\n#cmsmasters_heading_69fdd7935be50 .cmsmasters_heading, #cmsmasters_heading_69fdd7935be50 .cmsmasters_heading a { \n\tfont-size:50px; \n\tline-height:90px; \n\tfont-weight:300; \n\tfont-style:normal; \n\tcolor:#ffffff;\n} \n\n#cmsmasters_heading_69fdd7935be50 .cmsmasters_heading_divider { \n} \n\n \n#cmsmasters_row_69fdd7935c062 { \n\tbackground-color:#fafafa;\n} \n\n#cmsmasters_row_69fdd7935c062 .cmsmasters_row_outer_parent { \n\tpadding-top: 40px; \n} \n\n#cmsmasters_row_69fdd7935c062 .cmsmasters_row_outer_parent { \n\tpadding-bottom: 50px; \n} \n\n \n#cmsmasters_heading_69fdd7935c27a { \n\ttext-align:left; \n\tmargin-top:0px; \n\tmargin-bottom:40px; \n} \n\n#cmsmasters_heading_69fdd7935c27a .cmsmasters_heading { \n\ttext-align:left; \n} \n\n#cmsmasters_heading_69fdd7935c27a .cmsmasters_heading, #cmsmasters_heading_69fdd7935c27a .cmsmasters_heading a { \n\tfont-weight:300; \n\tfont-style:normal; \n\tcolor:#108e9e;\n} \n\n#cmsmasters_heading_69fdd7935c27a .cmsmasters_heading_divider { \n} \n\n \n#cmsmasters_divider_69fdd7935c31a { \n\tborder-bottom-width:1px; \n\tborder-bottom-style:solid; \n\tpadding-top:50px; \n\tmargin-bottom:50px; \n} \n \n#cmsmasters_row_69fdd7935c40b .cmsmasters_row_outer_parent { \n\tpadding-top: 0px; \n} \n\n#cmsmasters_row_69fdd7935c40b .cmsmasters_row_outer_parent { \n\tpadding-bottom: 50px; \n} \n\n<\/style><div id=\"cmsmasters_row_69fdd7935ba25\" class=\"cmsmasters_row cmsmasters_color_scheme_default cmsmasters_row_top_default cmsmasters_row_bot_default cmsmasters_row_boxed\">\n<div class=\"cmsmasters_row_outer_parent\">\n<div class=\"cmsmasters_row_overlay\"><\/div>\n<div class=\"cmsmasters_row_outer\">\n<div class=\"cmsmasters_row_inner\">\n<div class=\"cmsmasters_row_margin\">\n<div class=\"cmsmasters_column one_first\">\n\n<div id=\"cmsmasters_heading_69fdd7935be50\" class=\"cmsmasters_heading_wrap cmsmasters_heading_align_left\">\n\t<h1 class=\"cmsmasters_heading\">DERECHOS Y RESPONSABILIDADES<\/h1>\n<\/div>\n<\/div>\n<\/div>\n<\/div>\n<\/div>\n<\/div>\n<\/div>\n<div id=\"cmsmasters_row_69fdd7935c062\" class=\"cmsmasters_row cmsmasters_color_scheme_default cmsmasters_row_top_default cmsmasters_row_bot_default cmsmasters_row_boxed\">\n<div class=\"cmsmasters_row_outer_parent\">\n<div class=\"cmsmasters_row_outer\">\n<div class=\"cmsmasters_row_inner\">\n<div class=\"cmsmasters_row_margin\">\n<div class=\"cmsmasters_column one_first\">\n\n<div id=\"cmsmasters_heading_69fdd7935c27a\" class=\"cmsmasters_heading_wrap cmsmasters_heading_align_left\">\n\t<h1 class=\"cmsmasters_heading\">Derechos y responsabilidades del estudiante que recibe ayuda econ\u00f3mica<\/h1>\n<\/div><div class=\"cmsmasters_text\">\n<h4><\/h4>\n<h4>Como estudiante que recibe ayudas econ\u00f3micas, tienes derecho a:<\/h4>\n<ol>\n<li>Saber sobre los programas de ayuda financiera disponibles en la instituci\u00f3n.<\/li>\n<li>Conocer la fecha l\u00edmite para enviar solicitudes para los programas de ayuda disponible.<\/li>\n<li>Ser informado de las pol\u00edticas y procedimientos de ayuda econ\u00f3mica.<\/li>\n<li>Saber c\u00f3mo se determin\u00f3 su necesidad financiera y qu\u00e9 recursos (como sus ingresos, activos, contribuci\u00f3n de los padres y otra ayuda econ\u00f3mica) se consideraron en el c\u00e1lculo de la necesidad.<\/li>\n<li>Saber cu\u00e1nto de su elegibilidad de ayuda econ\u00f3mica se ha cumplido seg\u00fan lo determinado por la Oficina de Asistencia Econ\u00f3mica.<\/li>\n<li>Saber qu\u00e9 parte de su ayuda econ\u00f3mica debe reembolsarse y qu\u00e9 parte es gratuito.<\/li>\n<li>Sepa c\u00f3mo la Oficina de ayuda econ\u00f3mica determina si est\u00e1 logrando un progreso acad\u00e9mico satisfactorio y cu\u00e1les son las consecuencias si no lo est\u00e1.<\/li>\n<li>Acceder a la informaci\u00f3n sobre el derecho a saber de los estudiantes que consiste en estad\u00edsticas de seguridad del campus, graduaci\u00f3n y tasas de finalizaci\u00f3n y estad\u00edsticas demogr\u00e1ficas institucionales.<\/li>\n<li>Obtener su carta de otorgaci\u00f3n sobre su paquete de ayuda econ\u00f3mica.<\/li>\n<li>Conocer los t\u00e9rminos de cualquier pr\u00e9stamo que reciba, sus derechos de aplazamiento, cancelaci\u00f3n y tolerancia.<\/li>\n<\/ol>\n<\/div>\n\n<div id=\"cmsmasters_divider_69fdd7935c31a\" class=\"cmsmasters_divider cmsmasters_divider_width_long cmsmasters_divider_pos_center\"><\/div><div class=\"cmsmasters_text\">\n<h4><\/h4>\n<h4>Usted tiene la responsabilidad de:<\/h4>\n<ol>\n<li>Completar todos los formularios de solicitud con precisi\u00f3n y enviarlos a tiempo.<\/li>\n<li>Proporcionar informaci\u00f3n correcta.<\/li>\n<li>La tergiversaci\u00f3n de informaci\u00f3n y la falsa representaci\u00f3n en las solicitudes de ayuda econ\u00f3mica es una violaci\u00f3n de la ley federal y puede ser un delito penal.<\/li>\n<li>El devolver toda la documentaci\u00f3n, verificaci\u00f3n, correcciones y \/ o nueva informaci\u00f3n solicitada por cualquier representante de la Oficina de Asistencia Econ\u00f3mica o la agencia a la que present\u00f3 su solicitud de manera oportuna.<\/li>\n<li>Debe leer y comprender todos los formularios que le piden que firme y guardar copias de ellos<\/li>\n<li>Aceptar la responsabilidad de todos los acuerdos que firme.<\/li>\n<li>Pagar todos los pr\u00e9stamos, incluidos los intereses de esos pr\u00e9stamos.<\/li>\n<li>Realizar el trabajo que se acord\u00f3 al aceptar su participaci\u00f3n en estudio y trabajo (FWS) federal de manera satisfactoria.<\/li>\n<li>Estar al tanto de los procedimientos de sobrante y reembolso.<\/li>\n<li>Si tiene un pr\u00e9stamo, deber\u00e1 completar una Entrevista de ingreso antes de recibir su primer desembolso de su (s) pr\u00e9stamo (s) y una Entrevista de salida antes de la graduaci\u00f3n o antes de abandonar su universidad por cualquier otro motivo.<\/li>\n<li>Deber\u00e1 presentar todos los formularios de aplazamiento o cancelaci\u00f3n de pr\u00e9stamos estudiantiles requeridos a tiempo.<\/li>\n<li>Deber\u00e1 reporte cualquier cambio en la informaci\u00f3n utilizada para determinar su elegibilidad, incluyendo nombre, tama\u00f1o familiar o recursos financieros.<\/li>\n<li>Notificar a la Oficina de Oficina de Asistencia Econ\u00f3mica inmediatamente si se retira de la instituci\u00f3n o si reduce su carga acad\u00e9mica.<\/li>\n<\/ol>\n<p>&nbsp;<\/p>\n<\/div>\n<\/div>\n<\/div>\n<\/div>\n<\/div>\n<\/div>\n<\/div>\n<div id=\"cmsmasters_row_69fdd7935c40b\" class=\"cmsmasters_row cmsmasters_color_scheme_default cmsmasters_row_top_default cmsmasters_row_bot_default cmsmasters_row_boxed\">\n<div class=\"cmsmasters_row_outer_parent\">\n<div class=\"cmsmasters_row_outer\">\n<div class=\"cmsmasters_row_inner\">\n<div class=\"cmsmasters_row_margin\">\n<div class=\"cmsmasters_column one_first\">\n<\/div>\n<\/div>\n<\/div>\n<\/div>\n<\/div>\n<\/div>\n\n","protected":false},"excerpt":{"rendered":"","protected":false},"author":8,"featured_media":0,"parent":0,"menu_order":0,"comment_status":"closed","ping_status":"closed","template":"","meta":{"_monsterinsights_skip_tracking":false,"_monsterinsights_sitenote_active":false,"_monsterinsights_sitenote_note":"","_monsterinsights_sitenote_category":0,"footnotes":""},"_links":{"self":[{"href":"https:\/\/wearewebrything.com\/edptest\/wp-json\/wp\/v2\/pages\/35219"}],"collection":[{"href":"https:\/\/wearewebrything.com\/edptest\/wp-json\/wp\/v2\/pages"}],"about":[{"href":"https:\/\/wearewebrything.com\/edptest\/wp-json\/wp\/v2\/types\/page"}],"author":[{"embeddable":true,"href":"https:\/\/wearewebrything.com\/edptest\/wp-json\/wp\/v2\/users\/8"}],"replies":[{"embeddable":true,"href":"https:\/\/wearewebrything.com\/edptest\/wp-json\/wp\/v2\/comments?post=35219"}],"version-history":[{"count":0,"href":"https:\/\/wearewebrything.com\/edptest\/wp-json\/wp\/v2\/pages\/35219\/revisions"}],"wp:attachment":[{"href":"https:\/\/wearewebrything.com\/edptest\/wp-json\/wp\/v2\/media?parent=35219"}],"curies":[{"name":"wp","href":"https:\/\/api.w.org\/{rel}","templated":true}]}}