{"id":35535,"date":"2019-10-23T12:24:07","date_gmt":"2019-10-23T16:24:07","guid":{"rendered":"https:\/\/wearewebrything.com\/edptest\/?page_id=35535"},"modified":"2024-01-31T15:26:18","modified_gmt":"2024-01-31T19:26:18","slug":"mision-y-vision","status":"publish","type":"page","link":"https:\/\/wearewebrything.com\/edptest\/mision-y-vision\/","title":{"rendered":"Misi\u00f3n y Visi\u00f3n"},"content":{"rendered":"<style type=\"text\/css\"><\/style>\t\t<div data-elementor-type=\"wp-page\" data-elementor-id=\"35535\" class=\"elementor elementor-35535\" data-elementor-post-type=\"page\">\n\t\t\t\t\t\t<section class=\"elementor-section elementor-top-section elementor-element elementor-element-9590386 elementor-section-boxed elementor-section-height-default elementor-section-height-default\" data-id=\"9590386\" data-element_type=\"section\">\n\t\t\t\t\t\t<div class=\"elementor-container elementor-column-gap-default\">\n\t\t\t\t\t<div class=\"elementor-column elementor-col-100 elementor-top-column elementor-element elementor-element-63615bf\" data-id=\"63615bf\" data-element_type=\"column\">\n\t\t\t<div class=\"elementor-widget-wrap elementor-element-populated\">\n\t\t\t\t\t\t<section class=\"elementor-section elementor-inner-section elementor-element elementor-element-293e49e elementor-section-boxed elementor-section-height-default elementor-section-height-default\" data-id=\"293e49e\" data-element_type=\"section\">\n\t\t\t\t\t\t<div class=\"elementor-container elementor-column-gap-default\">\n\t\t\t\t\t<div class=\"elementor-column elementor-col-50 elementor-inner-column elementor-element elementor-element-7904e49\" data-id=\"7904e49\" data-element_type=\"column\">\n\t\t\t<div class=\"elementor-widget-wrap elementor-element-populated\">\n\t\t\t\t\t\t<div class=\"elementor-element elementor-element-8325ee7 elementor-widget elementor-widget-heading\" data-id=\"8325ee7\" data-element_type=\"widget\" data-widget_type=\"heading.default\">\n\t\t\t\t<div class=\"elementor-widget-container\">\n\t\t\t<h2 class=\"elementor-heading-title elementor-size-default\">Misi\u00f3n<\/h2>\t\t<\/div>\n\t\t\t\t<\/div>\n\t\t\t\t\t<\/div>\n\t\t<\/div>\n\t\t\t\t<div class=\"elementor-column elementor-col-50 elementor-inner-column elementor-element elementor-element-5530920\" data-id=\"5530920\" data-element_type=\"column\">\n\t\t\t<div class=\"elementor-widget-wrap elementor-element-populated\">\n\t\t\t\t\t\t<div class=\"elementor-element elementor-element-d086b42 elementor-widget elementor-widget-heading\" data-id=\"d086b42\" data-element_type=\"widget\" data-widget_type=\"heading.default\">\n\t\t\t\t<div class=\"elementor-widget-container\">\n\t\t\t<h2 class=\"elementor-heading-title elementor-size-default\">Visi\u00f3n <\/h2>\t\t<\/div>\n\t\t\t\t<\/div>\n\t\t\t\t\t<\/div>\n\t\t<\/div>\n\t\t\t\t\t<\/div>\n\t\t<\/section>\n\t\t\t\t<section class=\"elementor-section elementor-inner-section elementor-element elementor-element-5213100 elementor-section-boxed elementor-section-height-default elementor-section-height-default\" data-id=\"5213100\" data-element_type=\"section\">\n\t\t\t\t\t\t<div class=\"elementor-container elementor-column-gap-default\">\n\t\t\t\t\t<div class=\"elementor-column elementor-col-50 elementor-inner-column elementor-element elementor-element-801b1e0\" data-id=\"801b1e0\" data-element_type=\"column\">\n\t\t\t<div class=\"elementor-widget-wrap elementor-element-populated\">\n\t\t\t\t\t\t<div class=\"elementor-element elementor-element-9b07b8e elementor-widget elementor-widget-text-editor\" data-id=\"9b07b8e\" data-element_type=\"widget\" data-widget_type=\"text-editor.default\">\n\t\t\t\t<div class=\"elementor-widget-container\">\n\t\t\t\t\t\t\t<p><span style=\"color: #808080;\">EDP University of Puerto Rico, Inc. es una instituci\u00f3n universitaria de car\u00e1cter tecnol\u00f3gico y socio human\u00edstico, l\u00edder en la educaci\u00f3n de profesionales en las Artes, las Ciencias y la Tecnolog\u00eda. Formamos una comunidad de aprendizaje que ofrece programas acad\u00e9micos sub-graduados y graduados mediante modalidades diversas que promueven el aprendizaje activo y el desarrollo integral del estudiante ya que estos son el centro del proceso educativo.<\/span><\/p>\t\t\t\t\t\t<\/div>\n\t\t\t\t<\/div>\n\t\t\t\t\t<\/div>\n\t\t<\/div>\n\t\t\t\t<div class=\"elementor-column elementor-col-50 elementor-inner-column elementor-element elementor-element-8d7e54b\" data-id=\"8d7e54b\" data-element_type=\"column\">\n\t\t\t<div class=\"elementor-widget-wrap elementor-element-populated\">\n\t\t\t\t\t\t<div class=\"elementor-element elementor-element-00ea71f elementor-widget elementor-widget-text-editor\" data-id=\"00ea71f\" data-element_type=\"widget\" data-widget_type=\"text-editor.default\">\n\t\t\t\t<div class=\"elementor-widget-container\">\n\t\t\t\t\t\t\t<p><span lang=\"ES-PR\">EDP University of Puerto Rico, Inc. adopta el Modelo de Universidad Emprendedora y asume el conocimiento y su b\u00fasqueda como eje para la innovaci\u00f3n y el desarrollo econ\u00f3mico sustentable y competitivo de sus constituyentes en y fuera de Puerto Rico.<\/span><\/p>\t\t\t\t\t\t<\/div>\n\t\t\t\t<\/div>\n\t\t\t\t\t<\/div>\n\t\t<\/div>\n\t\t\t\t\t<\/div>\n\t\t<\/section>\n\t\t\t\t\t<\/div>\n\t\t<\/div>\n\t\t\t\t\t<\/div>\n\t\t<\/section>\n\t\t\t\t<section class=\"elementor-section elementor-top-section elementor-element elementor-element-6a471fe elementor-section-boxed elementor-section-height-default elementor-section-height-default\" data-id=\"6a471fe\" data-element_type=\"section\">\n\t\t\t\t\t\t<div class=\"elementor-container elementor-column-gap-default\">\n\t\t\t\t\t<div class=\"elementor-column elementor-col-100 elementor-top-column elementor-element elementor-element-9ba545e\" data-id=\"9ba545e\" data-element_type=\"column\">\n\t\t\t<div class=\"elementor-widget-wrap elementor-element-populated\">\n\t\t\t\t\t\t<div class=\"elementor-element elementor-element-31b9582 elementor-widget elementor-widget-heading\" data-id=\"31b9582\" data-element_type=\"widget\" data-widget_type=\"heading.default\">\n\t\t\t\t<div class=\"elementor-widget-container\">\n\t\t\t<h2 class=\"elementor-heading-title elementor-size-default\">Historia<\/h2>\t\t<\/div>\n\t\t\t\t<\/div>\n\t\t\t\t<div class=\"elementor-element elementor-element-ce837a7 elementor-widget elementor-widget-text-editor\" data-id=\"ce837a7\" data-element_type=\"widget\" data-widget_type=\"text-editor.default\">\n\t\t\t\t<div class=\"elementor-widget-container\">\n\t\t\t\t\t\t\t<p><img decoding=\"async\" class=\"alignleft wp-image-35539 size-thumbnail\" src=\"https:\/\/wearewebrything.com\/edptest\/wp-content\/uploads\/Seal-1-150x150.jpg\" alt=\"\" width=\"150\" height=\"150\" srcset=\"https:\/\/wearewebrything.com\/edptest\/wp-content\/uploads\/Seal-1-150x150.jpg 150w, https:\/\/wearewebrything.com\/edptest\/wp-content\/uploads\/Seal-1-300x300.jpg 300w, https:\/\/wearewebrything.com\/edptest\/wp-content\/uploads\/Seal-1-60x60.jpg 60w, https:\/\/wearewebrything.com\/edptest\/wp-content\/uploads\/Seal-1.jpg 416w\" sizes=\"(max-width: 150px) 100vw, 150px\" \/>EDP University of Puerto Rico, Inc., comienza como una instituci\u00f3n de educaci\u00f3n post-secundaria, para responder a la naciente demanda de personal diestro en el campo de procesamiento de datos. Sus fundadores, Ingeniero An\u00edbal Nieves y Gladys V\u00e1zquez, desarrollaron el primer curso t\u00e9cnico para capacitar profesionales que pudieran manejar la primera fase de mecanizaci\u00f3n del gobierno y crear programas de computadoras que atendieran las necesidades locales.<\/p>\t\t\t\t\t\t<\/div>\n\t\t\t\t<\/div>\n\t\t\t\t\t<\/div>\n\t\t<\/div>\n\t\t\t\t\t<\/div>\n\t\t<\/section>\n\t\t\t\t<\/div>\n\t\t","protected":false},"excerpt":{"rendered":"<p>Misi\u00f3n Visi\u00f3n EDP University of Puerto Rico, Inc. es una instituci\u00f3n universitaria de car\u00e1cter tecnol\u00f3gico y socio human\u00edstico, l\u00edder en la educaci\u00f3n de profesionales en las Artes, las Ciencias y la Tecnolog\u00eda. Formamos una comunidad de aprendizaje que ofrece programas acad\u00e9micos sub-graduados y graduados mediante modalidades diversas que promueven el aprendizaje activo y el desarrollo&#8230;<\/p>\n","protected":false},"author":8,"featured_media":0,"parent":0,"menu_order":0,"comment_status":"closed","ping_status":"closed","template":"","meta":{"_monsterinsights_skip_tracking":false,"_monsterinsights_sitenote_active":false,"_monsterinsights_sitenote_note":"","_monsterinsights_sitenote_category":0,"footnotes":""},"_links":{"self":[{"href":"https:\/\/wearewebrything.com\/edptest\/wp-json\/wp\/v2\/pages\/35535"}],"collection":[{"href":"https:\/\/wearewebrything.com\/edptest\/wp-json\/wp\/v2\/pages"}],"about":[{"href":"https:\/\/wearewebrything.com\/edptest\/wp-json\/wp\/v2\/types\/page"}],"author":[{"embeddable":true,"href":"https:\/\/wearewebrything.com\/edptest\/wp-json\/wp\/v2\/users\/8"}],"replies":[{"embeddable":true,"href":"https:\/\/wearewebrything.com\/edptest\/wp-json\/wp\/v2\/comments?post=35535"}],"version-history":[{"count":3,"href":"https:\/\/wearewebrything.com\/edptest\/wp-json\/wp\/v2\/pages\/35535\/revisions"}],"predecessor-version":[{"id":42593,"href":"https:\/\/wearewebrything.com\/edptest\/wp-json\/wp\/v2\/pages\/35535\/revisions\/42593"}],"wp:attachment":[{"href":"https:\/\/wearewebrything.com\/edptest\/wp-json\/wp\/v2\/media?parent=35535"}],"curies":[{"name":"wp","href":"https:\/\/api.w.org\/{rel}","templated":true}]}}