{"id":37617,"date":"2022-03-17T15:46:24","date_gmt":"2022-03-17T19:46:24","guid":{"rendered":"https:\/\/wearewebrything.com\/edptest\/?page_id=37617"},"modified":"2024-04-03T12:24:26","modified_gmt":"2024-04-03T16:24:26","slug":"proyectos-federales","status":"publish","type":"page","link":"https:\/\/wearewebrything.com\/edptest\/proyectos-federales\/","title":{"rendered":"Proyectos Federales"},"content":{"rendered":"<style type=\"text\/css\"><\/style>\t\t<div data-elementor-type=\"wp-page\" data-elementor-id=\"37617\" class=\"elementor elementor-37617\" data-elementor-post-type=\"page\">\n\t\t\t\t\t\t<section class=\"elementor-section elementor-top-section elementor-element elementor-element-51bae5b elementor-section-boxed elementor-section-height-default elementor-section-height-default\" data-id=\"51bae5b\" data-element_type=\"section\">\n\t\t\t\t\t\t<div class=\"elementor-container elementor-column-gap-default\">\n\t\t\t\t\t<div class=\"elementor-column elementor-col-100 elementor-top-column elementor-element elementor-element-f6a1665\" data-id=\"f6a1665\" data-element_type=\"column\">\n\t\t\t<div class=\"elementor-widget-wrap elementor-element-populated\">\n\t\t\t\t\t\t<div class=\"elementor-element elementor-element-7ae215b elementor-widget__width-initial elementor-widget elementor-widget-text-editor\" data-id=\"7ae215b\" data-element_type=\"widget\" data-widget_type=\"text-editor.default\">\n\t\t\t\t<div class=\"elementor-widget-container\">\n\t\t\t\t\t\t\t<h3>\u00a0<\/h3><h2><span style=\"color: #008080;\"><a style=\"color: #008080;\" href=\"https:\/\/wearewebrything.com\/edptest\/becas_enfermeria\/\"><strong>NWDP<\/strong><\/a><\/span><\/h2><div><em>Nursing Workforce Diversity Program<\/em><\/div><div>Jovean Rivera Rivera, MSN, RN<\/div><div>Award Number\u00a0 1 D19HP42031\u201001\u201000<\/div><div>Department of Health and Human Services<\/div><div>Health Resources and Services Administration (HRSA)<\/div><div>FECHA APROBACI\u00d3N &#8211; 1 DE JULIO DE 2021<\/div><div>FECHA TERMINACI\u00d3N \u2013 30 DE JUNIO DE 2025<\/div><div>CANTIDAD SUBVENCI\u00d3N-$2,220,000.00<\/div><div>\u00a0<\/div><h3><span style=\"color: #008080;\"><strong>TITLE V- <\/strong>Recinto de Hato Rey\u00a0<\/span><\/h3><div><em>Improving Students\u2019 Achievements Through Academic and Support Programs<\/em><br \/>Award Number P031S210146<\/div><div>Dr. Alberto L\u00f3pez Mercado, Director<\/div><div>U.S. Department of Education<\/div><div>TITLE V Higher Education Act, as Amended<\/div><div>Higher Education &#8211; Institutional Aid<\/div><div>FECHA APROBACI\u00d3N &#8211; 1 DE OCTUBRE DE 2021<\/div><div>FECHA TERMINACI\u00d3N \u2013 30 DE SEPTIEMBRE DE 2026<\/div><p>CANTIDAD SUBVENCI\u00d3N-$3,000,000.00<\/p><h3><span style=\"color: #008080;\"><strong>PRG-STEM<\/strong><\/span><\/h3><div><em>Promoting Retention and Graduation Rates in STEM Careers<\/em><\/div><div>Prof. Nelson P\u00e9rez, Director<\/div><div>Dra. Lorrie M. Cuevas Torres, Coordinadora<\/div><div>Award Number P031C210051<\/div><div>U.S. Department of Education<\/div><div>Title III The Higher Education Opportunity Act<\/div><div>Higher Education \u2013 Institutional Aid<\/div><div>FECHA APROBACI\u00d3N- 1 DE OCTUBRE DE 2021<\/div><div>FECHA TERMINACI\u00d3N \u2013 30 DE SEPTIEMBRE DE 2026<\/div><div>CANTIDAD SUBVENCI\u00d3N-$5,000,000.00<\/div><div>\u00a0<\/div><h2><a href=\"https:\/\/wearewebrything.com\/edptest\/ppoha\/\"><span style=\"color: #008080;\"><strong>PPOHA<\/strong><\/span><\/a><\/h2><div><em>Improving Graduate Opportunities through Distance Learning and Financial Literacy<\/em><\/div><div>Dra. Glorimar Santini Hern\u00e1ndez, Directora<\/div><div>Award Number P031M190042 &#8211; 20<\/div><div>U.S. Department of Education<\/div><div>Title V Higher Education Act of 1965, as Amended<\/div><div>Promoting Post baccalaureate Opportunities for Hispanic Americans<\/div><div>FECHA APROBACI\u00d3N- 1 DE OCTUBRE DE 2019<\/div><div>FECHA TERMINACI\u00d3N \u2013 30 DE SEPTIEMBRE DE 2024<\/div><div>CANTIDAD SUBVENCI\u00d3N-$3,000,000.00<\/div><h3>\u00a0<\/h3><h2><a href=\"https:\/\/wearewebrything.com\/edptest\/pea\/\"><span style=\"color: #008080;\"><strong>PEA<\/strong><\/span><\/a><\/h2><div><em>Adultos Alcanzando Horizontes<\/em><\/div><div>Prof. Miguel Hern\u00e1ndez, Director Centro de Hato Rey<\/div><div>Profa. Idalia Hern\u00e1ndez, Directora Centro Sat\u00e9lite de San Sebasti\u00e1n<\/div><div>Departamento de Educaci\u00f3n de PR<\/div><div>T\u00edtulo II &#8211; Ley de Innovaci\u00f3n y Oportunidades de la Fuerza Laboral<\/div><div>Programa de Educaci\u00f3n para Adultos<\/div><div>FECHA APROBACI\u00d3N- 29 DE SEPTIEMBRE DE 2021<\/div><div>FECHA TERMINACI\u00d3N \u2013 28 DE SEPTIEMBRE DE 2022 (RENOVABLE A TRES (3) A\u00d1OS)<\/div><div>CANTIDAD SUBVENCI\u00d3N-$125,630.00<\/div><div>\u00a0<\/div><div>\u00a0<\/div><h3><span style=\"color: #008080;\"><strong>CCAMPIS<\/strong><\/span><\/h3><div><em>Kids@EDP Childcare Center with a daycare center and an afterschool program<\/em><\/div><div>Sra. Teresa Soto Amadeo<\/div><div>Award Number P335A210084<\/div><div>U.S. Department of Education<\/div><div>Title IV The Higher Education Opportunity Act<\/div><div>Childcare Access Means Parents In School<\/div><div>FECHA APROBACI\u00d3N- 1 DE OCTUBRE DE 2021<\/div><div>FECHA TERMINACI\u00d3N \u2013 30 DE SEPTIEMBRE DE 2025<\/div><div>CANTIDAD SUBVENCI\u00d3N-$467,392.00<\/div><h3>\u00a0<\/h3><h3><span style=\"color: #008080;\"><strong>NEPQR-MHTP-Salud Sobre Ruedas\u00a0 \u00a0 \u00a0<\/strong> \u00a0<\/span><\/h3><div>Escuela de Enfermer\u00eda, Centro Universitario de Manat\u00ed<\/div><div>Profa Lizzette Mestey, Directora Proyecto<\/div><div>Nurse Education, Practice, Quality and Retention Grants (NEPQR)-Mobile Health Training Program (MHTP)<\/div><div>Award Number\u00a0 UK1HP46051\u201001\u201002<\/div><div>Department of Health and Human Services<\/div><div>Health Resources and Services Administration (HRSA)<\/div><div>\u00a0<\/div><div>\u00a0<\/div><h3><span style=\"color: #008080;\"><strong>TITLE V &#8211; <\/strong>Recinto de San Sebasti\u00e1n <\/span><\/h3><div>Dra. Doris Vilma Rodr\u00edguez, Directora Proyecto<\/div><div>Empowering Hispanic Students for Academic Success by Enhancing Programs and Restructuring Student Support Services<\/div><div>Award Number P031S220004<\/div><div>U.S. Department of Education<\/div><div>TITLE V Higher Education Act, as Amended<\/div><div>Higher Education &#8211; Institutional Aid<\/div><div>\u00a0<\/div><h3>\u00a0<\/h3><h3><strong><span style=\"color: #008080;\">PPOHA\/HEIA<\/span><\/strong><\/h3><div><br \/>Providing opportunities for Hispanic Students by Increasing Access to Diverse, Flexible and Affordable In-demand Graduate Programs<br \/>Award Number P031M230002<br \/>Dra. Lillian Alers Soto, Directora<br \/>U.S. Department of Education<br \/>Title V Higher Education Act of 1965, as Amended<br \/>Higher Education-Institutional Aid<br \/>FECHA DE APROBACI\u00d3N -1 DE OCTUBRE DE 2023<br \/>FECHA DE TERMINACI\u00d3N-30 DE SEPTIEMBRE DE 2028<br \/>CANTIDAD DE SUBVENCI\u00d3N- $3,000,000.00<\/div>\t\t\t\t\t\t<\/div>\n\t\t\t\t<\/div>\n\t\t\t\t\t<\/div>\n\t\t<\/div>\n\t\t\t\t\t<\/div>\n\t\t<\/section>\n\t\t\t\t<section class=\"elementor-section elementor-top-section elementor-element elementor-element-80c357c elementor-section-boxed elementor-section-height-default elementor-section-height-default\" data-id=\"80c357c\" data-element_type=\"section\">\n\t\t\t\t\t\t<div class=\"elementor-container elementor-column-gap-default\">\n\t\t\t\t\t<div class=\"elementor-column elementor-col-100 elementor-top-column elementor-element elementor-element-9aaa7be\" data-id=\"9aaa7be\" data-element_type=\"column\">\n\t\t\t<div class=\"elementor-widget-wrap elementor-element-populated\">\n\t\t\t\t\t\t<div class=\"elementor-element elementor-element-64bbbf6 elementor-widget elementor-widget-spacer\" data-id=\"64bbbf6\" data-element_type=\"widget\" data-widget_type=\"spacer.default\">\n\t\t\t\t<div class=\"elementor-widget-container\">\n\t\t\t\t\t<div class=\"elementor-spacer\">\n\t\t\t<div class=\"elementor-spacer-inner\"><\/div>\n\t\t<\/div>\n\t\t\t\t<\/div>\n\t\t\t\t<\/div>\n\t\t\t\t\t<\/div>\n\t\t<\/div>\n\t\t\t\t\t<\/div>\n\t\t<\/section>\n\t\t\t\t<\/div>\n\t\t","protected":false},"excerpt":{"rendered":"<p>\u00a0 NWDP Nursing Workforce Diversity ProgramJovean Rivera Rivera, MSN, RNAward Number\u00a0 1 D19HP42031\u201001\u201000Department of Health and Human ServicesHealth Resources and Services Administration (HRSA)FECHA APROBACI\u00d3N &#8211; 1 DE JULIO DE 2021FECHA TERMINACI\u00d3N \u2013 30 DE JUNIO DE 2025CANTIDAD SUBVENCI\u00d3N-$2,220,000.00\u00a0 TITLE V- Recinto de Hato Rey\u00a0 Improving Students\u2019 Achievements Through Academic and Support ProgramsAward Number P031S210146Dr. Alberto&#8230;<\/p>\n","protected":false},"author":8,"featured_media":0,"parent":0,"menu_order":0,"comment_status":"closed","ping_status":"closed","template":"","meta":{"_monsterinsights_skip_tracking":false,"_monsterinsights_sitenote_active":false,"_monsterinsights_sitenote_note":"","_monsterinsights_sitenote_category":0,"footnotes":""},"_links":{"self":[{"href":"https:\/\/wearewebrything.com\/edptest\/wp-json\/wp\/v2\/pages\/37617"}],"collection":[{"href":"https:\/\/wearewebrything.com\/edptest\/wp-json\/wp\/v2\/pages"}],"about":[{"href":"https:\/\/wearewebrything.com\/edptest\/wp-json\/wp\/v2\/types\/page"}],"author":[{"embeddable":true,"href":"https:\/\/wearewebrything.com\/edptest\/wp-json\/wp\/v2\/users\/8"}],"replies":[{"embeddable":true,"href":"https:\/\/wearewebrything.com\/edptest\/wp-json\/wp\/v2\/comments?post=37617"}],"version-history":[{"count":18,"href":"https:\/\/wearewebrything.com\/edptest\/wp-json\/wp\/v2\/pages\/37617\/revisions"}],"predecessor-version":[{"id":42792,"href":"https:\/\/wearewebrything.com\/edptest\/wp-json\/wp\/v2\/pages\/37617\/revisions\/42792"}],"wp:attachment":[{"href":"https:\/\/wearewebrything.com\/edptest\/wp-json\/wp\/v2\/media?parent=37617"}],"curies":[{"name":"wp","href":"https:\/\/api.w.org\/{rel}","templated":true}]}}