{"id":41432,"date":"2023-06-26T16:51:05","date_gmt":"2023-06-26T20:51:05","guid":{"rendered":"https:\/\/wearewebrything.com\/edptest\/?page_id=41432"},"modified":"2023-06-27T10:41:03","modified_gmt":"2023-06-27T14:41:03","slug":"militares-y-veteranos","status":"publish","type":"page","link":"https:\/\/wearewebrything.com\/edptest\/militares-y-veteranos\/","title":{"rendered":"Militares y Veteranos"},"content":{"rendered":"<style type=\"text\/css\"> \n#cmsmasters_row_69fdc58621404 { \n\tbackground-image: url(https:\/\/wearewebrything.com\/edptest\/wp-content\/uploads\/Banner-Servicios-al-Estudiante-2.png); \n\tbackground-position: top center; \n\tbackground-repeat: no-repeat; \n\tbackground-attachment: scroll; \n\tbackground-size: cover; \n} \n\n#cmsmasters_row_69fdc58621404 .cmsmasters_row_outer_parent { \n\tpadding-top: 80px; \n} \n\n#cmsmasters_row_69fdc58621404 .cmsmasters_row_outer_parent { \n\tpadding-bottom: 80px; \n} \n\n#cmsmasters_row_69fdc58621404 .cmsmasters_row_overlay { \n\tbackground-color:rgba(37,37,49,0.1);\n} \n\n \n#cmsmasters_heading_69fdc58622631 { \n\ttext-align:left; \n\tmargin-top:30px; \n\tmargin-bottom:30px; \n} \n\n#cmsmasters_heading_69fdc58622631 .cmsmasters_heading { \n\ttext-align:left; \n} \n\n#cmsmasters_heading_69fdc58622631 .cmsmasters_heading, #cmsmasters_heading_69fdc58622631 .cmsmasters_heading a { \n\tfont-size:50px; \n\tline-height:90px; \n\tfont-weight:300; \n\tfont-style:bold; \n\tcolor:#108e9e;\n} \n\n#cmsmasters_heading_69fdc58622631 .cmsmasters_heading_divider { \n} \n\n \n#cmsmasters_row_69fdc586229c7 .cmsmasters_row_outer_parent { \n\tpadding-top: 0px; \n} \n\n#cmsmasters_row_69fdc586229c7 .cmsmasters_row_outer_parent { \n\tpadding-bottom: 0px; \n} \n\n<\/style>\t\t<div data-elementor-type=\"wp-page\" data-elementor-id=\"41432\" class=\"elementor elementor-41432\" data-elementor-post-type=\"page\">\n\t\t\t\t\t\t<section class=\"elementor-section elementor-top-section elementor-element elementor-element-5d71981c elementor-section-boxed elementor-section-height-default elementor-section-height-default\" data-id=\"5d71981c\" data-element_type=\"section\">\n\t\t\t\t\t\t<div class=\"elementor-container elementor-column-gap-default\">\n\t\t\t\t\t<div class=\"elementor-column elementor-col-100 elementor-top-column elementor-element elementor-element-5df34722\" data-id=\"5df34722\" data-element_type=\"column\">\n\t\t\t<div class=\"elementor-widget-wrap elementor-element-populated\">\n\t\t\t\t\t\t<div class=\"elementor-element elementor-element-6b50d32b elementor-widget elementor-widget-text-editor\" data-id=\"6b50d32b\" data-element_type=\"widget\" data-widget_type=\"text-editor.default\">\n\t\t\t\t<div class=\"elementor-widget-container\">\n\t\t\t\t\t\t\t<p><div id=\"cmsmasters_row_69fdc58621404\" class=\"cmsmasters_row cmsmasters_color_scheme_default cmsmasters_row_top_default cmsmasters_row_bot_default cmsmasters_row_boxed\">\n<div class=\"cmsmasters_row_outer_parent\">\n<div class=\"cmsmasters_row_overlay\"><\/div>\n<div class=\"cmsmasters_row_outer\">\n<div class=\"cmsmasters_row_inner\">\n<div class=\"cmsmasters_row_margin\">\n<div class=\"cmsmasters_column one_first\">\n\n<div id=\"cmsmasters_heading_69fdc58622631\" class=\"cmsmasters_heading_wrap cmsmasters_heading_align_left\">\n\t<h1 class=\"cmsmasters_heading\">SERVICIOS AL ESTUDIANTE<\/h1>\n<\/div>\n<\/div>\n<\/div>\n<\/div>\n<\/div>\n<\/div>\n<\/div>\n<div id=\"cmsmasters_row_69fdc586229c7\" class=\"cmsmasters_row cmsmasters_color_scheme_#108e9e cmsmasters_row_top_default cmsmasters_row_bot_default cmsmasters_row_boxed\">\n<div class=\"cmsmasters_row_outer_parent\">\n<div class=\"cmsmasters_row_outer\">\n<div class=\"cmsmasters_row_inner\">\n<div class=\"cmsmasters_row_margin\">\n<\/div>\n<\/div>\n<\/div>\n<\/div>\n<\/div>\n<\/p>\t\t\t\t\t\t<\/div>\n\t\t\t\t<\/div>\n\t\t\t\t<div class=\"elementor-element elementor-element-ad20e18 elementor-widget elementor-widget-spacer\" data-id=\"ad20e18\" data-element_type=\"widget\" data-widget_type=\"spacer.default\">\n\t\t\t\t<div class=\"elementor-widget-container\">\n\t\t\t\t\t<div class=\"elementor-spacer\">\n\t\t\t<div class=\"elementor-spacer-inner\"><\/div>\n\t\t<\/div>\n\t\t\t\t<\/div>\n\t\t\t\t<\/div>\n\t\t\t\t<div class=\"elementor-element elementor-element-68f7184 elementor-widget elementor-widget-heading\" data-id=\"68f7184\" data-element_type=\"widget\" data-widget_type=\"heading.default\">\n\t\t\t\t<div class=\"elementor-widget-container\">\n\t\t\t<h2 class=\"elementor-heading-title elementor-size-default\">Servicios para Militares, Veteranos y Dependientes<\/h2>\t\t<\/div>\n\t\t\t\t<\/div>\n\t\t\t\t<div class=\"elementor-element elementor-element-fe01a87 elementor-widget elementor-widget-spacer\" data-id=\"fe01a87\" data-element_type=\"widget\" data-widget_type=\"spacer.default\">\n\t\t\t\t<div class=\"elementor-widget-container\">\n\t\t\t\t\t<div class=\"elementor-spacer\">\n\t\t\t<div class=\"elementor-spacer-inner\"><\/div>\n\t\t<\/div>\n\t\t\t\t<\/div>\n\t\t\t\t<\/div>\n\t\t\t\t<div class=\"elementor-element elementor-element-a500c8a elementor-widget elementor-widget-text-editor\" data-id=\"a500c8a\" data-element_type=\"widget\" data-widget_type=\"text-editor.default\">\n\t\t\t\t<div class=\"elementor-widget-container\">\n\t\t\t\t\t\t\t<p>La instituci\u00f3n est\u00e1 aprobada por la Agencia Aprobadora de Servicios Educativos a Veteranos para brindar capacitaci\u00f3n acad\u00e9mica a los estudiantes bajo los diversos programas GI Bill<sup>\u00ae<\/sup>.<\/p><p><strong>&#8220;GI Bill<sup>\u00ae<\/sup>\u201d es una marca registrada del Departamento de Asuntos al Veterano (VA).<\/strong><\/p><p class=\"MsoNormal\"><span lang=\"ES\">Nuestro compromiso con la comunidad de veteranos es brindarle un servicio de calidad a los que han sido miembros del servicio militar estadounidense y sus familiares. De esta manera le ofrecemos oportunidades de crecimiento profesional y educativo. Si usted es elegible para recibir beneficios de educaci\u00f3n del Departamento de Asuntos de Veteranos, deber\u00e1 presentar su certificaci\u00f3n de elegibilidad y cumplir con los <a href=\"https:\/\/wearewebrything.com\/edptest\/admisiones\/\">requisitos de admisi\u00f3n<\/a>, establecidos por la universidad.<\/span><\/p><p>Los beneficios para Veteranos est\u00e1n disponibles en los Recintos de Hato Rey y San Sebasti\u00e1n.<\/p>\t\t\t\t\t\t<\/div>\n\t\t\t\t<\/div>\n\t\t\t\t\t<\/div>\n\t\t<\/div>\n\t\t\t\t\t<\/div>\n\t\t<\/section>\n\t\t\t\t<section class=\"elementor-section elementor-top-section elementor-element elementor-element-570e339 elementor-section-boxed elementor-section-height-default elementor-section-height-default\" data-id=\"570e339\" data-element_type=\"section\">\n\t\t\t\t\t\t<div class=\"elementor-container elementor-column-gap-default\">\n\t\t\t\t\t<div class=\"elementor-column elementor-col-100 elementor-top-column elementor-element elementor-element-0a29632\" data-id=\"0a29632\" data-element_type=\"column\">\n\t\t\t<div class=\"elementor-widget-wrap elementor-element-populated\">\n\t\t\t\t\t\t<div class=\"elementor-element elementor-element-8089e1b elementor-widget elementor-widget-heading\" data-id=\"8089e1b\" data-element_type=\"widget\" data-widget_type=\"heading.default\">\n\t\t\t\t<div class=\"elementor-widget-container\">\n\t\t\t<h3 class=\"elementor-heading-title elementor-size-default\">Registradur\u00eda<\/h3>\t\t<\/div>\n\t\t\t\t<\/div>\n\t\t\t\t<div class=\"elementor-element elementor-element-bb355e6 elementor-widget elementor-widget-text-editor\" data-id=\"bb355e6\" data-element_type=\"widget\" data-widget_type=\"text-editor.default\">\n\t\t\t\t<div class=\"elementor-widget-container\">\n\t\t\t\t\t\t\t<p>En la oficina de Registradur\u00eda, contamos con oficiales de certificaci\u00f3n de veteranos que le brindan la informaci\u00f3n necesaria para solicitar sus beneficios como militar, veterano, esposa\/esposo o hijos de un veterano, certificados por la School Certifying Official Training VA en el curso de Education Service SCO Course.<\/p><ol><li>El estudiante debe completar el proceso de admisi\u00f3n.<\/li><li>Enviar Certificado de Elegibilidad al oficial certificador de la oficina de registradur\u00eda de su recinto.<ul><li>Tan pronto se recibe el certificado de elegibilidad se le entregar\u00e1 los deberes y responsabilidades de la agencia de veteranos.<\/li><\/ul><\/li><li>Para certificar su matr\u00edcula:<ul><li>Debe entregar en admisiones todas las transcripciones de cr\u00e9ditos de todas las instituciones en las cuales ha estudiado, el estudiante no puede rechazar ninguna convalidaci\u00f3n.<\/li><li>Haber declarado un programa aprobado por la Agencia Aprobadora de Veteranos.<\/li><li>Notificar al oficial certificador de registro (email u oficina) cada vez que complete una matr\u00edcula nueva o realice cambios a la misma. Recuerde que una baja y dejar de entrar o asistir a un curso son cambios en su matr\u00edcula y debe informarlos de inmediato. El oficial certificador de registradur\u00eda debe notificar a veteranos todo lo relacionado a su matr\u00edcula.<\/li><li>Notificar al oficial certificador de registro si cambia de concentraci\u00f3n.<\/li><\/ul><\/li><\/ol><ol start=\"4\"><li>Para consultar los programas Autorizados por la Agencia de Veteranos<a href=\"https:\/\/inquiry.vba.va.gov\/weamspub\/buildSearchInstitutionCriteria.do\"> (WEAMS):\u00a0<\/a><\/li><li>Beneficios Certificados por Registradur\u00eda<ul><li>Cap\u00edtulo 30 \u2013 MONTGOMERY GI BILL\u00ae &#8211; Servicio Activo<\/li><li>Cap\u00edtulo 33 \u2013 GI BILL\u00ae POST-9\/11 &#8211; Programa de Asistencia Educativa al Veterano.<\/li><li>Cap\u00edtulo 35 &#8211; ASISTENCIA EDUCATIVA PARA SOBREVIVIENTES Y DEPENDIENTES &#8211; Programa de asistencia educativa para el hijo o c\u00f3nyuge de un veterano o miembro del servicio que ha muerto, es capturado, desaparecido o tiene discapacidades.<\/li><li>Cap\u00edtulo 1606 &#8211; MONTGOMERY GI BILL\u00ae RESERVA SELECTA \u2013 Programa de Asistencia Educativa para miembros de la reserve selecta.<\/li><\/ul><\/li><\/ol><ol start=\"7\"><li>Enlaces informativos para solicitar, actualizar o verificar el estatus de su beneficio de estudios de Veteranos (Veterans Affairs (VA)):<ul><li><a href=\"https:\/\/www.va.gov\/education\/how-to-apply\/\">https:\/\/www.va.gov\/education\/how-to-apply\/<\/a><\/li><li><a href=\"https:\/\/www.ebenefits.va.gov\/ebenefits\/manage\/education\">https:\/\/www.ebenefits.va.gov\/ebenefits\/manage\/education<\/a><\/li><\/ul><\/li><\/ol>\t\t\t\t\t\t<\/div>\n\t\t\t\t<\/div>\n\t\t\t\t\t<\/div>\n\t\t<\/div>\n\t\t\t\t\t<\/div>\n\t\t<\/section>\n\t\t\t\t<section class=\"elementor-section elementor-top-section elementor-element elementor-element-52af8d5 elementor-section-boxed elementor-section-height-default elementor-section-height-default\" data-id=\"52af8d5\" data-element_type=\"section\">\n\t\t\t\t\t\t<div class=\"elementor-container elementor-column-gap-default\">\n\t\t\t\t\t<div class=\"elementor-column elementor-col-100 elementor-top-column elementor-element elementor-element-77c6e43\" data-id=\"77c6e43\" data-element_type=\"column\">\n\t\t\t<div class=\"elementor-widget-wrap elementor-element-populated\">\n\t\t\t\t\t\t<div class=\"elementor-element elementor-element-3681f42 elementor-widget elementor-widget-heading\" data-id=\"3681f42\" data-element_type=\"widget\" data-widget_type=\"heading.default\">\n\t\t\t\t<div class=\"elementor-widget-container\">\n\t\t\t<h2 class=\"elementor-heading-title elementor-size-default\">Asistencia Econ\u00f3mica<\/h2>\t\t<\/div>\n\t\t\t\t<\/div>\n\t\t\t\t<div class=\"elementor-element elementor-element-7d5cb3a elementor-widget elementor-widget-toggle\" data-id=\"7d5cb3a\" data-element_type=\"widget\" data-widget_type=\"toggle.default\">\n\t\t\t\t<div class=\"elementor-widget-container\">\n\t\t\t\t\t<div class=\"elementor-toggle\">\n\t\t\t\t\t\t\t<div class=\"elementor-toggle-item\">\n\t\t\t\t\t<h6 id=\"elementor-tab-title-1311\" class=\"elementor-tab-title\" data-tab=\"1\" role=\"button\" aria-controls=\"elementor-tab-content-1311\" aria-expanded=\"false\">\n\t\t\t\t\t\t\t\t\t\t\t\t<a class=\"elementor-toggle-title\" tabindex=\"0\">Hoja de Comparaci\u00f3n de Ayuda Econ\u00f3mica Federal para veteranos, mejor conocida como \u201cCollege Finance Plan\u201d antes \u201cFederal Shooping Sheet\u201d<\/a>\n\t\t\t\t\t<\/h6>\n\n\t\t\t\t\t<div id=\"elementor-tab-content-1311\" class=\"elementor-tab-content elementor-clearfix\" data-tab=\"1\" role=\"region\" aria-labelledby=\"elementor-tab-title-1311\"><p>La Hoja de Comparaci\u00f3n para veteranos es una herramienta de consumo que los estudiantes y los padres pueden usar para hacer comparaciones de costos y ofertas de ayuda econ\u00f3mica. Usando un formato b\u00e1sico, la hoja presenta informaci\u00f3n sobre sus ayudas econ\u00f3micas disponibles, costos netos y cu\u00e1nto debe esperar pagar en su cuenta estudiantil. Esta informaci\u00f3n debe usarse para ayudar al estudiante a comparar paquetes de ayuda econ\u00f3mica ofrecidas por diferentes instituciones en funci\u00f3n de su &#8220;Costo neto estimado&#8221; despu\u00e9s de las becas y ayudas suplementarias. La hoja de comparaci\u00f3n genera cifras que son solo estimaciones. Todos los costos y gastos de matr\u00edcula est\u00e1n sujetas a cambios sin previo aviso. Por favor comprenda que la Hoja de Comparaci\u00f3n de Ayuda Econ\u00f3mica Federal no es una factura.<\/p><p>EDP University of Puerto Rico y la Oficina de Asistencia Econ\u00f3mica colocar\u00e1 la informaci\u00f3n para todos los estudiantes veteranos y la mantendr\u00e1 a disposici\u00f3n para informar los Costos Directos en los que incurrir\u00e1 un estudiante. Para recibir la Hoja de Comparaci\u00f3n de Ayuda Econ\u00f3mica Federal, se le insta a completar la solicitud federal de ayudas gratuitas, por sus siglas en ingl\u00e9s (FAFSA).\u00a0<\/p><p>Una vez que haya sido admitido el estudiante y completado su solicitud de FAFSA, tendr\u00e1 acceso a una Hoja de Comparaci\u00f3n personalizada que se ubicar\u00e1 dentro de su cuenta en el portal estudiantil para su visualizaci\u00f3n.<\/p><p>El costo total de asistencia (COA) de un estudiante siempre ser\u00e1 mucho m\u00e1s alto que el costo directo del estudiante para la instituci\u00f3n, porque el COA consiste en elementos de costos indirectos como asignaciones personales, gastos de viaje, libros y suministros. Por lo tanto, cuando los estudiantes hagan comparaciones de costos de estudio, deber\u00e1 comparar los costos directos de matr\u00edcula informados en la hoja de comparaci\u00f3n de diferentes instituciones.<\/p><p>Para obtener m\u00e1s informaci\u00f3n sobre el COA puede entrar <a href=\"https:\/\/wearewebrything.com\/edptest\/coa-net-calculator\/\">aqu\u00ed<\/a>.\u00a0<\/p><p>Para preguntas frecuentes sobre el tema:\u00a0<\/p><ul><li><a href=\"https:\/\/fsapartners.ed.gov\/sites\/default\/files\/attachments\/eannouncements\/ShoppingSheetFAQ20182019.pdf\">https:\/\/fsapartners.ed.gov\/sites\/default\/files\/attachments\/eannouncements\/ShoppingSheetFAQ20182019.pdf<\/a><\/li><li><a href=\"https:\/\/www2.ed.gov\/policy\/highered\/guid\/aid-offer\/index.html\">https:\/\/www2.ed.gov\/policy\/highered\/guid\/aid-offer\/index.html<\/a><\/li><\/ul><\/div>\n\t\t\t\t<\/div>\n\t\t\t\t\t\t\t\t<\/div>\n\t\t\t\t<\/div>\n\t\t\t\t<\/div>\n\t\t\t\t<div class=\"elementor-element elementor-element-7a97947 elementor-widget elementor-widget-spacer\" data-id=\"7a97947\" data-element_type=\"widget\" data-widget_type=\"spacer.default\">\n\t\t\t\t<div class=\"elementor-widget-container\">\n\t\t\t\t\t<div class=\"elementor-spacer\">\n\t\t\t<div class=\"elementor-spacer-inner\"><\/div>\n\t\t<\/div>\n\t\t\t\t<\/div>\n\t\t\t\t<\/div>\n\t\t\t\t\t<\/div>\n\t\t<\/div>\n\t\t\t\t\t<\/div>\n\t\t<\/section>\n\t\t\t\t<section class=\"elementor-section elementor-top-section elementor-element elementor-element-643cecc elementor-section-boxed elementor-section-height-default elementor-section-height-default\" data-id=\"643cecc\" data-element_type=\"section\">\n\t\t\t\t\t\t<div class=\"elementor-container elementor-column-gap-default\">\n\t\t\t\t\t<div class=\"elementor-column elementor-col-100 elementor-top-column elementor-element elementor-element-7026f42\" data-id=\"7026f42\" data-element_type=\"column\">\n\t\t\t<div class=\"elementor-widget-wrap\">\n\t\t\t\t\t\t\t<\/div>\n\t\t<\/div>\n\t\t\t\t\t<\/div>\n\t\t<\/section>\n\t\t\t\t<section class=\"elementor-section elementor-top-section elementor-element elementor-element-15c5f81 elementor-section-boxed elementor-section-height-default elementor-section-height-default\" data-id=\"15c5f81\" data-element_type=\"section\">\n\t\t\t\t\t\t<div class=\"elementor-container elementor-column-gap-default\">\n\t\t\t\t\t<div class=\"elementor-column elementor-col-100 elementor-top-column elementor-element elementor-element-b648f85\" data-id=\"b648f85\" data-element_type=\"column\">\n\t\t\t<div class=\"elementor-widget-wrap elementor-element-populated\">\n\t\t\t\t\t\t<div class=\"elementor-element elementor-element-479ce5c elementor-widget elementor-widget-heading\" data-id=\"479ce5c\" data-element_type=\"widget\" data-widget_type=\"heading.default\">\n\t\t\t\t<div class=\"elementor-widget-container\">\n\t\t\t<h2 class=\"elementor-heading-title elementor-size-default\">Recaudaciones<\/h2>\t\t<\/div>\n\t\t\t\t<\/div>\n\t\t\t\t<div class=\"elementor-element elementor-element-7c2a091 elementor-widget elementor-widget-text-editor\" data-id=\"7c2a091\" data-element_type=\"widget\" data-widget_type=\"text-editor.default\">\n\t\t\t\t<div class=\"elementor-widget-container\">\n\t\t\t\t\t\t\t<p>Los beneficios educativos de VA ayuda a veteranos, miembros de servicio y familiares cualificados a recibir fondos para cubrir ciertas necesidades como costos de matr\u00edcula universitaria, encontrar su centro de estudio universitario y recibir consejer\u00eda para su carrera.<\/p><p>Entre los beneficios educativos de VA se incluyen los siguientes cap\u00edtulos:<\/p><ul><li>Cap\u00edtulo 1606 &#8211; Montgomery GI Bill\u00ae Selected Reserve (Reserva)<\/li><li>Cap\u00edtulo 30 &#8211; Montgomery GI Bill\u00ae Active Duty (Servicio Activo)<\/li><li>Cap\u00edtulo 31 &#8211; Veteran Readiness and Employment (Rehabilitaci\u00f3n Vocacional de Veteranos)<\/li><li>Cap\u00edtulo 33 &#8211; Post-9\/11 GI Bill\u00ae<\/li><li>Cap\u00edtulo 35-Chapter 35 Survivors\u2019 and Dependents\u2019 Educational Assistance (Dependientes)\u00a0<\/li><li>Fry Scholarship (Viudo(a)s y dependientes)<\/li><\/ul><p>Para m\u00e1s informaci\u00f3n, puede consultar:\u00a0<\/p><ul><li><a href=\"https:\/\/www.va.gov\/education\/\">https:\/\/www.va.gov\/education\/<\/a><\/li><li><a href=\"https:\/\/www.va.gov\/education\/how-to-apply\/\">https:\/\/www.va.gov\/education\/how-to-apply\/<\/a><\/li><\/ul><p><span style=\"color: #008080;\"><strong><em>eBenefits<\/em><\/strong><\/span><\/p><p><a href=\"https:\/\/www.ebenefits.va.gov\/ebenefits\/homepage\">El portal de <em>eBenefits <\/em><\/a>es un recurso online para herramientas e informaci\u00f3n relacionada a sus beneficios. El portal sirve a veteranos, miembros de servicio, familiares y cuidadores.<\/p><p><em>eBenefits <\/em>provee<a href=\"https:\/\/www.ebenefits.va.gov\/ebenefits\/manage\/education\"> acceso r\u00e1pido a herramientas<\/a> que permiten aplicar a beneficios, descargar documentos, ver el estado de sus beneficios y m\u00e1s.\u00a0<\/p><p><span style=\"color: #008080;\"><strong>Department of Defense (DOD): Tuition Assistance Programs<\/strong><\/span><\/p><p>El Programa de &#8220;Tuition Assistance&#8221; provee asistencia financiera a programas de educaci\u00f3n civil en apoyo a las metas profesionales y de desarrollo personal del soldado.<\/p><p>TA es una ley p\u00fablica implementada por el Departamento de Defensa (DOD) donde todos los soldados en servicio activo est\u00e1n autorizados a participar del programa.<\/p><table><tbody><tr><td width=\"127\"><p><strong>Rama Militar<\/strong><\/p><\/td><td width=\"573\"><p><strong>Enlaces de Tuition Assistance<\/strong><\/p><\/td><\/tr><tr><td width=\"127\"><p>AIR FORCE<\/p><\/td><td width=\"573\"><p><a href=\"https:\/\/afvec.us.af.mil\/afvec\/public\/welcome\">https:\/\/afvec.us.af.mil\/afvec\/public\/welcome<\/a><\/p><p><a href=\"https:\/\/www.afpc.af.mil\/Career-Management\/Military-Tuition-Assistance-Program\/\">https:\/\/www.afpc.af.mil\/Career-Management\/Military-Tuition-Assistance-Program\/<\/a><\/p><\/td><\/tr><tr><td width=\"127\"><p>ARMY<\/p><\/td><td width=\"573\"><p><a href=\"https:\/\/www.armyignited.army.mil\/student\/public\/welcome\">https:\/\/www.armyignited.army.mil\/student\/public\/welcome<\/a><\/p><\/td><\/tr><tr><td width=\"127\"><p>NAVY<\/p><\/td><td width=\"573\"><p><a href=\"https:\/\/www.navycollege.navy.mil\/sailors\/tuition-assistance-ncpace.htm\">https:\/\/www.navycollege.navy.mil\/sailors\/tuition-assistance-ncpace.htm<\/a><\/p><\/td><\/tr><tr><td width=\"127\"><p>MARINES<\/p><\/td><td width=\"573\"><p><a href=\"https:\/\/www.marforres.marines.mil\/Staff-Sections\/Special-Staff\/Marine-Corps-Community-Services\/Personal-Professional-Development\/Voluntary-Education-Program\/tuition-assistance\/\">https:\/\/www.marforres.marines.mil\/Staff-Sections\/Special-Staff\/Marine-Corps-Community-<\/a><\/p><p><a href=\"https:\/\/www.marforres.marines.mil\/Staff-Sections\/Special-Staff\/Marine-Corps-Community-Services\/Personal-Professional-Development\/Voluntary-Education-Program\/tuition-assistance\/\">Services\/Personal-Professional-Development\/Voluntary-Education-Program\/tuition-assistance\/<\/a><\/p><p><a href=\"https:\/\/www.marforres.marines.mil\/General-Special-Staff\/Marine-Corps-Community-Services\/Marine-Family-Services\/Voluntary-Education-Program\/Tuition-Assistance\/\">https:\/\/www.marforres.marines.mil\/General-Special-Staff\/Marine-Corps-Community- <\/a><a href=\"https:\/\/www.marforres.marines.mil\/General-Special-Staff\/Marine-Corps-Community-Services\/Marine-Family-Services\/Voluntary-Education-Program\/Tuition-Assistance\/\">Services\/Marine-Family-Services\/Voluntary-Education-Program\/Tuition-Assistance\/<\/a><\/p><\/td><\/tr><tr><td width=\"127\"><p>COAST GUARD<\/p><\/td><td width=\"573\"><p><a href=\"https:\/\/www.forcecom.uscg.mil\/Our-Organization\/FORCECOM-UNITS\/ETQC\/VOLUNTARY-EDUCATION\/Tuition-Assistance\/\">https:\/\/www.forcecom.uscg.mil\/Our-Organization\/FORCECOM-UNITS\/ETQC\/VOLUNTARY-<\/a><\/p><p><a href=\"https:\/\/www.forcecom.uscg.mil\/Our-Organization\/FORCECOM-UNITS\/ETQC\/VOLUNTARY-EDUCATION\/Tuition-Assistance\/\">EDUCATION\/Tuition-Assistance\/<\/a><\/p><\/td><\/tr><\/tbody><\/table><p><span style=\"color: #008080;\"><strong>FIGNA \u2013 Fideicomiso Institucional de la Guardia Nacional de Puerto Rico<\/strong><\/span><\/p><p>El Fideicomiso Institucional de la Guardia Nacional de Puerto Rico es una corporaci\u00f3n p\u00fablica del Estado Libre Asociado de Puerto Rico, adscrita a la Guardia Nacional de Puerto Rico.<\/p><p>El incentivo aporta una cantidad a los costos por cr\u00e9dito.<\/p><p>Individuos elegibles y los niveles educativos en los que puede utilizar el beneficio: Los hijos\/hijastros pueden reclamar hasta bachilleratos. Los c\u00f3nyugues pueden reclamar hasta maestr\u00eda. El militar puede reclamar hasta doctorado. Para m\u00e1s informaci\u00f3n\u00a0 presione <a href=\"https:\/\/fignapr.com\/\">aqu\u00ed.<\/a>\u00a0<\/p><p><b>ARMY \u2013 NATIONAL GUARD<\/b><\/p><p>Para m\u00e1s informaci\u00f3n presione\u00a0<a href=\"https:\/\/www.nationalguard.com\/education-programs\">aqu\u00ed. <\/a><\/p><p><span style=\"color: #008080;\"><strong>M<\/strong><strong>yC<\/strong><strong>A<\/strong><strong>A &#8211; My Career Advancement Account Helping Spouses Reach Career Goals<\/strong><\/span><\/p><p><a href=\"https:\/\/mycaa.militaryonesource.mil\/mycaa\/\">The My Career Advancement Account Scholarship<\/a> es un programa de desarrollo laboral que provee asistencia econ\u00f3mica para matr\u00edculas a c\u00f3nyugues de militares elegibles. La beca les ayuda a conseguir y mantener licencias, certificaciones o grado asociado necesario para conseguir empleo en el campo de su carrera profesional.<\/p><p><span style=\"color: #008080;\"><strong>M\u00e1<\/strong><strong>s informaci\u00f3n <a style=\"color: #008080;\" href=\"https:\/\/www.militaryonesource.mil\/education-employment\/for-service-members\/how-to-use-the-military-tuition-assistance-program\/\">@ Military OneSouce<\/a>.\u00a0<\/strong><\/span><\/p><p><a href=\"https:\/\/wearewebrything.com\/edptest\/wp-content\/uploads\/MILITARY-EDUCATION-BENEFITS-English.pdf\" target=\"_blank\" rel=\"noopener\">English Version<\/a><\/p>\t\t\t\t\t\t<\/div>\n\t\t\t\t<\/div>\n\t\t\t\t<div class=\"elementor-element elementor-element-b336278 elementor-widget elementor-widget-spacer\" data-id=\"b336278\" data-element_type=\"widget\" data-widget_type=\"spacer.default\">\n\t\t\t\t<div class=\"elementor-widget-container\">\n\t\t\t\t\t<div class=\"elementor-spacer\">\n\t\t\t<div class=\"elementor-spacer-inner\"><\/div>\n\t\t<\/div>\n\t\t\t\t<\/div>\n\t\t\t\t<\/div>\n\t\t\t\t\t<\/div>\n\t\t<\/div>\n\t\t\t\t\t<\/div>\n\t\t<\/section>\n\t\t\t\t<\/div>\n\t\t","protected":false},"excerpt":{"rendered":"<p>Servicios para Militares, Veteranos y Dependientes La instituci\u00f3n est\u00e1 aprobada por la Agencia Aprobadora de Servicios Educativos a Veteranos para brindar capacitaci\u00f3n acad\u00e9mica a los estudiantes bajo los diversos programas GI Bill\u00ae. &#8220;GI Bill\u00ae\u201d es una marca registrada del Departamento de Asuntos al Veterano (VA). Nuestro compromiso con la comunidad de veteranos es brindarle un&#8230;<\/p>\n","protected":false},"author":8,"featured_media":0,"parent":0,"menu_order":0,"comment_status":"closed","ping_status":"closed","template":"","meta":{"_monsterinsights_skip_tracking":false,"_monsterinsights_sitenote_active":false,"_monsterinsights_sitenote_note":"","_monsterinsights_sitenote_category":0,"footnotes":""},"_links":{"self":[{"href":"https:\/\/wearewebrything.com\/edptest\/wp-json\/wp\/v2\/pages\/41432"}],"collection":[{"href":"https:\/\/wearewebrything.com\/edptest\/wp-json\/wp\/v2\/pages"}],"about":[{"href":"https:\/\/wearewebrything.com\/edptest\/wp-json\/wp\/v2\/types\/page"}],"author":[{"embeddable":true,"href":"https:\/\/wearewebrything.com\/edptest\/wp-json\/wp\/v2\/users\/8"}],"replies":[{"embeddable":true,"href":"https:\/\/wearewebrything.com\/edptest\/wp-json\/wp\/v2\/comments?post=41432"}],"version-history":[{"count":41,"href":"https:\/\/wearewebrything.com\/edptest\/wp-json\/wp\/v2\/pages\/41432\/revisions"}],"predecessor-version":[{"id":41479,"href":"https:\/\/wearewebrything.com\/edptest\/wp-json\/wp\/v2\/pages\/41432\/revisions\/41479"}],"wp:attachment":[{"href":"https:\/\/wearewebrything.com\/edptest\/wp-json\/wp\/v2\/media?parent=41432"}],"curies":[{"name":"wp","href":"https:\/\/api.w.org\/{rel}","templated":true}]}}