{"id":6937,"date":"2017-02-09T14:47:01","date_gmt":"2017-02-09T18:47:01","guid":{"rendered":"https:\/\/wearewebrything.com\/edptest\/?page_id=6937"},"modified":"2023-05-17T12:27:51","modified_gmt":"2023-05-17T16:27:51","slug":"grados_asociados","status":"publish","type":"page","link":"https:\/\/wearewebrything.com\/edptest\/grados-asociados\/","title":{"rendered":"Grados Asociados"},"content":{"rendered":"<style type=\"text\/css\"> \n#cmsmasters_row_69fe49ae7adef { \n\tbackground-image: url(https:\/\/wearewebrything.com\/edptest\/wp-content\/uploads\/webbanners-10.png); \n\tbackground-position: top center; \n\tbackground-repeat: no-repeat; \n\tbackground-attachment: scroll; \n\tbackground-size: cover; \n} \n\n#cmsmasters_row_69fe49ae7adef .cmsmasters_row_outer_parent { \n\tpadding-top: 80px; \n} \n\n#cmsmasters_row_69fe49ae7adef .cmsmasters_row_outer_parent { \n\tpadding-bottom: 80px; \n} \n\n \n#cmsmasters_heading_69fe49ae7b64a { \n\ttext-align:left; \n\tmargin-top:30px; \n\tmargin-bottom:30px; \n} \n\n#cmsmasters_heading_69fe49ae7b64a .cmsmasters_heading { \n\ttext-align:left; \n} \n\n#cmsmasters_heading_69fe49ae7b64a .cmsmasters_heading, #cmsmasters_heading_69fe49ae7b64a .cmsmasters_heading a { \n\tfont-size:50px; \n\tline-height:90px; \n\tfont-weight:300; \n\tfont-style:normal; \n\tcolor:#ffffff;\n} \n\n#cmsmasters_heading_69fe49ae7b64a .cmsmasters_heading_divider { \n} \n\n \n#cmsmasters_row_69fe49ae7b83e .cmsmasters_row_outer_parent { \n\tpadding-top: 0px; \n} \n\n#cmsmasters_row_69fe49ae7b83e .cmsmasters_row_outer_parent { \n\tpadding-bottom: 50px; \n} \n\n \n#cmsmasters_row_69fe49ae7b9f0 .cmsmasters_row_outer_parent { \n\tpadding-top: 40px; \n} \n\n \n#cmsmasters_divider_69fe49ae7bd0c { \n\tborder-bottom-width:1px; \n\tborder-bottom-style:solid; \n\tpadding-top:0px; \n\tmargin-bottom:0px; \n\tborder-bottom-color:rgba(229,229,229,0.8);\n} \n \n#cmsmasters_heading_69fe49ae7bd44 { \n\ttext-align:left; \n\tmargin-top:0px; \n\tmargin-bottom:30px; \n} \n\n#cmsmasters_heading_69fe49ae7bd44 .cmsmasters_heading { \n\ttext-align:left; \n} \n\n#cmsmasters_heading_69fe49ae7bd44 .cmsmasters_heading, #cmsmasters_heading_69fe49ae7bd44 .cmsmasters_heading a { \n\tfont-weight:normal; \n\tfont-style:normal; \n\tcolor:#108e9e;\n} \n\n#cmsmasters_heading_69fe49ae7bd44 .cmsmasters_heading_divider { \n} \n\n \n#cmsmasters_heading_69fe49ae7bdef { \n\ttext-align:left; \n\tmargin-top:0px; \n\tmargin-bottom:30px; \n} \n\n#cmsmasters_heading_69fe49ae7bdef .cmsmasters_heading { \n\ttext-align:left; \n} \n\n#cmsmasters_heading_69fe49ae7bdef .cmsmasters_heading, #cmsmasters_heading_69fe49ae7bdef .cmsmasters_heading a { \n\tfont-weight:normal; \n\tfont-style:normal; \n\tcolor:#108e9e;\n} \n\n#cmsmasters_heading_69fe49ae7bdef .cmsmasters_heading_divider { \n} \n\n \n#cmsmasters_heading_69fe49ae7be72 { \n\ttext-align:left; \n\tmargin-top:0px; \n\tmargin-bottom:30px; \n} \n\n#cmsmasters_heading_69fe49ae7be72 .cmsmasters_heading { \n\ttext-align:left; \n} \n\n#cmsmasters_heading_69fe49ae7be72 .cmsmasters_heading, #cmsmasters_heading_69fe49ae7be72 .cmsmasters_heading a { \n\tfont-weight:normal; \n\tfont-style:normal; \n\tcolor:#108e9e;\n} \n\n#cmsmasters_heading_69fe49ae7be72 .cmsmasters_heading_divider { \n} \n\n \n#cmsmasters_heading_69fe49ae7becc { \n\ttext-align:left; \n\tmargin-top:0px; \n\tmargin-bottom:30px; \n} \n\n#cmsmasters_heading_69fe49ae7becc .cmsmasters_heading { \n\ttext-align:left; \n} \n\n#cmsmasters_heading_69fe49ae7becc .cmsmasters_heading, #cmsmasters_heading_69fe49ae7becc .cmsmasters_heading a { \n\tfont-weight:normal; \n\tfont-style:normal; \n\tcolor:#108e9e;\n} \n\n#cmsmasters_heading_69fe49ae7becc .cmsmasters_heading_divider { \n} \n\n \n#cmsmasters_heading_69fe49ae7bf27 { \n\ttext-align:left; \n\tmargin-top:0px; \n\tmargin-bottom:30px; \n} \n\n#cmsmasters_heading_69fe49ae7bf27 .cmsmasters_heading { \n\ttext-align:left; \n} \n\n#cmsmasters_heading_69fe49ae7bf27 .cmsmasters_heading, #cmsmasters_heading_69fe49ae7bf27 .cmsmasters_heading a { \n\tfont-weight:normal; \n\tfont-style:normal; \n\tcolor:#108e9e;\n} \n\n#cmsmasters_heading_69fe49ae7bf27 .cmsmasters_heading_divider { \n} \n\n \n#cmsmasters_heading_69fe49ae7c04b { \n\ttext-align:left; \n\tmargin-top:0px; \n\tmargin-bottom:30px; \n} \n\n#cmsmasters_heading_69fe49ae7c04b .cmsmasters_heading { \n\ttext-align:left; \n} \n\n#cmsmasters_heading_69fe49ae7c04b .cmsmasters_heading, #cmsmasters_heading_69fe49ae7c04b .cmsmasters_heading a { \n\tfont-weight:normal; \n\tfont-style:normal; \n\tcolor:#108e9e;\n} \n\n#cmsmasters_heading_69fe49ae7c04b .cmsmasters_heading_divider { \n} \n\n \n#cmsmasters_row_69fe49ae7c0e5 { \n\tbackground-color:#fbfbfb;\n} \n\n#cmsmasters_row_69fe49ae7c0e5 .cmsmasters_row_outer_parent { \n\tpadding-top: 40px; \n} \n\n#cmsmasters_row_69fe49ae7c0e5 .cmsmasters_row_outer_parent { \n\tpadding-bottom: 0px; \n} \n\n \n#cmsmasters_heading_69fe49ae7c16a { \n\ttext-align:left; \n\tmargin-top:0px; \n\tmargin-bottom:0px; \n} \n\n#cmsmasters_heading_69fe49ae7c16a .cmsmasters_heading { \n\ttext-align:left; \n} \n\n#cmsmasters_heading_69fe49ae7c16a .cmsmasters_heading, #cmsmasters_heading_69fe49ae7c16a .cmsmasters_heading a { \n\tfont-weight:normal; \n\tfont-style:normal; \n\tcolor:#108e9e;\n} \n\n#cmsmasters_heading_69fe49ae7c16a .cmsmasters_heading_divider { \n} \n\n \n#cmsmasters_row_69fe49ae7c19c { \n\tbackground-color:#fbfbfb;\n} \n\n#cmsmasters_row_69fe49ae7c19c .cmsmasters_row_outer_parent { \n\tpadding-top: 0px; \n} \n\n#cmsmasters_row_69fe49ae7c19c .cmsmasters_row_outer_parent { \n\tpadding-bottom: 70px; \n} \n\n#cmsmasters_quote_69fe49ae7c55d .wrap_quote_title {background-color:#01a2a6;}#cmsmasters_quote_69fe49ae7cc35 .wrap_quote_title {background-color:#f36371;}#cmsmasters_quote_69fe49ae7d1ba .wrap_quote_title {background-color:#f2c763;} \n#cmsmasters_row_69fe49ae7d5a4 .cmsmasters_row_outer_parent { \n\tpadding-top: 0px; \n} \n\n#cmsmasters_row_69fe49ae7d5a4 .cmsmasters_row_outer_parent { \n\tpadding-bottom: 0px; \n} \n\n#cmsmasters_row_69fe49ae7d5a4 .cmsmasters_row_inner.cmsmasters_row_fullwidth { \n\tpadding-left:0%; \n} \n#cmsmasters_row_69fe49ae7d5a4 .cmsmasters_row_inner.cmsmasters_row_fullwidth { \n\tpadding-right:0%; \n} \n \n#cmsmasters_divider_69fe49ae7d6fa { \n\tborder-bottom-width:1px; \n\tborder-bottom-style:solid; \n\tpadding-top:0px; \n\tmargin-bottom:0px; \n\tborder-bottom-color:rgba(229,229,229,0.8);\n} \n<\/style>\t\t<div data-elementor-type=\"wp-page\" data-elementor-id=\"6937\" class=\"elementor elementor-6937\" data-elementor-post-type=\"page\">\n\t\t\t\t\t\t<section class=\"elementor-section elementor-top-section elementor-element elementor-element-1262af4e elementor-section-boxed elementor-section-height-default elementor-section-height-default\" data-id=\"1262af4e\" data-element_type=\"section\">\n\t\t\t\t\t\t<div class=\"elementor-container elementor-column-gap-default\">\n\t\t\t\t\t<div class=\"elementor-column elementor-col-100 elementor-top-column elementor-element elementor-element-13a8f0ff\" data-id=\"13a8f0ff\" data-element_type=\"column\">\n\t\t\t<div class=\"elementor-widget-wrap elementor-element-populated\">\n\t\t\t\t\t\t<div class=\"elementor-element elementor-element-50ad0f18 elementor-widget elementor-widget-text-editor\" data-id=\"50ad0f18\" data-element_type=\"widget\" data-widget_type=\"text-editor.default\">\n\t\t\t\t<div class=\"elementor-widget-container\">\n\t\t\t\t\t\t\t<p><div id=\"cmsmasters_row_69fe49ae7adef\" class=\"cmsmasters_row cmsmasters_color_scheme_default cmsmasters_row_top_default cmsmasters_row_bot_default cmsmasters_row_boxed\">\n<div class=\"cmsmasters_row_outer_parent\">\n<div class=\"cmsmasters_row_outer\">\n<div class=\"cmsmasters_row_inner\">\n<div class=\"cmsmasters_row_margin\">\n<div class=\"cmsmasters_column one_first\">\n\n<div id=\"cmsmasters_heading_69fe49ae7b64a\" class=\"cmsmasters_heading_wrap cmsmasters_heading_align_left\">\n\t<h1 class=\"cmsmasters_heading\">GRADOS ASOCIADOS<\/h1>\n<\/div>\n<\/div>\n<\/div>\n<\/div>\n<\/div>\n<\/div>\n<\/div>\n<div id=\"cmsmasters_row_69fe49ae7b83e\" class=\"cmsmasters_row cmsmasters_color_scheme_default cmsmasters_row_top_default cmsmasters_row_bot_default cmsmasters_row_boxed\">\n<div class=\"cmsmasters_row_outer_parent\">\n<div class=\"cmsmasters_row_outer\">\n<div class=\"cmsmasters_row_inner\">\n<div class=\"cmsmasters_row_margin\">\n<div class=\"cmsmasters_column one_first\">\n<div class=\"custom_html\">\n\n<div id=\"app\"><\/div>\n<\/div>\n<\/div>\n<\/div>\n<\/div>\n<\/div>\n<\/div>\n<\/div>\n<div id=\"cmsmasters_row_69fe49ae7b9f0\" class=\"cmsmasters_row cmsmasters_color_scheme_default cmsmasters_row_top_default cmsmasters_row_bot_default cmsmasters_row_boxed\">\n<div class=\"cmsmasters_row_outer_parent\">\n<div class=\"cmsmasters_row_outer\">\n<div class=\"cmsmasters_row_inner\">\n<div class=\"cmsmasters_row_margin\">\n<div class=\"cmsmasters_column one_first\">\n\n<div id=\"cmsmasters_divider_69fe49ae7bd0c\" class=\"cmsmasters_divider cmsmasters_divider_width_long cmsmasters_divider_pos_center\"><\/div>\n\n<div id=\"cmsmasters_heading_69fe49ae7bd44\" class=\"cmsmasters_heading_wrap cmsmasters_heading_align_left\">\n\t<h1 class=\"cmsmasters_heading\"><a href=\"https:\/\/wearewebrything.com\/edptest\/localidades\/\">Hato Rey <\/a><\/h1>\n<\/div><div class=\"cmsmasters_text\">\n<ul>\n<li><a href=\"https:\/\/wearewebrything.com\/edptest\/justicia_criminal\/\">Justicia Criminal<\/a><\/li>\n<li><a href=\"https:\/\/wearewebrything.com\/edptest\/justicia_criminal\/\">Seguridad y Protecci\u00f3n Ejecutiva<\/a><\/li>\n<li><a href=\"https:\/\/wearewebrything.com\/edptest\/administracion\/\">Administraci\u00f3n de Empresas<\/a><\/li>\n<li><a href=\"https:\/\/wearewebrything.com\/edptest\/administracion\/\">Administraci\u00f3n de Oficinas<\/a><\/li>\n<li><a href=\"https:\/\/wearewebrything.com\/edptest\/tecnologia\/\">Tecnolog\u00eda de la Informaci\u00f3n<\/a><\/li>\n<li><a href=\"https:\/\/wearewebrything.com\/edptest\/ciencias\/\">Biotecnolog\u00eda<\/a><\/li>\n<li><a href=\"https:\/\/wearewebrything.com\/edptest\/diseno\/\">Dise\u00f1o y Decoraci\u00f3n de Interiores<\/a><\/li>\n<li><a href=\"https:\/\/wearewebrything.com\/edptest\/diseno\/\">Dise\u00f1o de Modas Digital<\/a><\/li>\n<li><a href=\"https:\/\/wearewebrything.com\/edptest\/diseno\/\">Dise\u00f1o Digital<\/a><\/li>\n<li><a href=\"https:\/\/wearewebrything.com\/edptest\/ciencias\/\">Tecnolog\u00eda de Emergencias M\u00e9dicas<\/a><\/li>\n<li><a href=\"https:\/\/wearewebrything.com\/edptest\/ciencias\/\">T\u00e9cnico de Farmacia<\/a><\/li>\n<li><a href=\"https:\/\/wearewebrything.com\/edptest\/enfermeria\/\">Enfermer\u00eda<\/a><\/li>\n<li><a href=\"https:\/\/wearewebrything.com\/edptest\/administracion\/\">Facturaci\u00f3n y Codificaci\u00f3n en Servicios de Salud<\/a><\/li>\n<li><a href=\"https:\/\/wearewebrything.com\/edptest\/ciencias\/\">Salud y Aptitud F\u00edsica para Poblaciones Especiales<\/a><\/li>\n<\/ul>\n<\/div>\n\n<div id=\"cmsmasters_heading_69fe49ae7bdef\" class=\"cmsmasters_heading_wrap cmsmasters_heading_align_left\">\n\t<h1 class=\"cmsmasters_heading\"><a href=\"https:\/\/wearewebrything.com\/edptest\/localidades\/\">San Sebasti\u00e1n<\/a><\/h1>\n<\/div><div class=\"cmsmasters_text\">\n<ul>\n<li><a href=\"https:\/\/wearewebrything.com\/edptest\/justicia_criminal\/\">Justicia Criminal<\/a><\/li>\n<li><a href=\"https:\/\/wearewebrything.com\/edptest\/justicia-criminal\/\">Seguridad y Protecci\u00f3n Ejecutiva<\/a><\/li>\n<li><a href=\"https:\/\/wearewebrything.com\/edptest\/tecnologia\/\">Tecnolog\u00eda de la Informaci\u00f3n<\/a><\/li>\n<li><a href=\"https:\/\/wearewebrything.com\/edptest\/diseno\/\">Dise\u00f1o y Decoraci\u00f3n de Interiores<\/a><\/li>\n<li><a href=\"https:\/\/wearewebrything.com\/edptest\/diseno\/\">Dise\u00f1o de Modas Digital<\/a><\/li>\n<li><a href=\"https:\/\/wearewebrything.com\/edptest\/ciencias\/\">Tecnolog\u00eda de Emergencias M\u00e9dicas<\/a><\/li>\n<li><a href=\"https:\/\/wearewebrything.com\/edptest\/ciencias\/\">T\u00e9cnico de Farmacia<\/a><\/li>\n<li><a href=\"https:\/\/wearewebrything.com\/edptest\/enfermeria\/\">Enfermer\u00eda<\/a><\/li>\n<li><a href=\"https:\/\/wearewebrything.com\/edptest\/administracion\/\">Facturaci\u00f3n y Codificaci\u00f3n en Servicios de Salud<\/a><\/li>\n<li><a href=\"https:\/\/wearewebrything.com\/edptest\/ciencias\/\">Salud y Aptitud F\u00edsica para Poblaciones Especiales<\/a><\/li>\n<\/ul>\n<\/div>\n\n<div id=\"cmsmasters_heading_69fe49ae7be72\" class=\"cmsmasters_heading_wrap cmsmasters_heading_align_left\">\n\t<h1 class=\"cmsmasters_heading\"><a href=\"https:\/\/wearewebrything.com\/edptest\/localidades\/\">Manat\u00ed<\/a><\/h1>\n<\/div><div class=\"cmsmasters_text\">\n<ul>\n<li><a href=\"https:\/\/wearewebrything.com\/edptest\/enfermeria\/\">Enfermer\u00eda<\/a><\/li>\n<li><a href=\"https:\/\/wearewebrything.com\/edptest\/tecnologia\/\">Tecnolog\u00eda de la Informaci\u00f3n<\/a><\/li>\n<li><a href=\"https:\/\/wearewebrything.com\/edptest\/diseno\/\">Dise\u00f1o de Modas Digital<\/a><\/li>\n<\/ul>\n<\/div>\n\n<div id=\"cmsmasters_heading_69fe49ae7becc\" class=\"cmsmasters_heading_wrap cmsmasters_heading_align_left\">\n\t<h1 class=\"cmsmasters_heading\"><a href=\"https:\/\/wearewebrything.com\/edptest\/localidades\/\">Humacao<\/a><\/h1>\n<\/div><div class=\"cmsmasters_text\">\n<ul>\n<li><a href=\"https:\/\/wearewebrything.com\/edptest\/enfermeria\/\">Enfermer\u00eda<\/a><\/li>\n<li><a href=\"https:\/\/wearewebrything.com\/edptest\/tecnologia\/\">Tecnolog\u00eda de la Informaci\u00f3n<\/a><\/li>\n<li><a href=\"https:\/\/wearewebrything.com\/edptest\/diseno\/\">Dise\u00f1o de Modas Digital<\/a><\/li>\n<li><a style=\"background-color: #ffffff; outline-style: initial; outline-width: 0px; color: #0056b3;\" href=\"https:\/\/wearewebrything.com\/edptest\/administracion\/\">Administraci\u00f3n de Empresas<\/a>\u00a0<\/li>\n<\/ul>\n<\/div>\n\n<div id=\"cmsmasters_heading_69fe49ae7bf27\" class=\"cmsmasters_heading_wrap cmsmasters_heading_align_left\">\n\t<h1 class=\"cmsmasters_heading\"><a href=\"https:\/\/wearewebrything.com\/edptest\/localidades\/\">Villalba<\/a><\/h1>\n<\/div><div class=\"cmsmasters_text\">\n<ul>\n<li><a href=\"https:\/\/wearewebrything.com\/edptest\/enfermeria\/\">Enfermer\u00eda<\/a><\/li>\n<li><a href=\"https:\/\/wearewebrything.com\/edptest\/justicia_criminal\/\">Justicia Criminal<\/a><\/li>\n<li><a href=\"https:\/\/wearewebrything.com\/edptest\/administracion\/\">Administraci\u00f3n de Empresas<\/a><\/li>\n<li><a href=\"https:\/\/wearewebrything.com\/edptest\/tecnologia\/\">Tecnolog\u00eda de la Informaci\u00f3n<\/a><\/li>\n<li><a href=\"https:\/\/wearewebrything.com\/edptest\/ciencias\/\">Salud y Aptitud F\u00edsica para Poblaciones Especiales<\/a><\/li>\n<\/ul>\n\n<div id=\"cmsmasters_heading_69fe49ae7c04b\" class=\"cmsmasters_heading_wrap cmsmasters_heading_align_left\">\n\t<h1 class=\"cmsmasters_heading\"><a href=\"https:\/\/wearewebrything.com\/edptest\/localidades\/\">Caguas<\/a><\/h1>\n<\/div><div class=\"cmsmasters_text\">\n<\/div>\n<ul>\n<li><a href=\"https:\/\/wearewebrything.com\/edptest\/justicia_criminal\/\">Justicia Criminal<\/a><\/li>\n<li><a href=\"https:\/\/wearewebrything.com\/edptest\/justicia-criminal\/\">Seguridad y Protecci\u00f3n Ejecutiva<\/a><\/li>\n<li><a href=\"https:\/\/wearewebrything.com\/edptest\/tecnologia\/\">Tecnolog\u00eda de la Informaci\u00f3n<\/a><\/li>\n<li><a href=\"https:\/\/wearewebrything.com\/edptest\/diseno\/\">Dise\u00f1o de Modas Digital<\/a><\/li>\n<li><a href=\"https:\/\/wearewebrything.com\/edptest\/enfermeria\/\">Enfermer\u00eda<\/a><\/li>\n<\/ul>\n<\/div>\n<\/div>\n<\/div>\n<\/div>\n<\/div>\n<\/div>\n<\/div>\n<div id=\"cmsmasters_row_69fe49ae7c0e5\" class=\"cmsmasters_row cmsmasters_color_scheme_third cmsmasters_row_top_default cmsmasters_row_bot_default cmsmasters_row_boxed\">\n<div class=\"cmsmasters_row_outer_parent\">\n<div class=\"cmsmasters_row_outer\">\n<div class=\"cmsmasters_row_inner\">\n<div class=\"cmsmasters_row_margin\">\n<div class=\"cmsmasters_column one_first\">\n\n<div id=\"cmsmasters_heading_69fe49ae7c16a\" class=\"cmsmasters_heading_wrap cmsmasters_heading_align_left\">\n\t<h1 class=\"cmsmasters_heading\">Estudiantes Satisfechos<\/h1>\n<\/div>\n<\/div>\n<\/div>\n<\/div>\n<\/div>\n<\/div>\n<\/div>\n<div id=\"cmsmasters_row_69fe49ae7c19c\" class=\"cmsmasters_row cmsmasters_color_scheme_default cmsmasters_row_top_default cmsmasters_row_bot_default cmsmasters_row_boxed\">\n<div class=\"cmsmasters_row_outer_parent\">\n<div class=\"cmsmasters_row_outer\">\n<div class=\"cmsmasters_row_inner\">\n<div class=\"cmsmasters_row_margin\">\n<div class=\"cmsmasters_column one_third\">\n<div class=\"cmsmasters_quotes_slider_wrap\">\n<script type=\"text\/javascript\">jQuery(document).ready(function () { jQuery(\"#cmsmasters_quotes_slider_69fe49ae7c3b9\").owlCarousel( { singleItem : true, autoPlay : 10000,stopOnHover: true, pagination: true, navigation : false, navigationText : \t[ \"<span class=\\\"cmsmasters_prev_arrow\\\"><span><\/span><\/span>\", \"<span class=\\\"cmsmasters_next_arrow\\\"><span><\/span><\/span>\" ] } );} );<\/script>\n<div id=\"cmsmasters_quotes_slider_69fe49ae7c3b9\" class=\"cmsmasters_quotes cmsmasters_quotes_slider cmsmasters_quotes_slider_type_box owl-carousel\">\n<div class=\"cmsmasters_quote\">\n\r\n<!--_________________________ Start Quotes Boxed Slider Article _________________________ -->\r\n\r\n<article class=\"cmsmasters_quote_inner\" id=\"cmsmasters_quote_69fe49ae7c55d\">\r\n<div class=\"quote_content\">\n<h6><span style=\"color: #01a2a6;\">ESTUDIANTE DE TECNOLOG\u00cdA EN TERAPIA F\u00cdSICA<\/span><\/h6>\n<p>La instituci\u00f3n promueve el \u00e1mbito de estudio con intensividad haciendo diferentes actividades motivando as\u00ed a cada uno de los estudiantes en un ambiente c\u00f3modo y libre. Hasta un grupo de Tuna tenemos! Estoy orgullosa del equipo de los diferentes departamentos y de los profesores de la instituci\u00f3n. Gracias EDP ! No cambien nunca si no es para mejorar ! Arriba ! <span title=\"smile emoticon\">\ud83d\ude42<\/span>)<\/p>\n<\/div>\n<div class=\"quote_info_wrap\"><figure class=\"quote_image\">\n<img decoding=\"async\" width=\"150\" height=\"150\" src=\"https:\/\/wearewebrything.com\/edptest\/wp-content\/uploads\/2017\/02\/review_francheska-150x150.jpg\" class=\"attachment-thumbnail size-thumbnail\" alt=\"\" srcset=\"https:\/\/wearewebrything.com\/edptest\/wp-content\/uploads\/2017\/02\/review_francheska-150x150.jpg 150w, https:\/\/wearewebrything.com\/edptest\/wp-content\/uploads\/2017\/02\/review_francheska-60x60.jpg 60w, https:\/\/wearewebrything.com\/edptest\/wp-content\/uploads\/2017\/02\/review_francheska-300x300.jpg 300w, https:\/\/wearewebrything.com\/edptest\/wp-content\/uploads\/2017\/02\/review_francheska-580x580.jpg 580w\" sizes=\"(max-width: 150px) 100vw, 150px\" \/><\/figure>\n\t\t<div class=\"wrap_quote_title\">\r\n\t\t<h6 class=\"quote_title\"> Francheska Falc\u00f3n<\/h6>\n\t\t<\/div>\r\n\t<\/div>\r\n<\/article>\r\n<!--_________________________ Finish Quotes Boxed Slider Article _________________________ -->\r\n\r\n<\/div>\n<\/div>\n<\/div>\n<\/div>\n<div class=\"cmsmasters_column one_third\">\n<div class=\"cmsmasters_quotes_slider_wrap\">\n<script type=\"text\/javascript\">jQuery(document).ready(function () { jQuery(\"#cmsmasters_quotes_slider_69fe49ae7cb3c\").owlCarousel( { singleItem : true, autoPlay : 10000,stopOnHover: true, pagination: true, navigation : false, navigationText : \t[ \"<span class=\\\"cmsmasters_prev_arrow\\\"><span><\/span><\/span>\", \"<span class=\\\"cmsmasters_next_arrow\\\"><span><\/span><\/span>\" ] } );} );<\/script>\n<div id=\"cmsmasters_quotes_slider_69fe49ae7cb3c\" class=\"cmsmasters_quotes cmsmasters_quotes_slider cmsmasters_quotes_slider_type_box owl-carousel\">\n<div class=\"cmsmasters_quote\">\n\r\n<!--_________________________ Start Quotes Boxed Slider Article _________________________ -->\r\n\r\n<article class=\"cmsmasters_quote_inner\" id=\"cmsmasters_quote_69fe49ae7cc35\">\r\n<div class=\"quote_content\">\n<h6><span style=\"color: #108e9e;\">ESTUDIANTE DE DISE\u00d1O DE MODAS DIGITAL<\/span><\/h6>\n<p>S\u00f3lo llevo un semestre en la instituci\u00f3n y estoy encantada. Soy graduada (tengo mi Bachillerato), he podido comparar las universidad y he visto la superioridad en el personal, profesores, infraestructura y m\u00e9todo de ense\u00f1anza. Si se pudiera dar hacia atr\u00e1s en el tiempo comenzar\u00eda aqu\u00ed. #EDPMANATI<\/p>\n<\/div>\n<div class=\"quote_info_wrap\"><figure class=\"quote_image\">\n<img decoding=\"async\" width=\"150\" height=\"150\" src=\"https:\/\/wearewebrything.com\/edptest\/wp-content\/uploads\/2017\/12\/samantha_perez-150x150.jpg\" class=\"attachment-thumbnail size-thumbnail\" alt=\"\" srcset=\"https:\/\/wearewebrything.com\/edptest\/wp-content\/uploads\/2017\/12\/samantha_perez-150x150.jpg 150w, https:\/\/wearewebrything.com\/edptest\/wp-content\/uploads\/2017\/12\/samantha_perez-60x60.jpg 60w, https:\/\/wearewebrything.com\/edptest\/wp-content\/uploads\/2017\/12\/samantha_perez-300x300.jpg 300w, https:\/\/wearewebrything.com\/edptest\/wp-content\/uploads\/2017\/12\/samantha_perez-580x580.jpg 580w\" sizes=\"(max-width: 150px) 100vw, 150px\" \/><\/figure>\n\t\t<div class=\"wrap_quote_title\">\r\n\t\t<h6 class=\"quote_title\">Samantha P\u00e9rez<\/h6>\n\t\t<\/div>\r\n\t<\/div>\r\n<\/article>\r\n<!--_________________________ Finish Quotes Boxed Slider Article _________________________ -->\r\n\r\n<\/div>\n<\/div>\n<\/div>\n<\/div>\n<div class=\"cmsmasters_column one_third\">\n<div class=\"cmsmasters_quotes_slider_wrap\">\n<script type=\"text\/javascript\">jQuery(document).ready(function () { jQuery(\"#cmsmasters_quotes_slider_69fe49ae7d0cc\").owlCarousel( { singleItem : true, autoPlay : 10000,stopOnHover: true, pagination: true, navigation : false, navigationText : \t[ \"<span class=\\\"cmsmasters_prev_arrow\\\"><span><\/span><\/span>\", \"<span class=\\\"cmsmasters_next_arrow\\\"><span><\/span><\/span>\" ] } );} );<\/script>\n<div id=\"cmsmasters_quotes_slider_69fe49ae7d0cc\" class=\"cmsmasters_quotes cmsmasters_quotes_slider cmsmasters_quotes_slider_type_box owl-carousel\">\n<div class=\"cmsmasters_quote\">\n\r\n<!--_________________________ Start Quotes Boxed Slider Article _________________________ -->\r\n\r\n<article class=\"cmsmasters_quote_inner\" id=\"cmsmasters_quote_69fe49ae7d1ba\">\r\n<div class=\"quote_content\">\n<h6><span style=\"color: #01a2a6;\">ESTUDIANTE DE ADMINISTRACI\u00d3N DE EMPRESAS\u00a0<\/span><\/h6>\n<p>El mejor lugar para estudiar y hacerte de una profesi\u00f3n, con excelentes y modernas facilidades.<\/p>\n<\/div>\n<div class=\"quote_info_wrap\"><figure class=\"quote_image\">\n<img decoding=\"async\" width=\"150\" height=\"150\" src=\"https:\/\/wearewebrything.com\/edptest\/wp-content\/uploads\/christian-vargas-edp-150x150.jpg\" class=\"attachment-thumbnail size-thumbnail\" alt=\"\" srcset=\"https:\/\/wearewebrything.com\/edptest\/wp-content\/uploads\/christian-vargas-edp-150x150.jpg 150w, https:\/\/wearewebrything.com\/edptest\/wp-content\/uploads\/christian-vargas-edp-60x60.jpg 60w, https:\/\/wearewebrything.com\/edptest\/wp-content\/uploads\/christian-vargas-edp-300x300.jpg 300w, https:\/\/wearewebrything.com\/edptest\/wp-content\/uploads\/christian-vargas-edp-580x580.jpg 580w\" sizes=\"(max-width: 150px) 100vw, 150px\" \/><\/figure>\n\t\t<div class=\"wrap_quote_title\">\r\n\t\t<h6 class=\"quote_title\"> Christian Vargas Rivera<\/h6>\n\t\t<\/div>\r\n\t<\/div>\r\n<\/article>\r\n<!--_________________________ Finish Quotes Boxed Slider Article _________________________ -->\r\n\r\n<\/div>\n<\/div>\n<\/div>\n<\/div>\n<\/div>\n<\/div>\n<\/div>\n<\/div>\n<\/div>\n<div id=\"cmsmasters_row_69fe49ae7d5a4\" class=\"cmsmasters_row cmsmasters_color_scheme_default cmsmasters_row_top_default cmsmasters_row_bot_default cmsmasters_row_fullwidth\">\n<div class=\"cmsmasters_row_outer_parent\">\n<div class=\"cmsmasters_row_outer\">\n<div class=\"cmsmasters_row_inner cmsmasters_row_fullwidth\">\n<div class=\"cmsmasters_row_margin\">\n<div class=\"cmsmasters_column one_first\">\n\n<div id=\"cmsmasters_divider_69fe49ae7d6fa\" class=\"cmsmasters_divider cmsmasters_divider_width_long cmsmasters_divider_pos_center\"><\/div>\n<\/div>\n<\/div>\n<\/div>\n<\/div>\n<\/div>\n<\/div>\n<\/p>\t\t\t\t\t\t<\/div>\n\t\t\t\t<\/div>\n\t\t\t\t\t<\/div>\n\t\t<\/div>\n\t\t\t\t\t<\/div>\n\t\t<\/section>\n\t\t\t\t<\/div>\n\t\t","protected":false},"excerpt":{"rendered":"","protected":false},"author":8,"featured_media":0,"parent":0,"menu_order":0,"comment_status":"closed","ping_status":"closed","template":"","meta":{"_monsterinsights_skip_tracking":false,"_monsterinsights_sitenote_active":false,"_monsterinsights_sitenote_note":"","_monsterinsights_sitenote_category":0,"footnotes":""},"_links":{"self":[{"href":"https:\/\/wearewebrything.com\/edptest\/wp-json\/wp\/v2\/pages\/6937"}],"collection":[{"href":"https:\/\/wearewebrything.com\/edptest\/wp-json\/wp\/v2\/pages"}],"about":[{"href":"https:\/\/wearewebrything.com\/edptest\/wp-json\/wp\/v2\/types\/page"}],"author":[{"embeddable":true,"href":"https:\/\/wearewebrything.com\/edptest\/wp-json\/wp\/v2\/users\/8"}],"replies":[{"embeddable":true,"href":"https:\/\/wearewebrything.com\/edptest\/wp-json\/wp\/v2\/comments?post=6937"}],"version-history":[{"count":3,"href":"https:\/\/wearewebrything.com\/edptest\/wp-json\/wp\/v2\/pages\/6937\/revisions"}],"predecessor-version":[{"id":41345,"href":"https:\/\/wearewebrything.com\/edptest\/wp-json\/wp\/v2\/pages\/6937\/revisions\/41345"}],"wp:attachment":[{"href":"https:\/\/wearewebrything.com\/edptest\/wp-json\/wp\/v2\/media?parent=6937"}],"curies":[{"name":"wp","href":"https:\/\/api.w.org\/{rel}","templated":true}]}}