{"id":7049,"date":"2017-02-09T14:49:18","date_gmt":"2017-02-09T18:49:18","guid":{"rendered":"https:\/\/wearewebrything.com\/edptest\/?page_id=7049"},"modified":"2024-03-14T16:37:35","modified_gmt":"2024-03-14T20:37:35","slug":"maestrias","status":"publish","type":"page","link":"https:\/\/wearewebrything.com\/edptest\/maestrias\/","title":{"rendered":"Maestr\u00edas"},"content":{"rendered":"<style type=\"text\/css\"> \n#cmsmasters_row_69fd60fda7e05 { \n\tbackground-image: url(https:\/\/wearewebrything.com\/edptest\/wp-content\/uploads\/webbanners-13.png); \n\tbackground-position: top center; \n\tbackground-repeat: no-repeat; \n\tbackground-attachment: scroll; \n\tbackground-size: cover; \n} \n\n#cmsmasters_row_69fd60fda7e05 .cmsmasters_row_outer_parent { \n\tpadding-top: 80px; \n} \n\n#cmsmasters_row_69fd60fda7e05 .cmsmasters_row_outer_parent { \n\tpadding-bottom: 80px; \n} \n\n \n#cmsmasters_heading_69fd60fdaa8e4 { \n\ttext-align:left; \n\tmargin-top:30px; \n\tmargin-bottom:30px; \n} \n\n#cmsmasters_heading_69fd60fdaa8e4 .cmsmasters_heading { \n\ttext-align:left; \n} \n\n#cmsmasters_heading_69fd60fdaa8e4 .cmsmasters_heading, #cmsmasters_heading_69fd60fdaa8e4 .cmsmasters_heading a { \n\tfont-size:50px; \n\tline-height:90px; \n\tfont-weight:300; \n\tfont-style:normal; \n\tcolor:#ffffff;\n} \n\n#cmsmasters_heading_69fd60fdaa8e4 .cmsmasters_heading_divider { \n} \n\n \n#cmsmasters_row_69fd60fdaaca1 .cmsmasters_row_outer_parent { \n\tpadding-top: 0px; \n} \n\n#cmsmasters_row_69fd60fdaaca1 .cmsmasters_row_outer_parent { \n\tpadding-bottom: 50px; \n} \n\n \n#cmsmasters_row_69fd60fdaaf66 .cmsmasters_row_outer_parent { \n\tpadding-top: 40px; \n} \n\n \n#cmsmasters_heading_69fd60fdab264 { \n\ttext-align:left; \n\tmargin-top:0px; \n\tmargin-bottom:0px; \n} \n\n#cmsmasters_heading_69fd60fdab264 .cmsmasters_heading { \n\ttext-align:left; \n} \n\n#cmsmasters_heading_69fd60fdab264 .cmsmasters_heading, #cmsmasters_heading_69fd60fdab264 .cmsmasters_heading a { \n\tfont-weight:normal; \n\tfont-style:normal; \n\tcolor:#108e9e;\n} \n\n#cmsmasters_heading_69fd60fdab264 .cmsmasters_heading_divider { \n} \n\n \n#cmsmasters_heading_69fd60fdab350 { \n\ttext-align:left; \n\tmargin-top:0px; \n\tmargin-bottom:0px; \n} \n\n#cmsmasters_heading_69fd60fdab350 .cmsmasters_heading { \n\ttext-align:left; \n} \n\n#cmsmasters_heading_69fd60fdab350 .cmsmasters_heading, #cmsmasters_heading_69fd60fdab350 .cmsmasters_heading a { \n\tfont-weight:normal; \n\tfont-style:normal; \n\tcolor:#108e9e;\n} \n\n#cmsmasters_heading_69fd60fdab350 .cmsmasters_heading_divider { \n} \n\n \n#cmsmasters_row_69fd60fdab463 .cmsmasters_row_outer_parent { \n\tpadding-top: 0px; \n} \n\n#cmsmasters_row_69fd60fdab463 .cmsmasters_row_outer_parent { \n\tpadding-bottom: 0px; \n} \n\n#cmsmasters_row_69fd60fdab463 .cmsmasters_row_inner.cmsmasters_row_fullwidth { \n\tpadding-left:0%; \n} \n#cmsmasters_row_69fd60fdab463 .cmsmasters_row_inner.cmsmasters_row_fullwidth { \n\tpadding-right:0%; \n} \n \n#cmsmasters_divider_69fd60fdab670 { \n\tborder-bottom-width:1px; \n\tborder-bottom-style:solid; \n\tpadding-top:0px; \n\tmargin-bottom:0px; \n\tborder-bottom-color:rgba(229,229,229,0.8);\n} \n \n#cmsmasters_row_69fd60fdab6d2 { \n\tbackground-color:#fbfbfb;\n} \n\n#cmsmasters_row_69fd60fdab6d2 .cmsmasters_row_outer_parent { \n\tpadding-top: 40px; \n} \n\n#cmsmasters_row_69fd60fdab6d2 .cmsmasters_row_outer_parent { \n\tpadding-bottom: 0px; \n} \n\n \n#cmsmasters_heading_69fd60fdab78e { \n\ttext-align:left; \n\tmargin-top:0px; \n\tmargin-bottom:0px; \n} \n\n#cmsmasters_heading_69fd60fdab78e .cmsmasters_heading { \n\ttext-align:left; \n} \n\n#cmsmasters_heading_69fd60fdab78e .cmsmasters_heading, #cmsmasters_heading_69fd60fdab78e .cmsmasters_heading a { \n\tfont-weight:normal; \n\tfont-style:normal; \n\tcolor:#108e9e;\n} \n\n#cmsmasters_heading_69fd60fdab78e .cmsmasters_heading_divider { \n} \n\n \n#cmsmasters_row_69fd60fdab7f6 { \n\tbackground-color:#fbfbfb;\n} \n\n#cmsmasters_row_69fd60fdab7f6 .cmsmasters_row_outer_parent { \n\tpadding-top: 0px; \n} \n\n#cmsmasters_row_69fd60fdab7f6 .cmsmasters_row_outer_parent { \n\tpadding-bottom: 70px; \n} \n\n#cmsmasters_quote_69fd60fdace80 .wrap_quote_title {background-color:#01a2a6;}#cmsmasters_quote_69fd60fdae7ac .wrap_quote_title {background-color:#f36371;}#cmsmasters_quote_69fd60fdaf43d .wrap_quote_title {background-color:#f2c763;} \n#cmsmasters_row_69fd60fdb0872 .cmsmasters_row_outer_parent { \n\tpadding-top: 0px; \n} \n\n#cmsmasters_row_69fd60fdb0872 .cmsmasters_row_outer_parent { \n\tpadding-bottom: 0px; \n} \n\n#cmsmasters_row_69fd60fdb0872 .cmsmasters_row_inner.cmsmasters_row_fullwidth { \n\tpadding-left:0%; \n} \n#cmsmasters_row_69fd60fdb0872 .cmsmasters_row_inner.cmsmasters_row_fullwidth { \n\tpadding-right:0%; \n} \n \n#cmsmasters_divider_69fd60fdb097d { \n\tborder-bottom-width:1px; \n\tborder-bottom-style:solid; \n\tpadding-top:0px; \n\tmargin-bottom:0px; \n\tborder-bottom-color:rgba(229,229,229,0.8);\n} \n<\/style>\t\t<div data-elementor-type=\"wp-page\" data-elementor-id=\"7049\" class=\"elementor elementor-7049\" data-elementor-post-type=\"page\">\n\t\t\t\t\t\t<section class=\"elementor-section elementor-top-section elementor-element elementor-element-288c8ca6 elementor-section-boxed elementor-section-height-default elementor-section-height-default\" data-id=\"288c8ca6\" data-element_type=\"section\">\n\t\t\t\t\t\t<div class=\"elementor-container elementor-column-gap-default\">\n\t\t\t\t\t<div class=\"elementor-column elementor-col-100 elementor-top-column elementor-element elementor-element-65a082ac\" data-id=\"65a082ac\" data-element_type=\"column\">\n\t\t\t<div class=\"elementor-widget-wrap elementor-element-populated\">\n\t\t\t\t\t\t<div class=\"elementor-element elementor-element-1c13e4a9 elementor-widget elementor-widget-text-editor\" data-id=\"1c13e4a9\" data-element_type=\"widget\" data-widget_type=\"text-editor.default\">\n\t\t\t\t<div class=\"elementor-widget-container\">\n\t\t\t\t\t\t\t<p><div id=\"cmsmasters_row_69fd60fda7e05\" class=\"cmsmasters_row cmsmasters_color_scheme_default cmsmasters_row_top_default cmsmasters_row_bot_default cmsmasters_row_boxed\">\n<div class=\"cmsmasters_row_outer_parent\">\n<div class=\"cmsmasters_row_outer\">\n<div class=\"cmsmasters_row_inner\">\n<div class=\"cmsmasters_row_margin\">\n<div class=\"cmsmasters_column one_first\">\n\n<div id=\"cmsmasters_heading_69fd60fdaa8e4\" class=\"cmsmasters_heading_wrap cmsmasters_heading_align_left\">\n\t<h1 class=\"cmsmasters_heading\">MAESTR\u00cdAS<\/h1>\n<\/div>\n<\/div>\n<\/div>\n<\/div>\n<\/div>\n<\/div>\n<\/div>\n<div id=\"cmsmasters_row_69fd60fdaaca1\" class=\"cmsmasters_row cmsmasters_color_scheme_default cmsmasters_row_top_default cmsmasters_row_bot_default cmsmasters_row_boxed\">\n<div class=\"cmsmasters_row_outer_parent\">\n<div class=\"cmsmasters_row_outer\">\n<div class=\"cmsmasters_row_inner\">\n<div class=\"cmsmasters_row_margin\">\n<div class=\"cmsmasters_column one_first\">\n<div class=\"custom_html\">\n\n<div id=\"app\"><\/div>\n<\/div>\n<\/div>\n<\/div>\n<\/div>\n<\/div>\n<\/div>\n<\/div>\n<div id=\"cmsmasters_row_69fd60fdaaf66\" class=\"cmsmasters_row cmsmasters_color_scheme_default cmsmasters_row_top_default cmsmasters_row_bot_default cmsmasters_row_boxed\">\n<div class=\"cmsmasters_row_outer_parent\">\n<div class=\"cmsmasters_row_outer\">\n<div class=\"cmsmasters_row_inner\">\n<div class=\"cmsmasters_row_margin\">\n<div class=\"cmsmasters_column one_first\">\n\n<div id=\"cmsmasters_heading_69fd60fdab264\" class=\"cmsmasters_heading_wrap cmsmasters_heading_align_left\">\n\t<h1 class=\"cmsmasters_heading\"><a href=\"https:\/\/wearewebrything.com\/edptest\/localidades\/\">Hato Rey<\/a><\/h1>\n<\/div><div class=\"cmsmasters_text\">\n<ul>\n<li><a href=\"https:\/\/wearewebrything.com\/edptest\/escuela_graduada\/\">Administraci\u00f3n de Empresas con especialidad en Gerencia Estrat\u00e9gica<\/a><\/li>\n<li><a href=\"https:\/\/wearewebrything.com\/edptest\/escuela_graduada\/\">Sistemas de Informaci\u00f3n<\/a><\/li>\n<li><a href=\"https:\/\/wearewebrything.com\/edptest\/escuela_graduada\/\">Sistemas de Informaci\u00f3n con especialidad en Seguridad de Informaci\u00f3n e Investigaci\u00f3n de Fraude Digital<\/a><\/li>\n<li><a href=\"https:\/\/wearewebrything.com\/edptest\/escuela_graduada\/\">Ciencias Naturop\u00e1ticas<\/a><\/li>\n<li><a href=\"https:\/\/wearewebrything.com\/edptest\/escuela-graduada\/\">Asuntos P\u00fablicos e Innovaci\u00f3n Gubernamental\u00a0<\/a><\/li>\n<li><a href=\"https:\/\/wearewebrything.com\/edptest\/escuela-graduada\/\">Ciencias de Enfermer\u00eda con especialidad en \u201cFamily Nurse Practitioner\u201d<\/a><\/li>\n<\/ul>\n<\/div>\n\n<div id=\"cmsmasters_heading_69fd60fdab350\" class=\"cmsmasters_heading_wrap cmsmasters_heading_align_left\">\n\t<h1 class=\"cmsmasters_heading\"><a href=\"https:\/\/wearewebrything.com\/edptest\/localidades\/\">San Sebasti\u00e1n <\/a><\/h1>\n<\/div><div class=\"cmsmasters_text\">\n<ul>\n<li><a href=\"https:\/\/wearewebrything.com\/edptest\/escuela_graduada\/\">Ciencias de Enfermer\u00eda con especialidad en:<\/a>\n<ul>\n<li><a href=\"https:\/\/wearewebrything.com\/edptest\/escuela_graduada\/\">Cuidado Agudo\/ Cr\u00edtico<\/a><\/li>\n<li><a href=\"https:\/\/wearewebrything.com\/edptest\/escuela_graduada\/\">Emergencia\/Trauma<\/a><\/li>\n<li><a href=\"https:\/\/wearewebrything.com\/edptest\/escuela_graduada\/\">\u201cFamily Nurse Practitioner\u201d<\/a><\/li>\n<\/ul>\n<\/li>\n<li><a href=\"https:\/\/wearewebrything.com\/edptest\/escuela-graduada\/\">Asuntos P\u00fablicos e Innovaci\u00f3n Gubernamental\u00a0<\/a><\/li>\n<\/ul>\n<\/div>\n<\/div>\n<\/div>\n<\/div>\n<\/div>\n<\/div>\n<\/div>\n<div id=\"cmsmasters_row_69fd60fdab463\" class=\"cmsmasters_row cmsmasters_color_scheme_default cmsmasters_row_top_default cmsmasters_row_bot_default cmsmasters_row_fullwidth\">\n<div class=\"cmsmasters_row_outer_parent\">\n<div class=\"cmsmasters_row_outer\">\n<div class=\"cmsmasters_row_inner cmsmasters_row_fullwidth\">\n<div class=\"cmsmasters_row_margin\">\n<div class=\"cmsmasters_column one_first\">\n\n<div id=\"cmsmasters_divider_69fd60fdab670\" class=\"cmsmasters_divider cmsmasters_divider_width_long cmsmasters_divider_pos_center\"><\/div>\n<\/div>\n<\/div>\n<\/div>\n<\/div>\n<\/div>\n<\/div>\n<div id=\"cmsmasters_row_69fd60fdab6d2\" class=\"cmsmasters_row cmsmasters_color_scheme_third cmsmasters_row_top_default cmsmasters_row_bot_default cmsmasters_row_boxed\">\n<div class=\"cmsmasters_row_outer_parent\">\n<div class=\"cmsmasters_row_outer\">\n<div class=\"cmsmasters_row_inner\">\n<div class=\"cmsmasters_row_margin\">\n<div class=\"cmsmasters_column one_first\">\n\n<div id=\"cmsmasters_heading_69fd60fdab78e\" class=\"cmsmasters_heading_wrap cmsmasters_heading_align_left\">\n\t<h1 class=\"cmsmasters_heading\">Estudiantes Satisfechos<\/h1>\n<\/div>\n<\/div>\n<\/div>\n<\/div>\n<\/div>\n<\/div>\n<\/div>\n<div id=\"cmsmasters_row_69fd60fdab7f6\" class=\"cmsmasters_row cmsmasters_color_scheme_default cmsmasters_row_top_default cmsmasters_row_bot_default cmsmasters_row_boxed\">\n<div class=\"cmsmasters_row_outer_parent\">\n<div class=\"cmsmasters_row_outer\">\n<div class=\"cmsmasters_row_inner\">\n<div class=\"cmsmasters_row_margin\">\n<div class=\"cmsmasters_column one_third\">\n<div class=\"cmsmasters_quotes_slider_wrap\">\n<script type=\"text\/javascript\">jQuery(document).ready(function () { jQuery(\"#cmsmasters_quotes_slider_69fd60fdac3ef\").owlCarousel( { singleItem : true, autoPlay : 10000,stopOnHover: true, pagination: true, navigation : false, navigationText : \t[ \"<span class=\\\"cmsmasters_prev_arrow\\\"><span><\/span><\/span>\", \"<span class=\\\"cmsmasters_next_arrow\\\"><span><\/span><\/span>\" ] } );} );<\/script>\n<div id=\"cmsmasters_quotes_slider_69fd60fdac3ef\" class=\"cmsmasters_quotes cmsmasters_quotes_slider cmsmasters_quotes_slider_type_box owl-carousel\">\n<div class=\"cmsmasters_quote\">\n\r\n<!--_________________________ Start Quotes Boxed Slider Article _________________________ -->\r\n\r\n<article class=\"cmsmasters_quote_inner\" id=\"cmsmasters_quote_69fd60fdace80\">\r\n<div class=\"quote_content\">\n<h6><span style=\"color: #01a2a6;\">ESTUDIANTE EN TECNOLOG\u00cdA EN TERAPIA F\u00cdSICA<\/span><\/h6>\n<p>La instituci\u00f3n promueve el \u00e1mbito de estudio con intensividad haciendo diferentes actividades motivando as\u00ed a cada uno de los estudiantes en un ambiente c\u00f3modo y libre. Hasta un grupo de Tuna tenemos! Estoy orgullosa del equipo de los diferentes departamentos y de los profesores de la instituci\u00f3n. Gracias EDP ! No cambien nunca si no es para mejorar ! Arriba ! <span title=\"smile emoticon\">\ud83d\ude42<\/span>)<\/p>\n<\/div>\n<div class=\"quote_info_wrap\"><figure class=\"quote_image\">\n<img decoding=\"async\" width=\"150\" height=\"150\" src=\"https:\/\/wearewebrything.com\/edptest\/wp-content\/uploads\/2017\/02\/review_francheska-150x150.jpg\" class=\"attachment-thumbnail size-thumbnail\" alt=\"\" srcset=\"https:\/\/wearewebrything.com\/edptest\/wp-content\/uploads\/2017\/02\/review_francheska-150x150.jpg 150w, https:\/\/wearewebrything.com\/edptest\/wp-content\/uploads\/2017\/02\/review_francheska-60x60.jpg 60w, https:\/\/wearewebrything.com\/edptest\/wp-content\/uploads\/2017\/02\/review_francheska-300x300.jpg 300w, https:\/\/wearewebrything.com\/edptest\/wp-content\/uploads\/2017\/02\/review_francheska-580x580.jpg 580w\" sizes=\"(max-width: 150px) 100vw, 150px\" \/><\/figure>\n\t\t<div class=\"wrap_quote_title\">\r\n\t\t<h6 class=\"quote_title\"> Francheska Falc\u00f3n<\/h6>\n\t\t<\/div>\r\n\t<\/div>\r\n<\/article>\r\n<!--_________________________ Finish Quotes Boxed Slider Article _________________________ -->\r\n\r\n<\/div>\n<\/div>\n<\/div>\n<\/div>\n<div class=\"cmsmasters_column one_third\">\n<div class=\"cmsmasters_quotes_slider_wrap\">\n<script type=\"text\/javascript\">jQuery(document).ready(function () { jQuery(\"#cmsmasters_quotes_slider_69fd60fdae5ec\").owlCarousel( { singleItem : true, autoPlay : 10000,stopOnHover: true, pagination: true, navigation : false, navigationText : \t[ \"<span class=\\\"cmsmasters_prev_arrow\\\"><span><\/span><\/span>\", \"<span class=\\\"cmsmasters_next_arrow\\\"><span><\/span><\/span>\" ] } );} );<\/script>\n<div id=\"cmsmasters_quotes_slider_69fd60fdae5ec\" class=\"cmsmasters_quotes cmsmasters_quotes_slider cmsmasters_quotes_slider_type_box owl-carousel\">\n<div class=\"cmsmasters_quote\">\n\r\n<!--_________________________ Start Quotes Boxed Slider Article _________________________ -->\r\n\r\n<article class=\"cmsmasters_quote_inner\" id=\"cmsmasters_quote_69fd60fdae7ac\">\r\n<div class=\"quote_content\">\n<h6><span style=\"color: #108e9e;\">ESTUDIANTE DE DISE\u00d1O DE MODAS DIGITAL<\/span><\/h6>\n<p>S\u00f3lo llevo un semestre en la instituci\u00f3n y estoy encantada. Soy graduada (tengo mi Bachillerato), he podido comparar las universidad y he visto la superioridad en el personal, profesores, infraestructura y m\u00e9todo de ense\u00f1anza. Si se pudiera dar hacia atr\u00e1s en el tiempo comenzar\u00eda aqu\u00ed. #EDPMANATI<\/p>\n<\/div>\n<div class=\"quote_info_wrap\"><figure class=\"quote_image\">\n<img decoding=\"async\" width=\"150\" height=\"150\" src=\"https:\/\/wearewebrything.com\/edptest\/wp-content\/uploads\/2017\/12\/samantha_perez-150x150.jpg\" class=\"attachment-thumbnail size-thumbnail\" alt=\"\" srcset=\"https:\/\/wearewebrything.com\/edptest\/wp-content\/uploads\/2017\/12\/samantha_perez-150x150.jpg 150w, https:\/\/wearewebrything.com\/edptest\/wp-content\/uploads\/2017\/12\/samantha_perez-60x60.jpg 60w, https:\/\/wearewebrything.com\/edptest\/wp-content\/uploads\/2017\/12\/samantha_perez-300x300.jpg 300w, https:\/\/wearewebrything.com\/edptest\/wp-content\/uploads\/2017\/12\/samantha_perez-580x580.jpg 580w\" sizes=\"(max-width: 150px) 100vw, 150px\" \/><\/figure>\n\t\t<div class=\"wrap_quote_title\">\r\n\t\t<h6 class=\"quote_title\">Samantha P\u00e9rez<\/h6>\n\t\t<\/div>\r\n\t<\/div>\r\n<\/article>\r\n<!--_________________________ Finish Quotes Boxed Slider Article _________________________ -->\r\n\r\n<\/div>\n<\/div>\n<\/div>\n<\/div>\n<div class=\"cmsmasters_column one_third\">\n<div class=\"cmsmasters_quotes_slider_wrap\">\n<script type=\"text\/javascript\">jQuery(document).ready(function () { jQuery(\"#cmsmasters_quotes_slider_69fd60fdaf296\").owlCarousel( { singleItem : true, autoPlay : 10000,stopOnHover: true, pagination: true, navigation : false, navigationText : \t[ \"<span class=\\\"cmsmasters_prev_arrow\\\"><span><\/span><\/span>\", \"<span class=\\\"cmsmasters_next_arrow\\\"><span><\/span><\/span>\" ] } );} );<\/script>\n<div id=\"cmsmasters_quotes_slider_69fd60fdaf296\" class=\"cmsmasters_quotes cmsmasters_quotes_slider cmsmasters_quotes_slider_type_box owl-carousel\">\n<div class=\"cmsmasters_quote\">\n\r\n<!--_________________________ Start Quotes Boxed Slider Article _________________________ -->\r\n\r\n<article class=\"cmsmasters_quote_inner\" id=\"cmsmasters_quote_69fd60fdaf43d\">\r\n<div class=\"quote_content\">\n<h6><span style=\"color: #01a2a6;\">ESTUDIANTE DE ADMINISTRACI\u00d3N DE EMPRESAS<\/span><\/h6>\n<p>El mejor lugar para estudiar y hacerte de una profesi\u00f3n, con excelentes y modernas facilidades.<\/p>\n<\/div>\n<div class=\"quote_info_wrap\"><figure class=\"quote_image\">\n<img decoding=\"async\" width=\"150\" height=\"150\" src=\"https:\/\/wearewebrything.com\/edptest\/wp-content\/uploads\/christian-vargas-edp-150x150.jpg\" class=\"attachment-thumbnail size-thumbnail\" alt=\"\" srcset=\"https:\/\/wearewebrything.com\/edptest\/wp-content\/uploads\/christian-vargas-edp-150x150.jpg 150w, https:\/\/wearewebrything.com\/edptest\/wp-content\/uploads\/christian-vargas-edp-60x60.jpg 60w, https:\/\/wearewebrything.com\/edptest\/wp-content\/uploads\/christian-vargas-edp-300x300.jpg 300w, https:\/\/wearewebrything.com\/edptest\/wp-content\/uploads\/christian-vargas-edp-580x580.jpg 580w\" sizes=\"(max-width: 150px) 100vw, 150px\" \/><\/figure>\n\t\t<div class=\"wrap_quote_title\">\r\n\t\t<h6 class=\"quote_title\"> Christian Vargas Rivera<\/h6>\n\t\t<\/div>\r\n\t<\/div>\r\n<\/article>\r\n<!--_________________________ Finish Quotes Boxed Slider Article _________________________ -->\r\n\r\n<\/div>\n<\/div>\n<\/div>\n<\/div>\n<\/div>\n<\/div>\n<\/div>\n<\/div>\n<\/div>\n<div id=\"cmsmasters_row_69fd60fdb0872\" class=\"cmsmasters_row cmsmasters_color_scheme_default cmsmasters_row_top_default cmsmasters_row_bot_default cmsmasters_row_fullwidth\">\n<div class=\"cmsmasters_row_outer_parent\">\n<div class=\"cmsmasters_row_outer\">\n<div class=\"cmsmasters_row_inner cmsmasters_row_fullwidth\">\n<div class=\"cmsmasters_row_margin\">\n<div class=\"cmsmasters_column one_first\">\n\n<div id=\"cmsmasters_divider_69fd60fdb097d\" class=\"cmsmasters_divider cmsmasters_divider_width_long cmsmasters_divider_pos_center\"><\/div>\n<\/div>\n<\/div>\n<\/div>\n<\/div>\n<\/div>\n<\/div>\n<\/p>\t\t\t\t\t\t<\/div>\n\t\t\t\t<\/div>\n\t\t\t\t\t<\/div>\n\t\t<\/div>\n\t\t\t\t\t<\/div>\n\t\t<\/section>\n\t\t\t\t<section class=\"elementor-section elementor-top-section elementor-element elementor-element-e145897 elementor-section-boxed elementor-section-height-default elementor-section-height-default\" data-id=\"e145897\" data-element_type=\"section\">\n\t\t\t\t\t\t<div class=\"elementor-container elementor-column-gap-default\">\n\t\t\t\t\t<div class=\"elementor-column elementor-col-100 elementor-top-column elementor-element elementor-element-2ce0061\" data-id=\"2ce0061\" data-element_type=\"column\">\n\t\t\t<div class=\"elementor-widget-wrap\">\n\t\t\t\t\t\t\t<\/div>\n\t\t<\/div>\n\t\t\t\t\t<\/div>\n\t\t<\/section>\n\t\t\t\t<\/div>\n\t\t","protected":false},"excerpt":{"rendered":"","protected":false},"author":8,"featured_media":0,"parent":0,"menu_order":0,"comment_status":"closed","ping_status":"closed","template":"","meta":{"_monsterinsights_skip_tracking":false,"_monsterinsights_sitenote_active":false,"_monsterinsights_sitenote_note":"","_monsterinsights_sitenote_category":0,"footnotes":""},"_links":{"self":[{"href":"https:\/\/wearewebrything.com\/edptest\/wp-json\/wp\/v2\/pages\/7049"}],"collection":[{"href":"https:\/\/wearewebrything.com\/edptest\/wp-json\/wp\/v2\/pages"}],"about":[{"href":"https:\/\/wearewebrything.com\/edptest\/wp-json\/wp\/v2\/types\/page"}],"author":[{"embeddable":true,"href":"https:\/\/wearewebrything.com\/edptest\/wp-json\/wp\/v2\/users\/8"}],"replies":[{"embeddable":true,"href":"https:\/\/wearewebrything.com\/edptest\/wp-json\/wp\/v2\/comments?post=7049"}],"version-history":[{"count":3,"href":"https:\/\/wearewebrything.com\/edptest\/wp-json\/wp\/v2\/pages\/7049\/revisions"}],"predecessor-version":[{"id":42731,"href":"https:\/\/wearewebrything.com\/edptest\/wp-json\/wp\/v2\/pages\/7049\/revisions\/42731"}],"wp:attachment":[{"href":"https:\/\/wearewebrything.com\/edptest\/wp-json\/wp\/v2\/media?parent=7049"}],"curies":[{"name":"wp","href":"https:\/\/api.w.org\/{rel}","templated":true}]}}