{"id":7089,"date":"2017-02-09T14:43:05","date_gmt":"2017-02-09T18:43:05","guid":{"rendered":"https:\/\/wearewebrything.com\/edptest\/?page_id=7089"},"modified":"2020-01-16T12:55:33","modified_gmt":"2020-01-16T16:55:33","slug":"certificados_profesionales","status":"publish","type":"page","link":"https:\/\/wearewebrything.com\/edptest\/certificados-profesionales\/","title":{"rendered":"Certificados Profesionales"},"content":{"rendered":"<style type=\"text\/css\"> \n#cmsmasters_row_69ff4bc6bbdfe { \n\tbackground-image: url(https:\/\/wearewebrything.com\/edptest\/wp-content\/uploads\/webbanners-6.png); \n\tbackground-position: top center; \n\tbackground-repeat: no-repeat; \n\tbackground-attachment: scroll; \n\tbackground-size: cover; \n} \n\n#cmsmasters_row_69ff4bc6bbdfe .cmsmasters_row_outer_parent { \n\tpadding-top: 80px; \n} \n\n#cmsmasters_row_69ff4bc6bbdfe .cmsmasters_row_outer_parent { \n\tpadding-bottom: 80px; \n} \n\n \n#cmsmasters_heading_69ff4bc6bcdd2 { \n\ttext-align:left; \n\tmargin-top:30px; \n\tmargin-bottom:30px; \n} \n\n#cmsmasters_heading_69ff4bc6bcdd2 .cmsmasters_heading { \n\ttext-align:left; \n} \n\n#cmsmasters_heading_69ff4bc6bcdd2 .cmsmasters_heading, #cmsmasters_heading_69ff4bc6bcdd2 .cmsmasters_heading a { \n\tfont-size:50px; \n\tline-height:90px; \n\tfont-weight:300; \n\tfont-style:normal; \n\tcolor:#ffffff;\n} \n\n#cmsmasters_heading_69ff4bc6bcdd2 .cmsmasters_heading_divider { \n} \n\n \n#cmsmasters_row_69ff4bc6bcfd6 .cmsmasters_row_outer_parent { \n\tpadding-top: 0px; \n} \n\n#cmsmasters_row_69ff4bc6bcfd6 .cmsmasters_row_outer_parent { \n\tpadding-bottom: 50px; \n} \n\n \n#cmsmasters_divider_69ff4bc6bd16b { \n\tborder-bottom-width:1px; \n\tborder-bottom-style:solid; \n\tpadding-top:50px; \n\tmargin-bottom:50px; \n} \n \n#cmsmasters_heading_69ff4bc6bd194 { \n\ttext-align:left; \n\tmargin-top:0px; \n\tmargin-bottom:0px; \n} \n\n#cmsmasters_heading_69ff4bc6bd194 .cmsmasters_heading { \n\ttext-align:left; \n} \n\n#cmsmasters_heading_69ff4bc6bd194 .cmsmasters_heading, #cmsmasters_heading_69ff4bc6bd194 .cmsmasters_heading a { \n\tfont-weight:normal; \n\tfont-style:normal; \n\tcolor:#108e9e;\n} \n\n#cmsmasters_heading_69ff4bc6bd194 .cmsmasters_heading_divider { \n} \n\n \n#cmsmasters_divider_69ff4bc6bd203 { \n\tborder-bottom-width:1px; \n\tborder-bottom-style:solid; \n\tpadding-top:0px; \n\tmargin-bottom:0px; \n\tborder-bottom-color:rgba(229,229,229,0.8);\n} \n \n#cmsmasters_row_69ff4bc6bd255 { \n\tbackground-color:#fbfbfb;\n} \n\n#cmsmasters_row_69ff4bc6bd255 .cmsmasters_row_outer_parent { \n\tpadding-top: 40px; \n} \n\n#cmsmasters_row_69ff4bc6bd255 .cmsmasters_row_outer_parent { \n\tpadding-bottom: 0px; \n} \n\n \n#cmsmasters_heading_69ff4bc6bd2cf { \n\ttext-align:left; \n\tmargin-top:0px; \n\tmargin-bottom:0px; \n} \n\n#cmsmasters_heading_69ff4bc6bd2cf .cmsmasters_heading { \n\ttext-align:left; \n} \n\n#cmsmasters_heading_69ff4bc6bd2cf .cmsmasters_heading, #cmsmasters_heading_69ff4bc6bd2cf .cmsmasters_heading a { \n\tfont-weight:normal; \n\tfont-style:normal; \n\tcolor:#108e9e;\n} \n\n#cmsmasters_heading_69ff4bc6bd2cf .cmsmasters_heading_divider { \n} \n\n \n#cmsmasters_row_69ff4bc6bd302 { \n\tbackground-color:#fbfbfb;\n} \n\n#cmsmasters_row_69ff4bc6bd302 .cmsmasters_row_outer_parent { \n\tpadding-top: 0px; \n} \n\n#cmsmasters_row_69ff4bc6bd302 .cmsmasters_row_outer_parent { \n\tpadding-bottom: 70px; \n} \n\n#cmsmasters_quote_69ff4bc6bdf97 .wrap_quote_title {background-color:#01a2a6;}#cmsmasters_quote_69ff4bc6becfd .wrap_quote_title {background-color:#f36371;}#cmsmasters_quote_69ff4bc6bf616 .wrap_quote_title {background-color:#f2c763;} \n#cmsmasters_row_69ff4bc6bfd80 .cmsmasters_row_outer_parent { \n\tpadding-top: 0px; \n} \n\n#cmsmasters_row_69ff4bc6bfd80 .cmsmasters_row_outer_parent { \n\tpadding-bottom: 0px; \n} \n\n#cmsmasters_row_69ff4bc6bfd80 .cmsmasters_row_inner.cmsmasters_row_fullwidth { \n\tpadding-left:0%; \n} \n#cmsmasters_row_69ff4bc6bfd80 .cmsmasters_row_inner.cmsmasters_row_fullwidth { \n\tpadding-right:0%; \n} \n \n#cmsmasters_divider_69ff4bc6bff0c { \n\tborder-bottom-width:1px; \n\tborder-bottom-style:solid; \n\tpadding-top:0px; \n\tmargin-bottom:0px; \n\tborder-bottom-color:rgba(229,229,229,0.8);\n} \n \n#cmsmasters_row_69ff4bc6bff4c .cmsmasters_row_outer_parent { \n\tpadding-top: 0px; \n} \n\n#cmsmasters_row_69ff4bc6bff4c .cmsmasters_row_outer_parent { \n\tpadding-bottom: 50px; \n} \n\n<\/style><div id=\"cmsmasters_row_69ff4bc6bbdfe\" class=\"cmsmasters_row cmsmasters_color_scheme_default cmsmasters_row_top_default cmsmasters_row_bot_default cmsmasters_row_boxed\">\n<div class=\"cmsmasters_row_outer_parent\">\n<div class=\"cmsmasters_row_outer\">\n<div class=\"cmsmasters_row_inner\">\n<div class=\"cmsmasters_row_margin\">\n<div class=\"cmsmasters_column one_first\">\n\n<div id=\"cmsmasters_heading_69ff4bc6bcdd2\" class=\"cmsmasters_heading_wrap cmsmasters_heading_align_left\">\n\t<h1 class=\"cmsmasters_heading\">CERTIFICADOS PROFESIONALES<\/h1>\n<\/div>\n<\/div>\n<\/div>\n<\/div>\n<\/div>\n<\/div>\n<\/div>\n<div id=\"cmsmasters_row_69ff4bc6bcfd6\" class=\"cmsmasters_row cmsmasters_color_scheme_default cmsmasters_row_top_default cmsmasters_row_bot_default cmsmasters_row_boxed\">\n<div class=\"cmsmasters_row_outer_parent\">\n<div class=\"cmsmasters_row_outer\">\n<div class=\"cmsmasters_row_inner\">\n<div class=\"cmsmasters_row_margin\">\n<div class=\"cmsmasters_column one_first\">\n\n<div id=\"cmsmasters_divider_69ff4bc6bd16b\" class=\"cmsmasters_divider cmsmasters_divider_width_long cmsmasters_divider_pos_center\"><\/div>\n\n<div id=\"cmsmasters_heading_69ff4bc6bd194\" class=\"cmsmasters_heading_wrap cmsmasters_heading_align_left\">\n\t<h1 class=\"cmsmasters_heading\">Hato Rey<\/h1>\n<\/div><div class=\"cmsmasters_text\">\n<ul>\n<li><a href=\"https:\/\/wearewebrything.com\/edptest\/escuela_graduada\/\">Auditor\u00eda en Sistemas de Informaci\u00f3n<\/a><\/li>\n<li><a href=\"https:\/\/wearewebrything.com\/edptest\/escuela_graduada\/\">Seguridad de Informaci\u00f3n e Investigaci\u00f3n de Fraude Digital<\/a><\/li>\n<li><a href=\"https:\/\/wearewebrything.com\/edptest\/escuela_graduada\/\">Administraci\u00f3n de Bases de Datos Relacionales<\/a><\/li>\n<li><a href=\"https:\/\/wearewebrything.com\/edptest\/escuela_graduada\/\">Gerencia de Proyecto<\/a><\/li>\n<\/ul>\n<\/div>\n\n<div id=\"cmsmasters_divider_69ff4bc6bd203\" class=\"cmsmasters_divider cmsmasters_divider_width_long cmsmasters_divider_pos_center\"><\/div>\n<\/div>\n<\/div>\n<\/div>\n<\/div>\n<\/div>\n<\/div>\n<div id=\"cmsmasters_row_69ff4bc6bd255\" class=\"cmsmasters_row cmsmasters_color_scheme_third cmsmasters_row_top_default cmsmasters_row_bot_default cmsmasters_row_boxed\">\n<div class=\"cmsmasters_row_outer_parent\">\n<div class=\"cmsmasters_row_outer\">\n<div class=\"cmsmasters_row_inner\">\n<div class=\"cmsmasters_row_margin\">\n<div class=\"cmsmasters_column one_first\">\n\n<div id=\"cmsmasters_heading_69ff4bc6bd2cf\" class=\"cmsmasters_heading_wrap cmsmasters_heading_align_left\">\n\t<h1 class=\"cmsmasters_heading\">Estudiantes Satisfechos<\/h1>\n<\/div>\n<\/div>\n<\/div>\n<\/div>\n<\/div>\n<\/div>\n<\/div>\n<div id=\"cmsmasters_row_69ff4bc6bd302\" class=\"cmsmasters_row cmsmasters_color_scheme_default cmsmasters_row_top_default cmsmasters_row_bot_default cmsmasters_row_boxed\">\n<div class=\"cmsmasters_row_outer_parent\">\n<div class=\"cmsmasters_row_outer\">\n<div class=\"cmsmasters_row_inner\">\n<div class=\"cmsmasters_row_margin\">\n<div class=\"cmsmasters_column one_third\">\n<div class=\"cmsmasters_quotes_slider_wrap\">\n<script type=\"text\/javascript\">jQuery(document).ready(function () { jQuery(\"#cmsmasters_quotes_slider_69ff4bc6bd857\").owlCarousel( { singleItem : true, autoPlay : 10000,stopOnHover: true, pagination: true, navigation : false, navigationText : \t[ \"<span class=\\\"cmsmasters_prev_arrow\\\"><span><\/span><\/span>\", \"<span class=\\\"cmsmasters_next_arrow\\\"><span><\/span><\/span>\" ] } );} );<\/script>\n<div id=\"cmsmasters_quotes_slider_69ff4bc6bd857\" class=\"cmsmasters_quotes cmsmasters_quotes_slider cmsmasters_quotes_slider_type_box owl-carousel\">\n<div class=\"cmsmasters_quote\">\n\r\n<!--_________________________ Start Quotes Boxed Slider Article _________________________ -->\r\n\r\n<article class=\"cmsmasters_quote_inner\" id=\"cmsmasters_quote_69ff4bc6bdf97\">\r\n<div class=\"quote_content\">\n<h6><span style=\"color: #01a2a6;\">ESTUDIANTE DE TECNOLOG\u00cdA EN TERAPIA F\u00cdSICA<\/span><\/h6>\n<p>La instituci\u00f3n promueve el \u00e1mbito de estudio con intensividad haciendo diferentes actividades motivando as\u00ed a cada uno de los estudiantes en un ambiente c\u00f3modo y libre. Hasta un grupo de Tuna tenemos! Estoy orgullosa del equipo de los diferentes departamentos y de los profesores de la instituci\u00f3n. Gracias EDP ! No cambien nunca si no es para mejorar ! Arriba ! <span class=\"_47e3 _5mfr\" title=\"smile emoticon\"><span class=\"_7oe\">\ud83d\ude42<\/span><\/span>)<\/p>\n<\/div>\n<div class=\"quote_info_wrap\"><figure class=\"quote_image\">\n<img decoding=\"async\" width=\"150\" height=\"150\" src=\"https:\/\/wearewebrything.com\/edptest\/wp-content\/uploads\/2017\/02\/review_francheska-150x150.jpg\" class=\"attachment-thumbnail size-thumbnail\" alt=\"\" srcset=\"https:\/\/wearewebrything.com\/edptest\/wp-content\/uploads\/2017\/02\/review_francheska-150x150.jpg 150w, https:\/\/wearewebrything.com\/edptest\/wp-content\/uploads\/2017\/02\/review_francheska-60x60.jpg 60w, https:\/\/wearewebrything.com\/edptest\/wp-content\/uploads\/2017\/02\/review_francheska-300x300.jpg 300w, https:\/\/wearewebrything.com\/edptest\/wp-content\/uploads\/2017\/02\/review_francheska-580x580.jpg 580w\" sizes=\"(max-width: 150px) 100vw, 150px\" \/><\/figure>\n\t\t<div class=\"wrap_quote_title\">\r\n\t\t<h6 class=\"quote_title\"> Francheska Falc\u00f3n<\/h6>\n\t\t<\/div>\r\n\t<\/div>\r\n<\/article>\r\n<!--_________________________ Finish Quotes Boxed Slider Article _________________________ -->\r\n\r\n<\/div>\n<\/div>\n<\/div>\n<\/div>\n<div class=\"cmsmasters_column one_third\">\n<div class=\"cmsmasters_quotes_slider_wrap\">\n<script type=\"text\/javascript\">jQuery(document).ready(function () { jQuery(\"#cmsmasters_quotes_slider_69ff4bc6bebe3\").owlCarousel( { singleItem : true, autoPlay : 10000,stopOnHover: true, pagination: true, navigation : false, navigationText : \t[ \"<span class=\\\"cmsmasters_prev_arrow\\\"><span><\/span><\/span>\", \"<span class=\\\"cmsmasters_next_arrow\\\"><span><\/span><\/span>\" ] } );} );<\/script>\n<div id=\"cmsmasters_quotes_slider_69ff4bc6bebe3\" class=\"cmsmasters_quotes cmsmasters_quotes_slider cmsmasters_quotes_slider_type_box owl-carousel\">\n<div class=\"cmsmasters_quote\">\n\r\n<!--_________________________ Start Quotes Boxed Slider Article _________________________ -->\r\n\r\n<article class=\"cmsmasters_quote_inner\" id=\"cmsmasters_quote_69ff4bc6becfd\">\r\n<div class=\"quote_content\">\n<h6><span style=\"color: #108e9e;\">ESTUDIANTE DE DISE\u00d1O DE MODAS DIGITAL<\/span><\/h6>\n<p>S\u00f3lo llevo un semestre en la instituci\u00f3n y estoy encantada. Soy graduada (tengo mi Bachillerato), he podido comparar las universidad y he visto la superioridad en el personal, profesores, infraestructura y m\u00e9todo de ense\u00f1anza. Si se pudiera dar hacia atr\u00e1s en el tiempo comenzar\u00eda aqu\u00ed. #EDPMANATI<\/p>\n<\/div>\n<div class=\"quote_info_wrap\"><figure class=\"quote_image\">\n<img decoding=\"async\" width=\"150\" height=\"150\" src=\"https:\/\/wearewebrything.com\/edptest\/wp-content\/uploads\/2017\/12\/samantha_perez-150x150.jpg\" class=\"attachment-thumbnail size-thumbnail\" alt=\"\" srcset=\"https:\/\/wearewebrything.com\/edptest\/wp-content\/uploads\/2017\/12\/samantha_perez-150x150.jpg 150w, https:\/\/wearewebrything.com\/edptest\/wp-content\/uploads\/2017\/12\/samantha_perez-60x60.jpg 60w, https:\/\/wearewebrything.com\/edptest\/wp-content\/uploads\/2017\/12\/samantha_perez-300x300.jpg 300w, https:\/\/wearewebrything.com\/edptest\/wp-content\/uploads\/2017\/12\/samantha_perez-580x580.jpg 580w\" sizes=\"(max-width: 150px) 100vw, 150px\" \/><\/figure>\n\t\t<div class=\"wrap_quote_title\">\r\n\t\t<h6 class=\"quote_title\">Samantha P\u00e9rez<\/h6>\n\t\t<\/div>\r\n\t<\/div>\r\n<\/article>\r\n<!--_________________________ Finish Quotes Boxed Slider Article _________________________ -->\r\n\r\n<\/div>\n<\/div>\n<\/div>\n<\/div>\n<div class=\"cmsmasters_column one_third\">\n<div class=\"cmsmasters_quotes_slider_wrap\">\n<script type=\"text\/javascript\">jQuery(document).ready(function () { jQuery(\"#cmsmasters_quotes_slider_69ff4bc6bf50f\").owlCarousel( { singleItem : true, autoPlay : 10000,stopOnHover: true, pagination: true, navigation : false, navigationText : \t[ \"<span class=\\\"cmsmasters_prev_arrow\\\"><span><\/span><\/span>\", \"<span class=\\\"cmsmasters_next_arrow\\\"><span><\/span><\/span>\" ] } );} );<\/script>\n<div id=\"cmsmasters_quotes_slider_69ff4bc6bf50f\" class=\"cmsmasters_quotes cmsmasters_quotes_slider cmsmasters_quotes_slider_type_box owl-carousel\">\n<div class=\"cmsmasters_quote\">\n\r\n<!--_________________________ Start Quotes Boxed Slider Article _________________________ -->\r\n\r\n<article class=\"cmsmasters_quote_inner\" id=\"cmsmasters_quote_69ff4bc6bf616\">\r\n<div class=\"quote_content\">\n<h6><span style=\"color: #01a2a6;\">ESTUDIANTE DE ADMINISTRACI\u00d3N DE EMPRESAS<\/span><\/h6>\n<p>El mejor lugar para estudiar y hacerte de una profesi\u00f3n, con excelentes y modernas facilidades.<\/p>\n<\/div>\n<div class=\"quote_info_wrap\"><figure class=\"quote_image\">\n<img decoding=\"async\" width=\"150\" height=\"150\" src=\"https:\/\/wearewebrything.com\/edptest\/wp-content\/uploads\/christian-vargas-edp-150x150.jpg\" class=\"attachment-thumbnail size-thumbnail\" alt=\"\" srcset=\"https:\/\/wearewebrything.com\/edptest\/wp-content\/uploads\/christian-vargas-edp-150x150.jpg 150w, https:\/\/wearewebrything.com\/edptest\/wp-content\/uploads\/christian-vargas-edp-60x60.jpg 60w, https:\/\/wearewebrything.com\/edptest\/wp-content\/uploads\/christian-vargas-edp-300x300.jpg 300w, https:\/\/wearewebrything.com\/edptest\/wp-content\/uploads\/christian-vargas-edp-580x580.jpg 580w\" sizes=\"(max-width: 150px) 100vw, 150px\" \/><\/figure>\n\t\t<div class=\"wrap_quote_title\">\r\n\t\t<h6 class=\"quote_title\"> Christian Vargas Rivera<\/h6>\n\t\t<\/div>\r\n\t<\/div>\r\n<\/article>\r\n<!--_________________________ Finish Quotes Boxed Slider Article _________________________ -->\r\n\r\n<\/div>\n<\/div>\n<\/div>\n<\/div>\n<\/div>\n<\/div>\n<\/div>\n<\/div>\n<\/div>\n<div id=\"cmsmasters_row_69ff4bc6bfd80\" class=\"cmsmasters_row cmsmasters_color_scheme_default cmsmasters_row_top_default cmsmasters_row_bot_default cmsmasters_row_fullwidth\">\n<div class=\"cmsmasters_row_outer_parent\">\n<div class=\"cmsmasters_row_outer\">\n<div class=\"cmsmasters_row_inner cmsmasters_row_fullwidth\">\n<div class=\"cmsmasters_row_margin\">\n<div class=\"cmsmasters_column one_first\">\n\n<div id=\"cmsmasters_divider_69ff4bc6bff0c\" class=\"cmsmasters_divider cmsmasters_divider_width_long cmsmasters_divider_pos_center\"><\/div>\n<\/div>\n<\/div>\n<\/div>\n<\/div>\n<\/div>\n<\/div>\n<div id=\"cmsmasters_row_69ff4bc6bff4c\" class=\"cmsmasters_row cmsmasters_color_scheme_default cmsmasters_row_top_default cmsmasters_row_bot_default cmsmasters_row_boxed\">\n<div class=\"cmsmasters_row_outer_parent\">\n<div class=\"cmsmasters_row_outer\">\n<div class=\"cmsmasters_row_inner\">\n<div class=\"cmsmasters_row_margin\">\n<div class=\"cmsmasters_column one_first\">\n<\/div>\n<\/div>\n<\/div>\n<\/div>\n<\/div>\n<\/div>\n\n","protected":false},"excerpt":{"rendered":"","protected":false},"author":8,"featured_media":0,"parent":0,"menu_order":0,"comment_status":"closed","ping_status":"closed","template":"","meta":{"_monsterinsights_skip_tracking":false,"_monsterinsights_sitenote_active":false,"_monsterinsights_sitenote_note":"","_monsterinsights_sitenote_category":0,"footnotes":""},"_links":{"self":[{"href":"https:\/\/wearewebrything.com\/edptest\/wp-json\/wp\/v2\/pages\/7089"}],"collection":[{"href":"https:\/\/wearewebrything.com\/edptest\/wp-json\/wp\/v2\/pages"}],"about":[{"href":"https:\/\/wearewebrything.com\/edptest\/wp-json\/wp\/v2\/types\/page"}],"author":[{"embeddable":true,"href":"https:\/\/wearewebrything.com\/edptest\/wp-json\/wp\/v2\/users\/8"}],"replies":[{"embeddable":true,"href":"https:\/\/wearewebrything.com\/edptest\/wp-json\/wp\/v2\/comments?post=7089"}],"version-history":[{"count":0,"href":"https:\/\/wearewebrything.com\/edptest\/wp-json\/wp\/v2\/pages\/7089\/revisions"}],"wp:attachment":[{"href":"https:\/\/wearewebrything.com\/edptest\/wp-json\/wp\/v2\/media?parent=7089"}],"curies":[{"name":"wp","href":"https:\/\/api.w.org\/{rel}","templated":true}]}}