{"id":1113,"date":"2025-03-27T20:18:21","date_gmt":"2025-03-27T20:18:21","guid":{"rendered":"https:\/\/wearewebrything.com\/ghp\/?page_id=1113"},"modified":"2026-03-26T18:29:17","modified_gmt":"2026-03-26T18:29:17","slug":"news","status":"publish","type":"page","link":"https:\/\/wearewebrything.com\/ghp\/news\/","title":{"rendered":"News"},"content":{"rendered":"\t\t<div data-elementor-type=\"wp-page\" data-elementor-id=\"1113\" class=\"elementor elementor-1113\" data-elementor-post-type=\"page\">\n\t\t\t\t<div class=\"elementor-element elementor-element-e0e08f9 e-flex e-con-boxed wpr-particle-no wpr-jarallax-no wpr-parallax-no wpr-sticky-section-no wpr-equal-height-no e-con e-parent\" data-id=\"e0e08f9\" data-element_type=\"container\" data-e-type=\"container\" data-settings=\"{&quot;background_background&quot;:&quot;classic&quot;}\">\n\t\t\t\t\t<div class=\"e-con-inner\">\n\t\t<div class=\"elementor-element elementor-element-26d3500 e-grid e-con-full wpr-particle-no wpr-jarallax-no wpr-parallax-no wpr-sticky-section-no wpr-equal-height-no e-con e-child\" data-id=\"26d3500\" data-element_type=\"container\" data-e-type=\"container\">\n\t\t<div class=\"elementor-element elementor-element-44ced3f e-con-full e-flex wpr-particle-no wpr-jarallax-no wpr-parallax-no wpr-sticky-section-no wpr-equal-height-no e-con e-child\" data-id=\"44ced3f\" data-element_type=\"container\" data-e-type=\"container\">\n\t\t\t\t<div class=\"elementor-element elementor-element-cdf8292 transducer elementor-widget elementor-widget-text-editor\" data-id=\"cdf8292\" data-element_type=\"widget\" data-e-type=\"widget\" data-widget_type=\"text-editor.default\">\n\t\t\t\t<div class=\"elementor-widget-container\">\n\t\t\t\t\t\t\t\t\t<p>Explore <br \/>Our Blog<\/p>\t\t\t\t\t\t\t\t<\/div>\n\t\t\t\t<\/div>\n\t\t\t\t<div class=\"elementor-element elementor-element-35c19a3 elementor-widget elementor-widget-text-editor\" data-id=\"35c19a3\" data-element_type=\"widget\" data-e-type=\"widget\" data-widget_type=\"text-editor.default\">\n\t\t\t\t<div class=\"elementor-widget-container\">\n\t\t\t\t\t\t\t\t\t<p>Get the latest updates, inspiring stories, and expert insights from the world of high-performance cars. From iconic model reviews to cutting-edge automotive trends, our blog is your go-to space for everything Porsche and beyond.<\/p>\t\t\t\t\t\t\t\t<\/div>\n\t\t\t\t<\/div>\n\t\t\t\t<\/div>\n\t\t<div class=\"elementor-element elementor-element-2c1ac89 e-con-full e-flex wpr-particle-no wpr-jarallax-no wpr-parallax-no wpr-sticky-section-no wpr-equal-height-no e-con e-child\" data-id=\"2c1ac89\" data-element_type=\"container\" data-e-type=\"container\">\n\t\t\t\t<div class=\"elementor-element elementor-element-35b268f wpr-grid-columns-1 wpr-grid-columns--tablet1 wpr-grid-columns--mobile1 wpr-grid-pagination-center wpr-item-styles-inner elementor-widget elementor-widget-wpr-grid\" data-id=\"35b268f\" data-element_type=\"widget\" data-e-type=\"widget\" data-widget_type=\"wpr-grid.default\">\n\t\t\t\t<div class=\"elementor-widget-container\">\n\t\t\t\t\t<ul class=\"wpr-grid-filters elementor-clearfix wpr-grid-filters-sep-right\"><li class=\" wpr-pointer-none wpr-pointer-line-fx wpr-pointer-fx-none\"><span  data-filter=\"*\" class=\"wpr-grid-filters-item wpr-active-filter \">All News<\/span><em class=\"wpr-grid-filters-sep\"><\/em><\/li><li data-role=\"parent\" class=\" wpr-pointer-none wpr-pointer-line-fx wpr-pointer-fx-none\"><span   data-ajax-filter=[\"category\",\"news\"]  data-filter=\".category-news\">News<\/span><em class=\"wpr-grid-filters-sep\"><\/em><\/li><ul data-parent=\".category-news\" class=\"wpr-sub-filters\"><li data-role=\"back\" class=\" wpr-pointer-none wpr-pointer-line-fx wpr-pointer-fx-none\"><span class=\"wpr-back-filter\"  data-ajax-filter=[\"category\",\"news\"]  data-filter=\".category-news\"><i class=\"fas fa-long-arrow-alt-left\"><\/i>&nbsp;&nbsp;Back<\/span><\/li><li data-role=\"sub\" class=\" wpr-pointer-none wpr-pointer-line-fx wpr-pointer-fx-none\"><span   data-ajax-filter=[\"category\",\"land-rover-news\"]  data-filter=\".category-land-rover-news\">Land Rover News<\/span><em class=\"wpr-grid-filters-sep\"><\/em><\/li><li data-role=\"sub\" class=\" wpr-pointer-none wpr-pointer-line-fx wpr-pointer-fx-none\"><span   data-ajax-filter=[\"category\",\"bentley-news\"]  data-filter=\".category-bentley-news\">Bentley News<\/span><em class=\"wpr-grid-filters-sep\"><\/em><\/li><li data-role=\"sub\" class=\" wpr-pointer-none wpr-pointer-line-fx wpr-pointer-fx-none\"><span   data-ajax-filter=[\"category\",\"ferrari-news\"]  data-filter=\".category-ferrari-news\">Ferrari News<\/span><em class=\"wpr-grid-filters-sep\"><\/em><\/li><li data-role=\"sub\" class=\" wpr-pointer-none wpr-pointer-line-fx wpr-pointer-fx-none\"><span   data-ajax-filter=[\"category\",\"porsche-news\"]  data-filter=\".category-porsche-news\">Porsche News<\/span><em class=\"wpr-grid-filters-sep\"><\/em><\/li><li data-role=\"sub\" class=\" wpr-pointer-none wpr-pointer-line-fx wpr-pointer-fx-none\"><span   data-ajax-filter=[\"category\",\"gomez-hermanos-paulson\"]  data-filter=\".category-gomez-hermanos-paulson\">G\u00f3mez Hermanos Paulson<\/span><em class=\"wpr-grid-filters-sep\"><\/em><\/li><\/ul><\/ul><section class=\"wpr-grid elementor-clearfix\" data-settings=\"{&quot;layout&quot;:&quot;list&quot;,&quot;stick_last_element_to_bottom&quot;:&quot;no&quot;,&quot;columns_desktop&quot;:&quot;1&quot;,&quot;gutter_hr&quot;:15,&quot;gutter_hr_mobile&quot;:15,&quot;gutter_hr_mobile_extra&quot;:15,&quot;gutter_hr_tablet&quot;:15,&quot;gutter_hr_tablet_extra&quot;:15,&quot;gutter_hr_laptop&quot;:15,&quot;gutter_hr_widescreen&quot;:15,&quot;gutter_vr&quot;:33,&quot;gutter_vr_mobile&quot;:33,&quot;gutter_vr_mobile_extra&quot;:33,&quot;gutter_vr_tablet&quot;:33,&quot;gutter_vr_tablet_extra&quot;:33,&quot;gutter_vr_laptop&quot;:33,&quot;gutter_vr_widescreen&quot;:33,&quot;animation&quot;:&quot;default&quot;,&quot;animation_duration&quot;:0.299999999999999988897769753748434595763683319091796875,&quot;animation_delay&quot;:0.1000000000000000055511151231257827021181583404541015625,&quot;deeplinking&quot;:&quot;&quot;,&quot;filters_linkable&quot;:&quot;no&quot;,&quot;filters_default_filter&quot;:&quot;&quot;,&quot;filters_count&quot;:&quot;&quot;,&quot;filters_hide_empty&quot;:&quot;no&quot;,&quot;filters_animation&quot;:&quot;default&quot;,&quot;filters_animation_duration&quot;:0.299999999999999988897769753748434595763683319091796875,&quot;filters_animation_delay&quot;:0.1000000000000000055511151231257827021181583404541015625,&quot;pagination_type&quot;:&quot;load-more&quot;,&quot;pagination_max_pages&quot;:3,&quot;media_align&quot;:&quot;left&quot;,&quot;media_width&quot;:30,&quot;media_distance&quot;:20,&quot;lightbox&quot;:{&quot;selector&quot;:&quot;.wpr-grid-image-wrap&quot;,&quot;iframeMaxWidth&quot;:&quot;60%&quot;,&quot;hash&quot;:false,&quot;autoplay&quot;:&quot;true&quot;,&quot;pause&quot;:5000,&quot;progressBar&quot;:&quot;true&quot;,&quot;counter&quot;:&quot;true&quot;,&quot;controls&quot;:&quot;true&quot;,&quot;getCaptionFromTitleOrAlt&quot;:&quot;true&quot;,&quot;thumbnail&quot;:&quot;&quot;,&quot;showThumbByDefault&quot;:&quot;&quot;,&quot;share&quot;:&quot;&quot;,&quot;zoom&quot;:&quot;true&quot;,&quot;fullScreen&quot;:&quot;true&quot;,&quot;download&quot;:&quot;true&quot;}}\" data-advanced-filters=\"no\"><article class=\"wpr-grid-item elementor-clearfix post-3601 post type-post status-publish format-standard has-post-thumbnail hentry category-gomez-hermanos-paulson category-news\"><div class=\"wpr-grid-item-inner\"><div class=\"wpr-grid-media-wrap wpr-effect-size-medium \" data-overlay-link=\"yes\"><div class=\"wpr-grid-image-wrap\" data-src=\"https:\/\/wearewebrything.com\/ghp\/wp-content\/uploads\/2025\/05\/dabb74_5d54ecc7a64c46fb8529ed045873cfd2mv2.jpg.avif\" data-img-on-hover=\"\"  data-src-secondary=\"\"><img decoding=\"async\" data-no-lazy=\"1\" src=\"https:\/\/wearewebrything.com\/ghp\/wp-content\/uploads\/2025\/05\/dabb74_5d54ecc7a64c46fb8529ed045873cfd2mv2.jpg.avif\" alt=\"G\u00f3mez Hermanos Paulson anuncia su compromiso con el Estuario de la Bah\u00eda de San Juan con un aporte de m\u00e1s $100,000\" class=\"wpr-anim-timing-ease-default\"><\/div><div class=\"wpr-grid-media-hover wpr-animation-wrap\"><div class=\"wpr-grid-media-hover-bg  wpr-overlay-fade-in wpr-anim-size-large wpr-anim-timing-ease-default wpr-anim-transparency\" data-url=\"https:\/\/wearewebrything.com\/ghp\/gomez-hermanos-paulson-anuncia-su-compromiso-con-el-estuario-de-la-bahia-de-san-juan-con-un-aporte-de-mas-100000\/\"><\/div><\/div><\/div><div class=\"wpr-grid-item-below-content elementor-clearfix\"><h2 class=\"wpr-grid-item-title elementor-repeater-item-a2bb98f wpr-grid-item-display-block wpr-grid-item-align-left wpr-pointer-none wpr-pointer-line-fx wpr-pointer-fx-fade\"><div class=\"inner-block\"><a target=\"_self\"  href=\"https:\/\/wearewebrything.com\/ghp\/gomez-hermanos-paulson-anuncia-su-compromiso-con-el-estuario-de-la-bahia-de-san-juan-con-un-aporte-de-mas-100000\/\">G\u00f3mez Hermanos Paulson anuncia su compromiso con el Estuario de la Bah\u00eda de San Juan con un aporte de m\u00e1s $100,000<\/a><\/div><\/h2><div class=\"wpr-grid-item-date elementor-repeater-item-f1148ac wpr-grid-item-display-inline wpr-grid-item-align-left\"><div class=\"inner-block\"><span>May 1, 2025<span class=\"wpr-grid-extra-text-right\">\/<\/span><\/span><\/div><\/div><div class=\"wpr-grid-item-excerpt elementor-repeater-item-0130928 wpr-grid-item-display-block wpr-grid-item-align-left\"><div class=\"inner-block\"><p>G\u00f3mez Hermanos Paulson anuncia su compromiso con el Estuario de la Bah\u00eda de San Juan con un aporte de m\u00e1s...<\/p><\/div><\/div><div class=\"wpr-grid-item-read-more elementor-repeater-item-f12b008 wpr-grid-item-display-block wpr-grid-item-align-left\"><div class=\"inner-block\"><a target=\"_self\" href=\"https:\/\/wearewebrything.com\/ghp\/gomez-hermanos-paulson-anuncia-su-compromiso-con-el-estuario-de-la-bahia-de-san-juan-con-un-aporte-de-mas-100000\/\" class=\"wpr-button-effect wpr-button-none\"><span>Read More<\/span><\/a><\/div><\/div><\/div><\/div><\/article><article class=\"wpr-grid-item elementor-clearfix post-1175 post type-post status-publish format-standard has-post-thumbnail hentry category-bentley-news category-news\"><div class=\"wpr-grid-item-inner\"><div class=\"wpr-grid-media-wrap wpr-effect-size-medium \" data-overlay-link=\"yes\"><div class=\"wpr-grid-image-wrap\" data-src=\"https:\/\/wearewebrything.com\/ghp\/wp-content\/uploads\/2025\/03\/asset-2.png\" data-img-on-hover=\"\"  data-src-secondary=\"\"><img decoding=\"async\" data-no-lazy=\"1\" src=\"https:\/\/wearewebrything.com\/ghp\/wp-content\/uploads\/2025\/03\/asset-2.png\" alt=\"Bentley: The Pinnacle of British Craftsmanship\" class=\"wpr-anim-timing-ease-default\"><\/div><div class=\"wpr-grid-media-hover wpr-animation-wrap\"><div class=\"wpr-grid-media-hover-bg  wpr-overlay-fade-in wpr-anim-size-large wpr-anim-timing-ease-default wpr-anim-transparency\" data-url=\"https:\/\/wearewebrything.com\/ghp\/bentley-the-pinnacle-of-british-craftsmanship\/\"><\/div><\/div><\/div><div class=\"wpr-grid-item-below-content elementor-clearfix\"><h2 class=\"wpr-grid-item-title elementor-repeater-item-a2bb98f wpr-grid-item-display-block wpr-grid-item-align-left wpr-pointer-none wpr-pointer-line-fx wpr-pointer-fx-fade\"><div class=\"inner-block\"><a target=\"_self\"  href=\"https:\/\/wearewebrything.com\/ghp\/bentley-the-pinnacle-of-british-craftsmanship\/\">Bentley: The Pinnacle of British Craftsmanship<\/a><\/div><\/h2><div class=\"wpr-grid-item-date elementor-repeater-item-f1148ac wpr-grid-item-display-inline wpr-grid-item-align-left\"><div class=\"inner-block\"><span>March 28, 2025<span class=\"wpr-grid-extra-text-right\">\/<\/span><\/span><\/div><\/div><div class=\"wpr-grid-item-excerpt elementor-repeater-item-0130928 wpr-grid-item-display-block wpr-grid-item-align-left\"><div class=\"inner-block\"><p>Bentley: The Pinnacle of British Craftsmanship Bentley stands at the crossroads of power and prestige. Hand-built in Crewe, England, each...<\/p><\/div><\/div><div class=\"wpr-grid-item-read-more elementor-repeater-item-f12b008 wpr-grid-item-display-block wpr-grid-item-align-left\"><div class=\"inner-block\"><a target=\"_self\" href=\"https:\/\/wearewebrything.com\/ghp\/bentley-the-pinnacle-of-british-craftsmanship\/\" class=\"wpr-button-effect wpr-button-none\"><span>Read More<\/span><\/a><\/div><\/div><\/div><\/div><\/article><\/section><div class=\"wpr-grid-pagination elementor-clearfix wpr-grid-pagination-load-more\" data-pages=\"3\"><a href=\"https:\/\/wearewebrything.com\/ghp\/wp-json\/wp\/v2\/pages\/1113\/page\/2\/\" class=\"wpr-load-more-btn\" data-e-disable-page-transition >Load More<\/a><div class=\"wpr-pagination-loading\"><div class=\"wpr-double-bounce\"><div class=\"wpr-child wpr-double-bounce1\"><\/div><div class=\"wpr-child wpr-double-bounce2\"><\/div><\/div><\/div><p class=\"wpr-pagination-finish\">End of Content.<\/p><\/div>\t\t\t\t<\/div>\n\t\t\t\t<\/div>\n\t\t\t\t<\/div>\n\t\t\t\t<\/div>\n\t\t\t\t\t<\/div>\n\t\t\t\t<\/div>\n\t\t\t\t<\/div>\n\t\t","protected":false},"excerpt":{"rendered":"<p>Explore Our Blog Get the latest updates, inspiring stories, and expert insights from the world of high-performance cars. From iconic model reviews to cutting-edge automotive trends, our blog is your go-to space for everything Porsche and beyond. All News News &nbsp;&nbsp;Back Land Rover News Bentley News Ferrari News Porsche News G\u00f3mez Hermanos Paulson G\u00f3mez Hermanos Paulson anuncia su compromiso con el Estuario de la Bah\u00eda de San Juan con un aporte de m\u00e1s $100,000 May 1, 2025\/ G\u00f3mez Hermanos Paulson anuncia su compromiso con el Estuario de la Bah\u00eda de San Juan con un aporte de m\u00e1s&#8230; Read More Bentley: The Pinnacle of British Craftsmanship March 28, 2025\/ Bentley: The Pinnacle of British Craftsmanship Bentley stands at the crossroads of power and prestige. Hand-built in Crewe, England, each&#8230; Read More Load More End of Content.<\/p>\n","protected":false},"author":1,"featured_media":0,"parent":0,"menu_order":0,"comment_status":"closed","ping_status":"closed","template":"","meta":{"footnotes":""},"class_list":["post-1113","page","type-page","status-publish","hentry"],"rttpg_featured_image_url":null,"rttpg_author":{"display_name":"paulsonadminghp","author_link":"https:\/\/wearewebrything.com\/ghp\/author\/paulsonadminghp\/"},"rttpg_comment":0,"rttpg_category":"","rttpg_excerpt":"Explore Our Blog Get the latest updates, inspiring stories, and expert insights from the world of high-performance cars. From iconic model reviews to cutting-edge automotive trends, our blog is your go-to space for everything Porsche and beyond. All News News &nbsp;&nbsp;Back Land Rover News Bentley News Ferrari News Porsche News G\u00f3mez Hermanos Paulson G\u00f3mez Hermanos&hellip;","_links":{"self":[{"href":"https:\/\/wearewebrything.com\/ghp\/wp-json\/wp\/v2\/pages\/1113","targetHints":{"allow":["GET"]}}],"collection":[{"href":"https:\/\/wearewebrything.com\/ghp\/wp-json\/wp\/v2\/pages"}],"about":[{"href":"https:\/\/wearewebrything.com\/ghp\/wp-json\/wp\/v2\/types\/page"}],"author":[{"embeddable":true,"href":"https:\/\/wearewebrything.com\/ghp\/wp-json\/wp\/v2\/users\/1"}],"replies":[{"embeddable":true,"href":"https:\/\/wearewebrything.com\/ghp\/wp-json\/wp\/v2\/comments?post=1113"}],"version-history":[{"count":116,"href":"https:\/\/wearewebrything.com\/ghp\/wp-json\/wp\/v2\/pages\/1113\/revisions"}],"predecessor-version":[{"id":4464,"href":"https:\/\/wearewebrything.com\/ghp\/wp-json\/wp\/v2\/pages\/1113\/revisions\/4464"}],"wp:attachment":[{"href":"https:\/\/wearewebrything.com\/ghp\/wp-json\/wp\/v2\/media?parent=1113"}],"curies":[{"name":"wp","href":"https:\/\/api.w.org\/{rel}","templated":true}]}}