{"id":160,"date":"2025-10-23T16:22:24","date_gmt":"2025-10-23T16:22:24","guid":{"rendered":"https:\/\/wearewebrything.com\/hospitaldelaconcepcion\/?page_id=160"},"modified":"2025-11-13T17:58:58","modified_gmt":"2025-11-13T17:58:58","slug":"quienes-somos","status":"publish","type":"page","link":"https:\/\/wearewebrything.com\/hospitaldelaconcepcion\/quienes-somos\/","title":{"rendered":"Sobre nosotros"},"content":{"rendered":"\t\t<div data-elementor-type=\"wp-page\" data-elementor-id=\"160\" class=\"elementor elementor-160\" data-elementor-post-type=\"page\">\n\t\t\t\t<div class=\"elementor-element elementor-element-114a2cff e-flex e-con-boxed e-con e-parent\" data-id=\"114a2cff\" data-element_type=\"container\" data-settings=\"{&quot;background_background&quot;:&quot;classic&quot;}\">\n\t\t\t\t\t<div class=\"e-con-inner\">\n\t\t\t\t<div class=\"elementor-element elementor-element-7924bb65 elementor-widget elementor-widget-heading\" data-id=\"7924bb65\" data-element_type=\"widget\" data-widget_type=\"heading.default\">\n\t\t\t\t\t<h1 class=\"elementor-heading-title elementor-size-default\">Sobre nosotros<\/h1>\t\t\t\t<\/div>\n\t\t\t\t\t<\/div>\n\t\t\t\t<\/div>\n\t\t<div class=\"elementor-element elementor-element-58974cc e-flex e-con-boxed e-con e-parent\" data-id=\"58974cc\" data-element_type=\"container\">\n\t\t\t\t\t<div class=\"e-con-inner\">\n\t\t<div class=\"elementor-element elementor-element-b44947e e-con-full e-flex e-con e-child\" data-id=\"b44947e\" data-element_type=\"container\">\n\t\t\t\t<div class=\"elementor-element elementor-element-36736c9 elementor-widget elementor-widget-heading\" data-id=\"36736c9\" data-element_type=\"widget\" data-widget_type=\"heading.default\">\n\t\t\t\t\t<h2 class=\"elementor-heading-title elementor-size-default\">\u00a1Bienvenido al<br \/>\n<span style=\"color:#26306A\">Hospital de la Concepci\u00f3n!<\/span><\/h2>\t\t\t\t<\/div>\n\t\t\t\t<\/div>\n\t\t<div class=\"elementor-element elementor-element-350d7bb e-con-full e-flex e-con e-child\" data-id=\"350d7bb\" data-element_type=\"container\">\n\t\t\t\t<div class=\"elementor-element elementor-element-df7d0e8 elementor-widget elementor-widget-text-editor\" data-id=\"df7d0e8\" data-element_type=\"widget\" data-widget_type=\"text-editor.default\">\n\t\t\t\t\t\t\t\t\t<p>En el Hospital de la Concepci\u00f3n, nos enorgullece darles la m\u00e1s cordial bienvenida a nuestra instituci\u00f3n. Nos esforzamos por ofrecer una atenci\u00f3n m\u00e9dica de excelencia, con un equipo profesional dedicado a tu bienestar. Estamos aqu\u00ed para acompa\u00f1arte en tu camino hacia la salud y la recuperaci\u00f3n. \u00a1Gracias por confiar en nosotros!<\/p>\t\t\t\t\t\t\t\t<\/div>\n\t\t\t\t<\/div>\n\t\t\t\t\t<\/div>\n\t\t\t\t<\/div>\n\t\t<div class=\"elementor-element elementor-element-9962ae0 e-flex e-con-boxed e-con e-parent\" data-id=\"9962ae0\" data-element_type=\"container\">\n\t\t\t\t\t<div class=\"e-con-inner\">\n\t\t<div class=\"elementor-element elementor-element-b839071 e-con-full e-flex e-con e-child\" data-id=\"b839071\" data-element_type=\"container\">\n\t\t\t\t<div class=\"elementor-element elementor-element-90541ed elementor-widget elementor-widget-text-editor\" data-id=\"90541ed\" data-element_type=\"widget\" data-widget_type=\"text-editor.default\">\n\t\t\t\t\t\t\t\t\t<p><em>&#8220;Morbi elementum sapien enim, id laoreet ex rutrum ut. Donec sit amet mattis nisi, nec posuere mi. Curabitur massa libero, semper sed ultrices in, interdum id augue. Nunc id massa egestas, egestas velit sit amet, tempus mi. Sed ornare felis tellus, eget ultricies lacus pulvinar id. In hac habitasse platea dictums&#8221;<\/em><\/p>\t\t\t\t\t\t\t\t<\/div>\n\t\t\t\t<div class=\"elementor-element elementor-element-66be857 elementor-widget elementor-widget-text-editor\" data-id=\"66be857\" data-element_type=\"widget\" data-widget_type=\"text-editor.default\">\n\t\t\t\t\t\t\t\t\t<p>&#8211; Mons. A\u0301ngel Luis Ri\u0301os Matos<\/p>\t\t\t\t\t\t\t\t<\/div>\n\t\t\t\t<\/div>\n\t\t<div class=\"elementor-element elementor-element-805b4ca e-con-full e-flex e-con e-child\" data-id=\"805b4ca\" data-element_type=\"container\">\n\t\t\t\t<div class=\"elementor-element elementor-element-ec88c0e elementor-widget elementor-widget-image\" data-id=\"ec88c0e\" data-element_type=\"widget\" data-widget_type=\"image.default\">\n\t\t\t\t\t\t\t\t\t\t\t\t\t\t\t<img fetchpriority=\"high\" decoding=\"async\" width=\"790\" height=\"1024\" src=\"https:\/\/wearewebrything.com\/hospitaldelaconcepcion\/wp-content\/uploads\/2025\/11\/mon-angel-luis-rios-matos-790x1024.webp\" class=\"attachment-large size-large wp-image-689\" alt=\"\" srcset=\"https:\/\/wearewebrything.com\/hospitaldelaconcepcion\/wp-content\/uploads\/2025\/11\/mon-angel-luis-rios-matos-790x1024.webp 790w, https:\/\/wearewebrything.com\/hospitaldelaconcepcion\/wp-content\/uploads\/2025\/11\/mon-angel-luis-rios-matos-231x300.webp 231w, https:\/\/wearewebrything.com\/hospitaldelaconcepcion\/wp-content\/uploads\/2025\/11\/mon-angel-luis-rios-matos-768x996.webp 768w, https:\/\/wearewebrything.com\/hospitaldelaconcepcion\/wp-content\/uploads\/2025\/11\/mon-angel-luis-rios-matos.webp 906w\" sizes=\"(max-width: 790px) 100vw, 790px\" \/>\t\t\t\t\t\t\t\t\t\t\t\t\t\t\t<\/div>\n\t\t\t\t<\/div>\n\t\t\t\t\t<\/div>\n\t\t\t\t<\/div>\n\t\t<div class=\"elementor-element elementor-element-b0a1d55 e-flex e-con-boxed e-con e-parent\" data-id=\"b0a1d55\" data-element_type=\"container\" data-settings=\"{&quot;background_background&quot;:&quot;classic&quot;}\">\n\t\t\t\t\t<div class=\"e-con-inner\">\n\t\t<div class=\"elementor-element elementor-element-8864b1f e-con-full e-flex e-con e-child\" data-id=\"8864b1f\" data-element_type=\"container\">\n\t\t\t\t<div class=\"elementor-element elementor-element-d884395 elementor-widget elementor-widget-image\" data-id=\"d884395\" data-element_type=\"widget\" data-widget_type=\"image.default\">\n\t\t\t\t\t\t\t\t\t\t\t\t\t\t\t<img decoding=\"async\" width=\"587\" height=\"430\" src=\"https:\/\/wearewebrything.com\/hospitaldelaconcepcion\/wp-content\/uploads\/2025\/10\/Foto-Oficial-HDLC-min-2048x1152-1.jpg\" class=\"attachment-large size-large wp-image-164\" alt=\"\" srcset=\"https:\/\/wearewebrything.com\/hospitaldelaconcepcion\/wp-content\/uploads\/2025\/10\/Foto-Oficial-HDLC-min-2048x1152-1.jpg 587w, https:\/\/wearewebrything.com\/hospitaldelaconcepcion\/wp-content\/uploads\/2025\/10\/Foto-Oficial-HDLC-min-2048x1152-1-300x220.jpg 300w\" sizes=\"(max-width: 587px) 100vw, 587px\" \/>\t\t\t\t\t\t\t\t\t\t\t\t\t\t\t<\/div>\n\t\t\t\t<\/div>\n\t\t<div class=\"elementor-element elementor-element-0a57fc8 e-con-full e-flex e-con e-child\" data-id=\"0a57fc8\" data-element_type=\"container\">\n\t\t\t\t<div class=\"elementor-element elementor-element-f03423a elementor-position-left elementor-vertical-align-top elementor-widget elementor-widget-image-box\" data-id=\"f03423a\" data-element_type=\"widget\" data-widget_type=\"image-box.default\">\n\t\t\t\t\t<div class=\"elementor-image-box-wrapper\"><figure class=\"elementor-image-box-img\"><img decoding=\"async\" width=\"102\" height=\"102\" src=\"https:\/\/wearewebrything.com\/hospitaldelaconcepcion\/wp-content\/uploads\/2025\/10\/Group-9152.png\" class=\"attachment-full size-full wp-image-165\" alt=\"\" \/><\/figure><div class=\"elementor-image-box-content\"><h3 class=\"elementor-image-box-title\">Misi\u00f3n<\/h3><p class=\"elementor-image-box-description\">Proveer con el don de la alegr\u00eda, servicios de salud de la m\u00e1s alta calidad para satisfacer las necesidades f\u00edsicas y espirituales de nuestros pacientes de acuerdo a los principios de la \u00e9tica Cat\u00f3lica.<\/p><\/div><\/div>\t\t\t\t<\/div>\n\t\t\t\t<div class=\"elementor-element elementor-element-db341b1 elementor-position-left elementor-vertical-align-top elementor-widget elementor-widget-image-box\" data-id=\"db341b1\" data-element_type=\"widget\" data-widget_type=\"image-box.default\">\n\t\t\t\t\t<div class=\"elementor-image-box-wrapper\"><figure class=\"elementor-image-box-img\"><img loading=\"lazy\" decoding=\"async\" width=\"102\" height=\"102\" src=\"https:\/\/wearewebrything.com\/hospitaldelaconcepcion\/wp-content\/uploads\/2025\/10\/Group-9153.png\" class=\"attachment-full size-full wp-image-166\" alt=\"\" \/><\/figure><div class=\"elementor-image-box-content\"><h3 class=\"elementor-image-box-title\">Visi\u00f3n<\/h3><p class=\"elementor-image-box-description\">Ser la primera alternativa en la selecci\u00f3n de servicios de salud en Puerto Rico y crear diferencia mediante la participaci\u00f3n de un equipo comprometido y con un alto sentido del valor humano y dignidad de la persona. Brindar a la comunidad servicios de excelencia dirigidos hacia la prevenci\u00f3n, promoci\u00f3n y mantenimiento compasivo de la salud desde la concepci\u00f3n hasta la muerte natural. Ser l\u00edderes en innovaciones cl\u00ednicas, tecnol\u00f3gicas y desarrollo organizacional para fortalecer nuestra posici\u00f3n como organizaci\u00f3n de avanzada en la comunidad.<\/p><\/div><\/div>\t\t\t\t<\/div>\n\t\t\t\t<\/div>\n\t\t\t\t\t<\/div>\n\t\t\t\t<\/div>\n\t\t<div class=\"elementor-element elementor-element-4d2210f e-flex e-con-boxed e-con e-parent\" data-id=\"4d2210f\" data-element_type=\"container\">\n\t\t\t\t\t<div class=\"e-con-inner\">\n\t\t<div class=\"elementor-element elementor-element-2ff06f1 e-con-full e-flex e-con e-child\" data-id=\"2ff06f1\" data-element_type=\"container\" data-settings=\"{&quot;background_background&quot;:&quot;classic&quot;}\">\n\t\t\t\t<div class=\"elementor-element elementor-element-c645728 elementor-widget elementor-widget-heading\" data-id=\"c645728\" data-element_type=\"widget\" data-widget_type=\"heading.default\">\n\t\t\t\t\t<h3 class=\"elementor-heading-title elementor-size-default\">Nuestros Valores<\/h3>\t\t\t\t<\/div>\n\t\t<div class=\"elementor-element elementor-element-347e4c8 e-grid e-con-full e-con e-child\" data-id=\"347e4c8\" data-element_type=\"container\">\n\t\t<div class=\"elementor-element elementor-element-c774358 e-con-full e-flex e-con e-child\" data-id=\"c774358\" data-element_type=\"container\">\n\t\t\t\t<div class=\"elementor-element elementor-element-7a98ee04 elementor-position-left elementor-view-default elementor-mobile-position-top elementor-widget elementor-widget-icon-box\" data-id=\"7a98ee04\" data-element_type=\"widget\" data-widget_type=\"icon-box.default\">\n\t\t\t\t\t\t\t<div class=\"elementor-icon-box-wrapper\">\n\n\t\t\t\t\t\t<div class=\"elementor-icon-box-icon\">\n\t\t\t\t<span  class=\"elementor-icon\">\n\t\t\t\t<svg aria-hidden=\"true\" class=\"e-font-icon-svg e-fas-check-circle\" viewBox=\"0 0 512 512\" xmlns=\"http:\/\/www.w3.org\/2000\/svg\"><path d=\"M504 256c0 136.967-111.033 248-248 248S8 392.967 8 256 119.033 8 256 8s248 111.033 248 248zM227.314 387.314l184-184c6.248-6.248 6.248-16.379 0-22.627l-22.627-22.627c-6.248-6.249-16.379-6.249-22.628 0L216 308.118l-70.059-70.059c-6.248-6.248-16.379-6.248-22.628 0l-22.627 22.627c-6.248 6.248-6.248 16.379 0 22.627l104 104c6.249 6.249 16.379 6.249 22.628.001z\"><\/path><\/svg>\t\t\t\t<\/span>\n\t\t\t<\/div>\n\t\t\t\n\t\t\t\t\t\t<div class=\"elementor-icon-box-content\">\n\n\t\t\t\t\t\t\t\t\t<h3 class=\"elementor-icon-box-title\">\n\t\t\t\t\t\t<span  >\n\t\t\t\t\t\t\tCompromiso\t\t\t\t\t\t<\/span>\n\t\t\t\t\t<\/h3>\n\t\t\t\t\n\t\t\t\t\t\t\t\t\t<p class=\"elementor-icon-box-description\">\n\t\t\t\t\t\tNuestro compromiso principal es proveer un servicio de la m\u00e1s alta calidad a los pacientes y familiares, hu\u00e9spedes y m\u00e9dicos para lograr nuestra misi\u00f3n.\t\t\t\t\t<\/p>\n\t\t\t\t\n\t\t\t<\/div>\n\t\t\t\n\t\t<\/div>\n\t\t\t\t\t\t<\/div>\n\t\t\t\t<div class=\"elementor-element elementor-element-c2c9b1d elementor-position-left elementor-view-default elementor-mobile-position-top elementor-widget elementor-widget-icon-box\" data-id=\"c2c9b1d\" data-element_type=\"widget\" data-widget_type=\"icon-box.default\">\n\t\t\t\t\t\t\t<div class=\"elementor-icon-box-wrapper\">\n\n\t\t\t\t\t\t<div class=\"elementor-icon-box-icon\">\n\t\t\t\t<span  class=\"elementor-icon\">\n\t\t\t\t<svg aria-hidden=\"true\" class=\"e-font-icon-svg e-fas-check-circle\" viewBox=\"0 0 512 512\" xmlns=\"http:\/\/www.w3.org\/2000\/svg\"><path d=\"M504 256c0 136.967-111.033 248-248 248S8 392.967 8 256 119.033 8 256 8s248 111.033 248 248zM227.314 387.314l184-184c6.248-6.248 6.248-16.379 0-22.627l-22.627-22.627c-6.248-6.249-16.379-6.249-22.628 0L216 308.118l-70.059-70.059c-6.248-6.248-16.379-6.248-22.628 0l-22.627 22.627c-6.248 6.248-6.248 16.379 0 22.627l104 104c6.249 6.249 16.379 6.249 22.628.001z\"><\/path><\/svg>\t\t\t\t<\/span>\n\t\t\t<\/div>\n\t\t\t\n\t\t\t\t\t\t<div class=\"elementor-icon-box-content\">\n\n\t\t\t\t\t\t\t\t\t<h3 class=\"elementor-icon-box-title\">\n\t\t\t\t\t\t<span  >\n\t\t\t\t\t\t\tCompasi\u00f3n\t\t\t\t\t\t<\/span>\n\t\t\t\t\t<\/h3>\n\t\t\t\t\n\t\t\t\t\t\t\t\t\t<p class=\"elementor-icon-box-description\">\n\t\t\t\t\t\tDemostraremos compasi\u00f3n para aquellos en necesidad, proveyendo para el joven y para el viejo, el rico y el pobre, sin importar sexo, nacionalidad, raza y credo. Devolveremos a nuestra comunidad la inversi\u00f3n de la confianza depositada en nosotros, a trav\u00e9s de la calidad del cuidado, educaci\u00f3n y en la participaci\u00f3n en actividades comunitarias.\t\t\t\t\t<\/p>\n\t\t\t\t\n\t\t\t<\/div>\n\t\t\t\n\t\t<\/div>\n\t\t\t\t\t\t<\/div>\n\t\t\t\t<div class=\"elementor-element elementor-element-e67572e elementor-position-left elementor-view-default elementor-mobile-position-top elementor-widget elementor-widget-icon-box\" data-id=\"e67572e\" data-element_type=\"widget\" data-widget_type=\"icon-box.default\">\n\t\t\t\t\t\t\t<div class=\"elementor-icon-box-wrapper\">\n\n\t\t\t\t\t\t<div class=\"elementor-icon-box-icon\">\n\t\t\t\t<span  class=\"elementor-icon\">\n\t\t\t\t<svg aria-hidden=\"true\" class=\"e-font-icon-svg e-fas-check-circle\" viewBox=\"0 0 512 512\" xmlns=\"http:\/\/www.w3.org\/2000\/svg\"><path d=\"M504 256c0 136.967-111.033 248-248 248S8 392.967 8 256 119.033 8 256 8s248 111.033 248 248zM227.314 387.314l184-184c6.248-6.248 6.248-16.379 0-22.627l-22.627-22.627c-6.248-6.249-16.379-6.249-22.628 0L216 308.118l-70.059-70.059c-6.248-6.248-16.379-6.248-22.628 0l-22.627 22.627c-6.248 6.248-6.248 16.379 0 22.627l104 104c6.249 6.249 16.379 6.249 22.628.001z\"><\/path><\/svg>\t\t\t\t<\/span>\n\t\t\t<\/div>\n\t\t\t\n\t\t\t\t\t\t<div class=\"elementor-icon-box-content\">\n\n\t\t\t\t\t\t\t\t\t<h3 class=\"elementor-icon-box-title\">\n\t\t\t\t\t\t<span  >\n\t\t\t\t\t\t\tDignidad\t\t\t\t\t\t<\/span>\n\t\t\t\t\t<\/h3>\n\t\t\t\t\n\t\t\t\t\t\t\t\t\t<p class=\"elementor-icon-box-description\">\n\t\t\t\t\t\tReconocemos el valor y la dignidad del ser humano cuidando y promoviendo la vida.\t\t\t\t\t<\/p>\n\t\t\t\t\n\t\t\t<\/div>\n\t\t\t\n\t\t<\/div>\n\t\t\t\t\t\t<\/div>\n\t\t\t\t<\/div>\n\t\t<div class=\"elementor-element elementor-element-ae6e66d e-con-full e-flex e-con e-child\" data-id=\"ae6e66d\" data-element_type=\"container\">\n\t\t\t\t<div class=\"elementor-element elementor-element-23e7400 elementor-position-left elementor-view-default elementor-mobile-position-top elementor-widget elementor-widget-icon-box\" data-id=\"23e7400\" data-element_type=\"widget\" data-widget_type=\"icon-box.default\">\n\t\t\t\t\t\t\t<div class=\"elementor-icon-box-wrapper\">\n\n\t\t\t\t\t\t<div class=\"elementor-icon-box-icon\">\n\t\t\t\t<span  class=\"elementor-icon\">\n\t\t\t\t<svg aria-hidden=\"true\" class=\"e-font-icon-svg e-fas-check-circle\" viewBox=\"0 0 512 512\" xmlns=\"http:\/\/www.w3.org\/2000\/svg\"><path d=\"M504 256c0 136.967-111.033 248-248 248S8 392.967 8 256 119.033 8 256 8s248 111.033 248 248zM227.314 387.314l184-184c6.248-6.248 6.248-16.379 0-22.627l-22.627-22.627c-6.248-6.249-16.379-6.249-22.628 0L216 308.118l-70.059-70.059c-6.248-6.248-16.379-6.248-22.628 0l-22.627 22.627c-6.248 6.248-6.248 16.379 0 22.627l104 104c6.249 6.249 16.379 6.249 22.628.001z\"><\/path><\/svg>\t\t\t\t<\/span>\n\t\t\t<\/div>\n\t\t\t\n\t\t\t\t\t\t<div class=\"elementor-icon-box-content\">\n\n\t\t\t\t\t\t\t\t\t<h3 class=\"elementor-icon-box-title\">\n\t\t\t\t\t\t<span  >\n\t\t\t\t\t\t\tEspiritualidad\t\t\t\t\t\t<\/span>\n\t\t\t\t\t<\/h3>\n\t\t\t\t\n\t\t\t\t\t\t\t\t\t<p class=\"elementor-icon-box-description\">\n\t\t\t\t\t\tConstantemente mostramos nuestra cristiandad, mediante acciones bondadosas, compasivas y desprendidas.\t\t\t\t\t<\/p>\n\t\t\t\t\n\t\t\t<\/div>\n\t\t\t\n\t\t<\/div>\n\t\t\t\t\t\t<\/div>\n\t\t\t\t<div class=\"elementor-element elementor-element-7388f88 elementor-position-left elementor-view-default elementor-mobile-position-top elementor-widget elementor-widget-icon-box\" data-id=\"7388f88\" data-element_type=\"widget\" data-widget_type=\"icon-box.default\">\n\t\t\t\t\t\t\t<div class=\"elementor-icon-box-wrapper\">\n\n\t\t\t\t\t\t<div class=\"elementor-icon-box-icon\">\n\t\t\t\t<span  class=\"elementor-icon\">\n\t\t\t\t<svg aria-hidden=\"true\" class=\"e-font-icon-svg e-fas-check-circle\" viewBox=\"0 0 512 512\" xmlns=\"http:\/\/www.w3.org\/2000\/svg\"><path d=\"M504 256c0 136.967-111.033 248-248 248S8 392.967 8 256 119.033 8 256 8s248 111.033 248 248zM227.314 387.314l184-184c6.248-6.248 6.248-16.379 0-22.627l-22.627-22.627c-6.248-6.249-16.379-6.249-22.628 0L216 308.118l-70.059-70.059c-6.248-6.248-16.379-6.248-22.628 0l-22.627 22.627c-6.248 6.248-6.248 16.379 0 22.627l104 104c6.249 6.249 16.379 6.249 22.628.001z\"><\/path><\/svg>\t\t\t\t<\/span>\n\t\t\t<\/div>\n\t\t\t\n\t\t\t\t\t\t<div class=\"elementor-icon-box-content\">\n\n\t\t\t\t\t\t\t\t\t<h3 class=\"elementor-icon-box-title\">\n\t\t\t\t\t\t<span  >\n\t\t\t\t\t\t\tIntegridad\t\t\t\t\t\t<\/span>\n\t\t\t\t\t<\/h3>\n\t\t\t\t\n\t\t\t\t\t\t\t\t\t<p class=\"elementor-icon-box-description\">\n\t\t\t\t\t\tValoramos la conducta responsable, \u00e9tica y honesta donde se reconoce al ser humano como \u00fanico en su dimensi\u00f3n social, emocional y espiritual. La integridad est\u00e1 fundamentada en los principios de la moral cristiana.\t\t\t\t\t<\/p>\n\t\t\t\t\n\t\t\t<\/div>\n\t\t\t\n\t\t<\/div>\n\t\t\t\t\t\t<\/div>\n\t\t\t\t<div class=\"elementor-element elementor-element-fd77ca2 elementor-position-left elementor-view-default elementor-mobile-position-top elementor-widget elementor-widget-icon-box\" data-id=\"fd77ca2\" data-element_type=\"widget\" data-widget_type=\"icon-box.default\">\n\t\t\t\t\t\t\t<div class=\"elementor-icon-box-wrapper\">\n\n\t\t\t\t\t\t<div class=\"elementor-icon-box-icon\">\n\t\t\t\t<span  class=\"elementor-icon\">\n\t\t\t\t<svg aria-hidden=\"true\" class=\"e-font-icon-svg e-fas-check-circle\" viewBox=\"0 0 512 512\" xmlns=\"http:\/\/www.w3.org\/2000\/svg\"><path d=\"M504 256c0 136.967-111.033 248-248 248S8 392.967 8 256 119.033 8 256 8s248 111.033 248 248zM227.314 387.314l184-184c6.248-6.248 6.248-16.379 0-22.627l-22.627-22.627c-6.248-6.249-16.379-6.249-22.628 0L216 308.118l-70.059-70.059c-6.248-6.248-16.379-6.248-22.628 0l-22.627 22.627c-6.248 6.248-6.248 16.379 0 22.627l104 104c6.249 6.249 16.379 6.249 22.628.001z\"><\/path><\/svg>\t\t\t\t<\/span>\n\t\t\t<\/div>\n\t\t\t\n\t\t\t\t\t\t<div class=\"elementor-icon-box-content\">\n\n\t\t\t\t\t\t\t\t\t<h3 class=\"elementor-icon-box-title\">\n\t\t\t\t\t\t<span  >\n\t\t\t\t\t\t\tRespeto\t\t\t\t\t\t<\/span>\n\t\t\t\t\t<\/h3>\n\t\t\t\t\n\t\t\t\t\t\t\t\t\t<p class=\"elementor-icon-box-description\">\n\t\t\t\t\t\tMantendremos un ambiente de respeto, seguro, libre de abuso y negligencia respetando los derechos del paciente, familiares, visitantes, contratistas y empleados.\t\t\t\t\t<\/p>\n\t\t\t\t\n\t\t\t<\/div>\n\t\t\t\n\t\t<\/div>\n\t\t\t\t\t\t<\/div>\n\t\t\t\t<\/div>\n\t\t\t\t<\/div>\n\t\t\t\t<\/div>\n\t\t\t\t\t<\/div>\n\t\t\t\t<\/div>\n\t\t<div class=\"elementor-element elementor-element-0c33359 e-flex e-con-boxed e-con e-parent\" data-id=\"0c33359\" data-element_type=\"container\">\n\t\t\t\t\t<div class=\"e-con-inner\">\n\t\t<div class=\"elementor-element elementor-element-50e7e0c e-con-full e-flex e-con e-child\" data-id=\"50e7e0c\" data-element_type=\"container\">\n\t\t\t\t<div class=\"elementor-element elementor-element-f9961ce elementor-widget__width-initial elementor-widget elementor-widget-heading\" data-id=\"f9961ce\" data-element_type=\"widget\" data-widget_type=\"heading.default\">\n\t\t\t\t\t<h4 class=\"elementor-heading-title elementor-size-default\">Junta de s\u00edndicos<\/h4>\t\t\t\t<\/div>\n\t\t\t\t<\/div>\n\t\t<div class=\"elementor-element elementor-element-4c881c2 e-con-full e-flex e-con e-child\" data-id=\"4c881c2\" data-element_type=\"container\">\n\t\t<div class=\"elementor-element elementor-element-2416bac e-grid e-con-full e-con e-child\" data-id=\"2416bac\" data-element_type=\"container\">\n\t\t<div class=\"elementor-element elementor-element-11ee083 e-con-full e-flex e-con e-child\" data-id=\"11ee083\" data-element_type=\"container\" data-settings=\"{&quot;background_background&quot;:&quot;classic&quot;}\">\n\t\t\t\t<div class=\"elementor-element elementor-element-df2b69b elementor-widget elementor-widget-heading\" data-id=\"df2b69b\" data-element_type=\"widget\" data-widget_type=\"heading.default\">\n\t\t\t\t\t<h6 class=\"elementor-heading-title elementor-size-default\">DIRECTIVA<\/h6>\t\t\t\t<\/div>\n\t\t\t\t<div class=\"elementor-element elementor-element-ec34548 elementor-widget elementor-widget-text-editor\" data-id=\"ec34548\" data-element_type=\"widget\" data-widget_type=\"text-editor.default\">\n\t\t\t\t\t\t\t\t\t<ul style=\"padding-left: 16px\">\n \t<li>Presidente: Mons. \u00c1ngel L. R\u00edos Matos<\/li>\n \t<li>Vice Presidente: Mons. Humberto L\u00f3pez Bonilla<\/li>\n \t<li>Secretario: Rvdo. P. Luis A. Mojica Malav\u00e9<\/li>\n \t<li>Tesorero: Rvdo. P. Daniel Hern\u00e1ndez V\u00e9lez<\/li>\n<\/ul>\t\t\t\t\t\t\t\t<\/div>\n\t\t\t\t<\/div>\n\t\t<div class=\"elementor-element elementor-element-d5fd3a3 e-con-full e-flex e-con e-child\" data-id=\"d5fd3a3\" data-element_type=\"container\" data-settings=\"{&quot;background_background&quot;:&quot;classic&quot;}\">\n\t\t\t\t<div class=\"elementor-element elementor-element-c0341f1 elementor-widget elementor-widget-heading\" data-id=\"c0341f1\" data-element_type=\"widget\" data-widget_type=\"heading.default\">\n\t\t\t\t\t<h6 class=\"elementor-heading-title elementor-size-default\">S\u00cdNDICOS<\/h6>\t\t\t\t<\/div>\n\t\t\t\t<div class=\"elementor-element elementor-element-e13cdbe elementor-widget elementor-widget-text-editor\" data-id=\"e13cdbe\" data-element_type=\"widget\" data-widget_type=\"text-editor.default\">\n\t\t\t\t\t\t\t\t\t<ul style=\"padding-left: 16px;\"><li>Rvdo. P. Jorge Caro Morales<\/li><li>Rvdo. P. William Saltar Arocho<\/li><li>Sr. Gustavo Almod\u00f3var Almod\u00f3var &#8211; Director Ejecutivo<\/li><li>Dr. Heriberto S\u00e1nchez Guzm\u00e1n<\/li><li>Sr. Miguel Nazario Franco<\/li><li>Sr. Ferm\u00edn Contreras<\/li><li>Lcda. Melba Acosta Febo<\/li><\/ul>\t\t\t\t\t\t\t\t<\/div>\n\t\t\t\t<\/div>\n\t\t\t\t<\/div>\n\t\t\t\t<\/div>\n\t\t\t\t\t<\/div>\n\t\t\t\t<\/div>\n\t\t<div class=\"elementor-element elementor-element-76033286 e-flex e-con-boxed e-con e-parent\" data-id=\"76033286\" data-element_type=\"container\" data-settings=\"{&quot;background_background&quot;:&quot;gradient&quot;}\">\n\t\t\t\t\t<div class=\"e-con-inner\">\n\t\t<div class=\"elementor-element elementor-element-3fb93986 e-con-full e-flex e-con e-child\" data-id=\"3fb93986\" data-element_type=\"container\">\n\t\t\t\t<div class=\"elementor-element elementor-element-43b247fd elementor-widget elementor-widget-heading\" data-id=\"43b247fd\" data-element_type=\"widget\" data-widget_type=\"heading.default\">\n\t\t\t\t\t<h3 class=\"elementor-heading-title elementor-size-default\">Proteja su salud: agende su cita ahora<\/h3>\t\t\t\t<\/div>\n\t\t\t\t<div class=\"elementor-element elementor-element-5b27cf14 elementor-widget__width-initial elementor-widget elementor-widget-text-editor\" data-id=\"5b27cf14\" data-element_type=\"widget\" data-widget_type=\"text-editor.default\">\n\t\t\t\t\t\t\t\t\t<p>\u00a1Agende su cita hoy mismo y obtenga un servicio confiable con tecnolog\u00eda de vanguardia!<\/p>\t\t\t\t\t\t\t\t<\/div>\n\t\t\t\t<\/div>\n\t\t<div class=\"elementor-element elementor-element-5d36e683 e-con-full e-flex e-con e-child\" data-id=\"5d36e683\" data-element_type=\"container\">\n\t\t\t\t<div class=\"elementor-element elementor-element-1e69f1de elementor-align-left elementor-widget elementor-widget-button\" data-id=\"1e69f1de\" data-element_type=\"widget\" data-widget_type=\"button.default\">\n\t\t\t\t\t\t\t\t\t\t<a class=\"elementor-button elementor-button-link elementor-size-sm\" href=\"https:\/\/wearewebrything.com\/hospitaldelaconcepcion\/haz-tu-cita\">\n\t\t\t\t\t\t<span class=\"elementor-button-content-wrapper\">\n\t\t\t\t\t\t\t\t\t<span class=\"elementor-button-text\">HAZ TU CITA<\/span>\n\t\t\t\t\t<\/span>\n\t\t\t\t\t<\/a>\n\t\t\t\t\t\t\t\t<\/div>\n\t\t\t\t<\/div>\n\t\t\t\t\t<\/div>\n\t\t\t\t<\/div>\n\t\t\t\t<\/div>\n\t\t","protected":false},"excerpt":{"rendered":"<p>Sobre nosotros \u00a1Bienvenido al Hospital de la Concepci\u00f3n! En el Hospital de la Concepci\u00f3n, nos enorgullece darles la m\u00e1s cordial bienvenida a nuestra instituci\u00f3n. Nos esforzamos por ofrecer una atenci\u00f3n m\u00e9dica de excelencia, con un equipo profesional dedicado a tu bienestar. Estamos aqu\u00ed para acompa\u00f1arte en tu camino hacia la salud y la recuperaci\u00f3n. \u00a1Gracias [&hellip;]<\/p>\n","protected":false},"author":1,"featured_media":0,"parent":0,"menu_order":0,"comment_status":"closed","ping_status":"closed","template":"","meta":{"footnotes":""},"class_list":["post-160","page","type-page","status-publish","hentry"],"_links":{"self":[{"href":"https:\/\/wearewebrything.com\/hospitaldelaconcepcion\/wp-json\/wp\/v2\/pages\/160","targetHints":{"allow":["GET"]}}],"collection":[{"href":"https:\/\/wearewebrything.com\/hospitaldelaconcepcion\/wp-json\/wp\/v2\/pages"}],"about":[{"href":"https:\/\/wearewebrything.com\/hospitaldelaconcepcion\/wp-json\/wp\/v2\/types\/page"}],"author":[{"embeddable":true,"href":"https:\/\/wearewebrything.com\/hospitaldelaconcepcion\/wp-json\/wp\/v2\/users\/1"}],"replies":[{"embeddable":true,"href":"https:\/\/wearewebrything.com\/hospitaldelaconcepcion\/wp-json\/wp\/v2\/comments?post=160"}],"version-history":[{"count":35,"href":"https:\/\/wearewebrything.com\/hospitaldelaconcepcion\/wp-json\/wp\/v2\/pages\/160\/revisions"}],"predecessor-version":[{"id":692,"href":"https:\/\/wearewebrything.com\/hospitaldelaconcepcion\/wp-json\/wp\/v2\/pages\/160\/revisions\/692"}],"wp:attachment":[{"href":"https:\/\/wearewebrything.com\/hospitaldelaconcepcion\/wp-json\/wp\/v2\/media?parent=160"}],"curies":[{"name":"wp","href":"https:\/\/api.w.org\/{rel}","templated":true}]}}