{"id":233,"date":"2025-10-24T15:18:37","date_gmt":"2025-10-24T15:18:37","guid":{"rendered":"https:\/\/wearewebrything.com\/hospitaldelaconcepcion\/?page_id=233"},"modified":"2025-10-29T20:48:48","modified_gmt":"2025-10-29T20:48:48","slug":"educacion-medica","status":"publish","type":"page","link":"https:\/\/wearewebrything.com\/hospitaldelaconcepcion\/educacion-medica\/","title":{"rendered":"Educaci\u00f3n M\u00e9dica"},"content":{"rendered":"\t\t<div data-elementor-type=\"wp-page\" data-elementor-id=\"233\" class=\"elementor elementor-233\" data-elementor-post-type=\"page\">\n\t\t\t\t<div class=\"elementor-element elementor-element-14d2f791 e-grid e-con-boxed e-con e-parent\" data-id=\"14d2f791\" data-element_type=\"container\" data-settings=\"{&quot;background_background&quot;:&quot;classic&quot;}\">\n\t\t\t\t\t<div class=\"e-con-inner\">\n\t\t\t\t<div class=\"elementor-element elementor-element-28227912 elementor-widget elementor-widget-heading\" data-id=\"28227912\" data-element_type=\"widget\" data-widget_type=\"heading.default\">\n\t\t\t\t\t<h1 class=\"elementor-heading-title elementor-size-default\">Educaci\u00f3n M\u00e9dica<\/h1>\t\t\t\t<\/div>\n\t\t<div class=\"elementor-element elementor-element-2b22dedd e-con-full elementor-hidden-mobile e-flex e-con e-child\" data-id=\"2b22dedd\" data-element_type=\"container\" data-settings=\"{&quot;background_background&quot;:&quot;classic&quot;}\">\n\t\t\t\t<div class=\"elementor-element elementor-element-aa74eba elementor-widget elementor-widget-text-editor\" data-id=\"aa74eba\" data-element_type=\"widget\" data-widget_type=\"text-editor.default\">\n\t\t\t\t\t\t\t\t\tGraduate Medical<br\/>Education Office\t\t\t\t\t\t\t\t<\/div>\n\t\t\t\t<div class=\"elementor-element elementor-element-3c77900c elementor-position-left elementor-view-default elementor-mobile-position-top elementor-widget elementor-widget-icon-box\" data-id=\"3c77900c\" data-element_type=\"widget\" data-widget_type=\"icon-box.default\">\n\t\t\t\t\t\t\t<div class=\"elementor-icon-box-wrapper\">\n\n\t\t\t\t\t\t<div class=\"elementor-icon-box-icon\">\n\t\t\t\t<span  class=\"elementor-icon\">\n\t\t\t\t<svg aria-hidden=\"true\" class=\"e-font-icon-svg e-fas-clock\" viewBox=\"0 0 512 512\" xmlns=\"http:\/\/www.w3.org\/2000\/svg\"><path d=\"M256,8C119,8,8,119,8,256S119,504,256,504,504,393,504,256,393,8,256,8Zm92.49,313h0l-20,25a16,16,0,0,1-22.49,2.5h0l-67-49.72a40,40,0,0,1-15-31.23V112a16,16,0,0,1,16-16h32a16,16,0,0,1,16,16V256l58,42.5A16,16,0,0,1,348.49,321Z\"><\/path><\/svg>\t\t\t\t<\/span>\n\t\t\t<\/div>\n\t\t\t\n\t\t\t\t\t\t<div class=\"elementor-icon-box-content\">\n\n\t\t\t\t\t\t\t\t\t<h3 class=\"elementor-icon-box-title\">\n\t\t\t\t\t\t<span  >\n\t\t\t\t\t\t\tHorario de Servicio\t\t\t\t\t\t<\/span>\n\t\t\t\t\t<\/h3>\n\t\t\t\t\n\t\t\t\t\n\t\t\t<\/div>\n\t\t\t\n\t\t<\/div>\n\t\t\t\t\t\t<\/div>\n\t\t\t\t<div class=\"elementor-element elementor-element-1df6bd72 elementor-widget elementor-widget-text-editor\" data-id=\"1df6bd72\" data-element_type=\"widget\" data-widget_type=\"text-editor.default\">\n\t\t\t\t\t\t\t\t\t<p>Lunes a viernes <br \/>6:00 a.m. \u2013 3:00 p.m.<br \/>S\u00e1bado<br \/>6:00 a.m. \u2013 12:00 p.m.<br \/><span style=\"color: red;\">*<\/span>Horario sujeto a cambios<\/p>\t\t\t\t\t\t\t\t<\/div>\n\t\t\t\t<div class=\"elementor-element elementor-element-790cac1b elementor-position-left elementor-view-default elementor-mobile-position-top elementor-widget elementor-widget-icon-box\" data-id=\"790cac1b\" data-element_type=\"widget\" data-widget_type=\"icon-box.default\">\n\t\t\t\t\t\t\t<div class=\"elementor-icon-box-wrapper\">\n\n\t\t\t\t\t\t<div class=\"elementor-icon-box-icon\">\n\t\t\t\t<span  class=\"elementor-icon\">\n\t\t\t\t<svg aria-hidden=\"true\" class=\"e-font-icon-svg e-fas-map-marker-alt\" viewBox=\"0 0 384 512\" xmlns=\"http:\/\/www.w3.org\/2000\/svg\"><path d=\"M172.268 501.67C26.97 291.031 0 269.413 0 192 0 85.961 85.961 0 192 0s192 85.961 192 192c0 77.413-26.97 99.031-172.268 309.67-9.535 13.774-29.93 13.773-39.464 0zM192 272c44.183 0 80-35.817 80-80s-35.817-80-80-80-80 35.817-80 80 35.817 80 80 80z\"><\/path><\/svg>\t\t\t\t<\/span>\n\t\t\t<\/div>\n\t\t\t\n\t\t\t\t\t\t<div class=\"elementor-icon-box-content\">\n\n\t\t\t\t\t\t\t\t\t<h3 class=\"elementor-icon-box-title\">\n\t\t\t\t\t\t<span  >\n\t\t\t\t\t\t\tUbicaci\u00f3n\t\t\t\t\t\t<\/span>\n\t\t\t\t\t<\/h3>\n\t\t\t\t\n\t\t\t\t\n\t\t\t<\/div>\n\t\t\t\n\t\t<\/div>\n\t\t\t\t\t\t<\/div>\n\t\t\t\t<div class=\"elementor-element elementor-element-5c7f51de elementor-widget elementor-widget-text-editor\" data-id=\"5c7f51de\" data-element_type=\"widget\" data-widget_type=\"text-editor.default\">\n\t\t\t\t\t\t\t\t\t<p>Primer piso del Hospital de La Concepci\u00f3n<\/p>\t\t\t\t\t\t\t\t<\/div>\n\t\t\t\t<div class=\"elementor-element elementor-element-2eceb13a elementor-position-left elementor-view-default elementor-mobile-position-top elementor-widget elementor-widget-icon-box\" data-id=\"2eceb13a\" data-element_type=\"widget\" data-widget_type=\"icon-box.default\">\n\t\t\t\t\t\t\t<div class=\"elementor-icon-box-wrapper\">\n\n\t\t\t\t\t\t<div class=\"elementor-icon-box-icon\">\n\t\t\t\t<span  class=\"elementor-icon\">\n\t\t\t\t<svg aria-hidden=\"true\" class=\"e-font-icon-svg e-fas-phone-alt\" viewBox=\"0 0 512 512\" xmlns=\"http:\/\/www.w3.org\/2000\/svg\"><path d=\"M497.39 361.8l-112-48a24 24 0 0 0-28 6.9l-49.6 60.6A370.66 370.66 0 0 1 130.6 204.11l60.6-49.6a23.94 23.94 0 0 0 6.9-28l-48-112A24.16 24.16 0 0 0 122.6.61l-104 24A24 24 0 0 0 0 48c0 256.5 207.9 464 464 464a24 24 0 0 0 23.4-18.6l24-104a24.29 24.29 0 0 0-14.01-27.6z\"><\/path><\/svg>\t\t\t\t<\/span>\n\t\t\t<\/div>\n\t\t\t\n\t\t\t\t\t\t<div class=\"elementor-icon-box-content\">\n\n\t\t\t\t\t\t\t\t\t<h3 class=\"elementor-icon-box-title\">\n\t\t\t\t\t\t<span  >\n\t\t\t\t\t\t\tTel\u00e9fono\t\t\t\t\t\t<\/span>\n\t\t\t\t\t<\/h3>\n\t\t\t\t\n\t\t\t\t\n\t\t\t<\/div>\n\t\t\t\n\t\t<\/div>\n\t\t\t\t\t\t<\/div>\n\t\t\t\t<div class=\"elementor-element elementor-element-1b79b93f elementor-widget elementor-widget-text-editor\" data-id=\"1b79b93f\" data-element_type=\"widget\" data-widget_type=\"text-editor.default\">\n\t\t\t\t\t\t\t\t\t<p style=\"text-align: left;\">(787) 659-5959<\/p>\t\t\t\t\t\t\t\t<\/div>\n\t\t\t\t<div class=\"elementor-element elementor-element-7cb0d27d elementor-align-center elementor-widget__width-inherit side-btn elementor-widget elementor-widget-button\" data-id=\"7cb0d27d\" data-element_type=\"widget\" data-widget_type=\"button.default\">\n\t\t\t\t\t\t\t\t\t\t<a class=\"elementor-button elementor-button-link elementor-size-sm\" href=\"https:\/\/wearewebrything.com\/hospitaldelaconcepcion\/haz-tu-cita\">\n\t\t\t\t\t\t<span class=\"elementor-button-content-wrapper\">\n\t\t\t\t\t\t\t\t\t<span class=\"elementor-button-text\">HAZ TU CITA<\/span>\n\t\t\t\t\t<\/span>\n\t\t\t\t\t<\/a>\n\t\t\t\t\t\t\t\t<\/div>\n\t\t\t\t<\/div>\n\t\t\t\t\t<\/div>\n\t\t\t\t<\/div>\n\t\t<div class=\"elementor-element elementor-element-9e35b5e e-flex e-con-boxed e-con e-parent\" data-id=\"9e35b5e\" data-element_type=\"container\">\n\t\t\t\t\t<div class=\"e-con-inner\">\n\t\t<div class=\"elementor-element elementor-element-f3bea4b e-con-full e-flex e-con e-child\" data-id=\"f3bea4b\" data-element_type=\"container\">\n\t\t\t\t<div class=\"elementor-element elementor-element-cabc064 elementor-widget elementor-widget-heading\" data-id=\"cabc064\" data-element_type=\"widget\" data-widget_type=\"heading.default\">\n\t\t\t\t\t<h2 class=\"elementor-heading-title elementor-size-default\">GRADUATE MEDICAL EDUCATION<\/h2>\t\t\t\t<\/div>\n\t\t\t\t<\/div>\n\t\t<div class=\"elementor-element elementor-element-8c676bc e-con-full e-flex e-con e-child\" data-id=\"8c676bc\" data-element_type=\"container\">\n\t\t\t\t<div class=\"elementor-element elementor-element-e9b08a9 elementor-widget elementor-widget-text-editor\" data-id=\"e9b08a9\" data-element_type=\"widget\" data-widget_type=\"text-editor.default\">\n\t\t\t\t\t\t\t\t\t<p>The Graduate Medical Education and Internal Medicine Residency Program at Hospital de La Concepci\u00f3n is a vital department within our institution, affiliated with the Ponce Health Sciences University (PHSU) since 2002.<\/p><p>Hospital de La Concepci\u00f3n is a Catholic organization established in 1511, making it the oldest health institution in America. Accredited by the Joint Commission and leading the way in healthcare in Puerto Rico, we have a highly experienced medical faculty, cutting-edge technology, and a pioneering energy cogeneration system.<\/p><p>In February 2004, we relocated to a new facility with 187 beds, providing a modern educational environment for primary care practice.<\/p><p>Our Graduate Medical Education Office, situated on the second floor of the hospital, oversees all educational processes for our residents during their training. Office hours are from 7:00 a.m. to 4:00 p.m., Monday through Friday. The office can be reached at (787) 892-1860 ext. 2600, 2605.<\/p>\t\t\t\t\t\t\t\t<\/div>\n\t\t\t\t<\/div>\n\t\t\t\t\t<\/div>\n\t\t\t\t<\/div>\n\t\t\t\t<\/div>\n\t\t","protected":false},"excerpt":{"rendered":"<p>Educaci\u00f3n M\u00e9dica Graduate MedicalEducation Office Horario de Servicio Lunes a viernes 6:00 a.m. \u2013 3:00 p.m.S\u00e1bado6:00 a.m. \u2013 12:00 p.m.*Horario sujeto a cambios Ubicaci\u00f3n Primer piso del Hospital de La Concepci\u00f3n Tel\u00e9fono (787) 659-5959 HAZ TU CITA GRADUATE MEDICAL EDUCATION The Graduate Medical Education and Internal Medicine Residency Program at Hospital de La Concepci\u00f3n is [&hellip;]<\/p>\n","protected":false},"author":1,"featured_media":0,"parent":0,"menu_order":0,"comment_status":"closed","ping_status":"closed","template":"","meta":{"footnotes":""},"class_list":["post-233","page","type-page","status-publish","hentry"],"_links":{"self":[{"href":"https:\/\/wearewebrything.com\/hospitaldelaconcepcion\/wp-json\/wp\/v2\/pages\/233","targetHints":{"allow":["GET"]}}],"collection":[{"href":"https:\/\/wearewebrything.com\/hospitaldelaconcepcion\/wp-json\/wp\/v2\/pages"}],"about":[{"href":"https:\/\/wearewebrything.com\/hospitaldelaconcepcion\/wp-json\/wp\/v2\/types\/page"}],"author":[{"embeddable":true,"href":"https:\/\/wearewebrything.com\/hospitaldelaconcepcion\/wp-json\/wp\/v2\/users\/1"}],"replies":[{"embeddable":true,"href":"https:\/\/wearewebrything.com\/hospitaldelaconcepcion\/wp-json\/wp\/v2\/comments?post=233"}],"version-history":[{"count":10,"href":"https:\/\/wearewebrything.com\/hospitaldelaconcepcion\/wp-json\/wp\/v2\/pages\/233\/revisions"}],"predecessor-version":[{"id":561,"href":"https:\/\/wearewebrything.com\/hospitaldelaconcepcion\/wp-json\/wp\/v2\/pages\/233\/revisions\/561"}],"wp:attachment":[{"href":"https:\/\/wearewebrything.com\/hospitaldelaconcepcion\/wp-json\/wp\/v2\/media?parent=233"}],"curies":[{"name":"wp","href":"https:\/\/api.w.org\/{rel}","templated":true}]}}