{"id":1217,"date":"2025-05-28T12:10:15","date_gmt":"2025-05-28T12:10:15","guid":{"rendered":"https:\/\/wearewebrything.com\/ipna\/?page_id=1217"},"modified":"2026-04-16T15:54:17","modified_gmt":"2026-04-16T15:54:17","slug":"nosotros","status":"publish","type":"page","link":"https:\/\/wearewebrything.com\/ipna\/nosotros\/","title":{"rendered":"Nosotros"},"content":{"rendered":"\t\t<div data-elementor-type=\"wp-page\" data-elementor-id=\"1217\" class=\"elementor elementor-1217\">\n\t\t\t\t<div class=\"elementor-element elementor-element-690760ee e-flex e-con-boxed wpr-particle-no wpr-jarallax-no wpr-parallax-no wpr-sticky-section-no e-con e-parent\" data-id=\"690760ee\" data-element_type=\"container\" data-settings=\"{&quot;background_background&quot;:&quot;classic&quot;}\">\n\t\t\t\t\t<div class=\"e-con-inner\">\n\t\t<div class=\"elementor-element elementor-element-3d006f6e e-con-full e-grid wpr-particle-no wpr-jarallax-no wpr-parallax-no wpr-sticky-section-no e-con e-child\" data-id=\"3d006f6e\" data-element_type=\"container\">\n\t\t<div class=\"elementor-element elementor-element-62eb97c e-con-full e-flex wpr-particle-no wpr-jarallax-no wpr-parallax-no wpr-sticky-section-no e-con e-child\" data-id=\"62eb97c\" data-element_type=\"container\">\n\t\t\t\t<div class=\"elementor-element elementor-element-35e78884 elementor-widget elementor-widget-text-editor\" data-id=\"35e78884\" data-element_type=\"widget\" id=\"ubuntu-text\" data-widget_type=\"text-editor.default\">\n\t\t\t\t<div class=\"elementor-widget-container\">\n\t\t\t\t\t\t\t\t\tComprometidos <span style=\"color: #872aff;\">con tu salud<\/span> pulmonar\t\t\t\t\t\t\t\t<\/div>\n\t\t\t\t<\/div>\n\t\t\t\t<div class=\"elementor-element elementor-element-3a30c1c4 elementor-widget elementor-widget-text-editor\" data-id=\"3a30c1c4\" data-element_type=\"widget\" id=\"poppins-font\" data-widget_type=\"text-editor.default\">\n\t\t\t\t<div class=\"elementor-widget-container\">\n\t\t\t\t\t\t\t\t\tUn equipo especializado en condiciones pulmonares complejas, con un enfoque humano, cient\u00edfico y accesible.\t\t\t\t\t\t\t\t<\/div>\n\t\t\t\t<\/div>\n\t\t\t\t<div class=\"elementor-element elementor-element-d01c90d elementor-widget elementor-widget-button\" data-id=\"d01c90d\" data-element_type=\"widget\" id=\"ubuntu-text\" data-widget_type=\"button.default\">\n\t\t\t\t<div class=\"elementor-widget-container\">\n\t\t\t\t\t\t\t\t\t<div class=\"elementor-button-wrapper\">\n\t\t\t\t\t<a class=\"elementor-button elementor-button-link elementor-size-sm\" href=\"https:\/\/wearewebrything.com\/ipna\/contacto\/\">\n\t\t\t\t\t\t<span class=\"elementor-button-content-wrapper\">\n\t\t\t\t\t\t\t\t\t<span class=\"elementor-button-text\">Agendar Cita<\/span>\n\t\t\t\t\t<\/span>\n\t\t\t\t\t<\/a>\n\t\t\t\t<\/div>\n\t\t\t\t\t\t\t\t<\/div>\n\t\t\t\t<\/div>\n\t\t\t\t<\/div>\n\t\t\t\t<\/div>\n\t\t\t\t\t<\/div>\n\t\t\t\t<\/div>\n\t\t<div class=\"elementor-element elementor-element-52625c18 e-flex e-con-boxed wpr-particle-no wpr-jarallax-no wpr-parallax-no wpr-sticky-section-no e-con e-parent\" data-id=\"52625c18\" data-element_type=\"container\" data-settings=\"{&quot;background_background&quot;:&quot;classic&quot;}\">\n\t\t\t\t\t<div class=\"e-con-inner\">\n\t\t<div class=\"elementor-element elementor-element-63e0105e e-con-full e-flex wpr-particle-no wpr-jarallax-no wpr-parallax-no wpr-sticky-section-no e-con e-child\" data-id=\"63e0105e\" data-element_type=\"container\" id=\"grad-bg\">\n\t\t<div class=\"elementor-element elementor-element-5ae72b48 e-con-full e-flex wpr-particle-no wpr-jarallax-no wpr-parallax-no wpr-sticky-section-no e-con e-child\" data-id=\"5ae72b48\" data-element_type=\"container\" data-settings=\"{&quot;position&quot;:&quot;absolute&quot;}\">\n\t\t\t\t<div class=\"elementor-element elementor-element-43d01e46 elementor-widget elementor-widget-image\" data-id=\"43d01e46\" data-element_type=\"widget\" data-widget_type=\"image.default\">\n\t\t\t\t<div class=\"elementor-widget-container\">\n\t\t\t\t\t\t\t\t\t\t\t\t\t\t\t<img fetchpriority=\"high\" decoding=\"async\" width=\"800\" height=\"320\" src=\"https:\/\/wearewebrything.com\/ipna\/wp-content\/uploads\/2025\/05\/new-pattern-wave-1-1024x410.png\" class=\"attachment-large size-large wp-image-284\" alt=\"\" srcset=\"https:\/\/wearewebrything.com\/ipna\/wp-content\/uploads\/2025\/05\/new-pattern-wave-1-1024x410.png 1024w, https:\/\/wearewebrything.com\/ipna\/wp-content\/uploads\/2025\/05\/new-pattern-wave-1-300x120.png 300w, https:\/\/wearewebrything.com\/ipna\/wp-content\/uploads\/2025\/05\/new-pattern-wave-1-768x307.png 768w, https:\/\/wearewebrything.com\/ipna\/wp-content\/uploads\/2025\/05\/new-pattern-wave-1-1536x614.png 1536w, https:\/\/wearewebrything.com\/ipna\/wp-content\/uploads\/2025\/05\/new-pattern-wave-1.png 2000w\" sizes=\"(max-width: 800px) 100vw, 800px\" \/>\t\t\t\t\t\t\t\t\t\t\t\t\t\t\t<\/div>\n\t\t\t\t<\/div>\n\t\t\t\t<\/div>\n\t\t<div class=\"elementor-element elementor-element-230b9e78 e-con-full e-flex wpr-particle-no wpr-jarallax-no wpr-parallax-no wpr-sticky-section-no e-con e-child\" data-id=\"230b9e78\" data-element_type=\"container\" id=\"grid-position\">\n\t\t<div class=\"elementor-element elementor-element-792fc871 e-con-full e-flex wpr-particle-no wpr-jarallax-no wpr-parallax-no wpr-sticky-section-no e-con e-child\" data-id=\"792fc871\" data-element_type=\"container\" id=\"left-col\">\n\t\t\t\t<div class=\"elementor-element elementor-element-7526bc5c elementor-widget elementor-widget-text-editor\" data-id=\"7526bc5c\" data-element_type=\"widget\" data-widget_type=\"text-editor.default\">\n\t\t\t\t<div class=\"elementor-widget-container\">\n\t\t\t\t\t\t\t\t\tEl Instituto Puertorrique\u00f1o de Neumolog\u00eda Avanzada nace del compromiso del Dr. Onix J. Cantres-Fonseca de ofrecer una atenci\u00f3n de excelencia en Puerto Rico, enfocada en enfermedades pulmonares avanzadas y complejas. Con m\u00e1s de 15 a\u00f1os de experiencia cl\u00ednica, acad\u00e9mica e investigativa, nuestro equipo se distingue por integrar tecnolog\u00eda de vanguardia, conocimiento especializado y un genuino deseo de servicio.\n<br><br>\nCreemos que cada paciente merece no solo la mejor atenci\u00f3n m\u00e9dica, sino tambi\u00e9n un trato humano, respetuoso y compasivo.\t\t\t\t\t\t\t\t<\/div>\n\t\t\t\t<\/div>\n\t\t\t\t<\/div>\n\t\t\t\t<\/div>\n\t\t\t\t<\/div>\n\t\t\t\t\t<\/div>\n\t\t\t\t<\/div>\n\t\t<div class=\"elementor-element elementor-element-70e685fa e-flex e-con-boxed wpr-particle-no wpr-jarallax-no wpr-parallax-no wpr-sticky-section-no e-con e-parent\" data-id=\"70e685fa\" data-element_type=\"container\" data-settings=\"{&quot;background_background&quot;:&quot;gradient&quot;}\">\n\t\t\t\t\t<div class=\"e-con-inner\">\n\t\t<div class=\"elementor-element elementor-element-1a4e016 e-con-full e-flex wpr-particle-no wpr-jarallax-no wpr-parallax-no wpr-sticky-section-no e-con e-child\" data-id=\"1a4e016\" data-element_type=\"container\">\n\t\t<div class=\"elementor-element elementor-element-71dd22b e-con-full e-flex wpr-particle-no wpr-jarallax-no wpr-parallax-no wpr-sticky-section-no e-con e-child\" data-id=\"71dd22b\" data-element_type=\"container\">\n\t\t\t\t<div class=\"elementor-element elementor-element-30b8c4b elementor-widget elementor-widget-text-editor\" data-id=\"30b8c4b\" data-element_type=\"widget\" data-widget_type=\"text-editor.default\">\n\t\t\t\t<div class=\"elementor-widget-container\">\n\t\t\t\t\t\t\t\t\t<p>Nuestra Enfoque<\/p>\t\t\t\t\t\t\t\t<\/div>\n\t\t\t\t<\/div>\n\t\t\t\t<div class=\"elementor-element elementor-element-51ea362 elementor-widget elementor-widget-text-editor\" data-id=\"51ea362\" data-element_type=\"widget\" data-widget_type=\"text-editor.default\">\n\t\t\t\t<div class=\"elementor-widget-container\">\n\t\t\t\t\t\t\t\t\t<p><strong>Diagn\u00f3stico preciso. Atenci\u00f3n personalizada. Acompa\u00f1amiento constante.<\/strong><\/p><p>Nuestro enfoque cl\u00ednico se basa en la evaluaci\u00f3n integral del paciente y en la colaboraci\u00f3n con otros especialistas como reumat\u00f3logos, cardi\u00f3logos, cirujanos tor\u00e1cicos y m\u00e1s.<\/p>\t\t\t\t\t\t\t\t<\/div>\n\t\t\t\t<\/div>\n\t\t\t\t<\/div>\n\t\t<div class=\"elementor-element elementor-element-4f1fec5 e-con-full e-flex wpr-particle-no wpr-jarallax-no wpr-parallax-no wpr-sticky-section-no e-con e-child\" data-id=\"4f1fec5\" data-element_type=\"container\">\n\t\t\t\t<div class=\"elementor-element elementor-element-b26bf35 elementor-widget elementor-widget-text-editor\" data-id=\"b26bf35\" data-element_type=\"widget\" data-widget_type=\"text-editor.default\">\n\t\t\t\t<div class=\"elementor-widget-container\">\n\t\t\t\t\t\t\t\t\tExperiencia y Colaboraciones\t\t\t\t\t\t\t\t<\/div>\n\t\t\t\t<\/div>\n\t\t\t\t<div class=\"elementor-element elementor-element-7d4bb30 elementor-widget elementor-widget-text-editor\" data-id=\"7d4bb30\" data-element_type=\"widget\" data-widget_type=\"text-editor.default\">\n\t\t\t\t<div class=\"elementor-widget-container\">\n\t\t\t\t\t\t\t\t\t<strong>Trayectoria del Dr. Onix J. Cantres-Fonseca<\/strong>\n&nbsp;\n<ul class=\"trayectoria-list\">\n \t<li>Graduado de la Universidad de Puerto Rico<\/li>\n \t<li>Especialidad en Medicina Interna, Neumolog\u00eda y Cuidado Cr\u00edtico en el Hospital de Veteranos (PR)<\/li>\n \t<li>Entrenamiento adicional en enfermedades pulmonares avanzadas y trasplante en Inova Fairfax Medical Campus (EE. UU.)<\/li>\n \t<li>M\u00e1s de 10 a\u00f1os como facultativo en programas de entrenamiento m\u00e9dico<\/li>\n \t<li>Publicaciones en libros y revistas cient\u00edficas reconocidas<\/li>\n \t<li>Experiencia directa con pacientes en evaluaci\u00f3n para trasplante y seguimiento post-trasplante.<\/li>\n \t<li>Mantenemos v\u00ednculos activos con instituciones m\u00e9dicas en Puerto Rico y Estados Unidos para facilitar el acceso a cuidados avanzados.<\/li>\n<\/ul>\t\t\t\t\t\t\t\t<\/div>\n\t\t\t\t<\/div>\n\t\t\t\t<\/div>\n\t\t\t\t<\/div>\n\t\t\t\t\t<\/div>\n\t\t\t\t<\/div>\n\t\t\t\t<\/div>\n\t\t","protected":false},"excerpt":{"rendered":"<p>Comprometidos con tu salud pulmonarUn equipo especializado en condiciones pulmonares complejas, con un enfoque humano, cient\u00edfico y accesible. Agendar Cita El Instituto Puertorrique\u00f1o de Neumolog\u00eda Avanzada nace del compromiso del Dr. Onix J. Cantres-Fonseca de ofrecer una atenci\u00f3n de excelencia en Puerto Rico, enfocada en enfermedades pulmonares avanzadas y complejas. Con m\u00e1s de 15 a\u00f1os de experiencia cl\u00ednica, acad\u00e9mica e investigativa, nuestro equipo se distingue por integrar tecnolog\u00eda de vanguardia, conocimiento especializado y un genuino deseo de servicio. Creemos que cada paciente merece no solo la mejor atenci\u00f3n m\u00e9dica, sino tambi\u00e9n un trato humano, respetuoso y compasivo. Nuestra Enfoque Diagn\u00f3stico preciso. Atenci\u00f3n personalizada. Acompa\u00f1amiento constante. Nuestro enfoque cl\u00ednico se basa en la evaluaci\u00f3n integral del paciente y en la colaboraci\u00f3n con otros especialistas como reumat\u00f3logos, cardi\u00f3logos, cirujanos tor\u00e1cicos y m\u00e1s. Experiencia y ColaboracionesTrayectoria del Dr. Onix J. Cantres-Fonseca &nbsp; Graduado de la Universidad de Puerto Rico Especialidad en Medicina Interna, Neumolog\u00eda y Cuidado Cr\u00edtico en el Hospital de Veteranos (PR) Entrenamiento adicional en enfermedades pulmonares avanzadas y trasplante en Inova Fairfax Medical Campus (EE. UU.) M\u00e1s de 10 a\u00f1os como facultativo en programas de entrenamiento m\u00e9dico Publicaciones en libros y revistas cient\u00edficas reconocidas Experiencia directa con pacientes en evaluaci\u00f3n para trasplante y seguimiento post-trasplante. Mantenemos v\u00ednculos activos con instituciones m\u00e9dicas en Puerto Rico y Estados Unidos para facilitar el acceso a cuidados avanzados.<\/p>\n","protected":false},"author":1,"featured_media":0,"parent":0,"menu_order":0,"comment_status":"closed","ping_status":"closed","template":"","meta":{"footnotes":""},"class_list":["post-1217","page","type-page","status-publish","hentry"],"_links":{"self":[{"href":"https:\/\/wearewebrything.com\/ipna\/wp-json\/wp\/v2\/pages\/1217","targetHints":{"allow":["GET"]}}],"collection":[{"href":"https:\/\/wearewebrything.com\/ipna\/wp-json\/wp\/v2\/pages"}],"about":[{"href":"https:\/\/wearewebrything.com\/ipna\/wp-json\/wp\/v2\/types\/page"}],"author":[{"embeddable":true,"href":"https:\/\/wearewebrything.com\/ipna\/wp-json\/wp\/v2\/users\/1"}],"replies":[{"embeddable":true,"href":"https:\/\/wearewebrything.com\/ipna\/wp-json\/wp\/v2\/comments?post=1217"}],"version-history":[{"count":61,"href":"https:\/\/wearewebrything.com\/ipna\/wp-json\/wp\/v2\/pages\/1217\/revisions"}],"predecessor-version":[{"id":1677,"href":"https:\/\/wearewebrything.com\/ipna\/wp-json\/wp\/v2\/pages\/1217\/revisions\/1677"}],"wp:attachment":[{"href":"https:\/\/wearewebrything.com\/ipna\/wp-json\/wp\/v2\/media?parent=1217"}],"curies":[{"name":"wp","href":"https:\/\/api.w.org\/{rel}","templated":true}]}}