{"id":780,"date":"2025-05-27T15:56:11","date_gmt":"2025-05-27T15:56:11","guid":{"rendered":"https:\/\/wearewebrything.com\/ipna\/?page_id=780"},"modified":"2025-06-05T18:57:23","modified_gmt":"2025-06-05T18:57:23","slug":"faq","status":"publish","type":"page","link":"https:\/\/wearewebrything.com\/ipna\/faq\/","title":{"rendered":"FAQ"},"content":{"rendered":"\t\t<div data-elementor-type=\"wp-page\" data-elementor-id=\"780\" class=\"elementor elementor-780\">\n\t\t\t\t<div class=\"elementor-element elementor-element-4a09b03d e-flex e-con-boxed wpr-particle-no wpr-jarallax-no wpr-parallax-no wpr-sticky-section-no e-con e-parent\" data-id=\"4a09b03d\" data-element_type=\"container\" data-settings=\"{&quot;background_background&quot;:&quot;classic&quot;}\">\n\t\t\t\t\t<div class=\"e-con-inner\">\n\t\t<div class=\"elementor-element elementor-element-33363c6d e-con-full e-grid wpr-particle-no wpr-jarallax-no wpr-parallax-no wpr-sticky-section-no e-con e-child\" data-id=\"33363c6d\" data-element_type=\"container\">\n\t\t<div class=\"elementor-element elementor-element-61adbfb8 e-con-full e-flex wpr-particle-no wpr-jarallax-no wpr-parallax-no wpr-sticky-section-no e-con e-child\" data-id=\"61adbfb8\" data-element_type=\"container\">\n\t\t\t\t<div class=\"elementor-element elementor-element-6107ff33 elementor-widget elementor-widget-text-editor\" data-id=\"6107ff33\" data-element_type=\"widget\" id=\"ubuntu-text\" data-widget_type=\"text-editor.default\">\n\t\t\t\t<div class=\"elementor-widget-container\">\n\t\t\t\t\t\t\t\t\tPreguntas <span style=\"color: #872aff;\">Frecuentes<\/span>\t\t\t\t\t\t\t\t<\/div>\n\t\t\t\t<\/div>\n\t\t\t\t<div class=\"elementor-element elementor-element-2c701aa6 elementor-widget elementor-widget-text-editor\" data-id=\"2c701aa6\" data-element_type=\"widget\" id=\"poppins-font\" data-widget_type=\"text-editor.default\">\n\t\t\t\t<div class=\"elementor-widget-container\">\n\t\t\t\t\t\t\t\t\tEn esta secci\u00f3n encontrar\u00e1s respuestas a las preguntas m\u00e1s frecuentes sobre nuestros servicios y procesos. Queremos que te sientas seguro y confiado, sabiendo que protegemos tu informaci\u00f3n, que somos un equipo confiable y que valoramos tu tiempo tanto como t\u00fa. No dudes en contactarnos si necesitas m\u00e1s informaci\u00f3n.\t\t\t\t\t\t\t\t<\/div>\n\t\t\t\t<\/div>\n\t\t\t\t<div class=\"elementor-element elementor-element-7149e9f1 elementor-widget__width-initial elementor-widget elementor-widget-text-editor\" data-id=\"7149e9f1\" data-element_type=\"widget\" id=\"ubuntu-text\" data-widget_type=\"text-editor.default\">\n\t\t\t\t<div class=\"elementor-widget-container\">\n\t\t\t\t\t\t\t\t\t<p style=\"padding: 10px 0px !important; margin: 0;\"><a style=\"text-decoration: none; color: #fff;\" href=\"https:\/\/wearewebrything.com\/ipna\/contacto\/\">Cont\u00e1ctanos<\/a><\/p>\t\t\t\t\t\t\t\t<\/div>\n\t\t\t\t<\/div>\n\t\t\t\t<\/div>\n\t\t\t\t<\/div>\n\t\t\t\t\t<\/div>\n\t\t\t\t<\/div>\n\t\t<div class=\"elementor-element elementor-element-461ec14 e-flex e-con-boxed wpr-particle-no wpr-jarallax-no wpr-parallax-no wpr-sticky-section-no e-con e-parent\" data-id=\"461ec14\" data-element_type=\"container\">\n\t\t\t\t\t<div class=\"e-con-inner\">\n\t\t\t\t<div class=\"elementor-element elementor-element-930eaf3 elementor-widget elementor-widget-shortcode\" data-id=\"930eaf3\" data-element_type=\"widget\" data-widget_type=\"shortcode.default\">\n\t\t\t\t<div class=\"elementor-widget-container\">\n\t\t\t\t\t\t\t<div class=\"elementor-shortcode\"><style type=\"text\/css\"><\/style><section id='' \n                class='helpie-faq accordions faq-toggle open-first groupSettings-6__enabled' \n                data-collection='' \n                data-pagination='0' \n                data-search='0' \n                data-pagination-enabled='0'\n                role='region'\n                aria-label='FAQ Section'\n                aria-live='polite'><form class=\"search\" onSubmit=\"return false;\"><div class=\"search__wrapper\"><input type=\"text\" class=\"search__input\" aria-label=\"Search\" placeholder=\"Search FAQ\"><span class=\"search__icon\"><svg class=\"svg-icon--search\" role=\"img\" xmlns=\"http:\/\/www.w3.org\/2000\/svg\" viewBox=\"0 0 22 22\">\r\n                        <g fill=\"none\" stroke=\"#171717\">\r\n                            <path stroke-linecap=\"square\" stroke-width=\"2\" d=\"M18.5 18.3l-5.4-5.4\"\/>\r\n                            <circle cx=\"8\" cy=\"8\" r=\"7\" stroke-width=\"2\"\/>\r\n                        <\/g>\r\n                    <\/svg><\/span><\/div><div class=\"search__message\"><\/div><\/form><article class=\"accordion \"><div class='helpie-faq-row'><div class='helpie-faq-col helpie-faq-col-12' ><ul><li class=\"accordion__item \"><div class=\"accordion__header \" \r\n                id=\"accordion-header-post-791\"\r\n                role=\"button\"\r\n                aria-expanded=\"false\"\r\n                aria-controls=\"accordion-content-post-791\"\r\n                data-id=\"post-791\" \r\n                data-item=\"hfaq-post-791\" \r\n                style=\"background:transparent;\" \r\n                data-tags=\"\"\r\n                tabindex=\"0\"><div class=\"accordion__title\">\u00bfQu\u00e9 tipo de enfermedades pulmonares tratan?<\/div><\/div><div id=\"accordion-content-post-791\" \r\n                class=\"accordion__body\" \r\n                role=\"region\"\r\n                aria-labelledby=\"accordion-header-post-791\"\r\n                style=\"background:transparent;\"><p data-start=\"254\" data-end=\"426\">Tratamos una amplia gama de condiciones respiratorias, desde asma y EPOC hasta enfermedades intersticiales y autoinmunes.<\/p><\/div><\/li><li class=\"accordion__item \"><div class=\"accordion__header \" \r\n                id=\"accordion-header-post-805\"\r\n                role=\"button\"\r\n                aria-expanded=\"false\"\r\n                aria-controls=\"accordion-content-post-805\"\r\n                data-id=\"post-805\" \r\n                data-item=\"hfaq-post-805\" \r\n                style=\"background:transparent;\" \r\n                data-tags=\"\"\r\n                tabindex=\"0\"><div class=\"accordion__title\">\u00bfNecesito referido m\u00e9dico para agendar una cita?<\/div><\/div><div id=\"accordion-content-post-805\" \r\n                class=\"accordion__body\" \r\n                role=\"region\"\r\n                aria-labelledby=\"accordion-header-post-805\"\r\n                style=\"background:transparent;\"><p data-start=\"428\" data-end=\"589\">No es necesario en la mayor\u00eda de los casos, pero recomendamos consultar con su plan m\u00e9dico para confirmar.<\/p><\/div><\/li><li class=\"accordion__item \"><div class=\"accordion__header \" \r\n                id=\"accordion-header-post-807\"\r\n                role=\"button\"\r\n                aria-expanded=\"false\"\r\n                aria-controls=\"accordion-content-post-807\"\r\n                data-id=\"post-807\" \r\n                data-item=\"hfaq-post-807\" \r\n                style=\"background:transparent;\" \r\n                data-tags=\"\"\r\n                tabindex=\"0\"><div class=\"accordion__title\">\u00bfRealizan pruebas de funci\u00f3n pulmonar en la cl\u00ednica?<\/div><\/div><div id=\"accordion-content-post-807\" \r\n                class=\"accordion__body\" \r\n                role=\"region\"\r\n                aria-labelledby=\"accordion-header-post-807\"\r\n                style=\"background:transparent;\"><p data-start=\"591\" data-end=\"768\">S\u00ed. Contamos con tecnolog\u00eda avanzada para realizar espirometr\u00edas, pruebas de ejercicio y otros estudios respiratorios.<\/p><\/div><\/li><li class=\"accordion__item \"><div class=\"accordion__header \" \r\n                id=\"accordion-header-post-808\"\r\n                role=\"button\"\r\n                aria-expanded=\"false\"\r\n                aria-controls=\"accordion-content-post-808\"\r\n                data-id=\"post-808\" \r\n                data-item=\"hfaq-post-808\" \r\n                style=\"background:transparent;\" \r\n                data-tags=\"\"\r\n                tabindex=\"0\"><div class=\"accordion__title\">\u00bfAtienden pacientes con fibrosis qu\u00edstica o hipertensi\u00f3n pulmonar?<\/div><\/div><div id=\"accordion-content-post-808\" \r\n                class=\"accordion__body\" \r\n                role=\"region\"\r\n                aria-labelledby=\"accordion-header-post-808\"\r\n                style=\"background:transparent;\"><p data-start=\"770\" data-end=\"938\">S\u00ed. Nuestro equipo tiene experiencia especializada en el manejo de estas condiciones complejas.<\/p><\/div><\/li><li class=\"accordion__item \"><div class=\"accordion__header \" \r\n                id=\"accordion-header-post-809\"\r\n                role=\"button\"\r\n                aria-expanded=\"false\"\r\n                aria-controls=\"accordion-content-post-809\"\r\n                data-id=\"post-809\" \r\n                data-item=\"hfaq-post-809\" \r\n                style=\"background:transparent;\" \r\n                data-tags=\"\"\r\n                tabindex=\"0\"><div class=\"accordion__title\">\u00bfOfrecen evaluaciones para trasplante de pulm\u00f3n?<\/div><\/div><div id=\"accordion-content-post-809\" \r\n                class=\"accordion__body\" \r\n                role=\"region\"\r\n                aria-labelledby=\"accordion-header-post-809\"\r\n                style=\"background:transparent;\"><p data-start=\"940\" data-end=\"1099\">S\u00ed. Evaluamos candidatos para trasplante y realizamos los referidos necesarios a centros especializados.<\/p><\/div><\/li><li class=\"accordion__item \"><div class=\"accordion__header \" \r\n                id=\"accordion-header-post-810\"\r\n                role=\"button\"\r\n                aria-expanded=\"false\"\r\n                aria-controls=\"accordion-content-post-810\"\r\n                data-id=\"post-810\" \r\n                data-item=\"hfaq-post-810\" \r\n                style=\"background:transparent;\" \r\n                data-tags=\"\"\r\n                tabindex=\"0\"><div class=\"accordion__title\">\u00bfAceptan planes m\u00e9dicos?<\/div><\/div><div id=\"accordion-content-post-810\" \r\n                class=\"accordion__body\" \r\n                role=\"region\"\r\n                aria-labelledby=\"accordion-header-post-810\"\r\n                style=\"background:transparent;\"><p data-start=\"1101\" data-end=\"1248\">S\u00ed. Aceptamos la mayor\u00eda de los planes m\u00e9dicos principales en Puerto Rico. Puede llamarnos para verificar cobertura.<\/p><\/div><\/li><\/ul><\/div><\/div><\/article><\/section><\/div>\n\t\t\t\t\t\t<\/div>\n\t\t\t\t<\/div>\n\t\t\t\t\t<\/div>\n\t\t\t\t<\/div>\n\t\t\t\t<\/div>\n\t\t","protected":false},"excerpt":{"rendered":"<p>Preguntas FrecuentesEn esta secci\u00f3n encontrar\u00e1s respuestas a las preguntas m\u00e1s frecuentes sobre nuestros servicios y procesos. Queremos que te sientas seguro y confiado, sabiendo que protegemos tu informaci\u00f3n, que somos un equipo confiable y que valoramos tu tiempo tanto como t\u00fa. No dudes en contactarnos si necesitas m\u00e1s informaci\u00f3n. Cont\u00e1ctanos<\/p>\n","protected":false},"author":1,"featured_media":0,"parent":0,"menu_order":0,"comment_status":"closed","ping_status":"closed","template":"","meta":{"footnotes":""},"class_list":["post-780","page","type-page","status-publish","hentry"],"_links":{"self":[{"href":"https:\/\/wearewebrything.com\/ipna\/wp-json\/wp\/v2\/pages\/780","targetHints":{"allow":["GET"]}}],"collection":[{"href":"https:\/\/wearewebrything.com\/ipna\/wp-json\/wp\/v2\/pages"}],"about":[{"href":"https:\/\/wearewebrything.com\/ipna\/wp-json\/wp\/v2\/types\/page"}],"author":[{"embeddable":true,"href":"https:\/\/wearewebrything.com\/ipna\/wp-json\/wp\/v2\/users\/1"}],"replies":[{"embeddable":true,"href":"https:\/\/wearewebrything.com\/ipna\/wp-json\/wp\/v2\/comments?post=780"}],"version-history":[{"count":94,"href":"https:\/\/wearewebrything.com\/ipna\/wp-json\/wp\/v2\/pages\/780\/revisions"}],"predecessor-version":[{"id":1557,"href":"https:\/\/wearewebrything.com\/ipna\/wp-json\/wp\/v2\/pages\/780\/revisions\/1557"}],"wp:attachment":[{"href":"https:\/\/wearewebrything.com\/ipna\/wp-json\/wp\/v2\/media?parent=780"}],"curies":[{"name":"wp","href":"https:\/\/api.w.org\/{rel}","templated":true}]}}