{"id":181,"date":"2021-09-09T13:50:17","date_gmt":"2021-09-09T17:50:17","guid":{"rendered":"https:\/\/new.l5a.com\/?page_id=181"},"modified":"2023-04-12T11:39:57","modified_gmt":"2023-04-12T15:39:57","slug":"blog-2","status":"publish","type":"page","link":"https:\/\/wearewebrything.com\/l5a\/blog-2\/","title":{"rendered":"Blog"},"content":{"rendered":"\t\t<div data-elementor-type=\"wp-page\" data-elementor-id=\"181\" class=\"elementor elementor-181\">\n\t\t\t\t\t\t\t\t\t<section class=\"elementor-section elementor-top-section elementor-element elementor-element-00017ff elementor-section-boxed elementor-section-height-default elementor-section-height-default\" data-id=\"00017ff\" data-element_type=\"section\">\n\t\t\t\t\t\t<div class=\"elementor-container elementor-column-gap-default\">\n\t\t\t\t\t<div class=\"elementor-column elementor-col-100 elementor-top-column elementor-element elementor-element-b81d100\" data-id=\"b81d100\" data-element_type=\"column\">\n\t\t\t<div class=\"elementor-widget-wrap elementor-element-populated\">\n\t\t\t\t\t\t\t\t<div class=\"elementor-element elementor-element-e890494 elementor-widget elementor-widget-heading\" data-id=\"e890494\" data-element_type=\"widget\" data-widget_type=\"heading.default\">\n\t\t\t\t<div class=\"elementor-widget-container\">\n\t\t\t<style>\/*! elementor - v3.12.2 - 23-04-2023 *\/\n.elementor-heading-title{padding:0;margin:0;line-height:1}.elementor-widget-heading .elementor-heading-title[class*=elementor-size-]>a{color:inherit;font-size:inherit;line-height:inherit}.elementor-widget-heading .elementor-heading-title.elementor-size-small{font-size:15px}.elementor-widget-heading .elementor-heading-title.elementor-size-medium{font-size:19px}.elementor-widget-heading .elementor-heading-title.elementor-size-large{font-size:29px}.elementor-widget-heading .elementor-heading-title.elementor-size-xl{font-size:39px}.elementor-widget-heading .elementor-heading-title.elementor-size-xxl{font-size:59px}<\/style><h2 class=\"elementor-heading-title elementor-size-default\">Blog<\/h2>\t\t<\/div>\n\t\t\t\t<\/div>\n\t\t\t\t<div class=\"elementor-element elementor-element-1bbf1b5 elementor-grid-2 elementor-grid-tablet-2 elementor-grid-mobile-1 elementor-posts--thumbnail-top elementor-card-shadow-yes elementor-posts__hover-gradient elementor-widget elementor-widget-posts\" data-id=\"1bbf1b5\" data-element_type=\"widget\" data-settings=\"{&quot;cards_columns&quot;:&quot;2&quot;,&quot;pagination_type&quot;:&quot;load_more_infinite_scroll&quot;,&quot;cards_columns_tablet&quot;:&quot;2&quot;,&quot;cards_columns_mobile&quot;:&quot;1&quot;,&quot;cards_row_gap&quot;:{&quot;unit&quot;:&quot;px&quot;,&quot;size&quot;:35,&quot;sizes&quot;:[]},&quot;cards_row_gap_tablet&quot;:{&quot;unit&quot;:&quot;px&quot;,&quot;size&quot;:&quot;&quot;,&quot;sizes&quot;:[]},&quot;cards_row_gap_mobile&quot;:{&quot;unit&quot;:&quot;px&quot;,&quot;size&quot;:&quot;&quot;,&quot;sizes&quot;:[]},&quot;load_more_spinner&quot;:{&quot;value&quot;:&quot;fas fa-spinner&quot;,&quot;library&quot;:&quot;fa-solid&quot;}}\" data-widget_type=\"posts.cards\">\n\t\t\t\t<div class=\"elementor-widget-container\">\n\t\t\t<link rel=\"stylesheet\" href=\"https:\/\/wearewebrything.com\/l5a\/wp-content\/plugins\/elementor-pro\/assets\/css\/widget-posts.min.css\">\t\t<div class=\"elementor-posts-container elementor-posts elementor-posts--skin-cards elementor-grid\">\n\t\t\t\t<article class=\"elementor-post elementor-grid-item post-36116 post type-post status-publish format-standard has-post-thumbnail hentry category-archives tag-custom-made tag-custom-made-tux tag-leonardo-5th-avenue tag-tux\">\n\t\t\t<div class=\"elementor-post__card\">\n\t\t\t\t<a class=\"elementor-post__thumbnail__link\" href=\"https:\/\/wearewebrything.com\/l5a\/traveler\/\" ><div class=\"elementor-post__thumbnail\"><img loading=\"lazy\" decoding=\"async\" width=\"300\" height=\"197\" src=\"https:\/\/wearewebrything.com\/l5a\/wp-content\/uploads\/2023\/04\/Header-Blog-Traveler-300x197.jpg\" class=\"attachment-medium size-medium wp-image-36171\" alt=\"\" srcset=\"https:\/\/wearewebrything.com\/l5a\/wp-content\/uploads\/2023\/04\/Header-Blog-Traveler-300x197.jpg 300w, https:\/\/wearewebrything.com\/l5a\/wp-content\/uploads\/2023\/04\/Header-Blog-Traveler-1024x673.jpg 1024w, https:\/\/wearewebrything.com\/l5a\/wp-content\/uploads\/2023\/04\/Header-Blog-Traveler-768x505.jpg 768w, https:\/\/wearewebrything.com\/l5a\/wp-content\/uploads\/2023\/04\/Header-Blog-Traveler-1536x1010.jpg 1536w, https:\/\/wearewebrything.com\/l5a\/wp-content\/uploads\/2023\/04\/Header-Blog-Traveler-600x394.jpg 600w, https:\/\/wearewebrything.com\/l5a\/wp-content\/uploads\/2023\/04\/Header-Blog-Traveler.jpg 1920w\" sizes=\"(max-width: 300px) 100vw, 300px\" \/><\/div><\/a>\n\t\t\t\t<div class=\"elementor-post__badge\">Archives<\/div>\n\t\t\t\t<div class=\"elementor-post__text\">\n\t\t\t\t<h3 class=\"elementor-post__title\">\n\t\t\t<a href=\"https:\/\/wearewebrything.com\/l5a\/traveler\/\" >\n\t\t\t\tTRAVELER SS2022\t\t\t<\/a>\n\t\t<\/h3>\n\t\t\t\t<div class=\"elementor-post__excerpt\">\n\t\t\t<p>Traveler Spring Summer 2022 El nuevo-normal se transforma a trav\u00e9s de un viaje por el buen vestir. La nueva colecci\u00f3n Traveler del dise\u00f1ador de moda<\/p>\n\t\t<\/div>\n\t\t\n\t\t<a class=\"elementor-post__read-more\" href=\"https:\/\/wearewebrything.com\/l5a\/traveler\/\" aria-label=\"Read more about TRAVELER SS2022\" >\n\t\t\tRead More \u00bb\t\t<\/a>\n\n\t\t\t\t<\/div>\n\t\t\t\t<div class=\"elementor-post__meta-data\">\n\t\t\t\t\t<span class=\"elementor-post-date\">\n\t\t\tApril 6, 2023\t\t<\/span>\n\t\t\t\t<span class=\"elementor-post-avatar\">\n\t\t\tNo Comments\t\t<\/span>\n\t\t\t\t<\/div>\n\t\t\t\t\t<\/div>\n\t\t<\/article>\n\t\t\t\t<article class=\"elementor-post elementor-grid-item post-35476 post type-post status-publish format-standard has-post-thumbnail hentry category-archives tag-bold tag-bold-collection-ss2023 tag-custom-made tag-custom-made-suit tag-custom-made-tux tag-l5a tag-l5a-bold-ss2023 tag-leonardo-5th-avenue tag-leonardo-5th-avenue-ss2023 tag-new-collection tag-new-york-fashion-week tag-nyfw tag-suit tag-suit-tux-collection tag-tux\">\n\t\t\t<div class=\"elementor-post__card\">\n\t\t\t\t<a class=\"elementor-post__thumbnail__link\" href=\"https:\/\/wearewebrything.com\/l5a\/l5a-new-york-fashion-week\/\" ><div class=\"elementor-post__thumbnail\"><img loading=\"lazy\" decoding=\"async\" width=\"300\" height=\"114\" src=\"https:\/\/wearewebrything.com\/l5a\/wp-content\/uploads\/2023\/03\/Header-Blog-NYFW-2022-300x114.jpg\" class=\"attachment-medium size-medium wp-image-35544\" alt=\"\" srcset=\"https:\/\/wearewebrything.com\/l5a\/wp-content\/uploads\/2023\/03\/Header-Blog-NYFW-2022-300x114.jpg 300w, https:\/\/wearewebrything.com\/l5a\/wp-content\/uploads\/2023\/03\/Header-Blog-NYFW-2022-1024x388.jpg 1024w, https:\/\/wearewebrything.com\/l5a\/wp-content\/uploads\/2023\/03\/Header-Blog-NYFW-2022-768x291.jpg 768w, https:\/\/wearewebrything.com\/l5a\/wp-content\/uploads\/2023\/03\/Header-Blog-NYFW-2022-1536x582.jpg 1536w, https:\/\/wearewebrything.com\/l5a\/wp-content\/uploads\/2023\/03\/Header-Blog-NYFW-2022-600x228.jpg 600w, https:\/\/wearewebrything.com\/l5a\/wp-content\/uploads\/2023\/03\/Header-Blog-NYFW-2022.jpg 1920w\" sizes=\"(max-width: 300px) 100vw, 300px\" \/><\/div><\/a>\n\t\t\t\t<div class=\"elementor-post__badge\">Archives<\/div>\n\t\t\t\t<div class=\"elementor-post__text\">\n\t\t\t\t<h3 class=\"elementor-post__title\">\n\t\t\t<a href=\"https:\/\/wearewebrything.com\/l5a\/l5a-new-york-fashion-week\/\" >\n\t\t\t\tBOLD SS2023\t\t\t<\/a>\n\t\t<\/h3>\n\t\t\t\t<div class=\"elementor-post__excerpt\">\n\t\t\t<p>LEONARDO 5TH AVENUE TAKE OVER NEW YORK FASHION WEEK 2022 BOLD SS2023 is a collection inspired by our contemporary artistic society that portrays optimism and<\/p>\n\t\t<\/div>\n\t\t\n\t\t<a class=\"elementor-post__read-more\" href=\"https:\/\/wearewebrything.com\/l5a\/l5a-new-york-fashion-week\/\" aria-label=\"Read more about BOLD SS2023\" >\n\t\t\tRead More \u00bb\t\t<\/a>\n\n\t\t\t\t<\/div>\n\t\t\t\t<div class=\"elementor-post__meta-data\">\n\t\t\t\t\t<span class=\"elementor-post-date\">\n\t\t\tMarch 24, 2023\t\t<\/span>\n\t\t\t\t<span class=\"elementor-post-avatar\">\n\t\t\tNo Comments\t\t<\/span>\n\t\t\t\t<\/div>\n\t\t\t\t\t<\/div>\n\t\t<\/article>\n\t\t\t\t<article class=\"elementor-post elementor-grid-item post-14102 post type-post status-publish format-standard has-post-thumbnail hentry category-blog\">\n\t\t\t<div class=\"elementor-post__card\">\n\t\t\t\t<a class=\"elementor-post__thumbnail__link\" href=\"https:\/\/wearewebrything.com\/l5a\/3-easy-ways-to-take-your-suit-from-day-to-night\/\" ><div class=\"elementor-post__thumbnail\"><img loading=\"lazy\" decoding=\"async\" width=\"300\" height=\"156\" src=\"https:\/\/wearewebrything.com\/l5a\/wp-content\/uploads\/2022\/05\/Screen-Shot-2022-05-12-at-1.19.25-PM-300x156.png\" class=\"attachment-medium size-medium wp-image-14103\" alt=\"\" srcset=\"https:\/\/wearewebrything.com\/l5a\/wp-content\/uploads\/2022\/05\/Screen-Shot-2022-05-12-at-1.19.25-PM-300x156.png 300w, https:\/\/wearewebrything.com\/l5a\/wp-content\/uploads\/2022\/05\/Screen-Shot-2022-05-12-at-1.19.25-PM-1024x532.png 1024w, https:\/\/wearewebrything.com\/l5a\/wp-content\/uploads\/2022\/05\/Screen-Shot-2022-05-12-at-1.19.25-PM-768x399.png 768w, https:\/\/wearewebrything.com\/l5a\/wp-content\/uploads\/2022\/05\/Screen-Shot-2022-05-12-at-1.19.25-PM-1536x798.png 1536w, https:\/\/wearewebrything.com\/l5a\/wp-content\/uploads\/2022\/05\/Screen-Shot-2022-05-12-at-1.19.25-PM-600x312.png 600w, https:\/\/wearewebrything.com\/l5a\/wp-content\/uploads\/2022\/05\/Screen-Shot-2022-05-12-at-1.19.25-PM.png 1566w\" sizes=\"(max-width: 300px) 100vw, 300px\" \/><\/div><\/a>\n\t\t\t\t<div class=\"elementor-post__badge\">Blog<\/div>\n\t\t\t\t<div class=\"elementor-post__text\">\n\t\t\t\t<h3 class=\"elementor-post__title\">\n\t\t\t<a href=\"https:\/\/wearewebrything.com\/l5a\/3-easy-ways-to-take-your-suit-from-day-to-night\/\" >\n\t\t\t\t3 easy ways to take your suit from day to night\t\t\t<\/a>\n\t\t<\/h3>\n\t\t\t\t<div class=\"elementor-post__excerpt\">\n\t\t\t<p>Contrary to popular belief, suits are very versatile garments!&nbsp;It doesn\u2019t matter if you just want to wear your favorite suit every chance you get or<\/p>\n\t\t<\/div>\n\t\t\n\t\t<a class=\"elementor-post__read-more\" href=\"https:\/\/wearewebrything.com\/l5a\/3-easy-ways-to-take-your-suit-from-day-to-night\/\" aria-label=\"Read more about 3 easy ways to take your suit from day to night\" >\n\t\t\tRead More \u00bb\t\t<\/a>\n\n\t\t\t\t<\/div>\n\t\t\t\t<div class=\"elementor-post__meta-data\">\n\t\t\t\t\t<span class=\"elementor-post-date\">\n\t\t\tMay 12, 2022\t\t<\/span>\n\t\t\t\t<span class=\"elementor-post-avatar\">\n\t\t\tNo Comments\t\t<\/span>\n\t\t\t\t<\/div>\n\t\t\t\t\t<\/div>\n\t\t<\/article>\n\t\t\t\t<article class=\"elementor-post elementor-grid-item post-14099 post type-post status-publish format-standard has-post-thumbnail hentry category-blog\">\n\t\t\t<div class=\"elementor-post__card\">\n\t\t\t\t<a class=\"elementor-post__thumbnail__link\" href=\"https:\/\/wearewebrything.com\/l5a\/what-should-the-groom-wear-to-his-wedding\/\" ><div class=\"elementor-post__thumbnail\"><img loading=\"lazy\" decoding=\"async\" width=\"300\" height=\"193\" src=\"https:\/\/wearewebrything.com\/l5a\/wp-content\/uploads\/2022\/05\/3M3A0144-scaled-e1652375319166-300x193.jpg\" class=\"attachment-medium size-medium wp-image-14100\" alt=\"\" srcset=\"https:\/\/wearewebrything.com\/l5a\/wp-content\/uploads\/2022\/05\/3M3A0144-scaled-e1652375319166-300x193.jpg 300w, https:\/\/wearewebrything.com\/l5a\/wp-content\/uploads\/2022\/05\/3M3A0144-scaled-e1652375319166-1024x660.jpg 1024w, https:\/\/wearewebrything.com\/l5a\/wp-content\/uploads\/2022\/05\/3M3A0144-scaled-e1652375319166-768x495.jpg 768w, https:\/\/wearewebrything.com\/l5a\/wp-content\/uploads\/2022\/05\/3M3A0144-scaled-e1652375319166-1536x990.jpg 1536w, https:\/\/wearewebrything.com\/l5a\/wp-content\/uploads\/2022\/05\/3M3A0144-scaled-e1652375319166-600x387.jpg 600w, https:\/\/wearewebrything.com\/l5a\/wp-content\/uploads\/2022\/05\/3M3A0144-scaled-e1652375319166.jpg 1707w\" sizes=\"(max-width: 300px) 100vw, 300px\" \/><\/div><\/a>\n\t\t\t\t<div class=\"elementor-post__badge\">Blog<\/div>\n\t\t\t\t<div class=\"elementor-post__text\">\n\t\t\t\t<h3 class=\"elementor-post__title\">\n\t\t\t<a href=\"https:\/\/wearewebrything.com\/l5a\/what-should-the-groom-wear-to-his-wedding\/\" >\n\t\t\t\tWhat should the groom wear to his wedding?\t\t\t<\/a>\n\t\t<\/h3>\n\t\t\t\t<div class=\"elementor-post__excerpt\">\n\t\t\t<p>When we think about weddings, we usually picture the bride in her dress. But, what about the groom? What should he wear when he says:<\/p>\n\t\t<\/div>\n\t\t\n\t\t<a class=\"elementor-post__read-more\" href=\"https:\/\/wearewebrything.com\/l5a\/what-should-the-groom-wear-to-his-wedding\/\" aria-label=\"Read more about What should the groom wear to his wedding?\" >\n\t\t\tRead More \u00bb\t\t<\/a>\n\n\t\t\t\t<\/div>\n\t\t\t\t<div class=\"elementor-post__meta-data\">\n\t\t\t\t\t<span class=\"elementor-post-date\">\n\t\t\tMay 12, 2022\t\t<\/span>\n\t\t\t\t<span class=\"elementor-post-avatar\">\n\t\t\tNo Comments\t\t<\/span>\n\t\t\t\t<\/div>\n\t\t\t\t\t<\/div>\n\t\t<\/article>\n\t\t\t\t<article class=\"elementor-post elementor-grid-item post-36207 post type-post status-publish format-standard has-post-thumbnail hentry category-archives tag-custom-made tag-custom-made-suit tag-custom-made-tux tag-leonardo-5th-avenue tag-suit-tux-collection tag-tux\">\n\t\t\t<div class=\"elementor-post__card\">\n\t\t\t\t<a class=\"elementor-post__thumbnail__link\" href=\"https:\/\/wearewebrything.com\/l5a\/last-dance\/\" ><div class=\"elementor-post__thumbnail\"><img loading=\"lazy\" decoding=\"async\" width=\"300\" height=\"197\" src=\"https:\/\/wearewebrything.com\/l5a\/wp-content\/uploads\/2022\/04\/Header-Last-Dance-300x197.jpg\" class=\"attachment-medium size-medium wp-image-36248\" alt=\"\" srcset=\"https:\/\/wearewebrything.com\/l5a\/wp-content\/uploads\/2022\/04\/Header-Last-Dance-300x197.jpg 300w, https:\/\/wearewebrything.com\/l5a\/wp-content\/uploads\/2022\/04\/Header-Last-Dance-1024x673.jpg 1024w, https:\/\/wearewebrything.com\/l5a\/wp-content\/uploads\/2022\/04\/Header-Last-Dance-768x505.jpg 768w, https:\/\/wearewebrything.com\/l5a\/wp-content\/uploads\/2022\/04\/Header-Last-Dance-1536x1010.jpg 1536w, https:\/\/wearewebrything.com\/l5a\/wp-content\/uploads\/2022\/04\/Header-Last-Dance-600x394.jpg 600w, https:\/\/wearewebrything.com\/l5a\/wp-content\/uploads\/2022\/04\/Header-Last-Dance.jpg 1920w\" sizes=\"(max-width: 300px) 100vw, 300px\" \/><\/div><\/a>\n\t\t\t\t<div class=\"elementor-post__badge\">Archives<\/div>\n\t\t\t\t<div class=\"elementor-post__text\">\n\t\t\t\t<h3 class=\"elementor-post__title\">\n\t\t\t<a href=\"https:\/\/wearewebrything.com\/l5a\/last-dance\/\" >\n\t\t\t\tLAST DANCE FW2023\t\t\t<\/a>\n\t\t<\/h3>\n\t\t\t\t<div class=\"elementor-post__excerpt\">\n\t\t\t<p>Last Dance Fall-Winter 2023 Last Dance fall-winter 2023 by fashion designer Leonardo Cordero Suria. Through this new proposal he celebrates life and once again evokes<\/p>\n\t\t<\/div>\n\t\t\n\t\t<a class=\"elementor-post__read-more\" href=\"https:\/\/wearewebrything.com\/l5a\/last-dance\/\" aria-label=\"Read more about LAST DANCE FW2023\" >\n\t\t\tRead More \u00bb\t\t<\/a>\n\n\t\t\t\t<\/div>\n\t\t\t\t<div class=\"elementor-post__meta-data\">\n\t\t\t\t\t<span class=\"elementor-post-date\">\n\t\t\tApril 12, 2022\t\t<\/span>\n\t\t\t\t<span class=\"elementor-post-avatar\">\n\t\t\tNo Comments\t\t<\/span>\n\t\t\t\t<\/div>\n\t\t\t\t\t<\/div>\n\t\t<\/article>\n\t\t\t\t<article class=\"elementor-post elementor-grid-item post-35936 post type-post status-publish format-standard has-post-thumbnail hentry category-archives tag-l5a-nation tag-authority-l5a tag-custom-made tag-leonardo-5th-avenue tag-new-collection tag-tux\">\n\t\t\t<div class=\"elementor-post__card\">\n\t\t\t\t<a class=\"elementor-post__thumbnail__link\" href=\"https:\/\/wearewebrything.com\/l5a\/elementor-35936\/\" ><div class=\"elementor-post__thumbnail\"><img loading=\"lazy\" decoding=\"async\" width=\"300\" height=\"197\" src=\"https:\/\/wearewebrything.com\/l5a\/wp-content\/uploads\/2023\/03\/Header-Authority-300x197.jpg\" class=\"attachment-medium size-medium wp-image-35937\" alt=\"\" srcset=\"https:\/\/wearewebrything.com\/l5a\/wp-content\/uploads\/2023\/03\/Header-Authority-300x197.jpg 300w, https:\/\/wearewebrything.com\/l5a\/wp-content\/uploads\/2023\/03\/Header-Authority-1024x673.jpg 1024w, https:\/\/wearewebrything.com\/l5a\/wp-content\/uploads\/2023\/03\/Header-Authority-768x505.jpg 768w, https:\/\/wearewebrything.com\/l5a\/wp-content\/uploads\/2023\/03\/Header-Authority-1536x1010.jpg 1536w, https:\/\/wearewebrything.com\/l5a\/wp-content\/uploads\/2023\/03\/Header-Authority-600x394.jpg 600w, https:\/\/wearewebrything.com\/l5a\/wp-content\/uploads\/2023\/03\/Header-Authority.jpg 1920w\" sizes=\"(max-width: 300px) 100vw, 300px\" \/><\/div><\/a>\n\t\t\t\t<div class=\"elementor-post__badge\">Archives<\/div>\n\t\t\t\t<div class=\"elementor-post__text\">\n\t\t\t\t<h3 class=\"elementor-post__title\">\n\t\t\t<a href=\"https:\/\/wearewebrything.com\/l5a\/elementor-35936\/\" >\n\t\t\t\tAUTHORITY FW2019\t\t\t<\/a>\n\t\t<\/h3>\n\t\t\t\t<div class=\"elementor-post__excerpt\">\n\t\t\t<p>AUTHORITY FALL 2019 Like a fashion forecast, the new &#8220;Authority&#8221; collection by designer Leonardo Cordero Suria fills your image with the future. The proposal displays<\/p>\n\t\t<\/div>\n\t\t\n\t\t<a class=\"elementor-post__read-more\" href=\"https:\/\/wearewebrything.com\/l5a\/elementor-35936\/\" aria-label=\"Read more about AUTHORITY FW2019\" >\n\t\t\tRead More \u00bb\t\t<\/a>\n\n\t\t\t\t<\/div>\n\t\t\t\t<div class=\"elementor-post__meta-data\">\n\t\t\t\t\t<span class=\"elementor-post-date\">\n\t\t\tMay 15, 2019\t\t<\/span>\n\t\t\t\t<span class=\"elementor-post-avatar\">\n\t\t\tNo Comments\t\t<\/span>\n\t\t\t\t<\/div>\n\t\t\t\t\t<\/div>\n\t\t<\/article>\n\t\t\t\t<article class=\"elementor-post elementor-grid-item post-35671 post type-post status-publish format-standard has-post-thumbnail hentry category-archives tag-custom-made tag-leonardo-5th-avenue tag-suit tag-tux\">\n\t\t\t<div class=\"elementor-post__card\">\n\t\t\t\t<a class=\"elementor-post__thumbnail__link\" href=\"https:\/\/wearewebrything.com\/l5a\/sunset-l5a-ss2019\/\" ><div class=\"elementor-post__thumbnail\"><img loading=\"lazy\" decoding=\"async\" width=\"300\" height=\"197\" src=\"https:\/\/wearewebrything.com\/l5a\/wp-content\/uploads\/2023\/03\/Header-Blog-Sunset-2-300x197.jpg\" class=\"attachment-medium size-medium wp-image-35774\" alt=\"\" srcset=\"https:\/\/wearewebrything.com\/l5a\/wp-content\/uploads\/2023\/03\/Header-Blog-Sunset-2-300x197.jpg 300w, https:\/\/wearewebrything.com\/l5a\/wp-content\/uploads\/2023\/03\/Header-Blog-Sunset-2-1024x673.jpg 1024w, https:\/\/wearewebrything.com\/l5a\/wp-content\/uploads\/2023\/03\/Header-Blog-Sunset-2-768x505.jpg 768w, https:\/\/wearewebrything.com\/l5a\/wp-content\/uploads\/2023\/03\/Header-Blog-Sunset-2-1536x1010.jpg 1536w, https:\/\/wearewebrything.com\/l5a\/wp-content\/uploads\/2023\/03\/Header-Blog-Sunset-2-600x394.jpg 600w, https:\/\/wearewebrything.com\/l5a\/wp-content\/uploads\/2023\/03\/Header-Blog-Sunset-2.jpg 1920w\" sizes=\"(max-width: 300px) 100vw, 300px\" \/><\/div><\/a>\n\t\t\t\t<div class=\"elementor-post__badge\">Archives<\/div>\n\t\t\t\t<div class=\"elementor-post__text\">\n\t\t\t\t<h3 class=\"elementor-post__title\">\n\t\t\t<a href=\"https:\/\/wearewebrything.com\/l5a\/sunset-l5a-ss2019\/\" >\n\t\t\t\tSUNSET SS2019\t\t\t<\/a>\n\t\t<\/h3>\n\t\t\t\t<div class=\"elementor-post__excerpt\">\n\t\t\t<p>Sunset SS2019 by Leonardo Cordero Suria It is a collection for a young gentleman, or one who projects himself to be young, who cares particularly<\/p>\n\t\t<\/div>\n\t\t\n\t\t<a class=\"elementor-post__read-more\" href=\"https:\/\/wearewebrything.com\/l5a\/sunset-l5a-ss2019\/\" aria-label=\"Read more about SUNSET SS2019\" >\n\t\t\tRead More \u00bb\t\t<\/a>\n\n\t\t\t\t<\/div>\n\t\t\t\t<div class=\"elementor-post__meta-data\">\n\t\t\t\t\t<span class=\"elementor-post-date\">\n\t\t\tMarch 28, 2019\t\t<\/span>\n\t\t\t\t<span class=\"elementor-post-avatar\">\n\t\t\tNo Comments\t\t<\/span>\n\t\t\t\t<\/div>\n\t\t\t\t\t<\/div>\n\t\t<\/article>\n\t\t\t\t<article class=\"elementor-post elementor-grid-item post-35781 post type-post status-publish format-standard has-post-thumbnail hentry category-archives tag-custom-made-tux tag-leonardo-5th-avenue tag-suit tag-tux\">\n\t\t\t<div class=\"elementor-post__card\">\n\t\t\t\t<a class=\"elementor-post__thumbnail__link\" href=\"https:\/\/wearewebrything.com\/l5a\/revival-rock-n-roll-collection\/\" ><div class=\"elementor-post__thumbnail\"><img loading=\"lazy\" decoding=\"async\" width=\"300\" height=\"197\" src=\"https:\/\/wearewebrything.com\/l5a\/wp-content\/uploads\/2023\/03\/Header-Blog-Revival-300x197.jpg\" class=\"attachment-medium size-medium wp-image-35895\" alt=\"\" srcset=\"https:\/\/wearewebrything.com\/l5a\/wp-content\/uploads\/2023\/03\/Header-Blog-Revival-300x197.jpg 300w, https:\/\/wearewebrything.com\/l5a\/wp-content\/uploads\/2023\/03\/Header-Blog-Revival-1024x673.jpg 1024w, https:\/\/wearewebrything.com\/l5a\/wp-content\/uploads\/2023\/03\/Header-Blog-Revival-768x505.jpg 768w, https:\/\/wearewebrything.com\/l5a\/wp-content\/uploads\/2023\/03\/Header-Blog-Revival-1536x1010.jpg 1536w, https:\/\/wearewebrything.com\/l5a\/wp-content\/uploads\/2023\/03\/Header-Blog-Revival-600x394.jpg 600w, https:\/\/wearewebrything.com\/l5a\/wp-content\/uploads\/2023\/03\/Header-Blog-Revival.jpg 1920w\" sizes=\"(max-width: 300px) 100vw, 300px\" \/><\/div><\/a>\n\t\t\t\t<div class=\"elementor-post__badge\">Archives<\/div>\n\t\t\t\t<div class=\"elementor-post__text\">\n\t\t\t\t<h3 class=\"elementor-post__title\">\n\t\t\t<a href=\"https:\/\/wearewebrything.com\/l5a\/revival-rock-n-roll-collection\/\" >\n\t\t\t\tREVIVAL FW2018\t\t\t<\/a>\n\t\t<\/h3>\n\t\t\t\t<div class=\"elementor-post__excerpt\">\n\t\t\t<p>ROCK &amp; ROLL REVIVAL FW2018 Yes, there is a similarity between rock &amp; roll and formal men&#8217;s fashion. Let&#8217;s not forget that Elton John, David<\/p>\n\t\t<\/div>\n\t\t\n\t\t<a class=\"elementor-post__read-more\" href=\"https:\/\/wearewebrything.com\/l5a\/revival-rock-n-roll-collection\/\" aria-label=\"Read more about REVIVAL FW2018\" >\n\t\t\tRead More \u00bb\t\t<\/a>\n\n\t\t\t\t<\/div>\n\t\t\t\t<div class=\"elementor-post__meta-data\">\n\t\t\t\t\t<span class=\"elementor-post-date\">\n\t\t\tSeptember 30, 2018\t\t<\/span>\n\t\t\t\t<span class=\"elementor-post-avatar\">\n\t\t\tNo Comments\t\t<\/span>\n\t\t\t\t<\/div>\n\t\t\t\t\t<\/div>\n\t\t<\/article>\n\t\t\t\t<article class=\"elementor-post elementor-grid-item post-1 post type-post status-publish format-standard has-post-thumbnail hentry category-blog tag-blog tag-suits tag-tux\">\n\t\t\t<div class=\"elementor-post__card\">\n\t\t\t\t<a class=\"elementor-post__thumbnail__link\" href=\"https:\/\/wearewebrything.com\/l5a\/wedding-tuxedos\/\" ><div class=\"elementor-post__thumbnail\"><img loading=\"lazy\" decoding=\"async\" width=\"300\" height=\"200\" src=\"https:\/\/wearewebrything.com\/l5a\/wp-content\/uploads\/2016\/05\/DSCF2879-300x200.jpg\" class=\"attachment-medium size-medium wp-image-35888\" alt=\"\" srcset=\"https:\/\/wearewebrything.com\/l5a\/wp-content\/uploads\/2016\/05\/DSCF2879-300x200.jpg 300w, https:\/\/wearewebrything.com\/l5a\/wp-content\/uploads\/2016\/05\/DSCF2879-1024x683.jpg 1024w, https:\/\/wearewebrything.com\/l5a\/wp-content\/uploads\/2016\/05\/DSCF2879-768x512.jpg 768w, https:\/\/wearewebrything.com\/l5a\/wp-content\/uploads\/2016\/05\/DSCF2879-1536x1024.jpg 1536w, https:\/\/wearewebrything.com\/l5a\/wp-content\/uploads\/2016\/05\/DSCF2879-600x400.jpg 600w, https:\/\/wearewebrything.com\/l5a\/wp-content\/uploads\/2016\/05\/DSCF2879.jpg 2048w\" sizes=\"(max-width: 300px) 100vw, 300px\" \/><\/div><\/a>\n\t\t\t\t<div class=\"elementor-post__badge\">Blog<\/div>\n\t\t\t\t<div class=\"elementor-post__text\">\n\t\t\t\t<h3 class=\"elementor-post__title\">\n\t\t\t<a href=\"https:\/\/wearewebrything.com\/l5a\/wedding-tuxedos\/\" >\n\t\t\t\tWhat you need to know before buying a suit\t\t\t<\/a>\n\t\t<\/h3>\n\t\t\t\t<div class=\"elementor-post__excerpt\">\n\t\t\t<p>Diving into the world of formalwear can be a bit overwhelming, especially when you are going to purchase a suit. Not many people know it,<\/p>\n\t\t<\/div>\n\t\t\n\t\t<a class=\"elementor-post__read-more\" href=\"https:\/\/wearewebrything.com\/l5a\/wedding-tuxedos\/\" aria-label=\"Read more about What you need to know before buying a suit\" >\n\t\t\tRead More \u00bb\t\t<\/a>\n\n\t\t\t\t<\/div>\n\t\t\t\t<div class=\"elementor-post__meta-data\">\n\t\t\t\t\t<span class=\"elementor-post-date\">\n\t\t\tMay 10, 2016\t\t<\/span>\n\t\t\t\t<span class=\"elementor-post-avatar\">\n\t\t\tNo Comments\t\t<\/span>\n\t\t\t\t<\/div>\n\t\t\t\t\t<\/div>\n\t\t<\/article>\n\t\t\t\t<\/div>\n\t\t\t\t\t<span class=\"e-load-more-spinner\">\n\t\t\t\t<i aria-hidden=\"true\" class=\"fas fa-spinner\"><\/i>\t\t\t<\/span>\n\t\t\n\t\t\t\t<\/div>\n\t\t\t\t<\/div>\n\t\t\t\t\t<\/div>\n\t\t<\/div>\n\t\t\t\t\t\t\t<\/div>\n\t\t<\/section>\n\t\t\t\t\t\t\t<\/div>\n\t\t","protected":false},"excerpt":{"rendered":"<p>Blog<\/p>\n","protected":false},"author":1,"featured_media":0,"parent":0,"menu_order":0,"comment_status":"closed","ping_status":"closed","template":"","meta":{"footnotes":""},"_links":{"self":[{"href":"https:\/\/wearewebrything.com\/l5a\/wp-json\/wp\/v2\/pages\/181"}],"collection":[{"href":"https:\/\/wearewebrything.com\/l5a\/wp-json\/wp\/v2\/pages"}],"about":[{"href":"https:\/\/wearewebrything.com\/l5a\/wp-json\/wp\/v2\/types\/page"}],"author":[{"embeddable":true,"href":"https:\/\/wearewebrything.com\/l5a\/wp-json\/wp\/v2\/users\/1"}],"replies":[{"embeddable":true,"href":"https:\/\/wearewebrything.com\/l5a\/wp-json\/wp\/v2\/comments?post=181"}],"version-history":[{"count":29,"href":"https:\/\/wearewebrything.com\/l5a\/wp-json\/wp\/v2\/pages\/181\/revisions"}],"predecessor-version":[{"id":36247,"href":"https:\/\/wearewebrything.com\/l5a\/wp-json\/wp\/v2\/pages\/181\/revisions\/36247"}],"wp:attachment":[{"href":"https:\/\/wearewebrything.com\/l5a\/wp-json\/wp\/v2\/media?parent=181"}],"curies":[{"name":"wp","href":"https:\/\/api.w.org\/{rel}","templated":true}]}}