{"id":1980,"date":"2025-10-09T21:28:50","date_gmt":"2025-10-09T21:28:50","guid":{"rendered":"https:\/\/wearewebrything.com\/municipiocarolina\/?page_id=1980"},"modified":"2026-01-29T14:14:17","modified_gmt":"2026-01-29T14:14:17","slug":"historia","status":"publish","type":"page","link":"https:\/\/wearewebrything.com\/municipiocarolina\/historia\/","title":{"rendered":"Historia"},"content":{"rendered":"\t\t<div data-elementor-type=\"wp-page\" data-elementor-id=\"1980\" class=\"elementor elementor-1980\" data-elementor-post-type=\"page\">\n\t\t\t\t<div class=\"elementor-element elementor-element-6b320f23 e-flex e-con-boxed wpr-particle-no wpr-jarallax-no wpr-parallax-no wpr-sticky-section-no wpr-equal-height-no e-con e-parent\" data-id=\"6b320f23\" data-element_type=\"container\" data-e-type=\"container\" id=\"fixed-parent\">\n\t\t\t\t\t<div class=\"e-con-inner\">\n\t\t<div class=\"elementor-element elementor-element-5d80f9f4 e-con-full elementor-hidden-tablet elementor-hidden-mobile elementor-hidden-desktop e-flex wpr-particle-no wpr-jarallax-no wpr-parallax-no wpr-sticky-section-no wpr-equal-height-no e-con e-child\" data-id=\"5d80f9f4\" data-element_type=\"container\" data-e-type=\"container\" id=\"enlaces-fixed-col\" data-settings=\"{&quot;background_background&quot;:&quot;classic&quot;}\">\n\t\t\t\t<\/div>\n\t\t<div class=\"elementor-element elementor-element-6eb25734 e-con-full e-flex wpr-particle-no wpr-jarallax-no wpr-parallax-no wpr-sticky-section-no wpr-equal-height-no e-con e-child\" data-id=\"6eb25734\" data-element_type=\"container\" data-e-type=\"container\">\n\t\t<div class=\"elementor-element elementor-element-364cd7c e-con-full e-flex wpr-particle-no wpr-jarallax-no wpr-parallax-no wpr-sticky-section-no wpr-equal-height-no e-con e-child\" data-id=\"364cd7c\" data-element_type=\"container\" data-e-type=\"container\" data-settings=\"{&quot;background_background&quot;:&quot;classic&quot;}\">\n\t\t\t\t<div class=\"elementor-element elementor-element-72aa3e55 elementor-widget__width-initial elementor-widget elementor-widget-heading\" data-id=\"72aa3e55\" data-element_type=\"widget\" data-e-type=\"widget\" data-widget_type=\"heading.default\">\n\t\t\t\t\t<h2 class=\"elementor-heading-title elementor-size-default\">HISTORIA<\/h2>\t\t\t\t<\/div>\n\t\t\t\t<\/div>\n\t\t<div class=\"elementor-element elementor-element-49aca86 e-con-full elementor-hidden-desktop e-flex wpr-particle-no wpr-jarallax-no wpr-parallax-no wpr-sticky-section-no wpr-equal-height-no e-con e-child\" data-id=\"49aca86\" data-element_type=\"container\" data-e-type=\"container\">\n\t\t\t\t<div class=\"elementor-element elementor-element-8a718f3 elementor-hidden-desktop elementor-hidden-mobile elementor-widget elementor-widget-text-editor\" data-id=\"8a718f3\" data-element_type=\"widget\" data-e-type=\"widget\" data-widget_type=\"text-editor.default\">\n\t\t\t\t\t\t\t\t\t<p><img fetchpriority=\"high\" decoding=\"async\" class=\" wp-image-847 alignleft\" src=\"http:\/\/wearewebrything.com\/municipiocarolina\/wp-content\/uploads\/2025\/10\/FOTO-OFICIAL-ALCALDE-CORREGIDA-2013-scaled-1-213x300.png\" alt=\"\" width=\"204\" height=\"288\" srcset=\"https:\/\/wearewebrything.com\/municipiocarolina\/wp-content\/uploads\/2025\/10\/FOTO-OFICIAL-ALCALDE-CORREGIDA-2013-scaled-1-213x300.png 213w, https:\/\/wearewebrything.com\/municipiocarolina\/wp-content\/uploads\/2025\/10\/FOTO-OFICIAL-ALCALDE-CORREGIDA-2013-scaled-1-727x1024.png 727w, https:\/\/wearewebrything.com\/municipiocarolina\/wp-content\/uploads\/2025\/10\/FOTO-OFICIAL-ALCALDE-CORREGIDA-2013-scaled-1-768x1082.png 768w, https:\/\/wearewebrything.com\/municipiocarolina\/wp-content\/uploads\/2025\/10\/FOTO-OFICIAL-ALCALDE-CORREGIDA-2013-scaled-1.png 1000w\" sizes=\"(max-width: 204px) 100vw, 204px\" \/>Somos la Tierra de Gigantes; y cada d\u00eda, nuestra gente hace honor a la gran responsabilidad que implica cumplir con el patrimonio de figuras tan grandes como su gesta misma.<\/p><p>Los descendientes de Clemente, los sucesores de Julia, los hijos de Sanrom\u00e1, Pi\u00f1ero, Alberty\u2026 Somos los que vivimos en un espacio construido con el sudor de nuestra gente y con la conciencia fuerte de ser justos con los recursos que hemos cosechado.<\/p><p>Esta plataforma web, ha sido instrumento eficaz para acercarnos a las familias y al mundo. Aqu\u00ed encontrar\u00e1s informaci\u00f3n valiosa sobre nuestra gesti\u00f3n municipal, nuestra historia, cultura y todos esos elementos que nos distinguen como carolinenses.<\/p><p>Aqu\u00ed tambi\u00e9n encuentras enlaces de inter\u00e9s y espacios para acceder a los servicios del Municipio Aut\u00f3nomo de Carolina.<\/p><p>Agradezco tu visita\u2026 Pues nuestra Ciudad cree en la capacidad que todos tenemos para crear grandes cosas; somos gestores de oportunidades y de crecimiento. Somos los responsables de colaborar a la felicidad colectiva\u2026<\/p>\t\t\t\t\t\t\t\t<\/div>\n\t\t\t\t<div class=\"elementor-element elementor-element-81b5968 elementor-hidden-desktop elementor-hidden-tablet elementor-widget elementor-widget-text-editor\" data-id=\"81b5968\" data-element_type=\"widget\" data-e-type=\"widget\" data-widget_type=\"text-editor.default\">\n\t\t\t\t\t\t\t\t\t<p><img decoding=\"async\" class=\" wp-image-847 alignleft\" src=\"http:\/\/wearewebrything.com\/municipiocarolina\/wp-content\/uploads\/2025\/10\/FOTO-OFICIAL-ALCALDE-CORREGIDA-2013-scaled-1-213x300.png\" alt=\"\" width=\"136\" height=\"191\" srcset=\"https:\/\/wearewebrything.com\/municipiocarolina\/wp-content\/uploads\/2025\/10\/FOTO-OFICIAL-ALCALDE-CORREGIDA-2013-scaled-1-213x300.png 213w, https:\/\/wearewebrything.com\/municipiocarolina\/wp-content\/uploads\/2025\/10\/FOTO-OFICIAL-ALCALDE-CORREGIDA-2013-scaled-1-727x1024.png 727w, https:\/\/wearewebrything.com\/municipiocarolina\/wp-content\/uploads\/2025\/10\/FOTO-OFICIAL-ALCALDE-CORREGIDA-2013-scaled-1-768x1082.png 768w, https:\/\/wearewebrything.com\/municipiocarolina\/wp-content\/uploads\/2025\/10\/FOTO-OFICIAL-ALCALDE-CORREGIDA-2013-scaled-1.png 1000w\" sizes=\"(max-width: 136px) 100vw, 136px\" \/>Somos la Tierra de Gigantes; y cada d\u00eda, nuestra gente hace honor a la gran responsabilidad que implica cumplir con el patrimonio de figuras tan grandes como su gesta misma.<\/p><p>Los descendientes de Clemente, los sucesores de Julia, los hijos de Sanrom\u00e1, Pi\u00f1ero, Alberty\u2026 Somos los que vivimos en un espacio construido con el sudor de nuestra gente y con la conciencia fuerte de ser justos con los recursos que hemos cosechado.<\/p><p>Esta plataforma web, ha sido instrumento eficaz para acercarnos a las familias y al mundo. Aqu\u00ed encontrar\u00e1s informaci\u00f3n valiosa sobre nuestra gesti\u00f3n municipal, nuestra historia, cultura y todos esos elementos que nos distinguen como carolinenses.<\/p><p>Aqu\u00ed tambi\u00e9n encuentras enlaces de inter\u00e9s y espacios para acceder a los servicios del Municipio Aut\u00f3nomo de Carolina.<\/p><p>Agradezco tu visita\u2026 Pues nuestra Ciudad cree en la capacidad que todos tenemos para crear grandes cosas; somos gestores de oportunidades y de crecimiento. Somos los responsables de colaborar a la felicidad colectiva\u2026<\/p>\t\t\t\t\t\t\t\t<\/div>\n\t\t<div class=\"elementor-element elementor-element-aeb2a97 e-con-full e-flex wpr-particle-no wpr-jarallax-no wpr-parallax-no wpr-sticky-section-no wpr-equal-height-no e-con e-child\" data-id=\"aeb2a97\" data-element_type=\"container\" data-e-type=\"container\" data-settings=\"{&quot;background_background&quot;:&quot;classic&quot;}\">\n\t\t\t\t<div class=\"elementor-element elementor-element-665f2a8 elementor-widget elementor-widget-heading\" data-id=\"665f2a8\" data-element_type=\"widget\" data-e-type=\"widget\" data-widget_type=\"heading.default\">\n\t\t\t\t\t<h5 class=\"elementor-heading-title elementor-size-default\">Somos Gigantes de esp\u00edritu, <span style=\"color: #F86327\">\u00a1Somos Carolina!<\/span><\/h5>\t\t\t\t<\/div>\n\t\t\t\t<div class=\"elementor-element elementor-element-c90af06 elementor-widget elementor-widget-heading\" data-id=\"c90af06\" data-element_type=\"widget\" data-e-type=\"widget\" data-widget_type=\"heading.default\">\n\t\t\t\t\t<h6 class=\"elementor-heading-title elementor-size-default\">- Jos\u00e9 Carlos Aponte Dalmau, <span style=\"font-weight: 400\">Alcalde<\/span><\/h6>\t\t\t\t<\/div>\n\t\t\t\t<\/div>\n\t\t\t\t<\/div>\n\t\t<div class=\"elementor-element elementor-element-2c32207 e-con-full e-flex wpr-particle-no wpr-jarallax-no wpr-parallax-no wpr-sticky-section-no wpr-equal-height-no e-con e-child\" data-id=\"2c32207\" data-element_type=\"container\" data-e-type=\"container\">\n\t\t\t\t<div class=\"elementor-element elementor-element-ace7925 elementor-widget elementor-widget-text-editor\" data-id=\"ace7925\" data-element_type=\"widget\" data-e-type=\"widget\" data-widget_type=\"text-editor.default\">\n\t\t\t\t\t\t\t\t\t<span class=\"somos-text\">1857<\/span> Los barrios Barrazas, Cacao, Cangrejo Arriba, Canovanillas, Hoyo Mulas, Carruzos, Cedros, Mart\u00edn Gonz\u00e1lez, Sabana Abajo, San Ant\u00f3n, Santa Cruz y Trujillo Bajo, pertenecientes a la jurisdicci\u00f3n de Trujillo Alto, se independizaron y formaron el nuevo municipio de Trujillo Bajo.\n<br><br>\nlos barrios Barrazas, Cacao, Cangrejo Arriba, Canovanillas, Hoyo Mulas, Carruzos, Cedros, Mart\u00edn Gonz\u00e1lez, Sabana Abajo, San Ant\u00f3n, Santa Cruz y Trujillo Bajo, pertenecientes a la jurisdicci\u00f3n de Trujillo Alto, se independizaron y formaron el nuevo municipio de Trujillo Bajo.\n<br><br>\nEl poblado de San Miguel de Trujillo Bajo constitu\u00eda la zona urbana del nuevo municipio, que quedaba al sureste del R\u00edo Grande de Lo\u00edza. Pero las haciendas m\u00e1s grandes y las personas m\u00e1s ricas e influyentes se encontraban en los barrios de Hoyo Mulas, Mart\u00edn Gonz\u00e1lez, San Ant\u00f3n y Sabana Abajo, ubicado al norte del r\u00edo.\n<br><br>\nEstas personas eran las que m\u00e1s tributos pagaban y las que m\u00e1s riquezas agr\u00edcolas pose\u00edan, mientras que resultaban ser las m\u00e1s perjudicadas por su localizaci\u00f3n, ya que las frecuentes crecidas del R\u00edo Grande de Lo\u00edza las manten\u00edan incomunicadas con la parte sur del r\u00edo donde ubica el pueblo, y por consiguiente, permanec\u00edan desprovistas de los servicios b\u00e1sicos, tales como la administraci\u00f3n de la justicia y de los servicios religiosos, a los cuales ten\u00edan justos derechos.\t\t\t\t\t\t\t\t<\/div>\n\t\t\t\t<div class=\"elementor-element elementor-element-2bb5285 elementor-widget elementor-widget-text-editor\" data-id=\"2bb5285\" data-element_type=\"widget\" data-e-type=\"widget\" data-widget_type=\"text-editor.default\">\n\t\t\t\t\t\t\t\t\t<span class=\"somos-text\">1851<\/span> Personas influyentes de la zona norte del r\u00edo comienzan a realizar gestiones con el gobierno central para que se traslade el pueblo a un lugar al norte del r\u00edo llamado \u201cLa Carolina\u201d.\t\t\t\t\t\t\t\t<\/div>\n\t\t\t\t<div class=\"elementor-element elementor-element-bd4213a elementor-widget elementor-widget-text-editor\" data-id=\"bd4213a\" data-element_type=\"widget\" data-e-type=\"widget\" data-widget_type=\"text-editor.default\">\n\t\t\t\t\t\t\t\t\t<span class=\"somos-text\">1857<\/span> Finalmente, y luego de vencer muchas dificultades, el 31 de enero de 1857 se funda el tan esperado pueblo, en el lugar llamado \u201cLa Carolina\u201d, en el Barrio Hoyo Mulas, al norte del r\u00edo. El mismo ten\u00eda bajo su jurisdicci\u00f3n los barrios de Hoyo Mulas, San Ant\u00f3n, Mart\u00edn Gonz\u00e1lez y Sabana Abajo, los cuales quedan separados del pueblo de San Miguel de Trujillo Bajo.\t\t\t\t\t\t\t\t<\/div>\n\t\t\t\t<\/div>\n\t\t<div class=\"elementor-element elementor-element-9b3ffcf e-con-full e-flex wpr-particle-no wpr-jarallax-no wpr-parallax-no wpr-sticky-section-no wpr-equal-height-no e-con e-child\" data-id=\"9b3ffcf\" data-element_type=\"container\" data-e-type=\"container\">\n\t\t<div class=\"elementor-element elementor-element-f91acc6 e-grid e-con-full wpr-particle-no wpr-jarallax-no wpr-parallax-no wpr-sticky-section-no wpr-equal-height-no e-con e-child\" data-id=\"f91acc6\" data-element_type=\"container\" data-e-type=\"container\">\n\t\t<div class=\"elementor-element elementor-element-ec0e121 e-con-full e-flex wpr-particle-no wpr-jarallax-no wpr-parallax-no wpr-sticky-section-no wpr-equal-height-no e-con e-child\" data-id=\"ec0e121\" data-element_type=\"container\" data-e-type=\"container\">\n\t\t\t\t<div class=\"elementor-element elementor-element-92b7d00 elementor-widget elementor-widget-text-editor\" data-id=\"92b7d00\" data-element_type=\"widget\" data-e-type=\"widget\" data-widget_type=\"text-editor.default\">\n\t\t\t\t\t\t\t\t\tFinalmente, y luego de vencer muchas dificultades, el 31 de enero de 1857 se funda el tan esperado pueblo, en el lugar llamado \u201cLa Carolina\u201d, en el Barrio Hoyo Mulas, al norte del r\u00edo. El mismo ten\u00eda bajo su jurisdicci\u00f3n los barrios de Hoyo Mulas, San Ant\u00f3n, Mart\u00edn Gonz\u00e1lez y Sabana Abajo, los cuales quedan separados del pueblo de San Miguel de Trujillo Bajo.\n<br><br>\nLa idea de fundar un nuevo pueblo de don Lorenzo Vizcarrondo y Ortiz de Zarate. La noble familia de Vizcarrondo, tan intimamente vinculada a la historia de Carolina, es originaria del lugar de Zugarramendi, sitio en el valle de Bazt\u00e1n, en el antiguo reino de Navarra.\n<br><br>\nDe esa familia tambi\u00e9n se distinguieron otros pr\u00f3ceres, Don Julio de Vizcarrondo y Coronado, fundador en Madrid de la Sociedad Abolicionista Espa\u00f1ola, y Don Manuel de Elzaburu y Vizcarrondo, fundador en San Juan del Ateneo Puertorrique\u00f1o.\t\t\t\t\t\t\t\t<\/div>\n\t\t\t\t<\/div>\n\t\t<div class=\"elementor-element elementor-element-970d347 e-con-full e-flex wpr-particle-no wpr-jarallax-no wpr-parallax-no wpr-sticky-section-no wpr-equal-height-no e-con e-child\" data-id=\"970d347\" data-element_type=\"container\" data-e-type=\"container\">\n\t\t\t\t<div class=\"elementor-element elementor-element-e5e63ce elementor-widget elementor-widget-image\" data-id=\"e5e63ce\" data-element_type=\"widget\" data-e-type=\"widget\" data-widget_type=\"image.default\">\n\t\t\t\t\t\t\t\t\t\t\t\t\t\t\t<img decoding=\"async\" width=\"800\" height=\"516\" src=\"https:\/\/wearewebrything.com\/municipiocarolina\/wp-content\/uploads\/2025\/10\/antigua_casa_alcaldia-2-1024x660.png\" class=\"attachment-large size-large wp-image-2024\" alt=\"\" srcset=\"https:\/\/wearewebrything.com\/municipiocarolina\/wp-content\/uploads\/2025\/10\/antigua_casa_alcaldia-2-1024x660.png 1024w, https:\/\/wearewebrything.com\/municipiocarolina\/wp-content\/uploads\/2025\/10\/antigua_casa_alcaldia-2-300x194.png 300w, https:\/\/wearewebrything.com\/municipiocarolina\/wp-content\/uploads\/2025\/10\/antigua_casa_alcaldia-2-768x495.png 768w, https:\/\/wearewebrything.com\/municipiocarolina\/wp-content\/uploads\/2025\/10\/antigua_casa_alcaldia-2.png 1200w\" sizes=\"(max-width: 800px) 100vw, 800px\" \/>\t\t\t\t\t\t\t\t\t\t\t\t\t\t\t<\/div>\n\t\t\t\t<\/div>\n\t\t\t\t<\/div>\n\t\t\t\t<\/div>\n\t\t<div class=\"elementor-element elementor-element-c34c7fc e-con-full e-flex wpr-particle-no wpr-jarallax-no wpr-parallax-no wpr-sticky-section-no wpr-equal-height-no e-con e-child\" data-id=\"c34c7fc\" data-element_type=\"container\" data-e-type=\"container\" id=\"gradient-title\">\n\t\t\t\t<div class=\"elementor-element elementor-element-eaed821 elementor-widget elementor-widget-heading\" data-id=\"eaed821\" data-element_type=\"widget\" data-e-type=\"widget\" data-widget_type=\"heading.default\">\n\t\t\t\t\t<h4 class=\"elementor-heading-title elementor-size-default\">El primer gobierno qued\u00f3 constituido de la siguiente forma:<\/h4>\t\t\t\t<\/div>\n\t\t\t\t<\/div>\n\t\t<div class=\"elementor-element elementor-element-0a4faf0 e-flex e-con-boxed wpr-particle-no wpr-jarallax-no wpr-parallax-no wpr-sticky-section-no wpr-equal-height-no e-con e-child\" data-id=\"0a4faf0\" data-element_type=\"container\" data-e-type=\"container\">\n\t\t\t\t\t<div class=\"e-con-inner\">\n\t\t\t\t<div class=\"elementor-element elementor-element-04b9535 elementor-widget elementor-widget-text-editor\" data-id=\"04b9535\" data-element_type=\"widget\" data-e-type=\"widget\" data-widget_type=\"text-editor.default\">\n\t\t\t\t\t\t\t\t\t<ul class=\"gobernment-list\">\n \t<li><strong>Alcalde:<\/strong> Don Lorenzo Vizcarrondo Ortiz de Z\u00e1rate<\/li>\n \t<li><strong>Regidores (Asamble\u00edstas):<\/strong>\n<ul class=\"inside-list\">\n \t<li>Don Jos\u00e9 G. Qui\u00f1ones<\/li>\n \t<li>Don Bartolom\u00e9 Paniagua<\/li>\n \t<li>Don Jos\u00e9 Garc\u00eda<\/li>\n \t<li>Don Julio P\u00e9rez<\/li>\n<\/ul>\n<\/li>\n \t<li><strong>Secretario:<\/strong> Don Francisco De Paula P\u00e9rez<\/li>\n<\/ul>\t\t\t\t\t\t\t\t<\/div>\n\t\t\t\t\t<\/div>\n\t\t\t\t<\/div>\n\t\t<div class=\"elementor-element elementor-element-928f9c1 e-con-full e-flex wpr-particle-no wpr-jarallax-no wpr-parallax-no wpr-sticky-section-no wpr-equal-height-no e-con e-child\" data-id=\"928f9c1\" data-element_type=\"container\" data-e-type=\"container\" id=\"gradient-title\">\n\t\t\t\t<div class=\"elementor-element elementor-element-9a9404c elementor-widget elementor-widget-heading\" data-id=\"9a9404c\" data-element_type=\"widget\" data-e-type=\"widget\" data-widget_type=\"heading.default\">\n\t\t\t\t\t<h4 class=\"elementor-heading-title elementor-size-default\">Originadora del nombre del Pueblo:<\/h4>\t\t\t\t<\/div>\n\t\t\t\t<\/div>\n\t\t<div class=\"elementor-element elementor-element-2311933 e-con-full e-flex wpr-particle-no wpr-jarallax-no wpr-parallax-no wpr-sticky-section-no wpr-equal-height-no e-con e-child\" data-id=\"2311933\" data-element_type=\"container\" data-e-type=\"container\">\n\t\t\t\t<div class=\"elementor-element elementor-element-1660ca6 elementor-widget elementor-widget-heading\" data-id=\"1660ca6\" data-element_type=\"widget\" data-e-type=\"widget\" data-widget_type=\"heading.default\">\n\t\t\t\t\t<h3 class=\"elementor-heading-title elementor-size-default\">DO\u00d1A CAROLINA MART\u00cdNEZ DE ANDINO Y VIZCARRONDO<\/h3>\t\t\t\t<\/div>\n\t\t\t\t<div class=\"elementor-element elementor-element-3ab7cdc elementor-widget elementor-widget-text-editor\" data-id=\"3ab7cdc\" data-element_type=\"widget\" data-e-type=\"widget\" data-widget_type=\"text-editor.default\">\n\t\t\t\t\t\t\t\t\tEl nombre de Carolina proviene del que llevaba el sitio de la Carolina, porci\u00f3n del hato de Hoyo Mulas que era propiedad de don Gaspar Mart\u00ednez de Andino y Casado, esposo de do\u00f1a Clara Eufemia de Vizcarrondo y Mart\u00ednez de Andino.  Entre los hijos habidos de este matrimonio figur\u00f3 do\u00f1a Carolina Mar\u00eda del Carmen Mart\u00ednez de Andino y Vizcarrondo, cuyo nombre tom\u00f3 la hacienda o sitio de la Carolina, de la que recibi\u00f3 su nombre el pueblo.  Al establecerse este indica el eminente historiador don Enrique T. Blanco, \u201cal nombre de Carolina se  le antepuso el de San Fernando\u201d.\t\t\t\t\t\t\t\t<\/div>\n\t\t\t\t<\/div>\n\t\t\t\t<\/div>\n\t\t\t\t\t<\/div>\n\t\t\t\t<\/div>\n\t\t\t\t<\/div>\n\t\t","protected":false},"excerpt":{"rendered":"<p>HISTORIA Somos la Tierra de Gigantes; y cada d\u00eda, nuestra gente hace honor a la gran responsabilidad que implica cumplir con el patrimonio de figuras tan grandes como su gesta misma. Los descendientes de Clemente, los sucesores de Julia, los hijos de Sanrom\u00e1, Pi\u00f1ero, Alberty\u2026 Somos los que vivimos en un espacio construido con el sudor de nuestra gente y con la conciencia fuerte de ser justos con los recursos que hemos cosechado. Esta plataforma web, ha sido instrumento eficaz para acercarnos a las familias y al mundo. Aqu\u00ed encontrar\u00e1s informaci\u00f3n valiosa sobre nuestra gesti\u00f3n municipal, nuestra historia, cultura y todos esos elementos que nos distinguen como carolinenses. Aqu\u00ed tambi\u00e9n encuentras enlaces de inter\u00e9s y espacios para acceder a los servicios del Municipio Aut\u00f3nomo de Carolina. Agradezco tu visita\u2026 Pues nuestra Ciudad cree en la capacidad que todos tenemos para crear grandes cosas; somos gestores de oportunidades y de crecimiento. Somos los responsables de colaborar a la felicidad colectiva\u2026 Somos la Tierra de Gigantes; y cada d\u00eda, nuestra gente hace honor a la gran responsabilidad que implica cumplir con el patrimonio de figuras tan grandes como su gesta misma. Los descendientes de Clemente, los sucesores de Julia, los hijos de Sanrom\u00e1, Pi\u00f1ero, Alberty\u2026 Somos los que vivimos en un espacio construido con el sudor de nuestra gente y con la conciencia fuerte de ser justos con los recursos que hemos cosechado. Esta plataforma web, ha sido instrumento eficaz para acercarnos a las familias y al mundo. Aqu\u00ed encontrar\u00e1s informaci\u00f3n valiosa sobre nuestra gesti\u00f3n municipal, nuestra historia, cultura y todos esos elementos que nos distinguen como carolinenses. Aqu\u00ed tambi\u00e9n encuentras enlaces de inter\u00e9s y espacios para acceder a los servicios del Municipio Aut\u00f3nomo de Carolina. Agradezco tu visita\u2026 Pues nuestra Ciudad cree en la capacidad que todos tenemos para crear grandes cosas; somos gestores de oportunidades y de crecimiento. Somos los responsables de colaborar a la felicidad colectiva\u2026 Somos Gigantes de esp\u00edritu, \u00a1Somos Carolina! &#8211; Jos\u00e9 Carlos Aponte Dalmau, Alcalde 1857 Los barrios Barrazas, Cacao, Cangrejo Arriba, Canovanillas, Hoyo Mulas, Carruzos, Cedros, Mart\u00edn Gonz\u00e1lez, Sabana Abajo, San Ant\u00f3n, Santa Cruz y Trujillo Bajo, pertenecientes a la jurisdicci\u00f3n de Trujillo Alto, se independizaron y formaron el nuevo municipio de Trujillo Bajo. los barrios Barrazas, Cacao, Cangrejo Arriba, Canovanillas, Hoyo Mulas, Carruzos, Cedros, Mart\u00edn Gonz\u00e1lez, Sabana Abajo, San Ant\u00f3n, Santa Cruz y Trujillo Bajo, pertenecientes a la jurisdicci\u00f3n de Trujillo Alto, se independizaron y formaron el nuevo municipio de Trujillo Bajo. El poblado de San Miguel de Trujillo Bajo constitu\u00eda la zona urbana del nuevo municipio, que quedaba al sureste del R\u00edo Grande de Lo\u00edza. Pero las haciendas m\u00e1s grandes y las personas m\u00e1s ricas e influyentes se encontraban en los barrios de Hoyo Mulas, Mart\u00edn Gonz\u00e1lez, San Ant\u00f3n y Sabana Abajo, ubicado al norte del r\u00edo. Estas personas eran las que m\u00e1s tributos pagaban y las que m\u00e1s riquezas agr\u00edcolas pose\u00edan, mientras que resultaban ser las m\u00e1s perjudicadas por su localizaci\u00f3n, ya que las frecuentes crecidas del R\u00edo Grande de Lo\u00edza las manten\u00edan incomunicadas con la parte sur del r\u00edo donde ubica el pueblo, y por consiguiente, permanec\u00edan desprovistas de los servicios b\u00e1sicos, tales como la administraci\u00f3n de la justicia y de los servicios religiosos, a los cuales ten\u00edan justos derechos.1851 Personas influyentes de la zona norte del r\u00edo comienzan a realizar gestiones con el gobierno central para que se traslade el pueblo a un lugar al norte del r\u00edo llamado \u201cLa Carolina\u201d.1857 Finalmente, y luego de vencer muchas dificultades, el 31 de enero de 1857 se funda el tan esperado pueblo, en el lugar llamado \u201cLa Carolina\u201d, en el Barrio Hoyo Mulas, al norte del r\u00edo. El mismo ten\u00eda bajo su jurisdicci\u00f3n los barrios de Hoyo Mulas, San Ant\u00f3n, Mart\u00edn Gonz\u00e1lez y Sabana Abajo, los cuales quedan separados del pueblo de San Miguel de Trujillo Bajo.Finalmente, y luego de vencer muchas dificultades, el 31 de enero de 1857 se funda el tan esperado pueblo, en el lugar llamado \u201cLa Carolina\u201d, en el Barrio Hoyo Mulas, al norte del r\u00edo. El mismo ten\u00eda bajo su jurisdicci\u00f3n los barrios de Hoyo Mulas, San Ant\u00f3n, Mart\u00edn Gonz\u00e1lez y Sabana Abajo, los cuales quedan separados del pueblo de San Miguel de Trujillo Bajo. La idea de fundar un nuevo pueblo de don Lorenzo Vizcarrondo y Ortiz de Zarate. La noble familia de Vizcarrondo, tan intimamente vinculada a la historia de Carolina, es originaria del lugar de Zugarramendi, sitio en el valle de Bazt\u00e1n, en el antiguo reino de Navarra. De esa familia tambi\u00e9n se distinguieron otros pr\u00f3ceres, Don Julio de Vizcarrondo y Coronado, fundador en Madrid de la Sociedad Abolicionista Espa\u00f1ola, y Don Manuel de Elzaburu y Vizcarrondo, fundador en San Juan del Ateneo Puertorrique\u00f1o. El primer gobierno qued\u00f3 constituido de la siguiente forma: Alcalde: Don Lorenzo Vizcarrondo Ortiz de Z\u00e1rate Regidores (Asamble\u00edstas): Don Jos\u00e9 G. Qui\u00f1ones Don Bartolom\u00e9 Paniagua Don Jos\u00e9 Garc\u00eda Don Julio P\u00e9rez Secretario: Don Francisco De Paula P\u00e9rez Originadora del nombre del Pueblo: DO\u00d1A CAROLINA MART\u00cdNEZ DE ANDINO Y VIZCARRONDO El nombre de Carolina proviene del que llevaba el sitio de la Carolina, porci\u00f3n del hato de Hoyo Mulas que era propiedad de don Gaspar Mart\u00ednez de Andino y Casado, esposo de do\u00f1a Clara Eufemia de Vizcarrondo y Mart\u00ednez de Andino. Entre los hijos habidos de este matrimonio figur\u00f3 do\u00f1a Carolina Mar\u00eda del Carmen Mart\u00ednez de Andino y Vizcarrondo, cuyo nombre tom\u00f3 la hacienda o sitio de la Carolina, de la que recibi\u00f3 su nombre el pueblo. Al establecerse este indica el eminente historiador don Enrique T. Blanco, \u201cal nombre de Carolina se le antepuso el de San Fernando\u201d.<\/p>\n","protected":false},"author":1,"featured_media":1967,"parent":0,"menu_order":0,"comment_status":"closed","ping_status":"closed","template":"","meta":{"_acf_changed":false,"footnotes":""},"class_list":["post-1980","page","type-page","status-publish","has-post-thumbnail","hentry"],"acf":[],"_links":{"self":[{"href":"https:\/\/wearewebrything.com\/municipiocarolina\/wp-json\/wp\/v2\/pages\/1980","targetHints":{"allow":["GET"]}}],"collection":[{"href":"https:\/\/wearewebrything.com\/municipiocarolina\/wp-json\/wp\/v2\/pages"}],"about":[{"href":"https:\/\/wearewebrything.com\/municipiocarolina\/wp-json\/wp\/v2\/types\/page"}],"author":[{"embeddable":true,"href":"https:\/\/wearewebrything.com\/municipiocarolina\/wp-json\/wp\/v2\/users\/1"}],"replies":[{"embeddable":true,"href":"https:\/\/wearewebrything.com\/municipiocarolina\/wp-json\/wp\/v2\/comments?post=1980"}],"version-history":[{"count":103,"href":"https:\/\/wearewebrything.com\/municipiocarolina\/wp-json\/wp\/v2\/pages\/1980\/revisions"}],"predecessor-version":[{"id":7741,"href":"https:\/\/wearewebrything.com\/municipiocarolina\/wp-json\/wp\/v2\/pages\/1980\/revisions\/7741"}],"wp:featuredmedia":[{"embeddable":true,"href":"https:\/\/wearewebrything.com\/municipiocarolina\/wp-json\/wp\/v2\/media\/1967"}],"wp:attachment":[{"href":"https:\/\/wearewebrything.com\/municipiocarolina\/wp-json\/wp\/v2\/media?parent=1980"}],"curies":[{"name":"wp","href":"https:\/\/api.w.org\/{rel}","templated":true}]}}