{"id":2570,"date":"2025-10-13T00:46:43","date_gmt":"2025-10-13T00:46:43","guid":{"rendered":"https:\/\/wearewebrything.com\/municipiocarolina\/?page_id=2570"},"modified":"2026-04-22T19:51:33","modified_gmt":"2026-04-22T19:51:33","slug":"auditoria-interna","status":"publish","type":"page","link":"https:\/\/wearewebrything.com\/municipiocarolina\/auditoria-interna\/","title":{"rendered":"Auditoria Interna"},"content":{"rendered":"\t\t<div data-elementor-type=\"wp-page\" data-elementor-id=\"2570\" class=\"elementor elementor-2570\" data-elementor-post-type=\"page\">\n\t\t\t\t<div class=\"elementor-element elementor-element-33706d2a e-flex e-con-boxed wpr-particle-no wpr-jarallax-no wpr-parallax-no wpr-sticky-section-no wpr-equal-height-no e-con e-parent\" data-id=\"33706d2a\" data-element_type=\"container\" data-e-type=\"container\" id=\"fixed-parent\">\n\t\t\t\t\t<div class=\"e-con-inner\">\n\t\t<div class=\"elementor-element elementor-element-4919428c e-con-full elementor-hidden-tablet elementor-hidden-mobile elementor-hidden-desktop e-flex wpr-particle-no wpr-jarallax-no wpr-parallax-no wpr-sticky-section-no wpr-equal-height-no e-con e-child\" data-id=\"4919428c\" data-element_type=\"container\" data-e-type=\"container\" data-settings=\"{&quot;background_background&quot;:&quot;classic&quot;}\">\n\t\t\t\t<\/div>\n\t\t<div class=\"elementor-element elementor-element-4e00f293 e-con-full e-flex wpr-particle-no wpr-jarallax-no wpr-parallax-no wpr-sticky-section-no wpr-equal-height-no e-con e-child\" data-id=\"4e00f293\" data-element_type=\"container\" data-e-type=\"container\">\n\t\t<div class=\"elementor-element elementor-element-5363d48d e-con-full e-flex wpr-particle-no wpr-jarallax-no wpr-parallax-no wpr-sticky-section-no wpr-equal-height-no e-con e-child\" data-id=\"5363d48d\" data-element_type=\"container\" data-e-type=\"container\" data-settings=\"{&quot;background_background&quot;:&quot;classic&quot;}\">\n\t\t\t\t<div class=\"elementor-element elementor-element-58d404ef elementor-widget__width-initial elementor-widget elementor-widget-heading\" data-id=\"58d404ef\" data-element_type=\"widget\" data-e-type=\"widget\" data-widget_type=\"heading.default\">\n\t\t\t\t\t<h2 class=\"elementor-heading-title elementor-size-default\">Auditoria Interna<\/h2>\t\t\t\t<\/div>\n\t\t\t\t<\/div>\n\t\t<div class=\"elementor-element elementor-element-3a90c56 e-con-full elementor-hidden-desktop e-flex wpr-particle-no wpr-jarallax-no wpr-parallax-no wpr-sticky-section-no wpr-equal-height-no e-con e-child\" data-id=\"3a90c56\" data-element_type=\"container\" data-e-type=\"container\">\n\t\t\t\t<div class=\"elementor-element elementor-element-7537438 elementor-hidden-desktop elementor-hidden-mobile elementor-widget elementor-widget-text-editor\" data-id=\"7537438\" data-element_type=\"widget\" data-e-type=\"widget\" data-widget_type=\"text-editor.default\">\n\t\t\t\t\t\t\t\t\t<p><img fetchpriority=\"high\" decoding=\"async\" class=\" wp-image-847 alignleft\" src=\"http:\/\/wearewebrything.com\/municipiocarolina\/wp-content\/uploads\/2025\/10\/FOTO-OFICIAL-ALCALDE-CORREGIDA-2013-scaled-1-213x300.png\" alt=\"\" width=\"204\" height=\"288\" srcset=\"https:\/\/wearewebrything.com\/municipiocarolina\/wp-content\/uploads\/2025\/10\/FOTO-OFICIAL-ALCALDE-CORREGIDA-2013-scaled-1-213x300.png 213w, https:\/\/wearewebrything.com\/municipiocarolina\/wp-content\/uploads\/2025\/10\/FOTO-OFICIAL-ALCALDE-CORREGIDA-2013-scaled-1-727x1024.png 727w, https:\/\/wearewebrything.com\/municipiocarolina\/wp-content\/uploads\/2025\/10\/FOTO-OFICIAL-ALCALDE-CORREGIDA-2013-scaled-1-768x1082.png 768w, https:\/\/wearewebrything.com\/municipiocarolina\/wp-content\/uploads\/2025\/10\/FOTO-OFICIAL-ALCALDE-CORREGIDA-2013-scaled-1.png 1000w\" sizes=\"(max-width: 204px) 100vw, 204px\" \/>Somos la Tierra de Gigantes; y cada d\u00eda, nuestra gente hace honor a la gran responsabilidad que implica cumplir con el patrimonio de figuras tan grandes como su gesta misma.<\/p><p>Los descendientes de Clemente, los sucesores de Julia, los hijos de Sanrom\u00e1, Pi\u00f1ero, Alberty\u2026 Somos los que vivimos en un espacio construido con el sudor de nuestra gente y con la conciencia fuerte de ser justos con los recursos que hemos cosechado.<\/p><p>Esta plataforma web, ha sido instrumento eficaz para acercarnos a las familias y al mundo. Aqu\u00ed encontrar\u00e1s informaci\u00f3n valiosa sobre nuestra gesti\u00f3n municipal, nuestra historia, cultura y todos esos elementos que nos distinguen como carolinenses.<\/p><p>Aqu\u00ed tambi\u00e9n encuentras enlaces de inter\u00e9s y espacios para acceder a los servicios del Municipio Aut\u00f3nomo de Carolina.<\/p><p>Agradezco tu visita\u2026 Pues nuestra Ciudad cree en la capacidad que todos tenemos para crear grandes cosas; somos gestores de oportunidades y de crecimiento. Somos los responsables de colaborar a la felicidad colectiva\u2026<\/p>\t\t\t\t\t\t\t\t<\/div>\n\t\t\t\t<div class=\"elementor-element elementor-element-1e5f8dc elementor-hidden-desktop elementor-hidden-tablet elementor-widget elementor-widget-text-editor\" data-id=\"1e5f8dc\" data-element_type=\"widget\" data-e-type=\"widget\" data-widget_type=\"text-editor.default\">\n\t\t\t\t\t\t\t\t\t<p><img decoding=\"async\" class=\" wp-image-847 alignleft\" src=\"http:\/\/wearewebrything.com\/municipiocarolina\/wp-content\/uploads\/2025\/10\/FOTO-OFICIAL-ALCALDE-CORREGIDA-2013-scaled-1-213x300.png\" alt=\"\" width=\"136\" height=\"191\" srcset=\"https:\/\/wearewebrything.com\/municipiocarolina\/wp-content\/uploads\/2025\/10\/FOTO-OFICIAL-ALCALDE-CORREGIDA-2013-scaled-1-213x300.png 213w, https:\/\/wearewebrything.com\/municipiocarolina\/wp-content\/uploads\/2025\/10\/FOTO-OFICIAL-ALCALDE-CORREGIDA-2013-scaled-1-727x1024.png 727w, https:\/\/wearewebrything.com\/municipiocarolina\/wp-content\/uploads\/2025\/10\/FOTO-OFICIAL-ALCALDE-CORREGIDA-2013-scaled-1-768x1082.png 768w, https:\/\/wearewebrything.com\/municipiocarolina\/wp-content\/uploads\/2025\/10\/FOTO-OFICIAL-ALCALDE-CORREGIDA-2013-scaled-1.png 1000w\" sizes=\"(max-width: 136px) 100vw, 136px\" \/>Somos la Tierra de Gigantes; y cada d\u00eda, nuestra gente hace honor a la gran responsabilidad que implica cumplir con el patrimonio de figuras tan grandes como su gesta misma.<\/p><p>Los descendientes de Clemente, los sucesores de Julia, los hijos de Sanrom\u00e1, Pi\u00f1ero, Alberty\u2026 Somos los que vivimos en un espacio construido con el sudor de nuestra gente y con la conciencia fuerte de ser justos con los recursos que hemos cosechado.<\/p><p>Esta plataforma web, ha sido instrumento eficaz para acercarnos a las familias y al mundo. Aqu\u00ed encontrar\u00e1s informaci\u00f3n valiosa sobre nuestra gesti\u00f3n municipal, nuestra historia, cultura y todos esos elementos que nos distinguen como carolinenses.<\/p><p>Aqu\u00ed tambi\u00e9n encuentras enlaces de inter\u00e9s y espacios para acceder a los servicios del Municipio Aut\u00f3nomo de Carolina.<\/p><p>Agradezco tu visita\u2026 Pues nuestra Ciudad cree en la capacidad que todos tenemos para crear grandes cosas; somos gestores de oportunidades y de crecimiento. Somos los responsables de colaborar a la felicidad colectiva\u2026<\/p>\t\t\t\t\t\t\t\t<\/div>\n\t\t<div class=\"elementor-element elementor-element-4a50eb4 e-con-full e-flex wpr-particle-no wpr-jarallax-no wpr-parallax-no wpr-sticky-section-no wpr-equal-height-no e-con e-child\" data-id=\"4a50eb4\" data-element_type=\"container\" data-e-type=\"container\" data-settings=\"{&quot;background_background&quot;:&quot;classic&quot;}\">\n\t\t\t\t<div class=\"elementor-element elementor-element-7c7544a elementor-widget elementor-widget-heading\" data-id=\"7c7544a\" data-element_type=\"widget\" data-e-type=\"widget\" data-widget_type=\"heading.default\">\n\t\t\t\t\t<h5 class=\"elementor-heading-title elementor-size-default\">Somos Gigantes de esp\u00edritu, <span style=\"color: #F86327\">\u00a1Somos Carolina!<\/span><\/h5>\t\t\t\t<\/div>\n\t\t\t\t<div class=\"elementor-element elementor-element-d65c36c elementor-widget elementor-widget-heading\" data-id=\"d65c36c\" data-element_type=\"widget\" data-e-type=\"widget\" data-widget_type=\"heading.default\">\n\t\t\t\t\t<h6 class=\"elementor-heading-title elementor-size-default\">- Jos\u00e9 Carlos Aponte Dalmau, <span style=\"font-weight: 400\">Alcalde<\/span><\/h6>\t\t\t\t<\/div>\n\t\t\t\t<\/div>\n\t\t\t\t<\/div>\n\t\t<div class=\"elementor-element elementor-element-5f4a3d30 e-con-full e-flex wpr-particle-no wpr-jarallax-no wpr-parallax-no wpr-sticky-section-no wpr-equal-height-no e-con e-child\" data-id=\"5f4a3d30\" data-element_type=\"container\" data-e-type=\"container\">\n\t\t<div class=\"elementor-element elementor-element-17035c86 e-grid e-con-full wpr-particle-no wpr-jarallax-no wpr-parallax-no wpr-sticky-section-no wpr-equal-height-no e-con e-child\" data-id=\"17035c86\" data-element_type=\"container\" data-e-type=\"container\">\n\t\t<div class=\"elementor-element elementor-element-61917409 e-con-full e-flex wpr-particle-no wpr-jarallax-no wpr-parallax-no wpr-sticky-section-no wpr-equal-height-no e-con e-child\" data-id=\"61917409\" data-element_type=\"container\" data-e-type=\"container\" data-settings=\"{&quot;background_background&quot;:&quot;classic&quot;}\">\n\t\t<div class=\"elementor-element elementor-element-65b071bd e-con-full e-flex wpr-particle-no wpr-jarallax-no wpr-parallax-no wpr-sticky-section-no wpr-equal-height-no e-con e-child\" data-id=\"65b071bd\" data-element_type=\"container\" data-e-type=\"container\">\n\t\t<div class=\"elementor-element elementor-element-78b7eae9 e-con-full e-grid animal-icon wpr-particle-no wpr-jarallax-no wpr-parallax-no wpr-sticky-section-no wpr-equal-height-no e-con e-child\" data-id=\"78b7eae9\" data-element_type=\"container\" data-e-type=\"container\">\n\t\t\t\t<div class=\"elementor-element elementor-element-5ee604de elementor-widget elementor-widget-image\" data-id=\"5ee604de\" data-element_type=\"widget\" data-e-type=\"widget\" data-widget_type=\"image.default\">\n\t\t\t\t\t\t\t\t\t\t\t\t\t\t\t<img decoding=\"async\" width=\"180\" height=\"180\" src=\"https:\/\/wearewebrything.com\/municipiocarolina\/wp-content\/uploads\/2025\/10\/querellas.png\" class=\"attachment-large size-large wp-image-5154\" alt=\"\" srcset=\"https:\/\/wearewebrything.com\/municipiocarolina\/wp-content\/uploads\/2025\/10\/querellas.png 180w, https:\/\/wearewebrything.com\/municipiocarolina\/wp-content\/uploads\/2025\/10\/querellas-150x150.png 150w\" sizes=\"(max-width: 180px) 100vw, 180px\" \/>\t\t\t\t\t\t\t\t\t\t\t\t\t\t\t<\/div>\n\t\t\t\t<div class=\"elementor-element elementor-element-29bf2bfc elementor-widget elementor-widget-heading\" data-id=\"29bf2bfc\" data-element_type=\"widget\" data-e-type=\"widget\" data-widget_type=\"heading.default\">\n\t\t\t\t\t<h3 class=\"elementor-heading-title elementor-size-default\">Querellas<\/h3>\t\t\t\t<\/div>\n\t\t\t\t<\/div>\n\t\t\t\t<div class=\"elementor-element elementor-element-56c7fa28 elementor-widget elementor-widget-text-editor\" data-id=\"56c7fa28\" data-element_type=\"widget\" data-e-type=\"widget\" data-widget_type=\"text-editor.default\">\n\t\t\t\t\t\t\t\t\t<p>Con el fin de promover una administraci\u00f3n p\u00fablica de excelencia y el uso efectivo y eficiente de los recursos del Gobierno Municipal Aut\u00f3nomo de Carolina hemos establecido un proceso de radicaci\u00f3n de querellas o notificaciones de actos ilegales el cual estar\u00e1 a cargo de la Oficina de Auditor\u00eda Interna de Municipio.<\/p><p>Como servidores p\u00fablicos todos estamos llamados a observar una conducta intachable que evidencie nuestro compromiso con el servicio p\u00fablico. Por lo tanto, debemos evitar cualquier tipo de comportamiento impropio que pueda minar la confianza de los ciudadanos del Municipio Aut\u00f3nomo de Carolina en las Instituciones Gubernamentales. A trav\u00e9s de este proceso cualquier persona que conozca de cualquier acto ilegal, u observe abuso o uso indebido de la propiedad o fondos del Municipio podr\u00e1 exponer la situaci\u00f3n para su correspondiente investigaci\u00f3n.<\/p><p>Adem\u00e1s, este procedimiento establece que la Oficina de Auditor\u00eda Interna del Municipio realizar\u00e1 una investigaci\u00f3n administrativa correspondiente y necesaria sobre querellas relacionadas al mal uso o abuso de la propiedad y fondos p\u00fablicos o de la Ley de \u00c9tica Gubernamental, de acuerdo a las leyes y reglamentos estatales y municipales aplicables y observando las mas estrictas normas de integridad y confiabilidad.<\/p>\t\t\t\t\t\t\t\t<\/div>\n\t\t\t\t<\/div>\n\t\t\t\t<\/div>\n\t\t<div class=\"elementor-element elementor-element-6e40118a e-con-full e-flex wpr-particle-no wpr-jarallax-no wpr-parallax-no wpr-sticky-section-no wpr-equal-height-no e-con e-child\" data-id=\"6e40118a\" data-element_type=\"container\" data-e-type=\"container\" data-settings=\"{&quot;background_background&quot;:&quot;gradient&quot;}\">\n\t\t\t\t<div class=\"elementor-element elementor-element-40d80960 elementor-widget elementor-widget-heading\" data-id=\"40d80960\" data-element_type=\"widget\" data-e-type=\"widget\" data-widget_type=\"heading.default\">\n\t\t\t\t\t<h2 class=\"elementor-heading-title elementor-size-default\">\u00bfC\u00f3mo presentar una querella?<\/h2>\t\t\t\t<\/div>\n\t\t\t\t<div class=\"elementor-element elementor-element-73e803a1 elementor-widget elementor-widget-text-editor\" data-id=\"73e803a1\" data-element_type=\"widget\" data-e-type=\"widget\" id=\"contact-content\" data-widget_type=\"text-editor.default\">\n\t\t\t\t\t\t\t\t\t<p><strong>Por tel\u00e9fono:<\/strong> <a href=\"tel:7877572612\">787-757-2612<\/a><\/p><p><strong>Personalmente en la Oficina de Auditor\u00eda Interna ubicada en:<\/strong><br \/>Edificio Casa Alcald\u00eda Piso 4<br \/>Ave. Fern\u00e1ndez Juncos #1<br \/>Carolina, Puerto Rico 00986<\/p><p><strong>Por correo a la siguiente direcci\u00f3n:<\/strong><br \/>Gobierno Municipal Aut\u00f3nomo de Carolina Oficina de Auditor\u00eda Interna<\/p><p><strong>Atenci\u00f3n:<\/strong> Luis R.Caraballo Ram\u00edrez PO Box 8 Carolina, PR 00986-0008<\/p><p><strong>Por correo electr\u00f3nico: <\/strong><a href=\"mailto:carolinaquerellas@gmail.com\">carolinaquerellas@gmail.com<\/a><\/p>\t\t\t\t\t\t\t\t<\/div>\n\t\t\t\t<\/div>\n\t\t\t\t<\/div>\n\t\t<div class=\"elementor-element elementor-element-73fe0b54 e-con-full e-flex wpr-particle-no wpr-jarallax-no wpr-parallax-no wpr-sticky-section-no wpr-equal-height-no e-con e-child\" data-id=\"73fe0b54\" data-element_type=\"container\" data-e-type=\"container\">\n\t\t<div class=\"elementor-element elementor-element-17c794e e-con-full animal-icon e-flex wpr-particle-no wpr-jarallax-no wpr-parallax-no wpr-sticky-section-no wpr-equal-height-no e-con e-child\" data-id=\"17c794e\" data-element_type=\"container\" data-e-type=\"container\">\n\t\t\t\t<div class=\"elementor-element elementor-element-2e0821fe elementor-widget elementor-widget-heading\" data-id=\"2e0821fe\" data-element_type=\"widget\" data-e-type=\"widget\" data-widget_type=\"heading.default\">\n\t\t\t\t\t<h3 class=\"elementor-heading-title elementor-size-default\">Querellas<\/h3>\t\t\t\t<\/div>\n\t\t\t\t<\/div>\n\t\t\t\t<div class=\"elementor-element elementor-element-4c545ce2 elementor-widget elementor-widget-text-editor\" data-id=\"4c545ce2\" data-element_type=\"widget\" data-e-type=\"widget\" data-widget_type=\"text-editor.default\">\n\t\t\t\t\t\t\t\t\tLas querellas presentadas deber\u00e1n estar basadas en hechos concretos que reflejen la posible violaci\u00f3n de leyes o reglamentos por parte de funcionarios o empleados del Municipio, suplidores, contratistas o personas particulares. Tambi\u00e9n pueden presentarse situaciones que impidan el buen funcionamiento de las operaciones del Municipio. No ser\u00e1n consideradas las querellas de asuntos estrictamente personales o que est\u00e9n fuera de la jurisdicci\u00f3n del Municipio. Todo querellante, denunciante o testigo est\u00e1 protegido por la Ley N\u00fam. 426 del 7 de noviembre de 2000, seg\u00fan enmendada, Ley para la protecci\u00f3n de los derechos de los empleados y funcionarios p\u00fablicos, denunciantes, querellantes o testigos de alegados actos constitutivos de corrupci\u00f3n y por la Ley N\u00fam. 14 del 11 de abril de 2001, seg\u00fan enmendada, Ley de protecci\u00f3n y compensaci\u00f3n a personas que denuncien actos de corrupci\u00f3n contra fondos y propiedad p\u00fablica, entre otros.\t\t\t\t\t\t\t\t<\/div>\n\t\t\t\t<\/div>\n\t\t\t\t<\/div>\n\t\t\t\t<\/div>\n\t\t\t\t\t<\/div>\n\t\t\t\t<\/div>\n\t\t\t\t<\/div>\n\t\t","protected":false},"excerpt":{"rendered":"<p>Auditoria Interna Somos la Tierra de Gigantes; y cada d\u00eda, nuestra gente hace honor a la gran responsabilidad que implica cumplir con el patrimonio de figuras tan grandes como su gesta misma. Los descendientes de Clemente, los sucesores de Julia, los hijos de Sanrom\u00e1, Pi\u00f1ero, Alberty\u2026 Somos los que vivimos en un espacio construido con el sudor de nuestra gente y con la conciencia fuerte de ser justos con los recursos que hemos cosechado. Esta plataforma web, ha sido instrumento eficaz para acercarnos a las familias y al mundo. Aqu\u00ed encontrar\u00e1s informaci\u00f3n valiosa sobre nuestra gesti\u00f3n municipal, nuestra historia, cultura y todos esos elementos que nos distinguen como carolinenses. Aqu\u00ed tambi\u00e9n encuentras enlaces de inter\u00e9s y espacios para acceder a los servicios del Municipio Aut\u00f3nomo de Carolina. Agradezco tu visita\u2026 Pues nuestra Ciudad cree en la capacidad que todos tenemos para crear grandes cosas; somos gestores de oportunidades y de crecimiento. Somos los responsables de colaborar a la felicidad colectiva\u2026 Somos la Tierra de Gigantes; y cada d\u00eda, nuestra gente hace honor a la gran responsabilidad que implica cumplir con el patrimonio de figuras tan grandes como su gesta misma. Los descendientes de Clemente, los sucesores de Julia, los hijos de Sanrom\u00e1, Pi\u00f1ero, Alberty\u2026 Somos los que vivimos en un espacio construido con el sudor de nuestra gente y con la conciencia fuerte de ser justos con los recursos que hemos cosechado. Esta plataforma web, ha sido instrumento eficaz para acercarnos a las familias y al mundo. Aqu\u00ed encontrar\u00e1s informaci\u00f3n valiosa sobre nuestra gesti\u00f3n municipal, nuestra historia, cultura y todos esos elementos que nos distinguen como carolinenses. Aqu\u00ed tambi\u00e9n encuentras enlaces de inter\u00e9s y espacios para acceder a los servicios del Municipio Aut\u00f3nomo de Carolina. Agradezco tu visita\u2026 Pues nuestra Ciudad cree en la capacidad que todos tenemos para crear grandes cosas; somos gestores de oportunidades y de crecimiento. Somos los responsables de colaborar a la felicidad colectiva\u2026 Somos Gigantes de esp\u00edritu, \u00a1Somos Carolina! &#8211; Jos\u00e9 Carlos Aponte Dalmau, Alcalde Querellas Con el fin de promover una administraci\u00f3n p\u00fablica de excelencia y el uso efectivo y eficiente de los recursos del Gobierno Municipal Aut\u00f3nomo de Carolina hemos establecido un proceso de radicaci\u00f3n de querellas o notificaciones de actos ilegales el cual estar\u00e1 a cargo de la Oficina de Auditor\u00eda Interna de Municipio. Como servidores p\u00fablicos todos estamos llamados a observar una conducta intachable que evidencie nuestro compromiso con el servicio p\u00fablico. Por lo tanto, debemos evitar cualquier tipo de comportamiento impropio que pueda minar la confianza de los ciudadanos del Municipio Aut\u00f3nomo de Carolina en las Instituciones Gubernamentales. A trav\u00e9s de este proceso cualquier persona que conozca de cualquier acto ilegal, u observe abuso o uso indebido de la propiedad o fondos del Municipio podr\u00e1 exponer la situaci\u00f3n para su correspondiente investigaci\u00f3n. Adem\u00e1s, este procedimiento establece que la Oficina de Auditor\u00eda Interna del Municipio realizar\u00e1 una investigaci\u00f3n administrativa correspondiente y necesaria sobre querellas relacionadas al mal uso o abuso de la propiedad y fondos p\u00fablicos o de la Ley de \u00c9tica Gubernamental, de acuerdo a las leyes y reglamentos estatales y municipales aplicables y observando las mas estrictas normas de integridad y confiabilidad. \u00bfC\u00f3mo presentar una querella? Por tel\u00e9fono: 787-757-2612 Personalmente en la Oficina de Auditor\u00eda Interna ubicada en:Edificio Casa Alcald\u00eda Piso 4Ave. Fern\u00e1ndez Juncos #1Carolina, Puerto Rico 00986 Por correo a la siguiente direcci\u00f3n:Gobierno Municipal Aut\u00f3nomo de Carolina Oficina de Auditor\u00eda Interna Atenci\u00f3n: Luis R.Caraballo Ram\u00edrez PO Box 8 Carolina, PR 00986-0008 Por correo electr\u00f3nico: carolinaquerellas@gmail.com Querellas Las querellas presentadas deber\u00e1n estar basadas en hechos concretos que reflejen la posible violaci\u00f3n de leyes o reglamentos por parte de funcionarios o empleados del Municipio, suplidores, contratistas o personas particulares. Tambi\u00e9n pueden presentarse situaciones que impidan el buen funcionamiento de las operaciones del Municipio. No ser\u00e1n consideradas las querellas de asuntos estrictamente personales o que est\u00e9n fuera de la jurisdicci\u00f3n del Municipio. Todo querellante, denunciante o testigo est\u00e1 protegido por la Ley N\u00fam. 426 del 7 de noviembre de 2000, seg\u00fan enmendada, Ley para la protecci\u00f3n de los derechos de los empleados y funcionarios p\u00fablicos, denunciantes, querellantes o testigos de alegados actos constitutivos de corrupci\u00f3n y por la Ley N\u00fam. 14 del 11 de abril de 2001, seg\u00fan enmendada, Ley de protecci\u00f3n y compensaci\u00f3n a personas que denuncien actos de corrupci\u00f3n contra fondos y propiedad p\u00fablica, entre otros.<\/p>\n","protected":false},"author":1,"featured_media":8246,"parent":0,"menu_order":0,"comment_status":"closed","ping_status":"closed","template":"","meta":{"_acf_changed":false,"footnotes":""},"class_list":["post-2570","page","type-page","status-publish","has-post-thumbnail","hentry"],"acf":[],"_links":{"self":[{"href":"https:\/\/wearewebrything.com\/municipiocarolina\/wp-json\/wp\/v2\/pages\/2570","targetHints":{"allow":["GET"]}}],"collection":[{"href":"https:\/\/wearewebrything.com\/municipiocarolina\/wp-json\/wp\/v2\/pages"}],"about":[{"href":"https:\/\/wearewebrything.com\/municipiocarolina\/wp-json\/wp\/v2\/types\/page"}],"author":[{"embeddable":true,"href":"https:\/\/wearewebrything.com\/municipiocarolina\/wp-json\/wp\/v2\/users\/1"}],"replies":[{"embeddable":true,"href":"https:\/\/wearewebrything.com\/municipiocarolina\/wp-json\/wp\/v2\/comments?post=2570"}],"version-history":[{"count":25,"href":"https:\/\/wearewebrything.com\/municipiocarolina\/wp-json\/wp\/v2\/pages\/2570\/revisions"}],"predecessor-version":[{"id":8260,"href":"https:\/\/wearewebrything.com\/municipiocarolina\/wp-json\/wp\/v2\/pages\/2570\/revisions\/8260"}],"wp:featuredmedia":[{"embeddable":true,"href":"https:\/\/wearewebrything.com\/municipiocarolina\/wp-json\/wp\/v2\/media\/8246"}],"wp:attachment":[{"href":"https:\/\/wearewebrything.com\/municipiocarolina\/wp-json\/wp\/v2\/media?parent=2570"}],"curies":[{"name":"wp","href":"https:\/\/api.w.org\/{rel}","templated":true}]}}