{"id":3245,"date":"2025-10-21T18:03:51","date_gmt":"2025-10-21T18:03:51","guid":{"rendered":"https:\/\/wearewebrything.com\/municipiocarolina\/?page_id=3245"},"modified":"2026-01-29T14:44:26","modified_gmt":"2026-01-29T14:44:26","slug":"tecnologia-de-informacion","status":"publish","type":"page","link":"https:\/\/wearewebrything.com\/municipiocarolina\/tecnologia-de-informacion\/","title":{"rendered":"Tecnolog\u00eda de Informaci\u00f3n"},"content":{"rendered":"\t\t<div data-elementor-type=\"wp-page\" data-elementor-id=\"3245\" class=\"elementor elementor-3245\" data-elementor-post-type=\"page\">\n\t\t\t\t<div class=\"elementor-element elementor-element-7827b578 e-flex e-con-boxed wpr-particle-no wpr-jarallax-no wpr-parallax-no wpr-sticky-section-no wpr-equal-height-no e-con e-parent\" data-id=\"7827b578\" data-element_type=\"container\" data-e-type=\"container\" id=\"fixed-parent\">\n\t\t\t\t\t<div class=\"e-con-inner\">\n\t\t<div class=\"elementor-element elementor-element-73ad1a25 e-con-full elementor-hidden-tablet elementor-hidden-mobile elementor-hidden-desktop e-flex wpr-particle-no wpr-jarallax-no wpr-parallax-no wpr-sticky-section-no wpr-equal-height-no e-con e-child\" data-id=\"73ad1a25\" data-element_type=\"container\" data-e-type=\"container\" id=\"enlaces-fixed-col\" data-settings=\"{&quot;background_background&quot;:&quot;classic&quot;}\">\n\t\t\t\t<\/div>\n\t\t<div class=\"elementor-element elementor-element-2ac94c28 e-con-full e-flex wpr-particle-no wpr-jarallax-no wpr-parallax-no wpr-sticky-section-no wpr-equal-height-no e-con e-child\" data-id=\"2ac94c28\" data-element_type=\"container\" data-e-type=\"container\">\n\t\t<div class=\"elementor-element elementor-element-1feea369 e-con-full e-flex wpr-particle-no wpr-jarallax-no wpr-parallax-no wpr-sticky-section-no wpr-equal-height-no e-con e-child\" data-id=\"1feea369\" data-element_type=\"container\" data-e-type=\"container\" data-settings=\"{&quot;background_background&quot;:&quot;classic&quot;}\">\n\t\t\t\t<div class=\"elementor-element elementor-element-554aded6 elementor-widget__width-initial elementor-widget elementor-widget-heading\" data-id=\"554aded6\" data-element_type=\"widget\" data-e-type=\"widget\" data-widget_type=\"heading.default\">\n\t\t\t\t\t<h2 class=\"elementor-heading-title elementor-size-default\">Tecnolog\u00eda de Informaci\u00f3n<\/h2>\t\t\t\t<\/div>\n\t\t\t\t<\/div>\n\t\t<div class=\"elementor-element elementor-element-e4cc0f3 e-con-full elementor-hidden-desktop e-flex wpr-particle-no wpr-jarallax-no wpr-parallax-no wpr-sticky-section-no wpr-equal-height-no e-con e-child\" data-id=\"e4cc0f3\" data-element_type=\"container\" data-e-type=\"container\">\n\t\t\t\t<div class=\"elementor-element elementor-element-a521a2a elementor-hidden-desktop elementor-hidden-mobile elementor-widget elementor-widget-text-editor\" data-id=\"a521a2a\" data-element_type=\"widget\" data-e-type=\"widget\" data-widget_type=\"text-editor.default\">\n\t\t\t\t\t\t\t\t\t<p><img fetchpriority=\"high\" decoding=\"async\" class=\" wp-image-847 alignleft\" src=\"http:\/\/wearewebrything.com\/municipiocarolina\/wp-content\/uploads\/2025\/10\/FOTO-OFICIAL-ALCALDE-CORREGIDA-2013-scaled-1-213x300.png\" alt=\"\" width=\"204\" height=\"288\" srcset=\"https:\/\/wearewebrything.com\/municipiocarolina\/wp-content\/uploads\/2025\/10\/FOTO-OFICIAL-ALCALDE-CORREGIDA-2013-scaled-1-213x300.png 213w, https:\/\/wearewebrything.com\/municipiocarolina\/wp-content\/uploads\/2025\/10\/FOTO-OFICIAL-ALCALDE-CORREGIDA-2013-scaled-1-727x1024.png 727w, https:\/\/wearewebrything.com\/municipiocarolina\/wp-content\/uploads\/2025\/10\/FOTO-OFICIAL-ALCALDE-CORREGIDA-2013-scaled-1-768x1082.png 768w, https:\/\/wearewebrything.com\/municipiocarolina\/wp-content\/uploads\/2025\/10\/FOTO-OFICIAL-ALCALDE-CORREGIDA-2013-scaled-1.png 1000w\" sizes=\"(max-width: 204px) 100vw, 204px\" \/>Somos la Tierra de Gigantes; y cada d\u00eda, nuestra gente hace honor a la gran responsabilidad que implica cumplir con el patrimonio de figuras tan grandes como su gesta misma.<\/p><p>Los descendientes de Clemente, los sucesores de Julia, los hijos de Sanrom\u00e1, Pi\u00f1ero, Alberty\u2026 Somos los que vivimos en un espacio construido con el sudor de nuestra gente y con la conciencia fuerte de ser justos con los recursos que hemos cosechado.<\/p><p>Esta plataforma web, ha sido instrumento eficaz para acercarnos a las familias y al mundo. Aqu\u00ed encontrar\u00e1s informaci\u00f3n valiosa sobre nuestra gesti\u00f3n municipal, nuestra historia, cultura y todos esos elementos que nos distinguen como carolinenses.<\/p><p>Aqu\u00ed tambi\u00e9n encuentras enlaces de inter\u00e9s y espacios para acceder a los servicios del Municipio Aut\u00f3nomo de Carolina.<\/p><p>Agradezco tu visita\u2026 Pues nuestra Ciudad cree en la capacidad que todos tenemos para crear grandes cosas; somos gestores de oportunidades y de crecimiento. Somos los responsables de colaborar a la felicidad colectiva\u2026<\/p>\t\t\t\t\t\t\t\t<\/div>\n\t\t\t\t<div class=\"elementor-element elementor-element-71feb23 elementor-hidden-desktop elementor-hidden-tablet elementor-widget elementor-widget-text-editor\" data-id=\"71feb23\" data-element_type=\"widget\" data-e-type=\"widget\" data-widget_type=\"text-editor.default\">\n\t\t\t\t\t\t\t\t\t<p><img decoding=\"async\" class=\" wp-image-847 alignleft\" src=\"http:\/\/wearewebrything.com\/municipiocarolina\/wp-content\/uploads\/2025\/10\/FOTO-OFICIAL-ALCALDE-CORREGIDA-2013-scaled-1-213x300.png\" alt=\"\" width=\"136\" height=\"191\" srcset=\"https:\/\/wearewebrything.com\/municipiocarolina\/wp-content\/uploads\/2025\/10\/FOTO-OFICIAL-ALCALDE-CORREGIDA-2013-scaled-1-213x300.png 213w, https:\/\/wearewebrything.com\/municipiocarolina\/wp-content\/uploads\/2025\/10\/FOTO-OFICIAL-ALCALDE-CORREGIDA-2013-scaled-1-727x1024.png 727w, https:\/\/wearewebrything.com\/municipiocarolina\/wp-content\/uploads\/2025\/10\/FOTO-OFICIAL-ALCALDE-CORREGIDA-2013-scaled-1-768x1082.png 768w, https:\/\/wearewebrything.com\/municipiocarolina\/wp-content\/uploads\/2025\/10\/FOTO-OFICIAL-ALCALDE-CORREGIDA-2013-scaled-1.png 1000w\" sizes=\"(max-width: 136px) 100vw, 136px\" \/>Somos la Tierra de Gigantes; y cada d\u00eda, nuestra gente hace honor a la gran responsabilidad que implica cumplir con el patrimonio de figuras tan grandes como su gesta misma.<\/p><p>Los descendientes de Clemente, los sucesores de Julia, los hijos de Sanrom\u00e1, Pi\u00f1ero, Alberty\u2026 Somos los que vivimos en un espacio construido con el sudor de nuestra gente y con la conciencia fuerte de ser justos con los recursos que hemos cosechado.<\/p><p>Esta plataforma web, ha sido instrumento eficaz para acercarnos a las familias y al mundo. Aqu\u00ed encontrar\u00e1s informaci\u00f3n valiosa sobre nuestra gesti\u00f3n municipal, nuestra historia, cultura y todos esos elementos que nos distinguen como carolinenses.<\/p><p>Aqu\u00ed tambi\u00e9n encuentras enlaces de inter\u00e9s y espacios para acceder a los servicios del Municipio Aut\u00f3nomo de Carolina.<\/p><p>Agradezco tu visita\u2026 Pues nuestra Ciudad cree en la capacidad que todos tenemos para crear grandes cosas; somos gestores de oportunidades y de crecimiento. Somos los responsables de colaborar a la felicidad colectiva\u2026<\/p>\t\t\t\t\t\t\t\t<\/div>\n\t\t<div class=\"elementor-element elementor-element-4aa7b2c e-con-full e-flex wpr-particle-no wpr-jarallax-no wpr-parallax-no wpr-sticky-section-no wpr-equal-height-no e-con e-child\" data-id=\"4aa7b2c\" data-element_type=\"container\" data-e-type=\"container\" data-settings=\"{&quot;background_background&quot;:&quot;classic&quot;}\">\n\t\t\t\t<div class=\"elementor-element elementor-element-4f7fcaf elementor-widget elementor-widget-heading\" data-id=\"4f7fcaf\" data-element_type=\"widget\" data-e-type=\"widget\" data-widget_type=\"heading.default\">\n\t\t\t\t\t<h5 class=\"elementor-heading-title elementor-size-default\">Somos Gigantes de esp\u00edritu, <span style=\"color: #F86327\">\u00a1Somos Carolina!<\/span><\/h5>\t\t\t\t<\/div>\n\t\t\t\t<div class=\"elementor-element elementor-element-b052692 elementor-widget elementor-widget-heading\" data-id=\"b052692\" data-element_type=\"widget\" data-e-type=\"widget\" data-widget_type=\"heading.default\">\n\t\t\t\t\t<h6 class=\"elementor-heading-title elementor-size-default\">- Jos\u00e9 Carlos Aponte Dalmau, <span style=\"font-weight: 400\">Alcalde<\/span><\/h6>\t\t\t\t<\/div>\n\t\t\t\t<\/div>\n\t\t\t\t<\/div>\n\t\t<div class=\"elementor-element elementor-element-c84f991 e-con-full e-flex wpr-particle-no wpr-jarallax-no wpr-parallax-no wpr-sticky-section-no wpr-equal-height-no e-con e-child\" data-id=\"c84f991\" data-element_type=\"container\" data-e-type=\"container\">\n\t\t<div class=\"elementor-element elementor-element-4a38da6 e-grid e-con-full wpr-particle-no wpr-jarallax-no wpr-parallax-no wpr-sticky-section-no wpr-equal-height-no e-con e-child\" data-id=\"4a38da6\" data-element_type=\"container\" data-e-type=\"container\">\n\t\t<div class=\"elementor-element elementor-element-c546404 e-con-full e-flex wpr-particle-no wpr-jarallax-no wpr-parallax-no wpr-sticky-section-no wpr-equal-height-no e-con e-child\" data-id=\"c546404\" data-element_type=\"container\" data-e-type=\"container\" data-settings=\"{&quot;background_background&quot;:&quot;classic&quot;}\">\n\t\t<div class=\"elementor-element elementor-element-2487de0 e-con-full e-flex wpr-particle-no wpr-jarallax-no wpr-parallax-no wpr-sticky-section-no wpr-equal-height-no e-con e-child\" data-id=\"2487de0\" data-element_type=\"container\" data-e-type=\"container\">\n\t\t\t\t<div class=\"elementor-element elementor-element-bef4c0b elementor-widget elementor-widget-image\" data-id=\"bef4c0b\" data-element_type=\"widget\" data-e-type=\"widget\" data-widget_type=\"image.default\">\n\t\t\t\t\t\t\t\t\t\t\t\t\t\t\t<img decoding=\"async\" width=\"180\" height=\"180\" src=\"https:\/\/wearewebrything.com\/municipiocarolina\/wp-content\/uploads\/2025\/10\/Group-9002-1.png\" class=\"attachment-large size-large wp-image-1660\" alt=\"\" srcset=\"https:\/\/wearewebrything.com\/municipiocarolina\/wp-content\/uploads\/2025\/10\/Group-9002-1.png 180w, https:\/\/wearewebrything.com\/municipiocarolina\/wp-content\/uploads\/2025\/10\/Group-9002-1-150x150.png 150w\" sizes=\"(max-width: 180px) 100vw, 180px\" \/>\t\t\t\t\t\t\t\t\t\t\t\t\t\t\t<\/div>\n\t\t\t\t<div class=\"elementor-element elementor-element-6b784de elementor-widget elementor-widget-heading\" data-id=\"6b784de\" data-element_type=\"widget\" data-e-type=\"widget\" data-widget_type=\"heading.default\">\n\t\t\t\t\t<h3 class=\"elementor-heading-title elementor-size-default\">Misi\u00f3n<\/h3>\t\t\t\t<\/div>\n\t\t\t\t<\/div>\n\t\t\t\t<div class=\"elementor-element elementor-element-fdd7fe5 elementor-widget elementor-widget-text-editor\" data-id=\"fdd7fe5\" data-element_type=\"widget\" data-e-type=\"widget\" data-widget_type=\"text-editor.default\">\n\t\t\t\t\t\t\t\t\t<p>Ofrecer un servicio de excelencia a trav\u00e9s de recursos altamente capacitados, comprometidos con el mejoramiento continuo. Poseer una infraestructura de comunicaci\u00f3n que permita la transmisi\u00f3n de voz, data y v\u00eddeo a todas las dependencias municipales. Establecer procedimientos uniformes para los tr\u00e1mites administrativos y operacionales.<\/p>\t\t\t\t\t\t\t\t<\/div>\n\t\t\t\t<\/div>\n\t\t<div class=\"elementor-element elementor-element-907b6a1 e-con-full e-flex wpr-particle-no wpr-jarallax-no wpr-parallax-no wpr-sticky-section-no wpr-equal-height-no e-con e-child\" data-id=\"907b6a1\" data-element_type=\"container\" data-e-type=\"container\" data-settings=\"{&quot;background_background&quot;:&quot;gradient&quot;}\">\n\t\t\t\t<div class=\"elementor-element elementor-element-8aafa59 elementor-widget elementor-widget-heading\" data-id=\"8aafa59\" data-element_type=\"widget\" data-e-type=\"widget\" data-widget_type=\"heading.default\">\n\t\t\t\t\t<h2 class=\"elementor-heading-title elementor-size-default\">Contacto<\/h2>\t\t\t\t<\/div>\n\t\t\t\t<div class=\"elementor-element elementor-element-9611971 elementor-widget elementor-widget-text-editor\" data-id=\"9611971\" data-element_type=\"widget\" data-e-type=\"widget\" id=\"contact-content\" data-widget_type=\"text-editor.default\">\n\t\t\t\t\t\t\t\t\t<p><strong>Direcci\u00f3n f\u00edsica:\u00a0<\/strong>Edificio Plaza Centro, Calle Domingo C\u00e1ceres, segundo piso, Altos-Optometry World<\/p><p><strong>Tel\u00e9fono:<\/strong>\u00a0<a href=\"tel:7877572626\">(787) 757-2626<\/a>, extensi\u00f3n 4700<\/p><p><strong>Facs\u00edmil:<\/strong>\u00a0<a href=\"tel:7872768147\">(787) 276-8147<\/a><\/p><p><strong>Direcci\u00f3n electr\u00f3nica:<\/strong>\u00a0<a href=\"mailto:wmoczo@carolina.gobierno.pr\">wmoczo@carolina.gobierno.pr<\/a><\/p><p><strong>Direcci\u00f3n postal:<\/strong>\u00a0Apartado 8 Carolina, Puerto Rico 00986<\/p><p><strong>Horario:<\/strong> 8:00 a.m. a 4:00 p.m.<\/p>\t\t\t\t\t\t\t\t<\/div>\n\t\t\t\t<\/div>\n\t\t\t\t<\/div>\n\t\t\t\t<\/div>\n\t\t\t\t<\/div>\n\t\t\t\t\t<\/div>\n\t\t\t\t<\/div>\n\t\t\t\t<\/div>\n\t\t","protected":false},"excerpt":{"rendered":"<p>Tecnolog\u00eda de Informaci\u00f3n Somos la Tierra de Gigantes; y cada d\u00eda, nuestra gente hace honor a la gran responsabilidad que implica cumplir con el patrimonio de figuras tan grandes como su gesta misma. Los descendientes de Clemente, los sucesores de Julia, los hijos de Sanrom\u00e1, Pi\u00f1ero, Alberty\u2026 Somos los que vivimos en un espacio construido con el sudor de nuestra gente y con la conciencia fuerte de ser justos con los recursos que hemos cosechado. Esta plataforma web, ha sido instrumento eficaz para acercarnos a las familias y al mundo. Aqu\u00ed encontrar\u00e1s informaci\u00f3n valiosa sobre nuestra gesti\u00f3n municipal, nuestra historia, cultura y todos esos elementos que nos distinguen como carolinenses. Aqu\u00ed tambi\u00e9n encuentras enlaces de inter\u00e9s y espacios para acceder a los servicios del Municipio Aut\u00f3nomo de Carolina. Agradezco tu visita\u2026 Pues nuestra Ciudad cree en la capacidad que todos tenemos para crear grandes cosas; somos gestores de oportunidades y de crecimiento. Somos los responsables de colaborar a la felicidad colectiva\u2026 Somos la Tierra de Gigantes; y cada d\u00eda, nuestra gente hace honor a la gran responsabilidad que implica cumplir con el patrimonio de figuras tan grandes como su gesta misma. Los descendientes de Clemente, los sucesores de Julia, los hijos de Sanrom\u00e1, Pi\u00f1ero, Alberty\u2026 Somos los que vivimos en un espacio construido con el sudor de nuestra gente y con la conciencia fuerte de ser justos con los recursos que hemos cosechado. Esta plataforma web, ha sido instrumento eficaz para acercarnos a las familias y al mundo. Aqu\u00ed encontrar\u00e1s informaci\u00f3n valiosa sobre nuestra gesti\u00f3n municipal, nuestra historia, cultura y todos esos elementos que nos distinguen como carolinenses. Aqu\u00ed tambi\u00e9n encuentras enlaces de inter\u00e9s y espacios para acceder a los servicios del Municipio Aut\u00f3nomo de Carolina. Agradezco tu visita\u2026 Pues nuestra Ciudad cree en la capacidad que todos tenemos para crear grandes cosas; somos gestores de oportunidades y de crecimiento. Somos los responsables de colaborar a la felicidad colectiva\u2026 Somos Gigantes de esp\u00edritu, \u00a1Somos Carolina! &#8211; Jos\u00e9 Carlos Aponte Dalmau, Alcalde Misi\u00f3n Ofrecer un servicio de excelencia a trav\u00e9s de recursos altamente capacitados, comprometidos con el mejoramiento continuo. Poseer una infraestructura de comunicaci\u00f3n que permita la transmisi\u00f3n de voz, data y v\u00eddeo a todas las dependencias municipales. Establecer procedimientos uniformes para los tr\u00e1mites administrativos y operacionales. Contacto Direcci\u00f3n f\u00edsica:\u00a0Edificio Plaza Centro, Calle Domingo C\u00e1ceres, segundo piso, Altos-Optometry World Tel\u00e9fono:\u00a0(787) 757-2626, extensi\u00f3n 4700 Facs\u00edmil:\u00a0(787) 276-8147 Direcci\u00f3n electr\u00f3nica:\u00a0wmoczo@carolina.gobierno.pr Direcci\u00f3n postal:\u00a0Apartado 8 Carolina, Puerto Rico 00986 Horario: 8:00 a.m. a 4:00 p.m.<\/p>\n","protected":false},"author":1,"featured_media":7486,"parent":0,"menu_order":0,"comment_status":"closed","ping_status":"closed","template":"","meta":{"_acf_changed":false,"footnotes":""},"class_list":["post-3245","page","type-page","status-publish","has-post-thumbnail","hentry"],"acf":[],"_links":{"self":[{"href":"https:\/\/wearewebrything.com\/municipiocarolina\/wp-json\/wp\/v2\/pages\/3245","targetHints":{"allow":["GET"]}}],"collection":[{"href":"https:\/\/wearewebrything.com\/municipiocarolina\/wp-json\/wp\/v2\/pages"}],"about":[{"href":"https:\/\/wearewebrything.com\/municipiocarolina\/wp-json\/wp\/v2\/types\/page"}],"author":[{"embeddable":true,"href":"https:\/\/wearewebrything.com\/municipiocarolina\/wp-json\/wp\/v2\/users\/1"}],"replies":[{"embeddable":true,"href":"https:\/\/wearewebrything.com\/municipiocarolina\/wp-json\/wp\/v2\/comments?post=3245"}],"version-history":[{"count":67,"href":"https:\/\/wearewebrything.com\/municipiocarolina\/wp-json\/wp\/v2\/pages\/3245\/revisions"}],"predecessor-version":[{"id":7806,"href":"https:\/\/wearewebrything.com\/municipiocarolina\/wp-json\/wp\/v2\/pages\/3245\/revisions\/7806"}],"wp:featuredmedia":[{"embeddable":true,"href":"https:\/\/wearewebrything.com\/municipiocarolina\/wp-json\/wp\/v2\/media\/7486"}],"wp:attachment":[{"href":"https:\/\/wearewebrything.com\/municipiocarolina\/wp-json\/wp\/v2\/media?parent=3245"}],"curies":[{"name":"wp","href":"https:\/\/api.w.org\/{rel}","templated":true}]}}