{"id":3760,"date":"2025-10-22T16:31:31","date_gmt":"2025-10-22T16:31:31","guid":{"rendered":"https:\/\/wearewebrything.com\/municipiocarolina\/?page_id=3760"},"modified":"2026-02-03T17:43:03","modified_gmt":"2026-02-03T17:43:03","slug":"gerencia-de-proyectos","status":"publish","type":"page","link":"https:\/\/wearewebrything.com\/municipiocarolina\/gerencia-de-proyectos\/","title":{"rendered":"Gerencia de Proyectos"},"content":{"rendered":"\t\t<div data-elementor-type=\"wp-page\" data-elementor-id=\"3760\" class=\"elementor elementor-3760\" data-elementor-post-type=\"page\">\n\t\t\t\t<div class=\"elementor-element elementor-element-7827b578 e-flex e-con-boxed wpr-particle-no wpr-jarallax-no wpr-parallax-no wpr-sticky-section-no wpr-equal-height-no e-con e-parent\" data-id=\"7827b578\" data-element_type=\"container\" data-e-type=\"container\" id=\"fixed-parent\">\n\t\t\t\t\t<div class=\"e-con-inner\">\n\t\t<div class=\"elementor-element elementor-element-73ad1a25 e-con-full elementor-hidden-tablet elementor-hidden-mobile elementor-hidden-desktop e-flex wpr-particle-no wpr-jarallax-no wpr-parallax-no wpr-sticky-section-no wpr-equal-height-no e-con e-child\" data-id=\"73ad1a25\" data-element_type=\"container\" data-e-type=\"container\" id=\"enlaces-fixed-col\" data-settings=\"{&quot;background_background&quot;:&quot;classic&quot;}\">\n\t\t\t\t<\/div>\n\t\t<div class=\"elementor-element elementor-element-2ac94c28 e-con-full e-flex wpr-particle-no wpr-jarallax-no wpr-parallax-no wpr-sticky-section-no wpr-equal-height-no e-con e-child\" data-id=\"2ac94c28\" data-element_type=\"container\" data-e-type=\"container\">\n\t\t<div class=\"elementor-element elementor-element-1feea369 e-con-full e-flex wpr-particle-no wpr-jarallax-no wpr-parallax-no wpr-sticky-section-no wpr-equal-height-no e-con e-child\" data-id=\"1feea369\" data-element_type=\"container\" data-e-type=\"container\" data-settings=\"{&quot;background_background&quot;:&quot;classic&quot;}\">\n\t\t\t\t<div class=\"elementor-element elementor-element-554aded6 elementor-widget__width-initial elementor-widget elementor-widget-heading\" data-id=\"554aded6\" data-element_type=\"widget\" data-e-type=\"widget\" data-widget_type=\"heading.default\">\n\t\t\t\t\t<h2 class=\"elementor-heading-title elementor-size-default\">Gerencia de Proyectos<\/h2>\t\t\t\t<\/div>\n\t\t\t\t<\/div>\n\t\t<div class=\"elementor-element elementor-element-4e0ce90 e-con-full elementor-hidden-desktop e-flex wpr-particle-no wpr-jarallax-no wpr-parallax-no wpr-sticky-section-no wpr-equal-height-no e-con e-child\" data-id=\"4e0ce90\" data-element_type=\"container\" data-e-type=\"container\">\n\t\t\t\t<div class=\"elementor-element elementor-element-00e9420 elementor-hidden-desktop elementor-hidden-mobile elementor-widget elementor-widget-text-editor\" data-id=\"00e9420\" data-element_type=\"widget\" data-e-type=\"widget\" data-widget_type=\"text-editor.default\">\n\t\t\t\t\t\t\t\t\t<p><img fetchpriority=\"high\" decoding=\"async\" class=\" wp-image-847 alignleft\" src=\"http:\/\/wearewebrything.com\/municipiocarolina\/wp-content\/uploads\/2025\/10\/FOTO-OFICIAL-ALCALDE-CORREGIDA-2013-scaled-1-213x300.png\" alt=\"\" width=\"204\" height=\"288\" srcset=\"https:\/\/wearewebrything.com\/municipiocarolina\/wp-content\/uploads\/2025\/10\/FOTO-OFICIAL-ALCALDE-CORREGIDA-2013-scaled-1-213x300.png 213w, https:\/\/wearewebrything.com\/municipiocarolina\/wp-content\/uploads\/2025\/10\/FOTO-OFICIAL-ALCALDE-CORREGIDA-2013-scaled-1-727x1024.png 727w, https:\/\/wearewebrything.com\/municipiocarolina\/wp-content\/uploads\/2025\/10\/FOTO-OFICIAL-ALCALDE-CORREGIDA-2013-scaled-1-768x1082.png 768w, https:\/\/wearewebrything.com\/municipiocarolina\/wp-content\/uploads\/2025\/10\/FOTO-OFICIAL-ALCALDE-CORREGIDA-2013-scaled-1.png 1000w\" sizes=\"(max-width: 204px) 100vw, 204px\" \/>Somos la Tierra de Gigantes; y cada d\u00eda, nuestra gente hace honor a la gran responsabilidad que implica cumplir con el patrimonio de figuras tan grandes como su gesta misma.<\/p><p>Los descendientes de Clemente, los sucesores de Julia, los hijos de Sanrom\u00e1, Pi\u00f1ero, Alberty\u2026 Somos los que vivimos en un espacio construido con el sudor de nuestra gente y con la conciencia fuerte de ser justos con los recursos que hemos cosechado.<\/p><p>Esta plataforma web, ha sido instrumento eficaz para acercarnos a las familias y al mundo. Aqu\u00ed encontrar\u00e1s informaci\u00f3n valiosa sobre nuestra gesti\u00f3n municipal, nuestra historia, cultura y todos esos elementos que nos distinguen como carolinenses.<\/p><p>Aqu\u00ed tambi\u00e9n encuentras enlaces de inter\u00e9s y espacios para acceder a los servicios del Municipio Aut\u00f3nomo de Carolina.<\/p><p>Agradezco tu visita\u2026 Pues nuestra Ciudad cree en la capacidad que todos tenemos para crear grandes cosas; somos gestores de oportunidades y de crecimiento. Somos los responsables de colaborar a la felicidad colectiva\u2026<\/p>\t\t\t\t\t\t\t\t<\/div>\n\t\t\t\t<div class=\"elementor-element elementor-element-eb87f38 elementor-hidden-desktop elementor-hidden-tablet elementor-widget elementor-widget-text-editor\" data-id=\"eb87f38\" data-element_type=\"widget\" data-e-type=\"widget\" data-widget_type=\"text-editor.default\">\n\t\t\t\t\t\t\t\t\t<p><img decoding=\"async\" class=\" wp-image-847 alignleft\" src=\"http:\/\/wearewebrything.com\/municipiocarolina\/wp-content\/uploads\/2025\/10\/FOTO-OFICIAL-ALCALDE-CORREGIDA-2013-scaled-1-213x300.png\" alt=\"\" width=\"136\" height=\"191\" srcset=\"https:\/\/wearewebrything.com\/municipiocarolina\/wp-content\/uploads\/2025\/10\/FOTO-OFICIAL-ALCALDE-CORREGIDA-2013-scaled-1-213x300.png 213w, https:\/\/wearewebrything.com\/municipiocarolina\/wp-content\/uploads\/2025\/10\/FOTO-OFICIAL-ALCALDE-CORREGIDA-2013-scaled-1-727x1024.png 727w, https:\/\/wearewebrything.com\/municipiocarolina\/wp-content\/uploads\/2025\/10\/FOTO-OFICIAL-ALCALDE-CORREGIDA-2013-scaled-1-768x1082.png 768w, https:\/\/wearewebrything.com\/municipiocarolina\/wp-content\/uploads\/2025\/10\/FOTO-OFICIAL-ALCALDE-CORREGIDA-2013-scaled-1.png 1000w\" sizes=\"(max-width: 136px) 100vw, 136px\" \/>Somos la Tierra de Gigantes; y cada d\u00eda, nuestra gente hace honor a la gran responsabilidad que implica cumplir con el patrimonio de figuras tan grandes como su gesta misma.<\/p><p>Los descendientes de Clemente, los sucesores de Julia, los hijos de Sanrom\u00e1, Pi\u00f1ero, Alberty\u2026 Somos los que vivimos en un espacio construido con el sudor de nuestra gente y con la conciencia fuerte de ser justos con los recursos que hemos cosechado.<\/p><p>Esta plataforma web, ha sido instrumento eficaz para acercarnos a las familias y al mundo. Aqu\u00ed encontrar\u00e1s informaci\u00f3n valiosa sobre nuestra gesti\u00f3n municipal, nuestra historia, cultura y todos esos elementos que nos distinguen como carolinenses.<\/p><p>Aqu\u00ed tambi\u00e9n encuentras enlaces de inter\u00e9s y espacios para acceder a los servicios del Municipio Aut\u00f3nomo de Carolina.<\/p><p>Agradezco tu visita\u2026 Pues nuestra Ciudad cree en la capacidad que todos tenemos para crear grandes cosas; somos gestores de oportunidades y de crecimiento. Somos los responsables de colaborar a la felicidad colectiva\u2026<\/p>\t\t\t\t\t\t\t\t<\/div>\n\t\t<div class=\"elementor-element elementor-element-791d3f5 e-con-full e-flex wpr-particle-no wpr-jarallax-no wpr-parallax-no wpr-sticky-section-no wpr-equal-height-no e-con e-child\" data-id=\"791d3f5\" data-element_type=\"container\" data-e-type=\"container\" data-settings=\"{&quot;background_background&quot;:&quot;classic&quot;}\">\n\t\t\t\t<div class=\"elementor-element elementor-element-a07cfa2 elementor-widget elementor-widget-heading\" data-id=\"a07cfa2\" data-element_type=\"widget\" data-e-type=\"widget\" data-widget_type=\"heading.default\">\n\t\t\t\t\t<h5 class=\"elementor-heading-title elementor-size-default\">Somos Gigantes de esp\u00edritu, <span style=\"color: #F86327\">\u00a1Somos Carolina!<\/span><\/h5>\t\t\t\t<\/div>\n\t\t\t\t<div class=\"elementor-element elementor-element-32ad89f elementor-widget elementor-widget-heading\" data-id=\"32ad89f\" data-element_type=\"widget\" data-e-type=\"widget\" data-widget_type=\"heading.default\">\n\t\t\t\t\t<h6 class=\"elementor-heading-title elementor-size-default\">- Jos\u00e9 Carlos Aponte Dalmau, <span style=\"font-weight: 400\">Alcalde<\/span><\/h6>\t\t\t\t<\/div>\n\t\t\t\t<\/div>\n\t\t\t\t<\/div>\n\t\t<div class=\"elementor-element elementor-element-c84f991 e-con-full e-flex wpr-particle-no wpr-jarallax-no wpr-parallax-no wpr-sticky-section-no wpr-equal-height-no e-con e-child\" data-id=\"c84f991\" data-element_type=\"container\" data-e-type=\"container\">\n\t\t<div class=\"elementor-element elementor-element-4a38da6 e-grid e-con-full wpr-particle-no wpr-jarallax-no wpr-parallax-no wpr-sticky-section-no wpr-equal-height-no e-con e-child\" data-id=\"4a38da6\" data-element_type=\"container\" data-e-type=\"container\">\n\t\t<div class=\"elementor-element elementor-element-c546404 e-con-full e-flex wpr-particle-no wpr-jarallax-no wpr-parallax-no wpr-sticky-section-no wpr-equal-height-no e-con e-child\" data-id=\"c546404\" data-element_type=\"container\" data-e-type=\"container\" data-settings=\"{&quot;background_background&quot;:&quot;classic&quot;}\">\n\t\t<div class=\"elementor-element elementor-element-ce7d4e1 e-con-full e-flex wpr-particle-no wpr-jarallax-no wpr-parallax-no wpr-sticky-section-no wpr-equal-height-no e-con e-child\" data-id=\"ce7d4e1\" data-element_type=\"container\" data-e-type=\"container\">\n\t\t<div class=\"elementor-element elementor-element-2487de0 e-con-full e-flex wpr-particle-no wpr-jarallax-no wpr-parallax-no wpr-sticky-section-no wpr-equal-height-no e-con e-child\" data-id=\"2487de0\" data-element_type=\"container\" data-e-type=\"container\">\n\t\t\t\t<div class=\"elementor-element elementor-element-bef4c0b elementor-widget elementor-widget-image\" data-id=\"bef4c0b\" data-element_type=\"widget\" data-e-type=\"widget\" data-widget_type=\"image.default\">\n\t\t\t\t\t\t\t\t\t\t\t\t\t\t\t<img decoding=\"async\" width=\"180\" height=\"180\" src=\"https:\/\/wearewebrything.com\/municipiocarolina\/wp-content\/uploads\/2025\/10\/Group-9002-1.png\" class=\"attachment-large size-large wp-image-1660\" alt=\"\" srcset=\"https:\/\/wearewebrything.com\/municipiocarolina\/wp-content\/uploads\/2025\/10\/Group-9002-1.png 180w, https:\/\/wearewebrything.com\/municipiocarolina\/wp-content\/uploads\/2025\/10\/Group-9002-1-150x150.png 150w\" sizes=\"(max-width: 180px) 100vw, 180px\" \/>\t\t\t\t\t\t\t\t\t\t\t\t\t\t\t<\/div>\n\t\t\t\t<div class=\"elementor-element elementor-element-6b784de elementor-widget elementor-widget-heading\" data-id=\"6b784de\" data-element_type=\"widget\" data-e-type=\"widget\" data-widget_type=\"heading.default\">\n\t\t\t\t\t<h3 class=\"elementor-heading-title elementor-size-default\">Misi\u00f3n<\/h3>\t\t\t\t<\/div>\n\t\t\t\t<\/div>\n\t\t\t\t<div class=\"elementor-element elementor-element-fdd7fe5 elementor-widget elementor-widget-text-editor\" data-id=\"fdd7fe5\" data-element_type=\"widget\" data-e-type=\"widget\" data-widget_type=\"text-editor.default\">\n\t\t\t\t\t\t\t\t\tConstrucci\u00f3n y mejoras de edificios, instalaciones p\u00fablicas, avenidas y \u00e1reas recreativas.\t\t\t\t\t\t\t\t<\/div>\n\t\t\t\t<\/div>\n\t\t\t\t<\/div>\n\t\t<div class=\"elementor-element elementor-element-907b6a1 e-con-full e-flex wpr-particle-no wpr-jarallax-no wpr-parallax-no wpr-sticky-section-no wpr-equal-height-no e-con e-child\" data-id=\"907b6a1\" data-element_type=\"container\" data-e-type=\"container\" data-settings=\"{&quot;background_background&quot;:&quot;gradient&quot;}\">\n\t\t\t\t<div class=\"elementor-element elementor-element-8aafa59 elementor-widget elementor-widget-heading\" data-id=\"8aafa59\" data-element_type=\"widget\" data-e-type=\"widget\" data-widget_type=\"heading.default\">\n\t\t\t\t\t<h2 class=\"elementor-heading-title elementor-size-default\">Contacto<\/h2>\t\t\t\t<\/div>\n\t\t\t\t<div class=\"elementor-element elementor-element-9611971 elementor-widget elementor-widget-text-editor\" data-id=\"9611971\" data-element_type=\"widget\" data-e-type=\"widget\" id=\"contact-content\" data-widget_type=\"text-editor.default\">\n\t\t\t\t\t\t\t\t\t<p><strong>Horario:<\/strong> 8:00 a.m.-4:00 p.m.<\/p><p><strong>Tel\u00e9fono:<\/strong> <a href=\"tel:7877572626\" target=\"_blank\" rel=\"noopener\">(787) 757-2626<\/a> ext. 8285 \/ 8207<\/p><p><strong>Facs\u00edmil:<\/strong> <a href=\"tel:7877570875\">(787) 757-0875<\/a><\/p><p><strong>Direcci\u00f3n:<\/strong> Gerencia de Proyectos &#8211; <a href=\"https:\/\/maps.app.goo.gl\/3Lp2nm1TTBKXNBDa7\" target=\"_blank\" rel=\"noopener\">Casa Alcald\u00eda, Segundo Piso (2do Piso), Apartado 8 Carolina, PR 00986-0008<\/a><\/p>\t\t\t\t\t\t\t\t<\/div>\n\t\t\t\t<\/div>\n\t\t\t\t<\/div>\n\t\t\t\t<\/div>\n\t\t<div class=\"elementor-element elementor-element-1202284 e-con-full e-flex wpr-particle-no wpr-jarallax-no wpr-parallax-no wpr-sticky-section-no wpr-equal-height-no e-con e-child\" data-id=\"1202284\" data-element_type=\"container\" data-e-type=\"container\">\n\t\t\t\t<div class=\"elementor-element elementor-element-c6d0182 elementor-hidden-mobile elementor-widget elementor-widget-sp_easy_accordion_pro_shortcode\" data-id=\"c6d0182\" data-element_type=\"widget\" data-e-type=\"widget\" id=\"accordion-legislatura\" data-widget_type=\"sp_easy_accordion_pro_shortcode.default\">\n\t\t\t\t<div class=\"elementor-widget-container\">\n\t\t\t\t\t<style>#sp-ea-7997 .spcollapsing { height: 0; overflow: hidden; transition-property: height;transition-duration: 300ms;}#sp-ea-7997.sp-easy-accordion>.sp-ea-single {margin-bottom: 10px; border: 0px solid #e2e2e2; }#sp-ea-7997.sp-easy-accordion>.sp-ea-single>.ea-header a {color: #2b2b2b;}#sp-ea-7997.sp-easy-accordion>.sp-ea-single>.sp-collapse>.ea-body {background: #fff; color: #444;}#sp-ea-7997.sp-easy-accordion>.sp-ea-single {background: #eee;}#sp-ea-7997.sp-easy-accordion>.sp-ea-single>.ea-header a .ea-expand-icon { float: right; color: #f86327;font-size: 16px;}#sp-ea-7997.sp-easy-accordion>.sp-ea-single>.ea-header a .ea-expand-icon {margin-right: 0;}<\/style><div id=\"sp_easy_accordion-1761074811\"><div id=\"sp-ea-7997\" class=\"sp-ea-one sp-easy-accordion\" data-ea-active=\"ea-click\" data-ea-mode=\"vertical\" data-preloader=\"\" data-scroll-active-item=\"\" data-offset-to-scroll=\"0\"><div class=\"ea-card sp-ea-single\"><h5 class=\"ea-header\"><a class=\"collapsed\" id=\"ea-header-79970\" role=\"button\" data-sptoggle=\"spcollapse\" data-sptarget=\"#collapse79970\" aria-controls=\"collapse79970\" href=\"#\" aria-expanded=\"false\" tabindex=\"0\"><i aria-hidden=\"true\" role=\"presentation\" class=\"ea-expand-icon eap-icon-ea-expand-plus\"><\/i> FONSI Carolina PR Flood Mitigation<\/a><\/h5><div class=\"sp-collapse spcollapse spcollapse\" id=\"collapse79970\" data-parent=\"#sp-ea-7997\" role=\"region\" aria-labelledby=\"ea-header-79970\"> <div class=\"ea-body\"><p><a href=\"https:\/\/wearewebrything.com\/municipiocarolina\/?attachment_id=7998\" target=\"_blank\" rel=\"attachment noopener wp-att-7998\">Descargar FONSI Carolina PR Flood Mitigation<\/a><\/p><\/div><\/div><\/div><div class=\"ea-card sp-ea-single\"><h5 class=\"ea-header\"><a class=\"collapsed\" id=\"ea-header-79971\" role=\"button\" data-sptoggle=\"spcollapse\" data-sptarget=\"#collapse79971\" aria-controls=\"collapse79971\" href=\"#\" aria-expanded=\"false\" tabindex=\"0\"><i aria-hidden=\"true\" role=\"presentation\" class=\"ea-expand-icon eap-icon-ea-expand-plus\"><\/i> FEMA General Website Link for Carolina<\/a><\/h5><div class=\"sp-collapse spcollapse spcollapse\" id=\"collapse79971\" data-parent=\"#sp-ea-7997\" role=\"region\" aria-labelledby=\"ea-header-79971\"> <div class=\"ea-body\"><div class=\"desc_wrapper\"><h4><a href=\"https:\/\/www.fema.gov\/emergency-managers\/practitioners\/environmental-historic\/nepa\/environmental-assessment-carolina\" target=\"_blank\" rel=\"noopener\">Descargar FEMA General Website Link for Carolina<\/a><\/h4><\/div><\/div><\/div><\/div><div class=\"ea-card sp-ea-single\"><h5 class=\"ea-header\"><a class=\"collapsed\" id=\"ea-header-79972\" role=\"button\" data-sptoggle=\"spcollapse\" data-sptarget=\"#collapse79972\" aria-controls=\"collapse79972\" href=\"#\" aria-expanded=\"false\" tabindex=\"0\"><i aria-hidden=\"true\" role=\"presentation\" class=\"ea-expand-icon eap-icon-ea-expand-plus\"><\/i> EA with Appendixes<\/a><\/h5><div class=\"sp-collapse spcollapse spcollapse\" id=\"collapse79972\" data-parent=\"#sp-ea-7997\" role=\"region\" aria-labelledby=\"ea-header-79972\"> <div class=\"ea-body\"><div class=\"desc_wrapper\"><h4><a href=\"https:\/\/www.fema.gov\/sites\/default\/files\/documents\/fema_pr-carolina-downtown-ea-appendices_02212023.pdf\" target=\"_blank\" rel=\"noopener\">Descargar EA with Appendixes<\/a><\/h4><\/div><\/div><\/div><\/div><div class=\"ea-card sp-ea-single\"><h5 class=\"ea-header\"><a class=\"collapsed\" id=\"ea-header-79973\" role=\"button\" data-sptoggle=\"spcollapse\" data-sptarget=\"#collapse79973\" aria-controls=\"collapse79973\" href=\"#\" aria-expanded=\"false\" tabindex=\"0\"><i aria-hidden=\"true\" role=\"presentation\" class=\"ea-expand-icon eap-icon-ea-expand-plus\"><\/i> Finding of No Significant Impact (FONSI)<\/a><\/h5><div class=\"sp-collapse spcollapse spcollapse\" id=\"collapse79973\" data-parent=\"#sp-ea-7997\" role=\"region\" aria-labelledby=\"ea-header-79973\"> <div class=\"ea-body\"><div class=\"desc_wrapper\"><h4><a href=\"https:\/\/www.fema.gov\/sites\/default\/files\/dohttps:\/\/www.fema.gov\/sites\/default\/files\/documents\/fema_pr-carolina-downtown-signed-fonsi_07182023.pdfcuments\/fema_pr-carolina-downtown-signed-fonsi_07182023.pdf\" target=\"_blank\" rel=\"noopener\">Descargar Finding of No Significant Impact (FONSI)<\/a><\/h4><\/div><\/div><\/div><\/div><div class=\"ea-card sp-ea-single\"><h5 class=\"ea-header\"><a class=\"collapsed\" id=\"ea-header-79974\" role=\"button\" data-sptoggle=\"spcollapse\" data-sptarget=\"#collapse79974\" aria-controls=\"collapse79974\" href=\"#\" aria-expanded=\"false\" tabindex=\"0\"><i aria-hidden=\"true\" role=\"presentation\" class=\"ea-expand-icon eap-icon-ea-expand-plus\"><\/i> Environmental Assessment for Carolina Downtown Flood Mitigation Project, Carolina, Puerto Rico<\/a><\/h5><div class=\"sp-collapse spcollapse spcollapse\" id=\"collapse79974\" data-parent=\"#sp-ea-7997\" role=\"region\" aria-labelledby=\"ea-header-79974\"> <div class=\"ea-body\"><div class=\"desc_wrapper\"><h4><a href=\"https:\/\/www.fema.gov\/emergency-managers\/practitioners\/environmental-historic\/nepa\/environmental-assessment-carolina\" target=\"_blank\" rel=\"noopener\">Descargar Environmental Assessment for Carolina Downtown Flood Mitigation Project, Carolina, Puerto Rico<\/a><\/h4><\/div><\/div><\/div><\/div><div class=\"ea-card sp-ea-single\"><h5 class=\"ea-header\"><a class=\"collapsed\" id=\"ea-header-79975\" role=\"button\" data-sptoggle=\"spcollapse\" data-sptarget=\"#collapse79975\" aria-controls=\"collapse79975\" href=\"#\" aria-expanded=\"false\" tabindex=\"0\"><i aria-hidden=\"true\" role=\"presentation\" class=\"ea-expand-icon eap-icon-ea-expand-plus\"><\/i> Carolina Downtown- EA-version Espa\u00f1ol<\/a><\/h5><div class=\"sp-collapse spcollapse spcollapse\" id=\"collapse79975\" data-parent=\"#sp-ea-7997\" role=\"region\" aria-labelledby=\"ea-header-79975\"> <div class=\"ea-body\"><p><a href=\"https:\/\/wearewebrything.com\/municipiocarolina\/?attachment_id=7999\" target=\"_blank\" rel=\"attachment noopener wp-att-7999\">Descargar Carolina Downtown- EA-version Espa\u00f1ol<\/a><\/p><\/div><\/div><\/div><div class=\"ea-card sp-ea-single\"><h5 class=\"ea-header\"><a class=\"collapsed\" id=\"ea-header-79976\" role=\"button\" data-sptoggle=\"spcollapse\" data-sptarget=\"#collapse79976\" aria-controls=\"collapse79976\" href=\"#\" aria-expanded=\"false\" tabindex=\"0\"><i aria-hidden=\"true\" role=\"presentation\" class=\"ea-expand-icon eap-icon-ea-expand-plus\"><\/i> Carolina Downtown-EA-English version<\/a><\/h5><div class=\"sp-collapse spcollapse spcollapse\" id=\"collapse79976\" data-parent=\"#sp-ea-7997\" role=\"region\" aria-labelledby=\"ea-header-79976\"> <div class=\"ea-body\"><p><a href=\"https:\/\/wearewebrything.com\/municipiocarolina\/?attachment_id=8000\" target=\"_blank\" rel=\"attachment noopener wp-att-8000\">Descargar Carolina Downtown-EA-English version<\/a><\/p><\/div><\/div><\/div><div class=\"ea-card sp-ea-single\"><h5 class=\"ea-header\"><a class=\"collapsed\" id=\"ea-header-79977\" role=\"button\" data-sptoggle=\"spcollapse\" data-sptarget=\"#collapse79977\" aria-controls=\"collapse79977\" href=\"#\" aria-expanded=\"false\" tabindex=\"0\"><i aria-hidden=\"true\" role=\"presentation\" class=\"ea-expand-icon eap-icon-ea-expand-plus\"><\/i> Carolina Downtown-Public-Notice-version Espa\u00f1ol<\/a><\/h5><div class=\"sp-collapse spcollapse spcollapse\" id=\"collapse79977\" data-parent=\"#sp-ea-7997\" role=\"region\" aria-labelledby=\"ea-header-79977\"> <div class=\"ea-body\"><p><a href=\"https:\/\/wearewebrything.com\/municipiocarolina\/?attachment_id=8001\" target=\"_blank\" rel=\"attachment noopener wp-att-8001\">Descargar Carolina Downtown-Public-Notice-version Espa\u00f1ol<\/a><\/p><\/div><\/div><\/div><div class=\"ea-card sp-ea-single\"><h5 class=\"ea-header\"><a class=\"collapsed\" id=\"ea-header-79978\" role=\"button\" data-sptoggle=\"spcollapse\" data-sptarget=\"#collapse79978\" aria-controls=\"collapse79978\" href=\"#\" aria-expanded=\"false\" tabindex=\"0\"><i aria-hidden=\"true\" role=\"presentation\" class=\"ea-expand-icon eap-icon-ea-expand-plus\"><\/i> Carolina Downtown-Public_Notice-English<\/a><\/h5><div class=\"sp-collapse spcollapse spcollapse\" id=\"collapse79978\" data-parent=\"#sp-ea-7997\" role=\"region\" aria-labelledby=\"ea-header-79978\"> <div class=\"ea-body\"><p><a href=\"https:\/\/wearewebrything.com\/municipiocarolina\/?attachment_id=8002\" target=\"_blank\" rel=\"attachment noopener wp-att-8002\">Carolina Downtown-Public_Notice-English<\/a><\/p><\/div><\/div><\/div><\/div><\/div>\t\t\t\t<\/div>\n\t\t\t\t<\/div>\n\t\t\t\t<\/div>\n\t\t\t\t<\/div>\n\t\t\t\t\t<\/div>\n\t\t\t\t<\/div>\n\t\t\t\t<\/div>\n\t\t","protected":false},"excerpt":{"rendered":"<p>Gerencia de Proyectos Somos la Tierra de Gigantes; y cada d\u00eda, nuestra gente hace honor a la gran responsabilidad que implica cumplir con el patrimonio de figuras tan grandes como su gesta misma. Los descendientes de Clemente, los sucesores de Julia, los hijos de Sanrom\u00e1, Pi\u00f1ero, Alberty\u2026 Somos los que vivimos en un espacio construido con el sudor de nuestra gente y con la conciencia fuerte de ser justos con los recursos que hemos cosechado. Esta plataforma web, ha sido instrumento eficaz para acercarnos a las familias y al mundo. Aqu\u00ed encontrar\u00e1s informaci\u00f3n valiosa sobre nuestra gesti\u00f3n municipal, nuestra historia, cultura y todos esos elementos que nos distinguen como carolinenses. Aqu\u00ed tambi\u00e9n encuentras enlaces de inter\u00e9s y espacios para acceder a los servicios del Municipio Aut\u00f3nomo de Carolina. Agradezco tu visita\u2026 Pues nuestra Ciudad cree en la capacidad que todos tenemos para crear grandes cosas; somos gestores de oportunidades y de crecimiento. Somos los responsables de colaborar a la felicidad colectiva\u2026 Somos la Tierra de Gigantes; y cada d\u00eda, nuestra gente hace honor a la gran responsabilidad que implica cumplir con el patrimonio de figuras tan grandes como su gesta misma. Los descendientes de Clemente, los sucesores de Julia, los hijos de Sanrom\u00e1, Pi\u00f1ero, Alberty\u2026 Somos los que vivimos en un espacio construido con el sudor de nuestra gente y con la conciencia fuerte de ser justos con los recursos que hemos cosechado. Esta plataforma web, ha sido instrumento eficaz para acercarnos a las familias y al mundo. Aqu\u00ed encontrar\u00e1s informaci\u00f3n valiosa sobre nuestra gesti\u00f3n municipal, nuestra historia, cultura y todos esos elementos que nos distinguen como carolinenses. Aqu\u00ed tambi\u00e9n encuentras enlaces de inter\u00e9s y espacios para acceder a los servicios del Municipio Aut\u00f3nomo de Carolina. Agradezco tu visita\u2026 Pues nuestra Ciudad cree en la capacidad que todos tenemos para crear grandes cosas; somos gestores de oportunidades y de crecimiento. Somos los responsables de colaborar a la felicidad colectiva\u2026 Somos Gigantes de esp\u00edritu, \u00a1Somos Carolina! &#8211; Jos\u00e9 Carlos Aponte Dalmau, Alcalde Misi\u00f3n Construcci\u00f3n y mejoras de edificios, instalaciones p\u00fablicas, avenidas y \u00e1reas recreativas. Contacto Horario: 8:00 a.m.-4:00 p.m. Tel\u00e9fono: (787) 757-2626 ext. 8285 \/ 8207 Facs\u00edmil: (787) 757-0875 Direcci\u00f3n: Gerencia de Proyectos &#8211; Casa Alcald\u00eda, Segundo Piso (2do Piso), Apartado 8 Carolina, PR 00986-0008 FONSI Carolina PR Flood Mitigation Descargar FONSI Carolina PR Flood Mitigation FEMA General Website Link for Carolina Descargar FEMA General Website Link for Carolina EA with Appendixes Descargar EA with Appendixes Finding of No Significant Impact (FONSI) Descargar Finding of No Significant Impact (FONSI) Environmental Assessment for Carolina Downtown Flood Mitigation Project, Carolina, Puerto Rico Descargar Environmental Assessment for Carolina Downtown Flood Mitigation Project, Carolina, Puerto Rico Carolina Downtown- EA-version Espa\u00f1ol Descargar Carolina Downtown- EA-version Espa\u00f1ol Carolina Downtown-EA-English version Descargar Carolina Downtown-EA-English version Carolina Downtown-Public-Notice-version Espa\u00f1ol Descargar Carolina Downtown-Public-Notice-version Espa\u00f1ol Carolina Downtown-Public_Notice-English Carolina Downtown-Public_Notice-English<\/p>\n","protected":false},"author":1,"featured_media":7526,"parent":0,"menu_order":0,"comment_status":"closed","ping_status":"closed","template":"","meta":{"_acf_changed":false,"footnotes":""},"class_list":["post-3760","page","type-page","status-publish","has-post-thumbnail","hentry"],"acf":[],"_links":{"self":[{"href":"https:\/\/wearewebrything.com\/municipiocarolina\/wp-json\/wp\/v2\/pages\/3760","targetHints":{"allow":["GET"]}}],"collection":[{"href":"https:\/\/wearewebrything.com\/municipiocarolina\/wp-json\/wp\/v2\/pages"}],"about":[{"href":"https:\/\/wearewebrything.com\/municipiocarolina\/wp-json\/wp\/v2\/types\/page"}],"author":[{"embeddable":true,"href":"https:\/\/wearewebrything.com\/municipiocarolina\/wp-json\/wp\/v2\/users\/1"}],"replies":[{"embeddable":true,"href":"https:\/\/wearewebrything.com\/municipiocarolina\/wp-json\/wp\/v2\/comments?post=3760"}],"version-history":[{"count":37,"href":"https:\/\/wearewebrything.com\/municipiocarolina\/wp-json\/wp\/v2\/pages\/3760\/revisions"}],"predecessor-version":[{"id":8009,"href":"https:\/\/wearewebrything.com\/municipiocarolina\/wp-json\/wp\/v2\/pages\/3760\/revisions\/8009"}],"wp:featuredmedia":[{"embeddable":true,"href":"https:\/\/wearewebrything.com\/municipiocarolina\/wp-json\/wp\/v2\/media\/7526"}],"wp:attachment":[{"href":"https:\/\/wearewebrything.com\/municipiocarolina\/wp-json\/wp\/v2\/media?parent=3760"}],"curies":[{"name":"wp","href":"https:\/\/api.w.org\/{rel}","templated":true}]}}