{"id":3895,"date":"2025-10-22T18:10:27","date_gmt":"2025-10-22T18:10:27","guid":{"rendered":"https:\/\/wearewebrything.com\/municipiocarolina\/?page_id=3895"},"modified":"2026-01-29T14:56:46","modified_gmt":"2026-01-29T14:56:46","slug":"bomberos-municipales","status":"publish","type":"page","link":"https:\/\/wearewebrything.com\/municipiocarolina\/bomberos-municipales\/","title":{"rendered":"Bomberos Municipales"},"content":{"rendered":"\t\t<div data-elementor-type=\"wp-page\" data-elementor-id=\"3895\" class=\"elementor elementor-3895\" data-elementor-post-type=\"page\">\n\t\t\t\t<div class=\"elementor-element elementor-element-7827b578 e-flex e-con-boxed wpr-particle-no wpr-jarallax-no wpr-parallax-no wpr-sticky-section-no wpr-equal-height-no e-con e-parent\" data-id=\"7827b578\" data-element_type=\"container\" data-e-type=\"container\" id=\"fixed-parent\">\n\t\t\t\t\t<div class=\"e-con-inner\">\n\t\t<div class=\"elementor-element elementor-element-73ad1a25 e-con-full elementor-hidden-tablet elementor-hidden-mobile elementor-hidden-desktop e-flex wpr-particle-no wpr-jarallax-no wpr-parallax-no wpr-sticky-section-no wpr-equal-height-no e-con e-child\" data-id=\"73ad1a25\" data-element_type=\"container\" data-e-type=\"container\" id=\"enlaces-fixed-col\" data-settings=\"{&quot;background_background&quot;:&quot;classic&quot;}\">\n\t\t\t\t<\/div>\n\t\t<div class=\"elementor-element elementor-element-2ac94c28 e-con-full e-flex wpr-particle-no wpr-jarallax-no wpr-parallax-no wpr-sticky-section-no wpr-equal-height-no e-con e-child\" data-id=\"2ac94c28\" data-element_type=\"container\" data-e-type=\"container\">\n\t\t<div class=\"elementor-element elementor-element-1feea369 e-con-full e-flex wpr-particle-no wpr-jarallax-no wpr-parallax-no wpr-sticky-section-no wpr-equal-height-no e-con e-child\" data-id=\"1feea369\" data-element_type=\"container\" data-e-type=\"container\" data-settings=\"{&quot;background_background&quot;:&quot;classic&quot;}\">\n\t\t\t\t<div class=\"elementor-element elementor-element-554aded6 elementor-widget__width-initial elementor-widget elementor-widget-heading\" data-id=\"554aded6\" data-element_type=\"widget\" data-e-type=\"widget\" data-widget_type=\"heading.default\">\n\t\t\t\t\t<h2 class=\"elementor-heading-title elementor-size-default\">Bomberos Municipales<\/h2>\t\t\t\t<\/div>\n\t\t\t\t<\/div>\n\t\t<div class=\"elementor-element elementor-element-70009f3 e-con-full elementor-hidden-desktop e-flex wpr-particle-no wpr-jarallax-no wpr-parallax-no wpr-sticky-section-no wpr-equal-height-no e-con e-child\" data-id=\"70009f3\" data-element_type=\"container\" data-e-type=\"container\">\n\t\t\t\t<div class=\"elementor-element elementor-element-7730b26 elementor-hidden-desktop elementor-hidden-mobile elementor-widget elementor-widget-text-editor\" data-id=\"7730b26\" data-element_type=\"widget\" data-e-type=\"widget\" data-widget_type=\"text-editor.default\">\n\t\t\t\t\t\t\t\t\t<p><img fetchpriority=\"high\" decoding=\"async\" class=\" wp-image-847 alignleft\" src=\"http:\/\/wearewebrything.com\/municipiocarolina\/wp-content\/uploads\/2025\/10\/FOTO-OFICIAL-ALCALDE-CORREGIDA-2013-scaled-1-213x300.png\" alt=\"\" width=\"204\" height=\"288\" srcset=\"https:\/\/wearewebrything.com\/municipiocarolina\/wp-content\/uploads\/2025\/10\/FOTO-OFICIAL-ALCALDE-CORREGIDA-2013-scaled-1-213x300.png 213w, https:\/\/wearewebrything.com\/municipiocarolina\/wp-content\/uploads\/2025\/10\/FOTO-OFICIAL-ALCALDE-CORREGIDA-2013-scaled-1-727x1024.png 727w, https:\/\/wearewebrything.com\/municipiocarolina\/wp-content\/uploads\/2025\/10\/FOTO-OFICIAL-ALCALDE-CORREGIDA-2013-scaled-1-768x1082.png 768w, https:\/\/wearewebrything.com\/municipiocarolina\/wp-content\/uploads\/2025\/10\/FOTO-OFICIAL-ALCALDE-CORREGIDA-2013-scaled-1.png 1000w\" sizes=\"(max-width: 204px) 100vw, 204px\" \/>Somos la Tierra de Gigantes; y cada d\u00eda, nuestra gente hace honor a la gran responsabilidad que implica cumplir con el patrimonio de figuras tan grandes como su gesta misma.<\/p><p>Los descendientes de Clemente, los sucesores de Julia, los hijos de Sanrom\u00e1, Pi\u00f1ero, Alberty\u2026 Somos los que vivimos en un espacio construido con el sudor de nuestra gente y con la conciencia fuerte de ser justos con los recursos que hemos cosechado.<\/p><p>Esta plataforma web, ha sido instrumento eficaz para acercarnos a las familias y al mundo. Aqu\u00ed encontrar\u00e1s informaci\u00f3n valiosa sobre nuestra gesti\u00f3n municipal, nuestra historia, cultura y todos esos elementos que nos distinguen como carolinenses.<\/p><p>Aqu\u00ed tambi\u00e9n encuentras enlaces de inter\u00e9s y espacios para acceder a los servicios del Municipio Aut\u00f3nomo de Carolina.<\/p><p>Agradezco tu visita\u2026 Pues nuestra Ciudad cree en la capacidad que todos tenemos para crear grandes cosas; somos gestores de oportunidades y de crecimiento. Somos los responsables de colaborar a la felicidad colectiva\u2026<\/p>\t\t\t\t\t\t\t\t<\/div>\n\t\t\t\t<div class=\"elementor-element elementor-element-c979fc7 elementor-hidden-desktop elementor-hidden-tablet elementor-widget elementor-widget-text-editor\" data-id=\"c979fc7\" data-element_type=\"widget\" data-e-type=\"widget\" data-widget_type=\"text-editor.default\">\n\t\t\t\t\t\t\t\t\t<p><img decoding=\"async\" class=\" wp-image-847 alignleft\" src=\"http:\/\/wearewebrything.com\/municipiocarolina\/wp-content\/uploads\/2025\/10\/FOTO-OFICIAL-ALCALDE-CORREGIDA-2013-scaled-1-213x300.png\" alt=\"\" width=\"136\" height=\"191\" srcset=\"https:\/\/wearewebrything.com\/municipiocarolina\/wp-content\/uploads\/2025\/10\/FOTO-OFICIAL-ALCALDE-CORREGIDA-2013-scaled-1-213x300.png 213w, https:\/\/wearewebrything.com\/municipiocarolina\/wp-content\/uploads\/2025\/10\/FOTO-OFICIAL-ALCALDE-CORREGIDA-2013-scaled-1-727x1024.png 727w, https:\/\/wearewebrything.com\/municipiocarolina\/wp-content\/uploads\/2025\/10\/FOTO-OFICIAL-ALCALDE-CORREGIDA-2013-scaled-1-768x1082.png 768w, https:\/\/wearewebrything.com\/municipiocarolina\/wp-content\/uploads\/2025\/10\/FOTO-OFICIAL-ALCALDE-CORREGIDA-2013-scaled-1.png 1000w\" sizes=\"(max-width: 136px) 100vw, 136px\" \/>Somos la Tierra de Gigantes; y cada d\u00eda, nuestra gente hace honor a la gran responsabilidad que implica cumplir con el patrimonio de figuras tan grandes como su gesta misma.<\/p><p>Los descendientes de Clemente, los sucesores de Julia, los hijos de Sanrom\u00e1, Pi\u00f1ero, Alberty\u2026 Somos los que vivimos en un espacio construido con el sudor de nuestra gente y con la conciencia fuerte de ser justos con los recursos que hemos cosechado.<\/p><p>Esta plataforma web, ha sido instrumento eficaz para acercarnos a las familias y al mundo. Aqu\u00ed encontrar\u00e1s informaci\u00f3n valiosa sobre nuestra gesti\u00f3n municipal, nuestra historia, cultura y todos esos elementos que nos distinguen como carolinenses.<\/p><p>Aqu\u00ed tambi\u00e9n encuentras enlaces de inter\u00e9s y espacios para acceder a los servicios del Municipio Aut\u00f3nomo de Carolina.<\/p><p>Agradezco tu visita\u2026 Pues nuestra Ciudad cree en la capacidad que todos tenemos para crear grandes cosas; somos gestores de oportunidades y de crecimiento. Somos los responsables de colaborar a la felicidad colectiva\u2026<\/p>\t\t\t\t\t\t\t\t<\/div>\n\t\t<div class=\"elementor-element elementor-element-9deda11 e-con-full e-flex wpr-particle-no wpr-jarallax-no wpr-parallax-no wpr-sticky-section-no wpr-equal-height-no e-con e-child\" data-id=\"9deda11\" data-element_type=\"container\" data-e-type=\"container\" data-settings=\"{&quot;background_background&quot;:&quot;classic&quot;}\">\n\t\t\t\t<div class=\"elementor-element elementor-element-bda95da elementor-widget elementor-widget-heading\" data-id=\"bda95da\" data-element_type=\"widget\" data-e-type=\"widget\" data-widget_type=\"heading.default\">\n\t\t\t\t\t<h5 class=\"elementor-heading-title elementor-size-default\">Somos Gigantes de esp\u00edritu, <span style=\"color: #F86327\">\u00a1Somos Carolina!<\/span><\/h5>\t\t\t\t<\/div>\n\t\t\t\t<div class=\"elementor-element elementor-element-edb5c55 elementor-widget elementor-widget-heading\" data-id=\"edb5c55\" data-element_type=\"widget\" data-e-type=\"widget\" data-widget_type=\"heading.default\">\n\t\t\t\t\t<h6 class=\"elementor-heading-title elementor-size-default\">- Jos\u00e9 Carlos Aponte Dalmau, <span style=\"font-weight: 400\">Alcalde<\/span><\/h6>\t\t\t\t<\/div>\n\t\t\t\t<\/div>\n\t\t\t\t<\/div>\n\t\t<div class=\"elementor-element elementor-element-c84f991 e-con-full e-flex wpr-particle-no wpr-jarallax-no wpr-parallax-no wpr-sticky-section-no wpr-equal-height-no e-con e-child\" data-id=\"c84f991\" data-element_type=\"container\" data-e-type=\"container\">\n\t\t<div class=\"elementor-element elementor-element-4a38da6 e-grid e-con-full wpr-particle-no wpr-jarallax-no wpr-parallax-no wpr-sticky-section-no wpr-equal-height-no e-con e-child\" data-id=\"4a38da6\" data-element_type=\"container\" data-e-type=\"container\">\n\t\t<div class=\"elementor-element elementor-element-c546404 e-con-full e-flex wpr-particle-no wpr-jarallax-no wpr-parallax-no wpr-sticky-section-no wpr-equal-height-no e-con e-child\" data-id=\"c546404\" data-element_type=\"container\" data-e-type=\"container\" data-settings=\"{&quot;background_background&quot;:&quot;classic&quot;}\">\n\t\t<div class=\"elementor-element elementor-element-90c30f1 e-con-full e-flex wpr-particle-no wpr-jarallax-no wpr-parallax-no wpr-sticky-section-no wpr-equal-height-no e-con e-child\" data-id=\"90c30f1\" data-element_type=\"container\" data-e-type=\"container\">\n\t\t<div class=\"elementor-element elementor-element-163c873 e-con-full e-flex wpr-particle-no wpr-jarallax-no wpr-parallax-no wpr-sticky-section-no wpr-equal-height-no e-con e-child\" data-id=\"163c873\" data-element_type=\"container\" data-e-type=\"container\">\n\t\t\t\t<div class=\"elementor-element elementor-element-f09b20e elementor-widget elementor-widget-image\" data-id=\"f09b20e\" data-element_type=\"widget\" data-e-type=\"widget\" data-widget_type=\"image.default\">\n\t\t\t\t\t\t\t\t\t\t\t\t\t\t\t<img decoding=\"async\" width=\"180\" height=\"180\" src=\"https:\/\/wearewebrything.com\/municipiocarolina\/wp-content\/uploads\/2025\/10\/Group-9002-1.png\" class=\"attachment-large size-large wp-image-1660\" alt=\"\" srcset=\"https:\/\/wearewebrything.com\/municipiocarolina\/wp-content\/uploads\/2025\/10\/Group-9002-1.png 180w, https:\/\/wearewebrything.com\/municipiocarolina\/wp-content\/uploads\/2025\/10\/Group-9002-1-150x150.png 150w\" sizes=\"(max-width: 180px) 100vw, 180px\" \/>\t\t\t\t\t\t\t\t\t\t\t\t\t\t\t<\/div>\n\t\t\t\t<div class=\"elementor-element elementor-element-91807ae elementor-widget elementor-widget-heading\" data-id=\"91807ae\" data-element_type=\"widget\" data-e-type=\"widget\" data-widget_type=\"heading.default\">\n\t\t\t\t\t<h3 class=\"elementor-heading-title elementor-size-default\">Misi\u00f3n<\/h3>\t\t\t\t<\/div>\n\t\t\t\t<\/div>\n\t\t\t\t<div class=\"elementor-element elementor-element-0578cac elementor-widget elementor-widget-text-editor\" data-id=\"0578cac\" data-element_type=\"widget\" data-e-type=\"widget\" data-widget_type=\"text-editor.default\">\n\t\t\t\t\t\t\t\t\tPrevenir y prestar servicios de prevenci\u00f3n y extinci\u00f3n de incendios, protegiendo vidas y propiedades.\t\t\t\t\t\t\t\t<\/div>\n\t\t\t\t<\/div>\n\t\t<div class=\"elementor-element elementor-element-2ee37f0 e-con-full e-flex wpr-particle-no wpr-jarallax-no wpr-parallax-no wpr-sticky-section-no wpr-equal-height-no e-con e-child\" data-id=\"2ee37f0\" data-element_type=\"container\" data-e-type=\"container\">\n\t\t\t\t<div class=\"elementor-element elementor-element-22e1a80 elementor-widget elementor-widget-heading\" data-id=\"22e1a80\" data-element_type=\"widget\" data-e-type=\"widget\" data-widget_type=\"heading.default\">\n\t\t\t\t\t<h3 class=\"elementor-heading-title elementor-size-default\">Funci\u00f3n de la oficina, programas o servicios:<\/h3>\t\t\t\t<\/div>\n\t\t\t\t<div class=\"elementor-element elementor-element-2015628 elementor-widget elementor-widget-text-editor\" data-id=\"2015628\" data-element_type=\"widget\" data-e-type=\"widget\" data-widget_type=\"text-editor.default\">\n\t\t\t\t\t\t\t\t\tDepartamento Prevenci\u00f3n y Extinci\u00f3n de Incendios.\n\n\t\t\t\t\t\t\t\t<\/div>\n\t\t\t\t<\/div>\n\t\t\t\t<\/div>\n\t\t<div class=\"elementor-element elementor-element-907b6a1 e-con-full e-flex wpr-particle-no wpr-jarallax-no wpr-parallax-no wpr-sticky-section-no wpr-equal-height-no e-con e-child\" data-id=\"907b6a1\" data-element_type=\"container\" data-e-type=\"container\" data-settings=\"{&quot;background_background&quot;:&quot;gradient&quot;}\">\n\t\t\t\t<div class=\"elementor-element elementor-element-8aafa59 elementor-widget elementor-widget-heading\" data-id=\"8aafa59\" data-element_type=\"widget\" data-e-type=\"widget\" data-widget_type=\"heading.default\">\n\t\t\t\t\t<h2 class=\"elementor-heading-title elementor-size-default\">Contacto<\/h2>\t\t\t\t<\/div>\n\t\t\t\t<div class=\"elementor-element elementor-element-9611971 elementor-widget elementor-widget-text-editor\" data-id=\"9611971\" data-element_type=\"widget\" data-e-type=\"widget\" id=\"contact-content\" data-widget_type=\"text-editor.default\">\n\t\t\t\t\t\t\t\t\t<p><strong>Tel\u00e9fonos:<\/strong> <a href=\"tel:7877694848\">(787) 769-4848<\/a> y <a href=\"tel:7877572626\">(787) 757-2626<\/a><\/p><p><strong>Extensiones:<\/strong> 4613, 4614 y 4615<\/p><p><strong>Facs\u00edmile:<\/strong> <a href=\"tel:7877694782\">(787) 769-4782 <\/a><\/p><p><strong>Horario:<\/strong> 24 horas en 3 turnos.<\/p><p><strong>Direcci\u00f3n f\u00edsica:<\/strong> <a href=\"https:\/\/maps.app.goo.gl\/9FsvPsmcFiphVWb77\" target=\"_blank\" rel=\"noopener\">Centro de Servicios Municipales Jos\u00e9 E. Aponte De La Torre de Isla Verde Calle Rodr\u00edguez Emma Avenida Isla Verde Carolina, P.R.<\/a><\/p><p><strong>Direcci\u00f3n postal:<\/strong> Apartado 8 Carolina, P.R. 00986-0008<\/p><p><strong>Direcci\u00f3n electr\u00f3nica:<\/strong> <a href=\"mailto:gserpa@carolina.pr.gov\">gserpa@carolina.pr.gov<\/a><\/p>\t\t\t\t\t\t\t\t<\/div>\n\t\t\t\t<\/div>\n\t\t\t\t<\/div>\n\t\t\t\t<\/div>\n\t\t\t\t<\/div>\n\t\t\t\t\t<\/div>\n\t\t\t\t<\/div>\n\t\t\t\t<\/div>\n\t\t","protected":false},"excerpt":{"rendered":"<p>Bomberos Municipales Somos la Tierra de Gigantes; y cada d\u00eda, nuestra gente hace honor a la gran responsabilidad que implica cumplir con el patrimonio de figuras tan grandes como su gesta misma. Los descendientes de Clemente, los sucesores de Julia, los hijos de Sanrom\u00e1, Pi\u00f1ero, Alberty\u2026 Somos los que vivimos en un espacio construido con el sudor de nuestra gente y con la conciencia fuerte de ser justos con los recursos que hemos cosechado. Esta plataforma web, ha sido instrumento eficaz para acercarnos a las familias y al mundo. Aqu\u00ed encontrar\u00e1s informaci\u00f3n valiosa sobre nuestra gesti\u00f3n municipal, nuestra historia, cultura y todos esos elementos que nos distinguen como carolinenses. Aqu\u00ed tambi\u00e9n encuentras enlaces de inter\u00e9s y espacios para acceder a los servicios del Municipio Aut\u00f3nomo de Carolina. Agradezco tu visita\u2026 Pues nuestra Ciudad cree en la capacidad que todos tenemos para crear grandes cosas; somos gestores de oportunidades y de crecimiento. Somos los responsables de colaborar a la felicidad colectiva\u2026 Somos la Tierra de Gigantes; y cada d\u00eda, nuestra gente hace honor a la gran responsabilidad que implica cumplir con el patrimonio de figuras tan grandes como su gesta misma. Los descendientes de Clemente, los sucesores de Julia, los hijos de Sanrom\u00e1, Pi\u00f1ero, Alberty\u2026 Somos los que vivimos en un espacio construido con el sudor de nuestra gente y con la conciencia fuerte de ser justos con los recursos que hemos cosechado. Esta plataforma web, ha sido instrumento eficaz para acercarnos a las familias y al mundo. Aqu\u00ed encontrar\u00e1s informaci\u00f3n valiosa sobre nuestra gesti\u00f3n municipal, nuestra historia, cultura y todos esos elementos que nos distinguen como carolinenses. Aqu\u00ed tambi\u00e9n encuentras enlaces de inter\u00e9s y espacios para acceder a los servicios del Municipio Aut\u00f3nomo de Carolina. Agradezco tu visita\u2026 Pues nuestra Ciudad cree en la capacidad que todos tenemos para crear grandes cosas; somos gestores de oportunidades y de crecimiento. Somos los responsables de colaborar a la felicidad colectiva\u2026 Somos Gigantes de esp\u00edritu, \u00a1Somos Carolina! &#8211; Jos\u00e9 Carlos Aponte Dalmau, Alcalde Misi\u00f3n Prevenir y prestar servicios de prevenci\u00f3n y extinci\u00f3n de incendios, protegiendo vidas y propiedades. Funci\u00f3n de la oficina, programas o servicios: Departamento Prevenci\u00f3n y Extinci\u00f3n de Incendios. Contacto Tel\u00e9fonos: (787) 769-4848 y (787) 757-2626 Extensiones: 4613, 4614 y 4615 Facs\u00edmile: (787) 769-4782 Horario: 24 horas en 3 turnos. Direcci\u00f3n f\u00edsica: Centro de Servicios Municipales Jos\u00e9 E. Aponte De La Torre de Isla Verde Calle Rodr\u00edguez Emma Avenida Isla Verde Carolina, P.R. Direcci\u00f3n postal: Apartado 8 Carolina, P.R. 00986-0008 Direcci\u00f3n electr\u00f3nica: gserpa@carolina.pr.gov<\/p>\n","protected":false},"author":1,"featured_media":7038,"parent":0,"menu_order":0,"comment_status":"closed","ping_status":"closed","template":"","meta":{"_acf_changed":false,"footnotes":""},"class_list":["post-3895","page","type-page","status-publish","has-post-thumbnail","hentry"],"acf":[],"_links":{"self":[{"href":"https:\/\/wearewebrything.com\/municipiocarolina\/wp-json\/wp\/v2\/pages\/3895","targetHints":{"allow":["GET"]}}],"collection":[{"href":"https:\/\/wearewebrything.com\/municipiocarolina\/wp-json\/wp\/v2\/pages"}],"about":[{"href":"https:\/\/wearewebrything.com\/municipiocarolina\/wp-json\/wp\/v2\/types\/page"}],"author":[{"embeddable":true,"href":"https:\/\/wearewebrything.com\/municipiocarolina\/wp-json\/wp\/v2\/users\/1"}],"replies":[{"embeddable":true,"href":"https:\/\/wearewebrything.com\/municipiocarolina\/wp-json\/wp\/v2\/comments?post=3895"}],"version-history":[{"count":37,"href":"https:\/\/wearewebrything.com\/municipiocarolina\/wp-json\/wp\/v2\/pages\/3895\/revisions"}],"predecessor-version":[{"id":7882,"href":"https:\/\/wearewebrything.com\/municipiocarolina\/wp-json\/wp\/v2\/pages\/3895\/revisions\/7882"}],"wp:featuredmedia":[{"embeddable":true,"href":"https:\/\/wearewebrything.com\/municipiocarolina\/wp-json\/wp\/v2\/media\/7038"}],"wp:attachment":[{"href":"https:\/\/wearewebrything.com\/municipiocarolina\/wp-json\/wp\/v2\/media?parent=3895"}],"curies":[{"name":"wp","href":"https:\/\/api.w.org\/{rel}","templated":true}]}}