{"id":5772,"date":"2025-10-28T16:33:25","date_gmt":"2025-10-28T16:33:25","guid":{"rendered":"https:\/\/wearewebrything.com\/municipiocarolina\/?page_id=5772"},"modified":"2026-01-20T17:41:01","modified_gmt":"2026-01-20T17:41:01","slug":"informacion-publica","status":"publish","type":"page","link":"https:\/\/wearewebrything.com\/municipiocarolina\/informacion-publica\/","title":{"rendered":"Informaci\u00f3n P\u00fablica"},"content":{"rendered":"\t\t<div data-elementor-type=\"wp-page\" data-elementor-id=\"5772\" class=\"elementor elementor-5772\" data-elementor-post-type=\"page\">\n\t\t\t\t<div class=\"elementor-element elementor-element-7827b578 e-flex e-con-boxed wpr-particle-no wpr-jarallax-no wpr-parallax-no wpr-sticky-section-no wpr-equal-height-no e-con e-parent\" data-id=\"7827b578\" data-element_type=\"container\" data-e-type=\"container\" id=\"fixed-parent\">\n\t\t\t\t\t<div class=\"e-con-inner\">\n\t\t<div class=\"elementor-element elementor-element-73ad1a25 e-con-full elementor-hidden-tablet elementor-hidden-mobile elementor-hidden-desktop e-flex wpr-particle-no wpr-jarallax-no wpr-parallax-no wpr-sticky-section-no wpr-equal-height-no e-con e-child\" data-id=\"73ad1a25\" data-element_type=\"container\" data-e-type=\"container\" id=\"enlaces-fixed-col\" data-settings=\"{&quot;background_background&quot;:&quot;classic&quot;}\">\n\t\t\t\t<\/div>\n\t\t<div class=\"elementor-element elementor-element-2ac94c28 e-con-full e-flex wpr-particle-no wpr-jarallax-no wpr-parallax-no wpr-sticky-section-no wpr-equal-height-no e-con e-child\" data-id=\"2ac94c28\" data-element_type=\"container\" data-e-type=\"container\">\n\t\t<div class=\"elementor-element elementor-element-fda5dc5 e-con-full e-flex wpr-particle-no wpr-jarallax-no wpr-parallax-no wpr-sticky-section-no wpr-equal-height-no e-con e-child\" data-id=\"fda5dc5\" data-element_type=\"container\" data-e-type=\"container\" data-settings=\"{&quot;background_background&quot;:&quot;classic&quot;}\">\n\t\t\t\t<div class=\"elementor-element elementor-element-d4ae5d5 elementor-widget__width-initial elementor-widget elementor-widget-heading\" data-id=\"d4ae5d5\" data-element_type=\"widget\" data-e-type=\"widget\" data-widget_type=\"heading.default\">\n\t\t\t\t\t<h2 class=\"elementor-heading-title elementor-size-default\">Informaci\u00f3n P\u00fablica<\/h2>\t\t\t\t<\/div>\n\t\t\t\t<\/div>\n\t\t<div class=\"elementor-element elementor-element-5c7a827 e-con-full e-flex wpr-particle-no wpr-jarallax-no wpr-parallax-no wpr-sticky-section-no wpr-equal-height-no e-con e-child\" data-id=\"5c7a827\" data-element_type=\"container\" data-e-type=\"container\">\n\t\t<div class=\"elementor-element elementor-element-c6d74a6 e-grid e-con-full wpr-particle-no wpr-jarallax-no wpr-parallax-no wpr-sticky-section-no wpr-equal-height-no e-con e-child\" data-id=\"c6d74a6\" data-element_type=\"container\" data-e-type=\"container\">\n\t\t<div class=\"elementor-element elementor-element-ef6370e e-con-full e-flex wpr-particle-no wpr-jarallax-no wpr-parallax-no wpr-sticky-section-no wpr-equal-height-no e-con e-child\" data-id=\"ef6370e\" data-element_type=\"container\" data-e-type=\"container\">\n\t\t\t\t<div class=\"elementor-element elementor-element-bf162d2 elementor-widget elementor-widget-heading\" data-id=\"bf162d2\" data-element_type=\"widget\" data-e-type=\"widget\" data-widget_type=\"heading.default\">\n\t\t\t\t\t<h3 class=\"elementor-heading-title elementor-size-default\">Ley de Transparencia y Procedimiento<\/h3>\t\t\t\t<\/div>\n\t\t<div class=\"elementor-element elementor-element-248c6c1 e-grid e-con-full wpr-particle-no wpr-jarallax-no wpr-parallax-no wpr-sticky-section-no wpr-equal-height-no e-con e-child\" data-id=\"248c6c1\" data-element_type=\"container\" data-e-type=\"container\">\n\t\t\t\t<div class=\"elementor-element elementor-element-710ce95 elementor-widget elementor-widget-text-editor\" data-id=\"710ce95\" data-element_type=\"widget\" data-e-type=\"widget\" data-widget_type=\"text-editor.default\">\n\t\t\t\t\t\t\t\t\t<ul class=\"bullet-list\"><!--<\/p>\n<li><a href=\"http:\/\/wearewebrything.com\/municipiocarolina\/wp-content\/uploads\/2025\/10\/Ley-141-formulario.pdf\" target=\"_blank\" rel=\"noopener\">Formulario Ley 141<\/a><\/li>\n<li><a href=\"http:\/\/wearewebrything.com\/municipiocarolina\/wp-content\/uploads\/2025\/10\/Agosto-informacion-publica.pdf\" target=\"_blank\" rel=\"noopener\">Agosto Informaci\u00f3n P\u00fablica<\/a><\/li>\n<li><a href=\"http:\/\/wearewebrything.com\/municipiocarolina\/wp-content\/uploads\/2025\/10\/Septiembre-informacion-publica.pdf\" target=\"_blank\" rel=\"noopener\">Septiembre Informaci\u00f3n P\u00fablica<\/a><\/li>\n<li><a href=\"http:\/\/wearewebrything.com\/municipiocarolina\/wp-content\/uploads\/2025\/10\/Octubre-informacion-publica.pdf\" target=\"_blank\" rel=\"noopener\">Octubre Informaci\u00f3n P\u00fablica<\/a><\/li>\n<li><a href=\"http:\/\/wearewebrything.com\/municipiocarolina\/wp-content\/uploads\/2025\/10\/Noviembre-informacion-publica.pdf\" target=\"_blank\" rel=\"noopener\">Noviembre Informaci\u00f3n P\u00fablica<\/a><\/li>\n<li><a href=\"http:\/\/wearewebrything.com\/municipiocarolina\/wp-content\/uploads\/2025\/10\/Diciembre-informacion-publica.pdf\" target=\"_blank\" rel=\"noopener\">Diciembre Informaci\u00f3n P\u00fablica<\/a><\/li>\n<li><a href=\"http:\/\/wearewebrything.com\/municipiocarolina\/wp-content\/uploads\/2025\/10\/Enero-2023-informacion-publica.pdf\" target=\"_blank\" rel=\"noopener\">Enero 2023 Informaci\u00f3n P\u00fablica<\/a><\/li>\n<li><a href=\"http:\/\/wearewebrything.com\/municipiocarolina\/wp-content\/uploads\/2025\/10\/Informe-Febrero-2023.pdf\" target=\"_blank\" rel=\"noopener\">Febrero 2023 Informaci\u00f3n P\u00fablica<\/a><\/li>\n<li><a href=\"http:\/\/wearewebrything.com\/municipiocarolina\/wp-content\/uploads\/2025\/10\/Informe-Marzo-2023.pdf\" target=\"_blank\" rel=\"noopener\">Marzo 2023 Informaci\u00f3n P\u00fablica<\/a><\/li>\n<li><a href=\"http:\/\/wearewebrything.com\/municipiocarolina\/wp-content\/uploads\/2025\/10\/Informe-Abril-2023.pdf\" target=\"_blank\" rel=\"noopener\">Abril 2023 Informaci\u00f3n P\u00fablica<\/a><\/li>\n<li><a href=\"http:\/\/wearewebrything.com\/municipiocarolina\/wp-content\/uploads\/2025\/10\/Informe-Mayo-2023.pdf\" target=\"_blank\" rel=\"noopener\">Mayo 2023 Informaci\u00f3n P\u00fablica<\/a><\/li>\n<li><a href=\"http:\/\/wearewebrything.com\/municipiocarolina\/wp-content\/uploads\/2025\/10\/Informe-Junio-2023.pdf\" target=\"_blank\" rel=\"noopener\">Junio 2023 Informaci\u00f3n P\u00fablica<\/a><\/li>\n<li><a href=\"http:\/\/wearewebrything.com\/municipiocarolina\/wp-content\/uploads\/2025\/10\/Informe-julio-2023.pdf\" target=\"_blank\" rel=\"noopener\">Julio 2023 Informaci\u00f3n P\u00fablica<\/a><\/li>\n<li><a href=\"http:\/\/wearewebrything.com\/municipiocarolina\/wp-content\/uploads\/2025\/10\/Informe-Agosto-2023.pdf\" target=\"_blank\" rel=\"noopener\">Agosto 2023 Informaci\u00f3n P\u00fablica<\/a><\/li>\n<li><a href=\"http:\/\/wearewebrything.com\/municipiocarolina\/wp-content\/uploads\/2025\/10\/Informe-Septiembre-2023.pdf\" target=\"_blank\" rel=\"noopener\">Septiembre 2023 Informaci\u00f3n P\u00fablica<\/a><\/li>\n<li><a href=\"http:\/\/wearewebrything.com\/municipiocarolina\/wp-content\/uploads\/2025\/10\/Informe-Octubre-2023.pdf\" target=\"_blank\" rel=\"noopener\">Octubre 2023 Informaci\u00f3n P\u00fablica<\/a><\/li>\n<li><a href=\"http:\/\/wearewebrything.com\/municipiocarolina\/wp-content\/uploads\/2025\/10\/Noviembre-2023-comprimido.pdf\" target=\"_blank\" rel=\"noopener\">Noviembre 2023 Informaci\u00f3n P\u00fablica<\/a><\/li>\n<li><a href=\"http:\/\/wearewebrything.com\/municipiocarolina\/wp-content\/uploads\/2025\/10\/Diciembre-2023.pdf\" target=\"_blank\" rel=\"noopener\">Diciembre 2023 Informaci\u00f3n P\u00fablica<\/a><\/li>\n<li><a href=\"http:\/\/wearewebrything.com\/municipiocarolina\/wp-content\/uploads\/2025\/10\/Informe-enero-2024.pdf\" target=\"_blank\" rel=\"noopener\">Enero 2024 Informaci\u00f3n P\u00fablica<\/a><\/li>\n<li><a href=\"http:\/\/wearewebrything.com\/municipiocarolina\/wp-content\/uploads\/2025\/10\/Informe-Febrero-2024.pdf\" target=\"_blank\" rel=\"noopener\">Febrero 2024 Informaci\u00f3n P\u00fablica<\/a><\/li>\n<li><a href=\"http:\/\/wearewebrything.com\/municipiocarolina\/wp-content\/uploads\/2025\/10\/Informe-marzo-2024.pdf\" target=\"_blank\" rel=\"noopener\">Marzo 2024 Informaci\u00f3n P\u00fablica<\/a><\/li>\n<li><a href=\"http:\/\/wearewebrything.com\/municipiocarolina\/wp-content\/uploads\/2025\/10\/Informe-marzo-2024.pdf\" target=\"_blank\" rel=\"noopener\">Abril 2024 Informaci\u00f3n P\u00fablica<\/a><\/li>\n<li><a href=\"http:\/\/wearewebrything.com\/municipiocarolina\/wp-content\/uploads\/2025\/10\/LEY-DE-TRANSPARENCIA.pdf\" target=\"_blank\" rel=\"noopener\">Mayo 2024 Informaci\u00f3n P\u00fablica<\/a><\/li>\n<li><a href=\"http:\/\/wearewebrything.com\/municipiocarolina\/wp-content\/uploads\/2025\/10\/Informe-Junio-2024.pdf\" target=\"_blank\" rel=\"noopener\">Junio 2024 Informaci\u00f3n P\u00fablica<\/a><\/li>\n<li><a href=\"http:\/\/wearewebrything.com\/municipiocarolina\/wp-content\/uploads\/2025\/10\/Informe-julio-2024-1.pdf\" target=\"_blank\" rel=\"noopener\">Julio 2024 Informaci\u00f3n P\u00fablica<\/a><\/li>\n<li><a href=\"http:\/\/wearewebrything.com\/municipiocarolina\/wp-content\/uploads\/2025\/10\/Informe-Agosto-2024.pdf\" target=\"_blank\" rel=\"noopener\">Agosto 2024 Informaci\u00f3n P\u00fablica<\/a><\/li>\n<li><a href=\"http:\/\/wearewebrything.com\/municipiocarolina\/wp-content\/uploads\/2025\/10\/Informe-septiembre-2024.pdf\" target=\"_blank\" rel=\"noopener\">Septiembre 2024 Informaci\u00f3n P\u00fablica<\/a><\/li>\n<li><a href=\"http:\/\/wearewebrything.com\/municipiocarolina\/wp-content\/uploads\/2025\/10\/Informe-Octubre-2024.pdf\" target=\"_blank\" rel=\"noopener\">Octubre 2024 Informaci\u00f3n P\u00fablica<\/a><\/li>\n<li><a href=\"http:\/\/wearewebrything.com\/municipiocarolina\/wp-content\/uploads\/2025\/10\/Informe-Noviembre-2024.pdf\" target=\"_blank\" rel=\"noopener\">Noviembre 2024 Informaci\u00f3n P\u00fablica<\/a><\/li>\n<li><a href=\"http:\/\/wearewebrything.com\/municipiocarolina\/wp-content\/uploads\/2025\/10\/Informe-Diciembre-2024.pdf\" target=\"_blank\" rel=\"noopener\">Diciembre 2024 Informaci\u00f3n P\u00fablica<\/a><\/li>\n<p>--><li><a href=\"http:\/\/wearewebrything.com\/municipiocarolina\/wp-content\/uploads\/2025\/10\/Informe-Enero-2025.pdf\" target=\"_blank\" rel=\"noopener\">Enero 2025 Informaci\u00f3n P\u00fablica<\/a><\/li><li><a href=\"http:\/\/wearewebrything.com\/municipiocarolina\/wp-content\/uploads\/2025\/10\/Informe-febrero-2025.pdf\" target=\"_blank\" rel=\"noopener\">Febrero 2025 Informaci\u00f3n P\u00fablica<\/a><\/li><li><a href=\"http:\/\/wearewebrything.com\/municipiocarolina\/wp-content\/uploads\/2025\/10\/Informe-Enero-2025-1.pdf\" target=\"_blank\" rel=\"noopener\">Marzo 2025 Informaci\u00f3n P\u00fablica<\/a><\/li><li><a href=\"http:\/\/wearewebrything.com\/municipiocarolina\/wp-content\/uploads\/2025\/10\/Informe-Abril-2025.pdf\" target=\"_blank\" rel=\"noopener\">Abril 2025 Informaci\u00f3n P\u00fablica<\/a><\/li><\/ul>\t\t\t\t\t\t\t\t<\/div>\n\t\t\t\t<div class=\"elementor-element elementor-element-18177cf elementor-widget elementor-widget-text-editor\" data-id=\"18177cf\" data-element_type=\"widget\" data-e-type=\"widget\" data-widget_type=\"text-editor.default\">\n\t\t\t\t\t\t\t\t\t<ul class=\"bullet-list\"><li><a href=\"http:\/\/wearewebrything.com\/municipiocarolina\/wp-content\/uploads\/2025\/10\/Informe-Mayo-2025.pdf\" target=\"_blank\" rel=\"noopener\">Mayo 2025 Informaci\u00f3n P\u00fablica<\/a><\/li><li><a href=\"http:\/\/wearewebrything.com\/municipiocarolina\/wp-content\/uploads\/2025\/10\/Informe-junio-2025.pdf\" target=\"_blank\" rel=\"noopener\">Junio 2025 Informaci\u00f3n P\u00fablica<\/a><\/li><li><a href=\"http:\/\/wearewebrything.com\/municipiocarolina\/wp-content\/uploads\/2025\/10\/Informe-julio-2025.pdf\" target=\"_blank\" rel=\"noopener\">Julio 2025 Informaci\u00f3n P\u00fablica<\/a><\/li><li><a href=\"http:\/\/wearewebrything.com\/municipiocarolina\/wp-content\/uploads\/2025\/10\/Informe-Agosto-2025.pdf\" target=\"_blank\" rel=\"noopener\">Agosto 2025 Informaci\u00f3n P\u00fablica<\/a><\/li><\/ul>\t\t\t\t\t\t\t\t<\/div>\n\t\t\t\t<\/div>\n\t\t\t\t<\/div>\n\t\t\t\t<div class=\"elementor-element elementor-element-63de640 elementor-widget elementor-widget-image\" data-id=\"63de640\" data-element_type=\"widget\" data-e-type=\"widget\" data-widget_type=\"image.default\">\n\t\t\t\t\t\t\t\t\t\t\t\t\t\t\t<img fetchpriority=\"high\" decoding=\"async\" width=\"800\" height=\"800\" src=\"https:\/\/wearewebrything.com\/municipiocarolina\/wp-content\/uploads\/2025\/10\/boton-Ley-141-1024x1024.png\" class=\"attachment-large size-large wp-image-5835\" alt=\"\" srcset=\"https:\/\/wearewebrything.com\/municipiocarolina\/wp-content\/uploads\/2025\/10\/boton-Ley-141-1024x1024.png 1024w, https:\/\/wearewebrything.com\/municipiocarolina\/wp-content\/uploads\/2025\/10\/boton-Ley-141-300x300.png 300w, https:\/\/wearewebrything.com\/municipiocarolina\/wp-content\/uploads\/2025\/10\/boton-Ley-141-150x150.png 150w, https:\/\/wearewebrything.com\/municipiocarolina\/wp-content\/uploads\/2025\/10\/boton-Ley-141-768x768.png 768w, https:\/\/wearewebrything.com\/municipiocarolina\/wp-content\/uploads\/2025\/10\/boton-Ley-141.png 1200w\" sizes=\"(max-width: 800px) 100vw, 800px\" \/>\t\t\t\t\t\t\t\t\t\t\t\t\t\t\t<\/div>\n\t\t\t\t<\/div>\n\t\t\t\t<\/div>\n\t\t\t\t<\/div>\n\t\t\t\t\t<\/div>\n\t\t\t\t<\/div>\n\t\t\t\t<\/div>\n\t\t","protected":false},"excerpt":{"rendered":"<p>Informaci\u00f3n P\u00fablica Ley de Transparencia y Procedimiento Enero 2025 Informaci\u00f3n P\u00fablica Febrero 2025 Informaci\u00f3n P\u00fablica Marzo 2025 Informaci\u00f3n P\u00fablica Abril 2025 Informaci\u00f3n P\u00fablica Mayo 2025 Informaci\u00f3n P\u00fablica Junio 2025 Informaci\u00f3n P\u00fablica Julio 2025 Informaci\u00f3n P\u00fablica Agosto 2025 Informaci\u00f3n P\u00fablica<\/p>\n","protected":false},"author":1,"featured_media":2595,"parent":0,"menu_order":0,"comment_status":"closed","ping_status":"closed","template":"","meta":{"_acf_changed":false,"footnotes":""},"class_list":["post-5772","page","type-page","status-publish","has-post-thumbnail","hentry"],"acf":[],"_links":{"self":[{"href":"https:\/\/wearewebrything.com\/municipiocarolina\/wp-json\/wp\/v2\/pages\/5772","targetHints":{"allow":["GET"]}}],"collection":[{"href":"https:\/\/wearewebrything.com\/municipiocarolina\/wp-json\/wp\/v2\/pages"}],"about":[{"href":"https:\/\/wearewebrything.com\/municipiocarolina\/wp-json\/wp\/v2\/types\/page"}],"author":[{"embeddable":true,"href":"https:\/\/wearewebrything.com\/municipiocarolina\/wp-json\/wp\/v2\/users\/1"}],"replies":[{"embeddable":true,"href":"https:\/\/wearewebrything.com\/municipiocarolina\/wp-json\/wp\/v2\/comments?post=5772"}],"version-history":[{"count":34,"href":"https:\/\/wearewebrything.com\/municipiocarolina\/wp-json\/wp\/v2\/pages\/5772\/revisions"}],"predecessor-version":[{"id":7453,"href":"https:\/\/wearewebrything.com\/municipiocarolina\/wp-json\/wp\/v2\/pages\/5772\/revisions\/7453"}],"wp:featuredmedia":[{"embeddable":true,"href":"https:\/\/wearewebrything.com\/municipiocarolina\/wp-json\/wp\/v2\/media\/2595"}],"wp:attachment":[{"href":"https:\/\/wearewebrything.com\/municipiocarolina\/wp-json\/wp\/v2\/media?parent=5772"}],"curies":[{"name":"wp","href":"https:\/\/api.w.org\/{rel}","templated":true}]}}