{"id":152,"date":"2021-10-26T15:05:17","date_gmt":"2021-10-26T15:05:17","guid":{"rendered":"https:\/\/wearewebrything.com\/tort\/?page_id=152"},"modified":"2023-02-24T21:18:59","modified_gmt":"2023-02-24T21:18:59","slug":"fit-3d","status":"publish","type":"page","link":"https:\/\/wearewebrything.com\/tort\/fit-3d\/","title":{"rendered":"Fit 3D"},"content":{"rendered":"<p>[et_pb_section fb_built=&#8221;1&#8243; _builder_version=&#8221;4.19.5&#8243; background_color=&#8221;#eee0c5&#8243; custom_padding=&#8221;0px||0px||true|false&#8221; bottom_divider_flip=&#8221;horizontal&#8221; box_shadow_style=&#8221;preset3&#8243; box_shadow_vertical=&#8221;11px&#8221; box_shadow_blur=&#8221;9px&#8221; global_colors_info=&#8221;{}&#8221;][et_pb_row column_structure=&#8221;2_3,1_3&#8243; make_equal=&#8221;on&#8221; _builder_version=&#8221;4.19.5&#8243; global_colors_info=&#8221;{}&#8221;][et_pb_column type=&#8221;2_3&#8243; _builder_version=&#8221;4.16&#8243; custom_css_main_element=&#8221;margin: auto;&#8221; global_colors_info=&#8221;{}&#8221;][et_pb_text disabled_on=&#8221;on|on|on&#8221; _builder_version=&#8221;4.16&#8243; background_layout=&#8221;dark&#8221; disabled=&#8221;on&#8221; global_colors_info=&#8221;{}&#8221;]<\/p>\n<h1><strong>Evaluaci\u00f3n corporal completa en 3D<\/strong><\/h1>\n<p>Tort Therapeutic Elements es la primera facilidad terap\u00e9utica en Puerto Rico en utilizar la tecnolog\u00eda avanzada de Fit 3D para rastrear la composici\u00f3n del cuerpo, salud, postura y mucho m\u00e1s. Con Fit 3D, nuestros clientes podr\u00e1n obtener en tan solo 40 segundos una visi\u00f3n precisa de su cuerpo que incluye an\u00e1lisis de postura y medidas corporales.<\/p>\n<p>[\/et_pb_text][et_pb_text disabled_on=&#8221;off|off|off&#8221; _builder_version=&#8221;4.19.5&#8243; text_font=&#8221;|600|||||||&#8221; text_text_color=&#8221;#000000&#8243; text_font_size=&#8221;17px&#8221; header_font=&#8221;Adelia|500|||||||&#8221; header_text_align=&#8221;left&#8221; header_text_color=&#8221;#000000&#8243; header_line_height=&#8221;2.2em&#8221; horizontal_offset=&#8221;-191px&#8221; horizontal_offset_tablet=&#8221;26px&#8221; horizontal_offset_last_edited=&#8221;off|desktop&#8221; position_origin_a_last_edited=&#8221;off|desktop&#8221; position_origin_f_last_edited=&#8221;off|desktop&#8221; position_origin_r_last_edited=&#8221;off|desktop&#8221; width=&#8221;100%&#8221; max_width=&#8221;700px&#8221; module_alignment=&#8221;center&#8221; custom_margin=&#8221;150px||150px||true|false&#8221; custom_margin_tablet=&#8221;80px||80px||false|false&#8221; custom_margin_phone=&#8221;40px||40px||false|false&#8221; custom_margin_last_edited=&#8221;on|phone&#8221; custom_padding=&#8221;|||||true&#8221; custom_padding_tablet=&#8221;|||||true&#8221; custom_padding_phone=&#8221;|15px||15px|false|true&#8221; custom_padding_last_edited=&#8221;on|tablet&#8221; text_font_size_tablet=&#8221;17px&#8221; text_font_size_phone=&#8221;14px&#8221; text_font_size_last_edited=&#8221;on|phone&#8221; header_font_size_tablet=&#8221;30px&#8221; header_font_size_phone=&#8221;25px&#8221; header_font_size_last_edited=&#8221;on|desktop&#8221; positioning_last_edited=&#8221;off|desktop&#8221; locked=&#8221;off&#8221; global_colors_info=&#8221;{}&#8221;]<\/p>\n<h1>Evaluaci\u00f3n corporal completa en 3D<\/h1>\n<p>Tort Therapeutic Elements es la primera facilidad terap\u00e9utica en Puerto Rico en utilizar la tecnolog\u00eda avanzada de Fit 3D para rastrear la composici\u00f3n del cuerpo, salud, postura y mucho m\u00e1s. Con Fit 3D, nuestros clientes podr\u00e1n obtener en tan solo 40 segundos una visi\u00f3n precisa de su cuerpo que incluye an\u00e1lisis de postura y medidas corporales.<\/p>\n<p>[\/et_pb_text][\/et_pb_column][et_pb_column type=&#8221;1_3&#8243; _builder_version=&#8221;4.16&#8243; custom_css_main_element=&#8221;margin: auto;&#8221; global_colors_info=&#8221;{}&#8221;][et_pb_image src=&#8221;https:\/\/wearewebrything.com\/tort\/wp-content\/uploads\/2023\/02\/Tort-Therapeutic-25.png&#8221; title_text=&#8221;Tort Therapeutic-25&#8243; _builder_version=&#8221;4.19.5&#8243; global_colors_info=&#8221;{}&#8221;][\/et_pb_image][\/et_pb_column][\/et_pb_row][\/et_pb_section][et_pb_section fb_built=&#8221;1&#8243; _builder_version=&#8221;4.16&#8243; global_colors_info=&#8221;{}&#8221;][et_pb_row column_structure=&#8221;1_2,1_2&#8243; make_equal=&#8221;on&#8221; _builder_version=&#8221;4.16&#8243; global_colors_info=&#8221;{}&#8221;][et_pb_column type=&#8221;1_2&#8243; _builder_version=&#8221;4.16&#8243; custom_css_main_element=&#8221;margin: auto;&#8221; global_colors_info=&#8221;{}&#8221;][et_pb_text _builder_version=&#8221;4.19.5&#8243; header_2_text_color=&#8221;#346e68&#8243; global_colors_info=&#8221;{}&#8221;]<\/p>\n<h2><strong>\u00bfQu\u00e9 es Fit 3D?<\/strong><\/h2>\n<p>Fit 3D es una tecnolog\u00eda de evaluaci\u00f3n corporal que escanea tu cuerpo de manera r\u00e1pida y precisa. Esta m\u00e1quina funciona como una balanza que da un giro de 360\u00b0, escaneando tu cuerpo y analizando los datos que recoge. Con el Fit 3D, puedes obtener tus resultados f\u00e1cilmente en tan solo 40 segundos.<\/p>\n<p>[\/et_pb_text][\/et_pb_column][et_pb_column type=&#8221;1_2&#8243; _builder_version=&#8221;4.16&#8243; global_colors_info=&#8221;{}&#8221;][et_pb_video src=&#8221;https:\/\/youtu.be\/6O7OM94Nrqk&#8221; _builder_version=&#8221;4.16&#8243; global_colors_info=&#8221;{}&#8221;][\/et_pb_video][\/et_pb_column][\/et_pb_row][\/et_pb_section][et_pb_section fb_built=&#8221;1&#8243; prev_background_color=&#8221;#ffffff&#8221; next_background_color=&#8221;#ffffff&#8221; _builder_version=&#8221;4.19.5&#8243; background_color=&#8221;#de8865&#8243; top_divider_style=&#8221;asymmetric2&#8243; top_divider_flip=&#8221;vertical&#8221; bottom_divider_style=&#8221;asymmetric2&#8243; bottom_divider_flip=&#8221;horizontal&#8221; global_colors_info=&#8221;{}&#8221;][et_pb_row column_structure=&#8221;1_3,1_3,1_3&#8243; _builder_version=&#8221;4.16&#8243; custom_padding=&#8221;72px|||||&#8221; global_colors_info=&#8221;{}&#8221;][et_pb_column type=&#8221;1_3&#8243; _builder_version=&#8221;4.16&#8243; global_colors_info=&#8221;{}&#8221;][et_pb_blurb title=&#8221;Composici\u00f3n Corporal&#8221; use_icon=&#8221;on&#8221; font_icon=&#8221;&#xe0ec;||divi||400&#8243; icon_color=&#8221;#ffffff&#8221; image_icon_width=&#8221;55px&#8221; icon_alignment=&#8221;left&#8221; _builder_version=&#8221;4.16&#8243; header_font=&#8221;|600|||||||&#8221; background_layout=&#8221;dark&#8221; icon_font_size=&#8221;55px&#8221; global_colors_info=&#8221;{}&#8221;]<\/p>\n<p>Obt\u00e9n el percentage de grasa corporal correlacionado con tu examen de densidad \u00f3sea, incluyendo la masa magra y la grasa.<\/p>\n<p>[\/et_pb_blurb][\/et_pb_column][et_pb_column type=&#8221;1_3&#8243; _builder_version=&#8221;4.16&#8243; global_colors_info=&#8221;{}&#8221;][et_pb_blurb title=&#8221;An\u00e1lisis de postura&#8221; use_icon=&#8221;on&#8221; font_icon=&#8221;&#xe0ff;||divi||400&#8243; icon_color=&#8221;#ffffff&#8221; image_icon_width=&#8221;55px&#8221; icon_alignment=&#8221;left&#8221; _builder_version=&#8221;4.16&#8243; header_font=&#8221;|600|||||||&#8221; background_layout=&#8221;dark&#8221; icon_font_size=&#8221;55px&#8221; global_colors_info=&#8221;{}&#8221;]<\/p>\n<p>Fit 3D revela desbalances en la simetr\u00eda muscular, fuerza, flexibilidad y la mec\u00e1nica de las articulaciones.<\/p>\n<p>[\/et_pb_blurb][\/et_pb_column][et_pb_column type=&#8221;1_3&#8243; _builder_version=&#8221;4.16&#8243; global_colors_info=&#8221;{}&#8221;][et_pb_blurb title=&#8221;Medidas precisas, peso y balance&#8221; use_icon=&#8221;on&#8221; font_icon=&#8221;&#xe0e7;||divi||400&#8243; icon_color=&#8221;#ffffff&#8221; image_icon_width=&#8221;55px&#8221; icon_alignment=&#8221;left&#8221; _builder_version=&#8221;4.16&#8243; header_font=&#8221;|600|||||||&#8221; background_layout=&#8221;dark&#8221; icon_font_size=&#8221;55px&#8221; global_colors_info=&#8221;{}&#8221;]<\/p>\n<p>Captura autom\u00e1ticamente tus medidas, peso y balance, provey\u00e9ndote el conocimiento y la percepci\u00f3n de las \u00e1reas claves.<\/p>\n<p>[\/et_pb_blurb][\/et_pb_column][\/et_pb_row][et_pb_row column_structure=&#8221;1_3,1_3,1_3&#8243; _builder_version=&#8221;4.16&#8243; custom_padding=&#8221;||71px|||&#8221; global_colors_info=&#8221;{}&#8221;][et_pb_column type=&#8221;1_3&#8243; _builder_version=&#8221;4.16&#8243; global_colors_info=&#8221;{}&#8221;][et_pb_blurb title=&#8221;Imagen en 3D&#8221; use_icon=&#8221;on&#8221; font_icon=&#8221;&#xe08a;||divi||400&#8243; icon_color=&#8221;#ffffff&#8221; image_icon_width=&#8221;55px&#8221; icon_alignment=&#8221;left&#8221; _builder_version=&#8221;4.16&#8243; header_font=&#8221;|600|||||||&#8221; background_layout=&#8221;dark&#8221; icon_font_size=&#8221;55px&#8221; global_colors_info=&#8221;{}&#8221;]<\/p>\n<p>En tan solo 40 segundos, ver\u00e1s tu figura en 3D para tener una idea clara de tus resultados.<\/p>\n<p>[\/et_pb_blurb][\/et_pb_column][et_pb_column type=&#8221;1_3&#8243; _builder_version=&#8221;4.16&#8243; global_colors_info=&#8221;{}&#8221;][et_pb_blurb title=&#8221;Datos en la nube&#8221; use_icon=&#8221;on&#8221; font_icon=&#8221;&#xe070;||divi||400&#8243; icon_color=&#8221;#ffffff&#8221; image_icon_width=&#8221;55px&#8221; icon_alignment=&#8221;left&#8221; _builder_version=&#8221;4.16&#8243; header_font=&#8221;|600|||||||&#8221; background_layout=&#8221;dark&#8221; icon_font_size=&#8221;55px&#8221; global_colors_info=&#8221;{}&#8221;]<\/p>\n<p>Tanto t\u00fa como tu profesional de la salud podr\u00e1n acceder a escaneos, datos y comparaciones en una aplicaci\u00f3n segura en la nube.<\/p>\n<p>[\/et_pb_blurb][\/et_pb_column][et_pb_column type=&#8221;1_3&#8243; _builder_version=&#8221;4.16&#8243; global_colors_info=&#8221;{}&#8221;][et_pb_blurb title=&#8221;Algoritmo patentado&#8221; use_icon=&#8221;on&#8221; font_icon=&#8221;&#xe037;||divi||400&#8243; icon_color=&#8221;#ffffff&#8221; image_icon_width=&#8221;55px&#8221; icon_alignment=&#8221;left&#8221; _builder_version=&#8221;4.16&#8243; header_font=&#8221;|600|||||||&#8221; background_layout=&#8221;dark&#8221; icon_font_size=&#8221;55px&#8221; global_colors_info=&#8221;{}&#8221;]<\/p>\n<p>Fit 3D cuenta con un algoritmo de forma corporal patentado para mostrar el bienestar desde donde se encuentra la masa en el cuerpo.<\/p>\n<p>[\/et_pb_blurb][\/et_pb_column][\/et_pb_row][\/et_pb_section][et_pb_section fb_built=&#8221;1&#8243; _builder_version=&#8221;4.16&#8243; global_colors_info=&#8221;{}&#8221;][et_pb_row _builder_version=&#8221;4.16&#8243; global_colors_info=&#8221;{}&#8221;][et_pb_column type=&#8221;4_4&#8243; _builder_version=&#8221;4.16&#8243; global_colors_info=&#8221;{}&#8221;][et_pb_text _builder_version=&#8221;4.16&#8243; header_2_text_color=&#8221;#346e68&#8243; global_colors_info=&#8221;{}&#8221;]<\/p>\n<h2 style=\"text-align: center;\"><strong>\u00bfPara qui\u00e9n es el Fit 3D?<\/strong><\/h2>\n<p>[\/et_pb_text][\/et_pb_column][\/et_pb_row][et_pb_row column_structure=&#8221;1_2,1_2&#8243; _builder_version=&#8221;4.16&#8243; global_colors_info=&#8221;{}&#8221;][et_pb_column type=&#8221;1_2&#8243; _builder_version=&#8221;4.16&#8243; global_colors_info=&#8221;{}&#8221;][et_pb_text _builder_version=&#8221;4.19.5&#8243; header_3_text_color=&#8221;#346e68&#8243; global_colors_info=&#8221;{}&#8221;]<\/p>\n<h3>Aunque el Fit 3D est\u00e1 dise\u00f1ado para ser usado por todo tipo de personas, est\u00e1 dirigido a:<\/h3>\n<p>[\/et_pb_text][\/et_pb_column][et_pb_column type=&#8221;1_2&#8243; _builder_version=&#8221;4.16&#8243; global_colors_info=&#8221;{}&#8221;][et_pb_text _builder_version=&#8221;4.16&#8243; global_colors_info=&#8221;{}&#8221;]<\/p>\n<ul>\n<li>Personas comenzando un Plan de Alimentaci\u00f3n.<\/li>\n<li>Personas comenzando un Plan de Ejercicios que quieran medir su progreso.<\/li>\n<li>Personas con alg\u00fan problema de pisada que necesitan determinar donde est\u00e1n colocando m\u00e1s peso en su cuerpo.<\/li>\n<li>Personas en programas Anti-Aging.<\/li>\n<\/ul>\n<p>[\/et_pb_text][\/et_pb_column][\/et_pb_row][et_pb_row column_structure=&#8221;1_2,1_2&#8243; _builder_version=&#8221;4.16&#8243; global_colors_info=&#8221;{}&#8221;][et_pb_column type=&#8221;1_2&#8243; _builder_version=&#8221;4.16&#8243; global_colors_info=&#8221;{}&#8221;][et_pb_text _builder_version=&#8221;4.16&#8243; header_3_text_color=&#8221;#346e68&#8243; global_colors_info=&#8221;{}&#8221;]<\/p>\n<h3>Adem\u00e1s, el Fit 3D es perfecto para que los siguientes profesionales de la salud puedan referir a sus pacientes o clientes:<\/h3>\n<p>[\/et_pb_text][\/et_pb_column][et_pb_column type=&#8221;1_2&#8243; _builder_version=&#8221;4.16&#8243; global_colors_info=&#8221;{}&#8221;][et_pb_text _builder_version=&#8221;4.16&#8243; global_colors_info=&#8221;{}&#8221;]<\/p>\n<ul>\n<li>Nutricionistas<\/li>\n<li>Endocrin\u00f3logos<\/li>\n<li>Fisiatras<\/li>\n<li>Quiropr\u00e1cticos<\/li>\n<li>Internistas<\/li>\n<li>Entrenadores personales<\/li>\n<li>Personal de Medicina Preventiva<\/li>\n<\/ul>\n<p>[\/et_pb_text][\/et_pb_column][\/et_pb_row][\/et_pb_section][et_pb_section fb_built=&#8221;1&#8243; prev_background_color=&#8221;#ffffff&#8221; next_background_color=&#8221;#ffffff&#8221; _builder_version=&#8221;4.19.5&#8243; background_color=&#8221;#888c69&#8243; top_divider_style=&#8221;asymmetric2&#8243; top_divider_flip=&#8221;vertical&#8221; bottom_divider_style=&#8221;asymmetric2&#8243; bottom_divider_flip=&#8221;horizontal&#8221; hover_enabled=&#8221;0&#8243; global_colors_info=&#8221;{}&#8221; custom_padding=&#8221;100px||100px||true|false&#8221; sticky_enabled=&#8221;0&#8243;][et_pb_row admin_label=&#8221;Row&#8221; _builder_version=&#8221;4.16&#8243; custom_padding=&#8221;49px|||||&#8221; global_colors_info=&#8221;{}&#8221;][et_pb_column type=&#8221;4_4&#8243; _builder_version=&#8221;4.16&#8243; global_colors_info=&#8221;{}&#8221;][et_pb_text _builder_version=&#8221;4.16&#8243; background_layout=&#8221;dark&#8221; global_colors_info=&#8221;{}&#8221;]<\/p>\n<h2 style=\"text-align: center;\"><strong>Proceso del estudio<\/strong><\/h2>\n<p>[\/et_pb_text][\/et_pb_column][\/et_pb_row][et_pb_row _builder_version=&#8221;4.19.5&#8243; _module_preset=&#8221;default&#8221; column_structure=&#8221;1_2,1_2&#8243;][et_pb_column _builder_version=&#8221;4.19.5&#8243; _module_preset=&#8221;default&#8221; type=&#8221;1_2&#8243;][et_pb_image src=&#8221;https:\/\/wearewebrything.com\/tort\/wp-content\/uploads\/2023\/02\/image.png&#8221; _builder_version=&#8221;4.19.5&#8243; _module_preset=&#8221;default&#8221; title_text=&#8221;image&#8221; hover_enabled=&#8221;0&#8243; sticky_enabled=&#8221;0&#8243; max_width=&#8221;70%&#8221; max_width_last_edited=&#8221;on|phone&#8221; module_alignment=&#8221;center&#8221; max_width_phone=&#8221;100%&#8221; max_width_tablet=&#8221;70%&#8221;][\/et_pb_image][\/et_pb_column][et_pb_column _builder_version=&#8221;4.19.5&#8243; _module_preset=&#8221;default&#8221; type=&#8221;1_2&#8243;][et_pb_blurb icon_alignment=&#8221;left&#8221; _builder_version=&#8221;4.19.5&#8243; header_font=&#8221;|600|||||||&#8221; background_layout=&#8221;dark&#8221; hover_enabled=&#8221;0&#8243; global_colors_info=&#8221;{}&#8221; sticky_enabled=&#8221;0&#8243;]<\/p>\n<p>El estudio es simple, no es invasivo y solo toma 15 minutos.<\/p>\n<p>Solo tendr\u00e1s que pararte en la plataforma, agarrarte de los mangos de la m\u00e1quina y no moverte por 40 segundos.<\/p>\n<p>La m\u00e1quina tomar\u00e1 una imagen 360\u00b0 de tu cuerpo y el esc\u00e1ner exportar\u00e1 los datos al procesador del FIT3D Body Scan para ser analizados.<\/p>\n<p>Los datos ser\u00e1n subidos a la nube, por lo que podr\u00e1s acceder a tus resultados cuando lo desees.<\/p>\n<p>[\/et_pb_blurb][\/et_pb_column][\/et_pb_row][\/et_pb_section][et_pb_section fb_built=&#8221;1&#8243; _builder_version=&#8221;4.16&#8243; global_colors_info=&#8221;{}&#8221;][et_pb_row _builder_version=&#8221;4.16&#8243; global_colors_info=&#8221;{}&#8221;][et_pb_column type=&#8221;4_4&#8243; _builder_version=&#8221;4.16&#8243; global_colors_info=&#8221;{}&#8221;][et_pb_text _builder_version=&#8221;4.16&#8243; header_2_text_color=&#8221;#346e68&#8243; global_colors_info=&#8221;{}&#8221;]<\/p>\n<h2 style=\"text-align: center;\"><strong>\u00bfQu\u00e9 vas a necesitar para el examen de Fit 3D?<\/strong><\/h2>\n<p>[\/et_pb_text][\/et_pb_column][\/et_pb_row][et_pb_row column_structure=&#8221;1_2,1_2&#8243; _builder_version=&#8221;4.16&#8243; global_colors_info=&#8221;{}&#8221;][et_pb_column type=&#8221;1_2&#8243; _builder_version=&#8221;4.16&#8243; global_colors_info=&#8221;{}&#8221;][et_pb_text _builder_version=&#8221;4.16&#8243; header_3_text_color=&#8221;#346e68&#8243; global_colors_info=&#8221;{}&#8221;]<\/p>\n<h3>Para poder obtener los mejores resultados, es necesario llevar puesto un atuendo ajustado.<\/h3>\n<p>[\/et_pb_text][\/et_pb_column][et_pb_column type=&#8221;1_2&#8243; _builder_version=&#8221;4.16&#8243; global_colors_info=&#8221;{}&#8221;][et_pb_text _builder_version=&#8221;4.16&#8243; global_colors_info=&#8221;{}&#8221;]<\/p>\n<ul>\n<li>\n<p><strong>Hombres:<\/strong> deber\u00e1n utilizar pantalones cortos de compresi\u00f3n o boxers ajustados.<\/p>\n<\/li>\n<li>\n<p><strong>Mujeres:<\/strong> deber\u00e1n utilizar leggins ajustados y sport bra.<\/p>\n<\/li>\n<\/ul>\n<p>[\/et_pb_text][\/et_pb_column][\/et_pb_row][\/et_pb_section][et_pb_section fb_built=&#8221;1&#8243; _builder_version=&#8221;4.16&#8243; global_colors_info=&#8221;{}&#8221;][et_pb_row _builder_version=&#8221;4.16&#8243; global_colors_info=&#8221;{}&#8221;][et_pb_column type=&#8221;4_4&#8243; _builder_version=&#8221;4.16&#8243; global_colors_info=&#8221;{}&#8221;][et_pb_cta title=&#8221;Cont\u00e1ctanos hoy para una evaluaci\u00f3n con Fit 3D&#8221; button_url=&#8221;https:\/\/wearewebrything.com\/tort\/contactanos\/&#8221; button_text=&#8221;Coordinar cita&#8221; _builder_version=&#8221;4.16&#8243; background_color=&#8221;#346e68&#8243; custom_button=&#8221;on&#8221; button_text_size=&#8221;17px&#8221; button_text_color=&#8221;#ffffff&#8221; button_border_color=&#8221;#ffffff&#8221; button_border_radius=&#8221;49px&#8221; global_colors_info=&#8221;{}&#8221;][\/et_pb_cta][\/et_pb_column][\/et_pb_row][\/et_pb_section]<\/p>\n","protected":false},"excerpt":{"rendered":"<p>Evaluaci\u00f3n corporal completa en 3D Tort Therapeutic Elements es la primera facilidad terap\u00e9utica en Puerto Rico en utilizar la tecnolog\u00eda avanzada de Fit 3D para rastrear la composici\u00f3n del cuerpo, salud, postura y mucho m\u00e1s. Con Fit 3D, nuestros clientes podr\u00e1n obtener en tan solo 40 segundos una visi\u00f3n precisa de su cuerpo que incluye [&hellip;]<\/p>\n","protected":false},"author":1,"featured_media":0,"parent":0,"menu_order":0,"comment_status":"closed","ping_status":"closed","template":"","meta":{"_et_pb_use_builder":"on","_et_pb_old_content":"","_et_gb_content_width":"","cybocfi_hide_featured_image":"","footnotes":""},"class_list":["post-152","page","type-page","status-publish","hentry"],"_links":{"self":[{"href":"https:\/\/wearewebrything.com\/tort\/wp-json\/wp\/v2\/pages\/152","targetHints":{"allow":["GET"]}}],"collection":[{"href":"https:\/\/wearewebrything.com\/tort\/wp-json\/wp\/v2\/pages"}],"about":[{"href":"https:\/\/wearewebrything.com\/tort\/wp-json\/wp\/v2\/types\/page"}],"author":[{"embeddable":true,"href":"https:\/\/wearewebrything.com\/tort\/wp-json\/wp\/v2\/users\/1"}],"replies":[{"embeddable":true,"href":"https:\/\/wearewebrything.com\/tort\/wp-json\/wp\/v2\/comments?post=152"}],"version-history":[{"count":30,"href":"https:\/\/wearewebrything.com\/tort\/wp-json\/wp\/v2\/pages\/152\/revisions"}],"predecessor-version":[{"id":1028,"href":"https:\/\/wearewebrything.com\/tort\/wp-json\/wp\/v2\/pages\/152\/revisions\/1028"}],"wp:attachment":[{"href":"https:\/\/wearewebrything.com\/tort\/wp-json\/wp\/v2\/media?parent=152"}],"curies":[{"name":"wp","href":"https:\/\/api.w.org\/{rel}","templated":true}]}}